{"id":3559,"date":"2025-02-26T12:26:17","date_gmt":"2025-02-26T11:26:17","guid":{"rendered":"https:\/\/site.educa.madrid.org\/cp.tiernogalvan.alcobendas\/?page_id=3559"},"modified":"2025-12-13T20:30:31","modified_gmt":"2025-12-13T19:30:31","slug":"informacion-a-las-familias","status":"publish","type":"page","link":"https:\/\/site.educa.madrid.org\/cp.tiernogalvan.alcobendas\/index.php\/informacion-a-las-familias\/","title":{"rendered":"INFORMACI\u00d3N A LAS FAMILIAS"},"content":{"rendered":"\n<div class=\"wp-block-media-text is-stacked-on-mobile is-vertically-aligned-top\"><figure class=\"wp-block-media-text__media\"><img loading=\"lazy\" decoding=\"async\" width=\"633\" height=\"895\" src=\"https:\/\/site.educa.madrid.org\/cp.tiernogalvan.alcobendas\/\/wp-content\/uploads\/cp.tiernogalvan.alcobendas\/2025\/12\/2025-Campeonato-Escolar-cornhole-Alcobendas-CM-scaled-e1764589601155-2.png\" alt=\"\" class=\"wp-image-3962 size-full\" srcset=\"https:\/\/site.educa.madrid.org\/cp.tiernogalvan.alcobendas\/\/wp-content\/uploads\/cp.tiernogalvan.alcobendas\/2025\/12\/2025-Campeonato-Escolar-cornhole-Alcobendas-CM-scaled-e1764589601155-2.png 633w, https:\/\/site.educa.madrid.org\/cp.tiernogalvan.alcobendas\/\/wp-content\/uploads\/cp.tiernogalvan.alcobendas\/2025\/12\/2025-Campeonato-Escolar-cornhole-Alcobendas-CM-scaled-e1764589601155-2-212x300.png 212w\" sizes=\"auto, (max-width: 633px) 100vw, 633px\" \/><\/figure><div class=\"wp-block-media-text__content\">\n<p class=\"has-text-align-center\"><strong>S\u00c1BADO 20 de diciembre de 2025 a las 10:15 h en el pabell\u00f3n Amaya Valdemoro dentro del polideportivo Jos\u00e9 Caballero de Alcobendas<\/strong>. <\/p>\n\n\n\n<p class=\"has-text-align-center\">El torneo se realizar\u00e1 en la categor\u00eda jugando en familia, por lo que el alumnado se empareja para competir entre s\u00ed y las personas adultas entre s\u00ed, de esta forma conseguimos igualar capacidades. Jugaremos a una distancia de 6 metros para facilitar la familiarizaci\u00f3n a la actividad. Los tableros y los sacos ser\u00e1n de medidas y pesos oficiales. La edad m\u00e1xima del participante escolar ser\u00e1 de 14 a\u00f1os<\/p>\n\n\n\n<p class=\"has-text-align-center\">La <strong>inscripci\u00f3n<\/strong> es Gratuita pero limitada. https:\/\/forms.gle\/zpyZeXxxGc4dmuUs6<\/p>\n\n\n\n<p class=\"has-text-align-center\">Toda la informaci\u00f3n disponible en https:\/\/apefadal.es\/index.php\/2025\/10\/06\/iii-campeonato-de-cornhole-escolar-jugando-en-familia-de-alcobendas\/<\/p>\n\n\n\n<p class=\"has-text-align-center\">Dudas escribir a info@apefadal.es<\/p>\n<\/div><\/div>\n\n\n\n<figure class=\"wp-block-image size-large\"><a href=\"https:\/\/cloud.educa.madrid.org\/s\/T4iWWLFSxkdbY4o\"><img loading=\"lazy\" decoding=\"async\" width=\"1024\" height=\"575\" src=\"https:\/\/site.educa.madrid.org\/cp.tiernogalvan.alcobendas\/\/wp-content\/uploads\/cp.tiernogalvan.alcobendas\/2025\/03\/presentacion-2-1024x575.png\" alt=\"\" class=\"wp-image-3838\" srcset=\"https:\/\/site.educa.madrid.org\/cp.tiernogalvan.alcobendas\/\/wp-content\/uploads\/cp.tiernogalvan.alcobendas\/2025\/03\/presentacion-2-1024x575.png 1024w, https:\/\/site.educa.madrid.org\/cp.tiernogalvan.alcobendas\/\/wp-content\/uploads\/cp.tiernogalvan.alcobendas\/2025\/03\/presentacion-2-300x168.png 300w, https:\/\/site.educa.madrid.org\/cp.tiernogalvan.alcobendas\/\/wp-content\/uploads\/cp.tiernogalvan.alcobendas\/2025\/03\/presentacion-2-768x431.png 768w, https:\/\/site.educa.madrid.org\/cp.tiernogalvan.alcobendas\/\/wp-content\/uploads\/cp.tiernogalvan.alcobendas\/2025\/03\/presentacion-2.png 1499w\" sizes=\"auto, (max-width: 1024px) 100vw, 1024px\" \/><\/a><\/figure>\n\n\n\n<div class=\"wp-block-file\"><a href=\"blob:https:\/\/site.educa.madrid.org\/4f2dc8e1-532f-4ca1-8346-7db831574d78\" class=\"wp-block-file__button wp-element-button\" download>Descarga<\/a><\/div>\n\n\n\n<div data-wp-interactive=\"core\/file\" class=\"wp-block-file\"><object data-wp-bind--hidden=\"!state.hasPdfPreview\" hidden class=\"wp-block-file__embed\" data=\"https:\/\/site.educa.madrid.org\/cp.tiernogalvan.alcobendas\/\/wp-content\/uploads\/cp.tiernogalvan.alcobendas\/2025\/09\/SKM_C250i25091913450.pdf\" type=\"application\/pdf\" style=\"width:100%;height:600px\" aria-label=\"Incrustado de SKM_C250i25091913450.\"><\/object><a id=\"wp-block-file--media-2448d6dc-98b2-4af0-a3a9-62b85749279a\" href=\"https:\/\/site.educa.madrid.org\/cp.tiernogalvan.alcobendas\/\/wp-content\/uploads\/cp.tiernogalvan.alcobendas\/2025\/09\/SKM_C250i25091913450.pdf\">SKM_C250i25091913450<\/a><a href=\"https:\/\/site.educa.madrid.org\/cp.tiernogalvan.alcobendas\/\/wp-content\/uploads\/cp.tiernogalvan.alcobendas\/2025\/09\/SKM_C250i25091913450.pdf\" class=\"wp-block-file__button wp-element-button\" download aria-describedby=\"wp-block-file--media-2448d6dc-98b2-4af0-a3a9-62b85749279a\">Descarga<\/a><\/div>\n","protected":false},"excerpt":{"rendered":"<p>S\u00c1BADO 20 de diciembre de 2025 a las 10:15 h en el pabell\u00f3n Amaya Valdemoro dentro del polideportivo Jos\u00e9 Caballero de Alcobendas. El torneo se realizar\u00e1 en la categor\u00eda jugando en familia, por lo que el alumnado se empareja para competir entre s\u00ed y las personas adultas entre s\u00ed, de esta forma conseguimos igualar capacidades.<\/p><\/div>\n<div class=\"blog-btn\"><a href=\"https:\/\/site.educa.madrid.org\/cp.tiernogalvan.alcobendas\/index.php\/informacion-a-las-familias\/\" class=\"home-blog-btn\">Leer m\u00e1s<\/a><\/p>\n","protected":false},"author":2,"featured_media":0,"parent":0,"menu_order":0,"comment_status":"closed","ping_status":"closed","template":"","meta":{"footnotes":""},"folder":[],"class_list":["post-3559","page","type-page","status-publish","hentry"],"rttpg_featured_image_url":null,"rttpg_author":{"display_name":"tic.cp.tiernogalvan.alcobendas","author_link":"https:\/\/site.educa.madrid.org\/cp.tiernogalvan.alcobendas\/index.php\/author\/cuenta_tic-cp-tiernogalvan-alcobendas\/"},"rttpg_comment":0,"rttpg_category":false,"rttpg_excerpt":"S\u00c1BADO 20 de diciembre de 2025 a las 10:15 h en el pabell\u00f3n Amaya Valdemoro dentro del polideportivo Jos\u00e9 Caballero de Alcobendas. El torneo se realizar\u00e1 en la categor\u00eda jugando en familia, por lo que el alumnado se empareja para competir entre s\u00ed y las personas adultas entre s\u00ed, de esta forma conseguimos igualar capacidades.Leer&hellip;","post_mailing_queue_ids":[],"_links":{"self":[{"href":"https:\/\/site.educa.madrid.org\/cp.tiernogalvan.alcobendas\/index.php\/wp-json\/wp\/v2\/pages\/3559","targetHints":{"allow":["GET"]}}],"collection":[{"href":"https:\/\/site.educa.madrid.org\/cp.tiernogalvan.alcobendas\/index.php\/wp-json\/wp\/v2\/pages"}],"about":[{"href":"https:\/\/site.educa.madrid.org\/cp.tiernogalvan.alcobendas\/index.php\/wp-json\/wp\/v2\/types\/page"}],"author":[{"embeddable":true,"href":"https:\/\/site.educa.madrid.org\/cp.tiernogalvan.alcobendas\/index.php\/wp-json\/wp\/v2\/users\/2"}],"replies":[{"embeddable":true,"href":"https:\/\/site.educa.madrid.org\/cp.tiernogalvan.alcobendas\/index.php\/wp-json\/wp\/v2\/comments?post=3559"}],"version-history":[{"count":11,"href":"https:\/\/site.educa.madrid.org\/cp.tiernogalvan.alcobendas\/index.php\/wp-json\/wp\/v2\/pages\/3559\/revisions"}],"predecessor-version":[{"id":3964,"href":"https:\/\/site.educa.madrid.org\/cp.tiernogalvan.alcobendas\/index.php\/wp-json\/wp\/v2\/pages\/3559\/revisions\/3964"}],"wp:attachment":[{"href":"https:\/\/site.educa.madrid.org\/cp.tiernogalvan.alcobendas\/index.php\/wp-json\/wp\/v2\/media?parent=3559"}],"wp:term":[{"taxonomy":"folder","embeddable":true,"href":"https:\/\/site.educa.madrid.org\/cp.tiernogalvan.alcobendas\/index.php\/wp-json\/wp\/v2\/folder?post=3559"}],"curies":[{"name":"wp","href":"https:\/\/api.w.org\/{rel}","templated":true}]}}