{"id":1211,"date":"2017-11-14T13:43:39","date_gmt":"2017-11-14T13:43:39","guid":{"rendered":"https:\/\/www.ceipenriquetiernogalvan.es\/?page_id=1211"},"modified":"2025-09-12T12:52:21","modified_gmt":"2025-09-12T10:52:21","slug":"profesores","status":"publish","type":"page","link":"https:\/\/site.educa.madrid.org\/cp.tiernogalvan.sanfernando\/index.php\/profesores\/","title":{"rendered":"Personal docente"},"content":{"rendered":"\n<p>En este apartado, os presentamos a los profesores del centro. El profesorado del centro es un conjunto de docentes muy implicados en la educaci\u00f3n de los ni\u00f1os, en constante formaci\u00f3n continua y formando un gran grupo humano y profesional que hace de nuestro centro, un colegio ideal para la educaci\u00f3n de los alumnos.<\/p>\n\n\n\n<div class=\"wp-block-columns is-layout-flex wp-container-core-columns-is-layout-9d6595d7 wp-block-columns-is-layout-flex\">\n<div class=\"wp-block-column is-layout-flow wp-block-column-is-layout-flow\">\n<div class=\"wp-block-media-text alignwide is-stacked-on-mobile is-style-rounded\" style=\"grid-template-columns:15% auto\"><figure class=\"wp-block-media-text__media\"><img loading=\"lazy\" decoding=\"async\" width=\"665\" height=\"665\" src=\"https:\/\/site.educa.madrid.org\/cp.tiernogalvan.sanfernando\/\/wp-content\/uploads\/cp.tiernogalvan.sanfernando\/2024\/04\/CESAR.jpeg\" alt=\"\" class=\"wp-image-8850 size-full\" srcset=\"https:\/\/site.educa.madrid.org\/cp.tiernogalvan.sanfernando\/\/wp-content\/uploads\/cp.tiernogalvan.sanfernando\/2024\/04\/CESAR.jpeg 665w, https:\/\/site.educa.madrid.org\/cp.tiernogalvan.sanfernando\/\/wp-content\/uploads\/cp.tiernogalvan.sanfernando\/2024\/04\/CESAR-300x300.jpeg 300w, https:\/\/site.educa.madrid.org\/cp.tiernogalvan.sanfernando\/\/wp-content\/uploads\/cp.tiernogalvan.sanfernando\/2024\/04\/CESAR-150x150.jpeg 150w, https:\/\/site.educa.madrid.org\/cp.tiernogalvan.sanfernando\/\/wp-content\/uploads\/cp.tiernogalvan.sanfernando\/2024\/04\/CESAR-230x230.jpeg 230w, https:\/\/site.educa.madrid.org\/cp.tiernogalvan.sanfernando\/\/wp-content\/uploads\/cp.tiernogalvan.sanfernando\/2024\/04\/CESAR-350x350.jpeg 350w, https:\/\/site.educa.madrid.org\/cp.tiernogalvan.sanfernando\/\/wp-content\/uploads\/cp.tiernogalvan.sanfernando\/2024\/04\/CESAR-480x480.jpeg 480w\" sizes=\"auto, (max-width: 665px) 100vw, 665px\" \/><\/figure><div class=\"wp-block-media-text__content\">\n<p style=\"font-style:normal;font-weight:300\">C\u00e9sar<br>DIRECTOR<\/p>\n<\/div><\/div>\n\n\n\n<div class=\"wp-block-media-text alignwide is-stacked-on-mobile is-style-rounded\" style=\"grid-template-columns:15% auto\"><figure class=\"wp-block-media-text__media\"><img loading=\"lazy\" decoding=\"async\" width=\"948\" height=\"1024\" src=\"https:\/\/site.educa.madrid.org\/cp.tiernogalvan.sanfernando\/\/wp-content\/uploads\/cp.tiernogalvan.sanfernando\/2024\/04\/IMG_0232-e1569593619345-948x1024.jpeg\" alt=\"\" class=\"wp-image-8780 size-full\" srcset=\"https:\/\/site.educa.madrid.org\/cp.tiernogalvan.sanfernando\/\/wp-content\/uploads\/cp.tiernogalvan.sanfernando\/2024\/04\/IMG_0232-e1569593619345-948x1024.jpeg 948w, https:\/\/site.educa.madrid.org\/cp.tiernogalvan.sanfernando\/\/wp-content\/uploads\/cp.tiernogalvan.sanfernando\/2024\/04\/IMG_0232-e1569593619345-278x300.jpeg 278w, https:\/\/site.educa.madrid.org\/cp.tiernogalvan.sanfernando\/\/wp-content\/uploads\/cp.tiernogalvan.sanfernando\/2024\/04\/IMG_0232-e1569593619345-768x829.jpeg 768w, https:\/\/site.educa.madrid.org\/cp.tiernogalvan.sanfernando\/\/wp-content\/uploads\/cp.tiernogalvan.sanfernando\/2024\/04\/IMG_0232-e1569593619345-1423x1536.jpeg 1423w, https:\/\/site.educa.madrid.org\/cp.tiernogalvan.sanfernando\/\/wp-content\/uploads\/cp.tiernogalvan.sanfernando\/2024\/04\/IMG_0232-e1569593619345-1897x2048.jpeg 1897w, https:\/\/site.educa.madrid.org\/cp.tiernogalvan.sanfernando\/\/wp-content\/uploads\/cp.tiernogalvan.sanfernando\/2024\/04\/IMG_0232-e1569593619345-1000x1080.jpeg 1000w, https:\/\/site.educa.madrid.org\/cp.tiernogalvan.sanfernando\/\/wp-content\/uploads\/cp.tiernogalvan.sanfernando\/2024\/04\/IMG_0232-e1569593619345-230x248.jpeg 230w, https:\/\/site.educa.madrid.org\/cp.tiernogalvan.sanfernando\/\/wp-content\/uploads\/cp.tiernogalvan.sanfernando\/2024\/04\/IMG_0232-e1569593619345-350x378.jpeg 350w, https:\/\/site.educa.madrid.org\/cp.tiernogalvan.sanfernando\/\/wp-content\/uploads\/cp.tiernogalvan.sanfernando\/2024\/04\/IMG_0232-e1569593619345-480x518.jpeg 480w\" sizes=\"auto, (max-width: 948px) 100vw, 948px\" \/><\/figure><div class=\"wp-block-media-text__content\">\n<p style=\"font-style:normal;font-weight:300\">In\u00e9s<br>JEFA DE ESTUDIOS<\/p>\n<\/div><\/div>\n\n\n\n<div class=\"wp-block-media-text alignwide is-stacked-on-mobile is-style-rounded\" style=\"grid-template-columns:15% auto\"><figure class=\"wp-block-media-text__media\"><img loading=\"lazy\" decoding=\"async\" width=\"665\" height=\"665\" src=\"https:\/\/site.educa.madrid.org\/cp.tiernogalvan.sanfernando\/\/wp-content\/uploads\/cp.tiernogalvan.sanfernando\/2024\/04\/secretaria.png\" alt=\"\" class=\"wp-image-8853 size-full\" srcset=\"https:\/\/site.educa.madrid.org\/cp.tiernogalvan.sanfernando\/\/wp-content\/uploads\/cp.tiernogalvan.sanfernando\/2024\/04\/secretaria.png 665w, https:\/\/site.educa.madrid.org\/cp.tiernogalvan.sanfernando\/\/wp-content\/uploads\/cp.tiernogalvan.sanfernando\/2024\/04\/secretaria-300x300.png 300w, https:\/\/site.educa.madrid.org\/cp.tiernogalvan.sanfernando\/\/wp-content\/uploads\/cp.tiernogalvan.sanfernando\/2024\/04\/secretaria-150x150.png 150w, https:\/\/site.educa.madrid.org\/cp.tiernogalvan.sanfernando\/\/wp-content\/uploads\/cp.tiernogalvan.sanfernando\/2024\/04\/secretaria-230x230.png 230w, https:\/\/site.educa.madrid.org\/cp.tiernogalvan.sanfernando\/\/wp-content\/uploads\/cp.tiernogalvan.sanfernando\/2024\/04\/secretaria-350x350.png 350w, https:\/\/site.educa.madrid.org\/cp.tiernogalvan.sanfernando\/\/wp-content\/uploads\/cp.tiernogalvan.sanfernando\/2024\/04\/secretaria-480x480.png 480w\" sizes=\"auto, (max-width: 665px) 100vw, 665px\" \/><\/figure><div class=\"wp-block-media-text__content\">\n<p style=\"font-style:normal;font-weight:300\">Ana<br>SECRETAR\u00cdA<\/p>\n<\/div><\/div>\n<\/div>\n<\/div>\n\n\n\n<p><strong>TUTORES:<\/strong><\/p>\n\n\n\n<p>3 A\u00d1OS: OLGA<\/p>\n\n\n\n<p>4 A\u00d1OS: PILI<\/p>\n\n\n\n<p>5 A\u00d1OS A: GEMMA<\/p>\n\n\n\n<p>5 A\u00d1OS B: TATIANA<\/p>\n\n\n\n<p>1\u00ba A PRIMARIA: CRISTINA<\/p>\n\n\n\n<p>2\u00ba A PRIMARIA: NATALIA<\/p>\n\n\n\n<p>3\u00ba A PRIMARIA: MAR\u00cdA<\/p>\n\n\n\n<p>4\u00ba A PRIMARIA: PATRICIA<\/p>\n\n\n\n<p>4\u00ba B PRIMARIA: SUSANA<\/p>\n\n\n\n<p>5\u00baA PRIMARIA: NEREA<\/p>\n\n\n\n<p>6\u00baA PRIMARIA: YASMIN<\/p>\n\n\n\n<p><strong>ESPECIALISTAS:<\/strong><\/p>\n\n\n\n<p>EDUCACI\u00d3N F\u00cdSICA: PEPA \/ C\u00c9SAR<\/p>\n\n\n\n<p>M\u00daSICA: ANTONIO <\/p>\n\n\n\n<p>RELIGI\u00d3N: MERCEDES <\/p>\n\n\n\n<p>PT AULA ARCO IRIS: RAQUEL<\/p>\n\n\n\n<p>TIS AULA ARCO IRIS: SARA<\/p>\n\n\n\n<p>PEDAGOG\u00cdA TERAP\u00c9UTICA: \u00c1GUEDA<\/p>\n\n\n\n<p>PEDAGOG\u00cdA TERAP\u00c9UTICA: MAR\u00cdA <\/p>\n\n\n\n<p>AUDICI\u00d3N Y LENGUAJE: CRISTINA<\/p>\n\n\n\n<p>ORIENTADORA DEL CENTRO: ANA <\/p>\n\n\n\n<p>COORDINADORA DE BIENESTAR: IN\u00c9S <\/p>\n\n\n\n<p>COORDINADORA DE IGUALDAD: OLGA <\/p>\n","protected":false},"excerpt":{"rendered":"<p>En este apartado, os presentamos a los profesores del centro. El profesorado del centro es un conjunto de docentes muy implicados en [&hellip;]<\/p>\n","protected":false},"author":3,"featured_media":0,"parent":0,"menu_order":0,"comment_status":"closed","ping_status":"closed","template":"page-templates\/page_fullwidth.php","meta":{"footnotes":""},"folder":[],"class_list":["post-1211","page","type-page","status-publish","hentry"],"rttpg_featured_image_url":null,"rttpg_author":{"display_name":"cp.tiernogalvan.sanfernando","author_link":"https:\/\/site.educa.madrid.org\/cp.tiernogalvan.sanfernando\/index.php\/author\/cuenta_cp-tiernogalvan-sanfernando\/"},"rttpg_comment":0,"rttpg_category":false,"rttpg_excerpt":"En este apartado, os presentamos a los profesores del centro. El profesorado del centro es un conjunto de docentes muy implicados en [&hellip;]","post_mailing_queue_ids":[],"_links":{"self":[{"href":"https:\/\/site.educa.madrid.org\/cp.tiernogalvan.sanfernando\/index.php\/wp-json\/wp\/v2\/pages\/1211","targetHints":{"allow":["GET"]}}],"collection":[{"href":"https:\/\/site.educa.madrid.org\/cp.tiernogalvan.sanfernando\/index.php\/wp-json\/wp\/v2\/pages"}],"about":[{"href":"https:\/\/site.educa.madrid.org\/cp.tiernogalvan.sanfernando\/index.php\/wp-json\/wp\/v2\/types\/page"}],"author":[{"embeddable":true,"href":"https:\/\/site.educa.madrid.org\/cp.tiernogalvan.sanfernando\/index.php\/wp-json\/wp\/v2\/users\/3"}],"replies":[{"embeddable":true,"href":"https:\/\/site.educa.madrid.org\/cp.tiernogalvan.sanfernando\/index.php\/wp-json\/wp\/v2\/comments?post=1211"}],"version-history":[{"count":19,"href":"https:\/\/site.educa.madrid.org\/cp.tiernogalvan.sanfernando\/index.php\/wp-json\/wp\/v2\/pages\/1211\/revisions"}],"predecessor-version":[{"id":9854,"href":"https:\/\/site.educa.madrid.org\/cp.tiernogalvan.sanfernando\/index.php\/wp-json\/wp\/v2\/pages\/1211\/revisions\/9854"}],"wp:attachment":[{"href":"https:\/\/site.educa.madrid.org\/cp.tiernogalvan.sanfernando\/index.php\/wp-json\/wp\/v2\/media?parent=1211"}],"wp:term":[{"taxonomy":"folder","embeddable":true,"href":"https:\/\/site.educa.madrid.org\/cp.tiernogalvan.sanfernando\/index.php\/wp-json\/wp\/v2\/folder?post=1211"}],"curies":[{"name":"wp","href":"https:\/\/api.w.org\/{rel}","templated":true}]}}