{"id":1337,"date":"2017-11-17T09:51:18","date_gmt":"2017-11-17T09:51:18","guid":{"rendered":"https:\/\/www.ceipenriquetiernogalvan.es\/?page_id=1337"},"modified":"2024-04-16T11:13:21","modified_gmt":"2024-04-16T09:13:21","slug":"que-es-el-ampa","status":"publish","type":"page","link":"https:\/\/site.educa.madrid.org\/cp.tiernogalvan.sanfernando\/index.php\/que-es-el-ampa\/","title":{"rendered":"\u00bfQu\u00e9 es el ampa?"},"content":{"rendered":"\n<p><strong>AMPA<\/strong> es un mecanismo muy importante de participaci\u00f3n en la vida escolar y lectiva, adem\u00e1s de ser un \u00f3rgano prioritario de interlocuci\u00f3n con la direcci\u00f3n y los profesores, colaborando con ellos en los diferentes eventos y actividades del colegio.<\/p>\n\n\n\n<p>Est\u00e1 integrada por todas las madres, padres, tutoras y\/o tutores que, teniendo alumnado en el centro, desean formar parte del mismo.<\/p>\n\n\n\n<p>La participaci\u00f3n en las actividades organizadas por el A.M.P.A. no se limita a los socios, si es cierto que si perteneces al A.M.P.A. obtienes condiciones econ\u00f3micas m\u00e1s ventajosas en todo lo que suponga un coste. La cuota de participaci\u00f3n en el AMPA es de <strong>12 euros al a\u00f1o por familia<\/strong>.<\/p>\n\n\n\n<p>Si quieres participar, tienes cualquier consulta o duda, estamos de lunes a jueves de <strong>9:00 a 10:00 horas<\/strong> de la ma\u00f1ana.<\/p>\n\n\n\n<p>En el e-mail:\u00a0<a rel=\"noreferrer noopener\" href=\"ampatierno@gmail.com\" target=\"_blank\">ampatierno@gmail.com<\/a><\/p>\n\n\n\n<p>En el n\u00famero de tel\u00e9fono: <strong>91 673 67 68<\/strong><\/p>\n\n\n\n<h2 class=\"wp-block-heading\"><strong>\u00bfPara qu\u00e9 sirve?<\/strong><\/h2>\n\n\n\n<ol class=\"wp-block-list\">\n<li>Por el s\u00f3lo hecho de existir, toda A.M.P.A. tiene derecho a obtener y dar informaci\u00f3n, hacer propuestas, etc., en el \u00e1mbito del centro.<\/li>\n\n\n\n<li>Las A.M.P.A. se coordinan a escala municipal, regional y nacional, para plantear sus necesidades ante los Ayuntamientos, ante la Comunidad y ante el Ministerio de Educaci\u00f3n y Ciencia. Est\u00e1n representadas en los Consejos territoriales y en el Consejo Escolar del Estado.<\/li>\n\n\n\n<li>Como entidad sin fines de lucro y de inter\u00e9s social, el A.M.P.A. puede conseguir algunas subvenciones y recursos en diversas convocatorias p\u00fablicas.<\/li>\n\n\n\n<li>El A.M.P.A. puede recabar medios y aportaciones de los Padres y Madres para mejorar el equipo y los recursos del centro.<\/li>\n\n\n\n<li>El A.M.P.A. asesora a los Padres y Madres sobre sus derechos, sus relaciones con el centro y con el profesorado, etc.<\/li>\n<\/ol>\n","protected":false},"excerpt":{"rendered":"<p>AMPA es un mecanismo muy importante de participaci\u00f3n en la vida escolar y lectiva, adem\u00e1s de ser un \u00f3rgano prioritario de interlocuci\u00f3n [&hellip;]<\/p>\n","protected":false},"author":3,"featured_media":0,"parent":0,"menu_order":0,"comment_status":"closed","ping_status":"closed","template":"","meta":{"footnotes":""},"folder":[],"class_list":["post-1337","page","type-page","status-publish","hentry"],"rttpg_featured_image_url":null,"rttpg_author":{"display_name":"cp.tiernogalvan.sanfernando","author_link":"https:\/\/site.educa.madrid.org\/cp.tiernogalvan.sanfernando\/index.php\/author\/cuenta_cp-tiernogalvan-sanfernando\/"},"rttpg_comment":0,"rttpg_category":false,"rttpg_excerpt":"AMPA es un mecanismo muy importante de participaci\u00f3n en la vida escolar y lectiva, adem\u00e1s de ser un \u00f3rgano prioritario de interlocuci\u00f3n [&hellip;]","post_mailing_queue_ids":[],"_links":{"self":[{"href":"https:\/\/site.educa.madrid.org\/cp.tiernogalvan.sanfernando\/index.php\/wp-json\/wp\/v2\/pages\/1337","targetHints":{"allow":["GET"]}}],"collection":[{"href":"https:\/\/site.educa.madrid.org\/cp.tiernogalvan.sanfernando\/index.php\/wp-json\/wp\/v2\/pages"}],"about":[{"href":"https:\/\/site.educa.madrid.org\/cp.tiernogalvan.sanfernando\/index.php\/wp-json\/wp\/v2\/types\/page"}],"author":[{"embeddable":true,"href":"https:\/\/site.educa.madrid.org\/cp.tiernogalvan.sanfernando\/index.php\/wp-json\/wp\/v2\/users\/3"}],"replies":[{"embeddable":true,"href":"https:\/\/site.educa.madrid.org\/cp.tiernogalvan.sanfernando\/index.php\/wp-json\/wp\/v2\/comments?post=1337"}],"version-history":[{"count":3,"href":"https:\/\/site.educa.madrid.org\/cp.tiernogalvan.sanfernando\/index.php\/wp-json\/wp\/v2\/pages\/1337\/revisions"}],"predecessor-version":[{"id":9171,"href":"https:\/\/site.educa.madrid.org\/cp.tiernogalvan.sanfernando\/index.php\/wp-json\/wp\/v2\/pages\/1337\/revisions\/9171"}],"wp:attachment":[{"href":"https:\/\/site.educa.madrid.org\/cp.tiernogalvan.sanfernando\/index.php\/wp-json\/wp\/v2\/media?parent=1337"}],"wp:term":[{"taxonomy":"folder","embeddable":true,"href":"https:\/\/site.educa.madrid.org\/cp.tiernogalvan.sanfernando\/index.php\/wp-json\/wp\/v2\/folder?post=1337"}],"curies":[{"name":"wp","href":"https:\/\/api.w.org\/{rel}","templated":true}]}}