{"id":1344,"date":"2017-11-17T12:39:31","date_gmt":"2017-11-17T12:39:31","guid":{"rendered":"https:\/\/www.ceipenriquetiernogalvan.es\/?page_id=1344"},"modified":"2024-04-16T09:43:21","modified_gmt":"2024-04-16T07:43:21","slug":"biblioteca","status":"publish","type":"page","link":"https:\/\/site.educa.madrid.org\/cp.tiernogalvan.sanfernando\/index.php\/biblioteca\/","title":{"rendered":"Biblioteca"},"content":{"rendered":"\n<p>La biblioteca de nuestro centro empez\u00f3 su andadura en el curso 2006\/2007. A partir de entonces distintos profesores y profesoras, con la inestimable colaboraci\u00f3n de padres, madres, se encargaron de ir informatizando su gesti\u00f3n y de la selecci\u00f3n y adquisici\u00f3n de los libros que componen su fondo editorial.<\/p>\n\n\n\n<p>El uso y buen funcionamiento de la biblioteca, es gracias, en gran medida, a la ayuda de padres, madres y familiares del alumnado que hacen que la biblioteca del centro permanezca abierta en la hora de los recreos y poder ofrecer a los alumnos desde 1\u00ba a 6\u00ba el servicio de pr\u00e9stamo.<\/p>\n\n\n\n<p>Si alguna persona est\u00e1 interesada en colaborar desde el centro estar\u00edamos encantados de contar con vosotros, nunca son suficientes todo tipo de ayuda. Si os anim\u00e1is os esperamos en secretaria.<\/p>\n\n\n\n<figure class=\"wp-block-gallery has-nested-images columns-default is-cropped wp-block-gallery-1 is-layout-flex wp-block-gallery-is-layout-flex\">\n<figure class=\"wp-block-image size-large\"><img loading=\"lazy\" decoding=\"async\" width=\"800\" height=\"450\" data-id=\"9106\" src=\"https:\/\/site.educa.madrid.org\/cp.tiernogalvan.sanfernando\/\/wp-content\/uploads\/cp.tiernogalvan.sanfernando\/2024\/04\/11aec45cb954763efbaecf69808bb0c4.jpg\" alt=\"\" class=\"wp-image-9106\" srcset=\"https:\/\/site.educa.madrid.org\/cp.tiernogalvan.sanfernando\/\/wp-content\/uploads\/cp.tiernogalvan.sanfernando\/2024\/04\/11aec45cb954763efbaecf69808bb0c4.jpg 800w, https:\/\/site.educa.madrid.org\/cp.tiernogalvan.sanfernando\/\/wp-content\/uploads\/cp.tiernogalvan.sanfernando\/2024\/04\/11aec45cb954763efbaecf69808bb0c4-300x169.jpg 300w, https:\/\/site.educa.madrid.org\/cp.tiernogalvan.sanfernando\/\/wp-content\/uploads\/cp.tiernogalvan.sanfernando\/2024\/04\/11aec45cb954763efbaecf69808bb0c4-768x432.jpg 768w, https:\/\/site.educa.madrid.org\/cp.tiernogalvan.sanfernando\/\/wp-content\/uploads\/cp.tiernogalvan.sanfernando\/2024\/04\/11aec45cb954763efbaecf69808bb0c4-230x129.jpg 230w, https:\/\/site.educa.madrid.org\/cp.tiernogalvan.sanfernando\/\/wp-content\/uploads\/cp.tiernogalvan.sanfernando\/2024\/04\/11aec45cb954763efbaecf69808bb0c4-350x197.jpg 350w, https:\/\/site.educa.madrid.org\/cp.tiernogalvan.sanfernando\/\/wp-content\/uploads\/cp.tiernogalvan.sanfernando\/2024\/04\/11aec45cb954763efbaecf69808bb0c4-480x270.jpg 480w\" sizes=\"auto, (max-width: 800px) 100vw, 800px\" \/><\/figure>\n\n\n\n<figure class=\"wp-block-image size-large\"><img loading=\"lazy\" decoding=\"async\" width=\"700\" height=\"400\" data-id=\"9107\" src=\"https:\/\/site.educa.madrid.org\/cp.tiernogalvan.sanfernando\/\/wp-content\/uploads\/cp.tiernogalvan.sanfernando\/2024\/04\/CEIP-Txomin-Aresti-Letoia_Bizkaia.jpg\" alt=\"\" class=\"wp-image-9107\" srcset=\"https:\/\/site.educa.madrid.org\/cp.tiernogalvan.sanfernando\/\/wp-content\/uploads\/cp.tiernogalvan.sanfernando\/2024\/04\/CEIP-Txomin-Aresti-Letoia_Bizkaia.jpg 700w, https:\/\/site.educa.madrid.org\/cp.tiernogalvan.sanfernando\/\/wp-content\/uploads\/cp.tiernogalvan.sanfernando\/2024\/04\/CEIP-Txomin-Aresti-Letoia_Bizkaia-300x171.jpg 300w, https:\/\/site.educa.madrid.org\/cp.tiernogalvan.sanfernando\/\/wp-content\/uploads\/cp.tiernogalvan.sanfernando\/2024\/04\/CEIP-Txomin-Aresti-Letoia_Bizkaia-230x131.jpg 230w, https:\/\/site.educa.madrid.org\/cp.tiernogalvan.sanfernando\/\/wp-content\/uploads\/cp.tiernogalvan.sanfernando\/2024\/04\/CEIP-Txomin-Aresti-Letoia_Bizkaia-350x200.jpg 350w, https:\/\/site.educa.madrid.org\/cp.tiernogalvan.sanfernando\/\/wp-content\/uploads\/cp.tiernogalvan.sanfernando\/2024\/04\/CEIP-Txomin-Aresti-Letoia_Bizkaia-480x274.jpg 480w\" sizes=\"auto, (max-width: 700px) 100vw, 700px\" \/><\/figure>\n\n\n\n<figure class=\"wp-block-image size-large\"><img loading=\"lazy\" decoding=\"async\" width=\"351\" height=\"143\" data-id=\"9108\" src=\"https:\/\/site.educa.madrid.org\/cp.tiernogalvan.sanfernando\/\/wp-content\/uploads\/cp.tiernogalvan.sanfernando\/2024\/04\/images.jpg\" alt=\"\" class=\"wp-image-9108\" srcset=\"https:\/\/site.educa.madrid.org\/cp.tiernogalvan.sanfernando\/\/wp-content\/uploads\/cp.tiernogalvan.sanfernando\/2024\/04\/images.jpg 351w, https:\/\/site.educa.madrid.org\/cp.tiernogalvan.sanfernando\/\/wp-content\/uploads\/cp.tiernogalvan.sanfernando\/2024\/04\/images-300x122.jpg 300w, https:\/\/site.educa.madrid.org\/cp.tiernogalvan.sanfernando\/\/wp-content\/uploads\/cp.tiernogalvan.sanfernando\/2024\/04\/images-230x94.jpg 230w\" sizes=\"auto, (max-width: 351px) 100vw, 351px\" \/><\/figure>\n<\/figure>\n\n\n\n<div style=\"height:18px\" aria-hidden=\"true\" class=\"wp-block-spacer\"><\/div>\n\n\n\n<h3 class=\"wp-block-heading\"><strong>Normas de funcionamiento<\/strong><\/h3>\n\n\n\n<p>Muy sencillas, al igual que en cualquier otra biblioteca, respetar el silencio, cuidar los libros, ser responsable en la devoluci\u00f3n, y sobre todo disfrutar con la lectura.<\/p>\n\n\n\n<div style=\"height:18px\" aria-hidden=\"true\" class=\"wp-block-spacer\"><\/div>\n\n\n\n<h3 class=\"wp-block-heading\"><strong>Pr\u00e9stamos de libros<\/strong><\/h3>\n\n\n\n<p>El pr\u00e9stamo se har\u00e1 por un periodo de dos semanas, renovable por una semana m\u00e1s, pasando previamente por biblioteca. Los alumnos mantienen su carnet en la biblioteca para evitar su p\u00e9rdida.<\/p>\n\n\n\n<p>En caso de p\u00e9rdida o deterioro de un libro u otro material, se restituir\u00e1 el material en cuesti\u00f3n o se reembolsar\u00e1 el importe econ\u00f3mico, previa comunicaci\u00f3n a los padres o tutores.<\/p>\n\n\n\n<p>El pr\u00e9stamo ser\u00e1 de un libro por alumno Tanto del pr\u00e9stamo como de la devoluci\u00f3n se har\u00e1n cargo las coordinadoras de biblioteca en el horario establecido.<\/p>\n\n\n\n<p>Si el d\u00eda que toca entregar los libros es festivo, los alumnos devolver\u00e1n el libro al &nbsp;d\u00eda siguiente El pr\u00e9stamo de libros puede hacerse tambi\u00e9n para los periodos vacacionales (exceptuando verano) y cuando las condiciones de devoluci\u00f3n sean favorables.<\/p>\n\n\n\n<p>No se prestar\u00e1 ning\u00fan libro, si previamente no se ha devuelto el que tienen en pr\u00e9stamo y tampoco si no han repuesto el que hayan extraviado o deteriorado.<\/p>\n","protected":false},"excerpt":{"rendered":"<p>La biblioteca de nuestro centro empez\u00f3 su andadura en el curso 2006\/2007. A partir de entonces distintos profesores y profesoras, con la [&hellip;]<\/p>\n","protected":false},"author":3,"featured_media":0,"parent":0,"menu_order":0,"comment_status":"closed","ping_status":"closed","template":"","meta":{"footnotes":""},"folder":[],"class_list":["post-1344","page","type-page","status-publish","hentry"],"rttpg_featured_image_url":null,"rttpg_author":{"display_name":"cp.tiernogalvan.sanfernando","author_link":"https:\/\/site.educa.madrid.org\/cp.tiernogalvan.sanfernando\/index.php\/author\/cuenta_cp-tiernogalvan-sanfernando\/"},"rttpg_comment":0,"rttpg_category":false,"rttpg_excerpt":"La biblioteca de nuestro centro empez\u00f3 su andadura en el curso 2006\/2007. A partir de entonces distintos profesores y profesoras, con la [&hellip;]","post_mailing_queue_ids":[],"_links":{"self":[{"href":"https:\/\/site.educa.madrid.org\/cp.tiernogalvan.sanfernando\/index.php\/wp-json\/wp\/v2\/pages\/1344","targetHints":{"allow":["GET"]}}],"collection":[{"href":"https:\/\/site.educa.madrid.org\/cp.tiernogalvan.sanfernando\/index.php\/wp-json\/wp\/v2\/pages"}],"about":[{"href":"https:\/\/site.educa.madrid.org\/cp.tiernogalvan.sanfernando\/index.php\/wp-json\/wp\/v2\/types\/page"}],"author":[{"embeddable":true,"href":"https:\/\/site.educa.madrid.org\/cp.tiernogalvan.sanfernando\/index.php\/wp-json\/wp\/v2\/users\/3"}],"replies":[{"embeddable":true,"href":"https:\/\/site.educa.madrid.org\/cp.tiernogalvan.sanfernando\/index.php\/wp-json\/wp\/v2\/comments?post=1344"}],"version-history":[{"count":4,"href":"https:\/\/site.educa.madrid.org\/cp.tiernogalvan.sanfernando\/index.php\/wp-json\/wp\/v2\/pages\/1344\/revisions"}],"predecessor-version":[{"id":9113,"href":"https:\/\/site.educa.madrid.org\/cp.tiernogalvan.sanfernando\/index.php\/wp-json\/wp\/v2\/pages\/1344\/revisions\/9113"}],"wp:attachment":[{"href":"https:\/\/site.educa.madrid.org\/cp.tiernogalvan.sanfernando\/index.php\/wp-json\/wp\/v2\/media?parent=1344"}],"wp:term":[{"taxonomy":"folder","embeddable":true,"href":"https:\/\/site.educa.madrid.org\/cp.tiernogalvan.sanfernando\/index.php\/wp-json\/wp\/v2\/folder?post=1344"}],"curies":[{"name":"wp","href":"https:\/\/api.w.org\/{rel}","templated":true}]}}