{"id":1377,"date":"2017-11-17T17:04:44","date_gmt":"2017-11-17T17:04:44","guid":{"rendered":"https:\/\/www.ceipenriquetiernogalvan.es\/?page_id=1377"},"modified":"2025-12-12T11:44:49","modified_gmt":"2025-12-12T10:44:49","slug":"documentos-del-centro","status":"publish","type":"page","link":"https:\/\/site.educa.madrid.org\/cp.tiernogalvan.sanfernando\/index.php\/documentos-del-centro\/","title":{"rendered":"Documentos del centro"},"content":{"rendered":"\n<p>A continuaci\u00f3n, encontrar\u00e1s los documentos de centro m\u00e1s relevantes para el buen funcionamiento del colegio.<\/p>\n\n\n\n<div class=\"wp-block-columns is-layout-flex wp-container-core-columns-is-layout-9d6595d7 wp-block-columns-is-layout-flex\">\n<div class=\"wp-block-column is-vertically-aligned-center is-layout-flow wp-block-column-is-layout-flow\" style=\"flex-basis:50%\"><\/div>\n<\/div>\n\n\n\n<div class=\"wp-block-cover aligncenter is-light\" style=\"min-height:100vh;aspect-ratio:unset;\"><span aria-hidden=\"true\" class=\"wp-block-cover__background has-white-background-color has-background-dim-100 has-background-dim\"><\/span><div class=\"wp-block-cover__inner-container is-layout-flow wp-block-cover-is-layout-flow\">\n<div class=\"wp-block-columns are-vertically-aligned-center is-layout-flex wp-container-core-columns-is-layout-9d6595d7 wp-block-columns-is-layout-flex\">\n<div class=\"wp-block-column is-vertically-aligned-center is-layout-flow wp-block-column-is-layout-flow\" style=\"flex-basis:100%\">\n<div class=\"wp-block-columns alignwide are-vertically-aligned-center is-layout-flex wp-container-core-columns-is-layout-9d6595d7 wp-block-columns-is-layout-flex\">\n<div class=\"wp-block-column is-layout-flow wp-block-column-is-layout-flow\" style=\"flex-basis:15%\"><\/div>\n\n\n\n<div class=\"wp-block-column is-layout-flow wp-block-column-is-layout-flow\" style=\"flex-basis:85%\">\n<div class=\"wp-block-media-text alignwide is-stacked-on-mobile is-vertically-aligned-center\" style=\"grid-template-columns:15% auto\"><figure class=\"wp-block-media-text__media\"><img loading=\"lazy\" decoding=\"async\" width=\"112\" height=\"110\" src=\"https:\/\/site.educa.madrid.org\/cp.tiernogalvan.sanfernando\/\/wp-content\/uploads\/cp.tiernogalvan.sanfernando\/2024\/04\/ico_plandigital.png\" alt=\"\" class=\"wp-image-8920 size-full\"\/><\/figure><div class=\"wp-block-media-text__content\">\n<h6 class=\"wp-block-heading has-black-color has-text-color\" style=\"font-style:normal;font-weight:300\"><strong><strong>PROYECTO EDUCATIVO<\/strong><\/strong><\/h6>\n\n\n\n<p class=\"has-black-color has-text-color\" style=\"font-style:normal;font-weight:300\">Documento de car\u00e1cter pedag\u00f3gico elaborado por la Comunidad Educativa que enumera y define los rasgos de identidad de un centro.<\/p>\n\n\n\n<div class=\"wp-block-buttons is-content-justification-left is-layout-flex wp-container-core-buttons-is-layout-fdcfc74e wp-block-buttons-is-layout-flex\">\n<div class=\"wp-block-button is-style-outline is-style-outline--1\"><a class=\"wp-block-button__link wp-element-button\" href=\"https:\/\/cloud.educa.madrid.org\/s\/GHC24MQDWzq8E5Z\" target=\"_blank\" rel=\"noreferrer noopener\">acceder<\/a><\/div>\n<\/div>\n<\/div><\/div>\n\n\n\n<div class=\"wp-block-media-text alignwide is-stacked-on-mobile is-vertically-aligned-center\" style=\"grid-template-columns:15% auto\"><figure class=\"wp-block-media-text__media\"><img loading=\"lazy\" decoding=\"async\" width=\"512\" height=\"512\" src=\"https:\/\/site.educa.madrid.org\/cp.tiernogalvan.sanfernando\/\/wp-content\/uploads\/cp.tiernogalvan.sanfernando\/2022\/05\/cropped-ezgif.com-gif-maker.png\" alt=\"logotipo con forma de estrella de educamadrid\" class=\"wp-image-374 size-full\" srcset=\"https:\/\/site.educa.madrid.org\/cp.tiernogalvan.sanfernando\/\/wp-content\/uploads\/cp.tiernogalvan.sanfernando\/2022\/05\/cropped-ezgif.com-gif-maker.png 512w, https:\/\/site.educa.madrid.org\/cp.tiernogalvan.sanfernando\/\/wp-content\/uploads\/cp.tiernogalvan.sanfernando\/2022\/05\/cropped-ezgif.com-gif-maker-300x300.png 300w, https:\/\/site.educa.madrid.org\/cp.tiernogalvan.sanfernando\/\/wp-content\/uploads\/cp.tiernogalvan.sanfernando\/2022\/05\/cropped-ezgif.com-gif-maker-150x150.png 150w, https:\/\/site.educa.madrid.org\/cp.tiernogalvan.sanfernando\/\/wp-content\/uploads\/cp.tiernogalvan.sanfernando\/2022\/05\/cropped-ezgif.com-gif-maker-100x100.png 100w, https:\/\/site.educa.madrid.org\/cp.tiernogalvan.sanfernando\/\/wp-content\/uploads\/cp.tiernogalvan.sanfernando\/2022\/05\/cropped-ezgif.com-gif-maker-270x270.png 270w, https:\/\/site.educa.madrid.org\/cp.tiernogalvan.sanfernando\/\/wp-content\/uploads\/cp.tiernogalvan.sanfernando\/2022\/05\/cropped-ezgif.com-gif-maker-192x192.png 192w, https:\/\/site.educa.madrid.org\/cp.tiernogalvan.sanfernando\/\/wp-content\/uploads\/cp.tiernogalvan.sanfernando\/2022\/05\/cropped-ezgif.com-gif-maker-180x180.png 180w, https:\/\/site.educa.madrid.org\/cp.tiernogalvan.sanfernando\/\/wp-content\/uploads\/cp.tiernogalvan.sanfernando\/2022\/05\/cropped-ezgif.com-gif-maker-32x32.png 32w\" sizes=\"auto, (max-width: 512px) 100vw, 512px\" \/><\/figure><div class=\"wp-block-media-text__content\">\n<h6 class=\"wp-block-heading has-black-color has-text-color\" style=\"font-style:normal;font-weight:300\"><strong><strong>PROGRAMACI\u00d3N GENERAL ANUAL<\/strong><\/strong><\/h6>\n\n\n\n<p class=\"has-black-color has-text-color\" style=\"font-style:normal;font-weight:300\">Documento que recoge todos los aspectos relativos a la organizaci\u00f3n y funcionamiento del centro, incluidos los proyectos, el curr\u00edculo, las normas, y todos los planes de actuaci\u00f3n acordados y aprobados<\/p>\n\n\n\n<div class=\"wp-block-buttons is-content-justification-left is-layout-flex wp-container-core-buttons-is-layout-fdcfc74e wp-block-buttons-is-layout-flex\">\n<div class=\"wp-block-button is-style-outline is-style-outline--2\"><a class=\"wp-block-button__link wp-element-button\" href=\"https:\/\/cloud.educa.madrid.org\/s\/AxqAwdFmxBDmpng\" target=\"_blank\" rel=\"noreferrer noopener\">acceder<\/a><\/div>\n<\/div>\n<\/div><\/div>\n\n\n\n<div class=\"wp-block-media-text alignwide is-stacked-on-mobile is-vertically-aligned-center\" style=\"grid-template-columns:15% auto\"><figure class=\"wp-block-media-text__media\"><img loading=\"lazy\" decoding=\"async\" width=\"512\" height=\"512\" src=\"https:\/\/site.educa.madrid.org\/cp.tiernogalvan.sanfernando\/\/wp-content\/uploads\/cp.tiernogalvan.sanfernando\/2024\/04\/consejoescolaa42.png\" alt=\"\" class=\"wp-image-9125 size-full\" srcset=\"https:\/\/site.educa.madrid.org\/cp.tiernogalvan.sanfernando\/\/wp-content\/uploads\/cp.tiernogalvan.sanfernando\/2024\/04\/consejoescolaa42.png 512w, https:\/\/site.educa.madrid.org\/cp.tiernogalvan.sanfernando\/\/wp-content\/uploads\/cp.tiernogalvan.sanfernando\/2024\/04\/consejoescolaa42-300x300.png 300w, https:\/\/site.educa.madrid.org\/cp.tiernogalvan.sanfernando\/\/wp-content\/uploads\/cp.tiernogalvan.sanfernando\/2024\/04\/consejoescolaa42-150x150.png 150w, https:\/\/site.educa.madrid.org\/cp.tiernogalvan.sanfernando\/\/wp-content\/uploads\/cp.tiernogalvan.sanfernando\/2024\/04\/consejoescolaa42-230x230.png 230w, https:\/\/site.educa.madrid.org\/cp.tiernogalvan.sanfernando\/\/wp-content\/uploads\/cp.tiernogalvan.sanfernando\/2024\/04\/consejoescolaa42-350x350.png 350w, https:\/\/site.educa.madrid.org\/cp.tiernogalvan.sanfernando\/\/wp-content\/uploads\/cp.tiernogalvan.sanfernando\/2024\/04\/consejoescolaa42-480x480.png 480w\" sizes=\"auto, (max-width: 512px) 100vw, 512px\" \/><\/figure><div class=\"wp-block-media-text__content\">\n<h6 class=\"wp-block-heading has-black-color has-text-color\" style=\"font-style:normal;font-weight:300\"><strong><strong>MEMORIA ANUAL<\/strong><\/strong><\/h6>\n\n\n\n<p class=\"has-black-color has-text-color\" style=\"font-style:normal;font-weight:300\">Documento que recoge toda la evaluaci\u00f3n referente a aspectos relativos al funcionamiento del centro, en cuanto a organizaci\u00f3n y funcionamiento del centro, incluidos los proyectos, el curr\u00edculo, las normas, y todos los planes de actuaci\u00f3n acordados y aprobados al inicio del curso<\/p>\n\n\n\n<div class=\"wp-block-buttons is-content-justification-left is-layout-flex wp-container-core-buttons-is-layout-fdcfc74e wp-block-buttons-is-layout-flex\">\n<div class=\"wp-block-button is-style-outline is-style-outline--3\"><a class=\"wp-block-button__link wp-element-button\" href=\"https:\/\/cloud.educa.madrid.org\/s\/diatwteLjPWe3t4\" target=\"_blank\" rel=\"noreferrer noopener\">acceder<\/a><\/div>\n<\/div>\n<\/div><\/div>\n\n\n\n<div class=\"wp-block-media-text alignwide is-stacked-on-mobile is-vertically-aligned-center\" style=\"grid-template-columns:15% auto\"><figure class=\"wp-block-media-text__media\"><img loading=\"lazy\" decoding=\"async\" width=\"512\" height=\"512\" src=\"https:\/\/site.educa.madrid.org\/cp.tiernogalvan.sanfernando\/\/wp-content\/uploads\/cp.tiernogalvan.sanfernando\/2024\/04\/consejoescolar1.png\" alt=\"\" class=\"wp-image-9120 size-full\" srcset=\"https:\/\/site.educa.madrid.org\/cp.tiernogalvan.sanfernando\/\/wp-content\/uploads\/cp.tiernogalvan.sanfernando\/2024\/04\/consejoescolar1.png 512w, https:\/\/site.educa.madrid.org\/cp.tiernogalvan.sanfernando\/\/wp-content\/uploads\/cp.tiernogalvan.sanfernando\/2024\/04\/consejoescolar1-300x300.png 300w, https:\/\/site.educa.madrid.org\/cp.tiernogalvan.sanfernando\/\/wp-content\/uploads\/cp.tiernogalvan.sanfernando\/2024\/04\/consejoescolar1-150x150.png 150w, https:\/\/site.educa.madrid.org\/cp.tiernogalvan.sanfernando\/\/wp-content\/uploads\/cp.tiernogalvan.sanfernando\/2024\/04\/consejoescolar1-230x230.png 230w, https:\/\/site.educa.madrid.org\/cp.tiernogalvan.sanfernando\/\/wp-content\/uploads\/cp.tiernogalvan.sanfernando\/2024\/04\/consejoescolar1-350x350.png 350w, https:\/\/site.educa.madrid.org\/cp.tiernogalvan.sanfernando\/\/wp-content\/uploads\/cp.tiernogalvan.sanfernando\/2024\/04\/consejoescolar1-480x480.png 480w\" sizes=\"auto, (max-width: 512px) 100vw, 512px\" \/><\/figure><div class=\"wp-block-media-text__content\">\n<h6 class=\"wp-block-heading has-black-color has-text-color\" style=\"font-style:normal;font-weight:300\"><strong><strong>PROGRAMACIONES<\/strong><\/strong><\/h6>\n\n\n\n<p class=\"has-black-color has-text-color\" style=\"font-style:normal;font-weight:300\">Aqu\u00ed encontrar\u00e1s todas las programaciones did\u00e1cticas para el curso 2025 2026. Recuerda que para acceder a ellas, debes pedir la contrase\u00f1a a Secretaria del centro educativo.<\/p>\n\n\n\n<div class=\"wp-block-buttons is-content-justification-left is-layout-flex wp-container-core-buttons-is-layout-fdcfc74e wp-block-buttons-is-layout-flex\">\n<div class=\"wp-block-button is-style-outline is-style-outline--4\"><a class=\"wp-block-button__link wp-element-button\" href=\"http:\/\/gofile.me\/3sHAr\/F0S3lPUyq\" target=\"_blank\" rel=\"noreferrer noopener\">1\u00ba ciclo<\/a><\/div>\n\n\n\n<div class=\"wp-block-button is-style-outline is-style-outline--5\"><a class=\"wp-block-button__link wp-element-button\" href=\"http:\/\/gofile.me\/3sHAr\/rzFwkZtMB\" target=\"_blank\" rel=\"noreferrer noopener\">2\u00ba ciclo<\/a><\/div>\n\n\n\n<div class=\"wp-block-button is-style-outline is-style-outline--6\"><a class=\"wp-block-button__link wp-element-button\" href=\"http:\/\/gofile.me\/3sHAr\/RWazIzgBq\" target=\"_blank\" rel=\"noreferrer noopener\">3\u00ba ciclo<\/a><\/div>\n<\/div>\n<\/div><\/div>\n\n\n\n<div class=\"wp-block-media-text alignwide is-stacked-on-mobile is-vertically-aligned-center\" style=\"grid-template-columns:15% auto\"><figure class=\"wp-block-media-text__media\"><img loading=\"lazy\" decoding=\"async\" width=\"512\" height=\"512\" src=\"https:\/\/site.educa.madrid.org\/cp.tiernogalvan.sanfernando\/\/wp-content\/uploads\/cp.tiernogalvan.sanfernando\/2024\/04\/normas.png\" alt=\"\" class=\"wp-image-8995 size-full\" srcset=\"https:\/\/site.educa.madrid.org\/cp.tiernogalvan.sanfernando\/\/wp-content\/uploads\/cp.tiernogalvan.sanfernando\/2024\/04\/normas.png 512w, https:\/\/site.educa.madrid.org\/cp.tiernogalvan.sanfernando\/\/wp-content\/uploads\/cp.tiernogalvan.sanfernando\/2024\/04\/normas-300x300.png 300w, https:\/\/site.educa.madrid.org\/cp.tiernogalvan.sanfernando\/\/wp-content\/uploads\/cp.tiernogalvan.sanfernando\/2024\/04\/normas-150x150.png 150w, https:\/\/site.educa.madrid.org\/cp.tiernogalvan.sanfernando\/\/wp-content\/uploads\/cp.tiernogalvan.sanfernando\/2024\/04\/normas-230x230.png 230w, https:\/\/site.educa.madrid.org\/cp.tiernogalvan.sanfernando\/\/wp-content\/uploads\/cp.tiernogalvan.sanfernando\/2024\/04\/normas-350x350.png 350w, https:\/\/site.educa.madrid.org\/cp.tiernogalvan.sanfernando\/\/wp-content\/uploads\/cp.tiernogalvan.sanfernando\/2024\/04\/normas-480x480.png 480w\" sizes=\"auto, (max-width: 512px) 100vw, 512px\" \/><\/figure><div class=\"wp-block-media-text__content\">\n<h6 class=\"wp-block-heading has-black-color has-text-color\" style=\"font-style:normal;font-weight:300\"><strong><strong>PLAN DE IGUALDAD<\/strong><\/strong><\/h6>\n\n\n\n<p class=\"has-black-color has-text-color\" style=\"font-style:normal;font-weight:300\">Documento con un conjunto ordenado de medidas, adoptadas despu\u00e9s de realizar un diagn\u00f3stico de situaci\u00f3n, tendentes a alcanzar en el colegio, la&nbsp;<strong>igualdad<\/strong>&nbsp;de trato y de oportunidades entre mujeres y hombres y a eliminar la discriminaci\u00f3n por raz\u00f3n de sexo.<\/p>\n\n\n\n<div class=\"wp-block-buttons is-content-justification-left is-layout-flex wp-container-core-buttons-is-layout-fdcfc74e wp-block-buttons-is-layout-flex\">\n<div class=\"wp-block-button is-style-outline is-style-outline--7\"><a class=\"wp-block-button__link wp-element-button\" href=\"https:\/\/cloud.educa.madrid.org\/s\/6QYZamm6EC7GPCM\" target=\"_blank\" rel=\"noreferrer noopener\">acceder<\/a><\/div>\n<\/div>\n<\/div><\/div>\n\n\n\n<div class=\"wp-block-media-text alignwide is-stacked-on-mobile is-vertically-aligned-center\" style=\"grid-template-columns:15% auto\"><figure class=\"wp-block-media-text__media\"><img loading=\"lazy\" decoding=\"async\" width=\"921\" height=\"751\" src=\"https:\/\/site.educa.madrid.org\/cp.tiernogalvan.sanfernando\/\/wp-content\/uploads\/cp.tiernogalvan.sanfernando\/2024\/04\/ico_blogs.png\" alt=\"\" class=\"wp-image-9258 size-full\" srcset=\"https:\/\/site.educa.madrid.org\/cp.tiernogalvan.sanfernando\/\/wp-content\/uploads\/cp.tiernogalvan.sanfernando\/2024\/04\/ico_blogs.png 921w, https:\/\/site.educa.madrid.org\/cp.tiernogalvan.sanfernando\/\/wp-content\/uploads\/cp.tiernogalvan.sanfernando\/2024\/04\/ico_blogs-300x245.png 300w, https:\/\/site.educa.madrid.org\/cp.tiernogalvan.sanfernando\/\/wp-content\/uploads\/cp.tiernogalvan.sanfernando\/2024\/04\/ico_blogs-768x626.png 768w, https:\/\/site.educa.madrid.org\/cp.tiernogalvan.sanfernando\/\/wp-content\/uploads\/cp.tiernogalvan.sanfernando\/2024\/04\/ico_blogs-230x188.png 230w, https:\/\/site.educa.madrid.org\/cp.tiernogalvan.sanfernando\/\/wp-content\/uploads\/cp.tiernogalvan.sanfernando\/2024\/04\/ico_blogs-350x285.png 350w, https:\/\/site.educa.madrid.org\/cp.tiernogalvan.sanfernando\/\/wp-content\/uploads\/cp.tiernogalvan.sanfernando\/2024\/04\/ico_blogs-480x391.png 480w\" sizes=\"auto, (max-width: 921px) 100vw, 921px\" \/><\/figure><div class=\"wp-block-media-text__content\">\n<h6 class=\"wp-block-heading has-black-color has-text-color\" style=\"font-style:normal;font-weight:300\"><strong>PLAN DIGITAL DEL CENTRO<\/strong><\/h6>\n\n\n\n<p class=\"has-black-color has-text-color\" style=\"font-style:normal;font-weight:300\">A continuaci\u00f3n, presentamos el Plan Digital del Centro. En este documento, se puede ver la transformaci\u00f3n digital del centro.<\/p>\n\n\n\n<div class=\"wp-block-buttons is-layout-flex wp-block-buttons-is-layout-flex\">\n<div class=\"wp-block-button is-style-outline is-style-outline--8\"><a class=\"wp-block-button__link wp-element-button\" href=\"https:\/\/cloud.educa.madrid.org\/s\/QJxbCtFaQJnMKX9\" target=\"_blank\" rel=\"noreferrer noopener\">acceder<\/a><\/div>\n<\/div>\n<\/div><\/div>\n\n\n\n<div class=\"wp-block-media-text alignwide is-stacked-on-mobile is-vertically-aligned-center\" style=\"grid-template-columns:15% auto\"><figure class=\"wp-block-media-text__media\"><img loading=\"lazy\" decoding=\"async\" width=\"512\" height=\"512\" src=\"https:\/\/site.educa.madrid.org\/cp.tiernogalvan.sanfernando\/\/wp-content\/uploads\/cp.tiernogalvan.sanfernando\/2024\/04\/consejoescolar2.png\" alt=\"\" class=\"wp-image-9123 size-full\" srcset=\"https:\/\/site.educa.madrid.org\/cp.tiernogalvan.sanfernando\/\/wp-content\/uploads\/cp.tiernogalvan.sanfernando\/2024\/04\/consejoescolar2.png 512w, https:\/\/site.educa.madrid.org\/cp.tiernogalvan.sanfernando\/\/wp-content\/uploads\/cp.tiernogalvan.sanfernando\/2024\/04\/consejoescolar2-300x300.png 300w, https:\/\/site.educa.madrid.org\/cp.tiernogalvan.sanfernando\/\/wp-content\/uploads\/cp.tiernogalvan.sanfernando\/2024\/04\/consejoescolar2-150x150.png 150w, https:\/\/site.educa.madrid.org\/cp.tiernogalvan.sanfernando\/\/wp-content\/uploads\/cp.tiernogalvan.sanfernando\/2024\/04\/consejoescolar2-230x230.png 230w, https:\/\/site.educa.madrid.org\/cp.tiernogalvan.sanfernando\/\/wp-content\/uploads\/cp.tiernogalvan.sanfernando\/2024\/04\/consejoescolar2-350x350.png 350w, https:\/\/site.educa.madrid.org\/cp.tiernogalvan.sanfernando\/\/wp-content\/uploads\/cp.tiernogalvan.sanfernando\/2024\/04\/consejoescolar2-480x480.png 480w\" sizes=\"auto, (max-width: 512px) 100vw, 512px\" \/><\/figure><div class=\"wp-block-media-text__content\">\n<h6 class=\"wp-block-heading has-black-color has-text-color\" style=\"font-style:normal;font-weight:300\"><strong>PLAN INCLUYO<\/strong><\/h6>\n\n\n\n<p>El <strong>Plan Incluyo Madrid<\/strong> en educaci\u00f3n se centra en garantizar la <strong>inclusi\u00f3n y accesibilidad<\/strong> en el \u00e1mbito educativo para las personas con discapacidad. El objetivo es construir un sistema educativo equitativo, accesible y adaptado a las necesidades de todo el alumnado.<\/p>\n\n\n\n<div class=\"wp-block-buttons is-layout-flex wp-block-buttons-is-layout-flex\">\n<div class=\"wp-block-button is-style-outline is-style-outline--9\"><a class=\"wp-block-button__link wp-element-button\" href=\"https:\/\/cloud.educa.madrid.org\/s\/fAaFXxSWXZzeFkN\">acceder<\/a><\/div>\n<\/div>\n\n\n\n<h6 class=\"wp-block-heading has-black-color has-text-color\" style=\"font-style:normal;font-weight:300\"><strong>PLAN DE CONVIVENCIA<\/strong><\/h6>\n\n\n\n<p class=\"has-black-color has-text-color\" style=\"font-style:normal;font-weight:300\">Documento que sirve para concretar la organizaci\u00f3n y el funcionamiento del centro en relaci\u00f3n con la convivencia y establecer las l\u00edneas generales del modelo de convivencia entre las personas del colegio.<\/p>\n\n\n\n<div class=\"wp-block-buttons is-layout-flex wp-block-buttons-is-layout-flex\">\n<div class=\"wp-block-button is-style-outline is-style-outline--10\"><a class=\"wp-block-button__link wp-element-button\" href=\"https:\/\/cloud.educa.madrid.org\/s\/cR3LXkjxRzHyTkL\" target=\"_blank\" rel=\"noreferrer noopener\">acceder<\/a><\/div>\n<\/div>\n<\/div><\/div>\n\n\n\n<div class=\"wp-block-media-text alignwide is-stacked-on-mobile is-vertically-aligned-center\" style=\"grid-template-columns:15% auto\"><figure class=\"wp-block-media-text__media\"><img loading=\"lazy\" decoding=\"async\" width=\"768\" height=\"586\" src=\"https:\/\/site.educa.madrid.org\/cp.tiernogalvan.sanfernando\/\/wp-content\/uploads\/cp.tiernogalvan.sanfernando\/2024\/04\/WhatsApp-Image-2021-05-03-at-11.59.34-7.jpeg\" alt=\"\" class=\"wp-image-8953 size-full\" srcset=\"https:\/\/site.educa.madrid.org\/cp.tiernogalvan.sanfernando\/\/wp-content\/uploads\/cp.tiernogalvan.sanfernando\/2024\/04\/WhatsApp-Image-2021-05-03-at-11.59.34-7.jpeg 768w, https:\/\/site.educa.madrid.org\/cp.tiernogalvan.sanfernando\/\/wp-content\/uploads\/cp.tiernogalvan.sanfernando\/2024\/04\/WhatsApp-Image-2021-05-03-at-11.59.34-7-300x229.jpeg 300w, https:\/\/site.educa.madrid.org\/cp.tiernogalvan.sanfernando\/\/wp-content\/uploads\/cp.tiernogalvan.sanfernando\/2024\/04\/WhatsApp-Image-2021-05-03-at-11.59.34-7-230x175.jpeg 230w, https:\/\/site.educa.madrid.org\/cp.tiernogalvan.sanfernando\/\/wp-content\/uploads\/cp.tiernogalvan.sanfernando\/2024\/04\/WhatsApp-Image-2021-05-03-at-11.59.34-7-350x267.jpeg 350w, https:\/\/site.educa.madrid.org\/cp.tiernogalvan.sanfernando\/\/wp-content\/uploads\/cp.tiernogalvan.sanfernando\/2024\/04\/WhatsApp-Image-2021-05-03-at-11.59.34-7-480x366.jpeg 480w\" sizes=\"auto, (max-width: 768px) 100vw, 768px\" \/><\/figure><div class=\"wp-block-media-text__content\">\n<h6 class=\"wp-block-heading has-black-color has-text-color\" style=\"font-style:normal;font-weight:300\"><strong>PROGRAMA DE PATIOS<\/strong><\/h6>\n\n\n\n<p class=\"has-black-color has-text-color\" style=\"font-style:normal;font-weight:300\">A continuaci\u00f3n, presentamos el Programa de patios En este documento, se puede ver el trabajo que realizamos en los tiempos de recreo.<\/p>\n\n\n\n<div class=\"wp-block-buttons is-layout-flex wp-block-buttons-is-layout-flex\">\n<div class=\"wp-block-button is-style-outline is-style-outline--11\"><a class=\"wp-block-button__link wp-element-button\" href=\"https:\/\/cloud.educa.madrid.org\/s\/nkd4948YfBjFkyx\" target=\"_blank\" rel=\"noreferrer noopener\">acceder<\/a><\/div>\n<\/div>\n<\/div><\/div>\n<\/div>\n<\/div>\n<\/div>\n<\/div>\n\n\n\n<div style=\"height:33px\" aria-hidden=\"true\" class=\"wp-block-spacer\"><\/div>\n\n\n\n<hr class=\"wp-block-separator has-alpha-channel-opacity\"\/>\n\n\n\n<div style=\"height:28px\" aria-hidden=\"true\" class=\"wp-block-spacer\"><\/div>\n\n\n\n<div class=\"wp-block-columns is-layout-flex wp-container-core-columns-is-layout-9d6595d7 wp-block-columns-is-layout-flex\">\n<div class=\"wp-block-column is-layout-flow wp-block-column-is-layout-flow\">\n<h4 class=\"wp-block-heading has-text-color\" style=\"color:#484848\">Respeto<\/h4>\n\n\n\n<p class=\"has-text-color\" style=\"color:#606060\">El respeto a la dignidad y la solidaridad entre todas las personas.<\/p>\n<\/div>\n\n\n\n<div class=\"wp-block-column is-layout-flow wp-block-column-is-layout-flow\">\n<h4 class=\"wp-block-heading has-text-color\" style=\"color:#484848\">Trabajo y colaboraci\u00f3n<\/h4>\n\n\n\n<p class=\"has-text-color\" style=\"color:#606060\">Disposici\u00f3n de ayuda y colaboraci\u00f3n en las tareas colectivas y de participaci\u00f3n activa en la vida del Centro. Adem\u00e1s, participaci\u00f3n solidaria en el desarrollo y mejora del entorno social y natural.<\/p>\n<\/div>\n<\/div>\n\n\n\n<div class=\"wp-block-columns is-layout-flex wp-container-core-columns-is-layout-9d6595d7 wp-block-columns-is-layout-flex\">\n<div class=\"wp-block-column is-layout-flow wp-block-column-is-layout-flow\">\n<h4 class=\"wp-block-heading has-text-color\" style=\"color:#484848\">Constancia<\/h4>\n\n\n\n<p class=\"has-text-color\" style=\"color:#606060\">Terminar con esmero las actividades que se emprenden.&nbsp;Esp\u00edritu de superaci\u00f3n y de esfuerzo ante la falta de motivaci\u00f3n u otras dificultades.<\/p>\n<\/div>\n\n\n\n<div class=\"wp-block-column is-layout-flow wp-block-column-is-layout-flow\">\n<h4 class=\"wp-block-heading has-text-color\" style=\"color:#484848\">Igualdad<\/h4>\n\n\n\n<p class=\"has-text-color\" style=\"color:#606060\">Garantizar una&nbsp;igualdad efectiva de oportunidades, prestando apoyos necesarios, tanto al alumnado que lo requiera como al profesorado que les atiende.<\/p>\n<\/div>\n<\/div>\n<\/div><\/div>\n","protected":false},"excerpt":{"rendered":"<p>A continuaci\u00f3n, encontrar\u00e1s los documentos de centro m\u00e1s relevantes para el buen funcionamiento del colegio.<\/p>\n","protected":false},"author":3,"featured_media":0,"parent":0,"menu_order":0,"comment_status":"closed","ping_status":"closed","template":"page-templates\/page_fullwidth.php","meta":{"footnotes":""},"folder":[],"class_list":["post-1377","page","type-page","status-publish","hentry"],"rttpg_featured_image_url":null,"rttpg_author":{"display_name":"cp.tiernogalvan.sanfernando","author_link":"https:\/\/site.educa.madrid.org\/cp.tiernogalvan.sanfernando\/index.php\/author\/cuenta_cp-tiernogalvan-sanfernando\/"},"rttpg_comment":0,"rttpg_category":false,"rttpg_excerpt":"A continuaci\u00f3n, encontrar\u00e1s los documentos de centro m\u00e1s relevantes para el buen funcionamiento del colegio.","post_mailing_queue_ids":[],"_links":{"self":[{"href":"https:\/\/site.educa.madrid.org\/cp.tiernogalvan.sanfernando\/index.php\/wp-json\/wp\/v2\/pages\/1377","targetHints":{"allow":["GET"]}}],"collection":[{"href":"https:\/\/site.educa.madrid.org\/cp.tiernogalvan.sanfernando\/index.php\/wp-json\/wp\/v2\/pages"}],"about":[{"href":"https:\/\/site.educa.madrid.org\/cp.tiernogalvan.sanfernando\/index.php\/wp-json\/wp\/v2\/types\/page"}],"author":[{"embeddable":true,"href":"https:\/\/site.educa.madrid.org\/cp.tiernogalvan.sanfernando\/index.php\/wp-json\/wp\/v2\/users\/3"}],"replies":[{"embeddable":true,"href":"https:\/\/site.educa.madrid.org\/cp.tiernogalvan.sanfernando\/index.php\/wp-json\/wp\/v2\/comments?post=1377"}],"version-history":[{"count":44,"href":"https:\/\/site.educa.madrid.org\/cp.tiernogalvan.sanfernando\/index.php\/wp-json\/wp\/v2\/pages\/1377\/revisions"}],"predecessor-version":[{"id":9912,"href":"https:\/\/site.educa.madrid.org\/cp.tiernogalvan.sanfernando\/index.php\/wp-json\/wp\/v2\/pages\/1377\/revisions\/9912"}],"wp:attachment":[{"href":"https:\/\/site.educa.madrid.org\/cp.tiernogalvan.sanfernando\/index.php\/wp-json\/wp\/v2\/media?parent=1377"}],"wp:term":[{"taxonomy":"folder","embeddable":true,"href":"https:\/\/site.educa.madrid.org\/cp.tiernogalvan.sanfernando\/index.php\/wp-json\/wp\/v2\/folder?post=1377"}],"curies":[{"name":"wp","href":"https:\/\/api.w.org\/{rel}","templated":true}]}}