{"id":1473,"date":"2017-11-20T13:08:56","date_gmt":"2017-11-20T13:08:56","guid":{"rendered":"https:\/\/www.ceipenriquetiernogalvan.es\/?page_id=1473"},"modified":"2025-09-09T09:04:50","modified_gmt":"2025-09-09T07:04:50","slug":"actividades-centro","status":"publish","type":"page","link":"https:\/\/site.educa.madrid.org\/cp.tiernogalvan.sanfernando\/index.php\/actividades-centro\/","title":{"rendered":"Actividades de centro (pendiente de modificar pr\u00f3ximamente para el curso 2025 2026)"},"content":{"rendered":"\n<div class=\"wp-block-columns is-layout-flex wp-container-core-columns-is-layout-9d6595d7 wp-block-columns-is-layout-flex\">\n<div class=\"wp-block-column is-layout-flow wp-block-column-is-layout-flow\" style=\"flex-basis:66.66%\">\n<p><strong>Halloween: 31 de Octubre<\/strong><\/p>\n\n\n\n<p>Se considera el \u201cD\u00eda Cultural\u201d del trimestre. Se celebrar\u00e1 durante toda la jornada escolar con actividades relacionadas con la festividad. Se concretar\u00e1n las actividades con la aportaci\u00f3n de los ciclos en la reuni\u00f3n de CCP correspondiente.<\/p>\n\n\n\n<p><strong>Constituci\u00f3n: 5 de diciembre.<\/strong><\/p>\n\n\n\n<p>En Infantil se realizar\u00e1 un cuentacuentos en la Biblioteca.&nbsp;&nbsp;&nbsp;<\/p>\n\n\n\n<p>Cada clase trabajar\u00e1 la constituci\u00f3n con el tutor despu\u00e9s del recreo. No habr\u00e1 especialidades despu\u00e9s del recreo.<\/p>\n\n\n\n<p><strong>Navidad: 20 de diciembre.<\/strong><\/p>\n\n\n\n<p>El d\u00eda 20 de diciembre, como ya es tradici\u00f3n, contaremos con la visita de los Reyes Magos y Pap\u00e1 Noel. Los ni\u00f1os de E. Infantil y 1\u00ba ciclo de E. Primaria les entregar\u00e1n sus cartas. Terminaremos con la chocolatada. Uvas despu\u00e9s del recreo. Salida a la residencia Orpea por parte de una parte del alumnado del centro (pendiente fecha por confirmar). No habr\u00e1 especialidades.<\/p>\n\n\n\n<p><strong>Festival de Navidad: 12 de diciembre<\/strong>.<\/p>\n\n\n\n<p>Los alumnos de cada nivel preparan una actuaci\u00f3n para mostrar a sus compa\u00f1eros y a sus familias en el teatro Federico Garc\u00eda Lorca.<\/p>\n\n\n\n<p><strong>Celebraci\u00f3n del D\u00eda de la Paz: 30 de enero<\/strong>. <\/p>\n\n\n\n<p>Se pensar\u00e1n diferentes actividades que se llevar\u00e1n a cabo despu\u00e9s del recreo en el aula. No habr\u00e1 especialidades despu\u00e9s del recreo.<\/p>\n\n\n\n<p><strong>Carnaval: 27 de febrero<\/strong>.<\/p>\n\n\n\n<p>Se realizar\u00e1n las comandas durante la semana del 24 al 27 de febrero. Este \u00faltimo ser\u00e1 el \u201cD\u00eda Cultural\u201d del trimestre. Los ciclos propondr\u00e1n diferentes actividades que se organizar\u00e1n en la reuni\u00f3n de CCP correspondiente para ser llevadas a cabo durante la jornada escolar. Desfile tem\u00e1tico relacionado con el objetivo del centro.<\/p>\n\n\n\n<p><strong>D\u00edas Culturales<\/strong><\/p>\n\n\n\n<p>Como el curso anterior, y al valorarse muy positivamente, llevaremos a cabo el D\u00eda Cultural. Para ello, una vez al trimestre, realizaremos actividades l\u00fadicas relacionadas con el objetivo general del centro. Las actividades se concretar\u00e1n en las reuniones de la CCP a partir de las aportaciones de los ciclos y para llevarlas a cabo contaremos con la colaboraci\u00f3n de las familias.<\/p>\n\n\n\n<p>En el primer trimestre ser\u00e1 el 31 de octubre coincidiendo con la festividad de Halloween.<\/p>\n\n\n\n<p>En el segundo trimestre coincidir\u00e1 con Carnaval (9 de febrero).<\/p>\n\n\n\n<p>En el tercer trimestre con la celebraci\u00f3n de la San Isidro&nbsp;&nbsp;<\/p>\n\n\n\n<p><strong>D\u00eda del autismo: 5 de abril.<\/strong><\/p>\n\n\n\n<p>Se llevar\u00e1n a cabo actividades, despu\u00e9s del recreo, coordinadas por la Comisi\u00f3n TEA.<\/p>\n\n\n\n<p><strong>D\u00eda del libro: 23 de abril.<\/strong><\/p>\n\n\n\n<p>La organizaci\u00f3n correr\u00e1 del responsable del proyecto de Biblioteca, haci\u00e9ndolo coincidir con la actividad del taller de biblioteca.<\/p>\n\n\n\n<p><strong>Graduaci\u00f3n: 17 de junio.<\/strong><\/p>\n\n\n\n<p>Se celebrar\u00e1 en el Teatro \u201cFederico Garc\u00eda Lorca\u201d. (E. Infantil y 5\u00ba y 6\u00ba de E. Primaria).<\/p>\n<\/div>\n\n\n\n<div class=\"wp-block-column is-layout-flow wp-block-column-is-layout-flow\" style=\"flex-basis:33.33%\">\n<figure class=\"wp-block-gallery has-nested-images columns-1 is-cropped wp-block-gallery-1 is-layout-flex wp-block-gallery-is-layout-flex\">\n<figure class=\"wp-block-image size-large\"><img loading=\"lazy\" decoding=\"async\" width=\"1024\" height=\"768\" data-id=\"9185\" src=\"https:\/\/site.educa.madrid.org\/cp.tiernogalvan.sanfernando\/\/wp-content\/uploads\/cp.tiernogalvan.sanfernando\/2024\/04\/WhatsApp-Image-2021-05-03-at-11.59.34-12-1024x768.jpeg\" alt=\"\" class=\"wp-image-9185\" srcset=\"https:\/\/site.educa.madrid.org\/cp.tiernogalvan.sanfernando\/\/wp-content\/uploads\/cp.tiernogalvan.sanfernando\/2024\/04\/WhatsApp-Image-2021-05-03-at-11.59.34-12-1024x768.jpeg 1024w, https:\/\/site.educa.madrid.org\/cp.tiernogalvan.sanfernando\/\/wp-content\/uploads\/cp.tiernogalvan.sanfernando\/2024\/04\/WhatsApp-Image-2021-05-03-at-11.59.34-12-300x225.jpeg 300w, https:\/\/site.educa.madrid.org\/cp.tiernogalvan.sanfernando\/\/wp-content\/uploads\/cp.tiernogalvan.sanfernando\/2024\/04\/WhatsApp-Image-2021-05-03-at-11.59.34-12-768x576.jpeg 768w, https:\/\/site.educa.madrid.org\/cp.tiernogalvan.sanfernando\/\/wp-content\/uploads\/cp.tiernogalvan.sanfernando\/2024\/04\/WhatsApp-Image-2021-05-03-at-11.59.34-12-1536x1152.jpeg 1536w, https:\/\/site.educa.madrid.org\/cp.tiernogalvan.sanfernando\/\/wp-content\/uploads\/cp.tiernogalvan.sanfernando\/2024\/04\/WhatsApp-Image-2021-05-03-at-11.59.34-12-1000x750.jpeg 1000w, https:\/\/site.educa.madrid.org\/cp.tiernogalvan.sanfernando\/\/wp-content\/uploads\/cp.tiernogalvan.sanfernando\/2024\/04\/WhatsApp-Image-2021-05-03-at-11.59.34-12-230x173.jpeg 230w, https:\/\/site.educa.madrid.org\/cp.tiernogalvan.sanfernando\/\/wp-content\/uploads\/cp.tiernogalvan.sanfernando\/2024\/04\/WhatsApp-Image-2021-05-03-at-11.59.34-12-350x263.jpeg 350w, https:\/\/site.educa.madrid.org\/cp.tiernogalvan.sanfernando\/\/wp-content\/uploads\/cp.tiernogalvan.sanfernando\/2024\/04\/WhatsApp-Image-2021-05-03-at-11.59.34-12-480x360.jpeg 480w, https:\/\/site.educa.madrid.org\/cp.tiernogalvan.sanfernando\/\/wp-content\/uploads\/cp.tiernogalvan.sanfernando\/2024\/04\/WhatsApp-Image-2021-05-03-at-11.59.34-12.jpeg 1600w\" sizes=\"auto, (max-width: 1024px) 100vw, 1024px\" \/><\/figure>\n\n\n\n<figure class=\"wp-block-image size-large\"><img loading=\"lazy\" decoding=\"async\" width=\"768\" height=\"1024\" data-id=\"8965\" src=\"https:\/\/site.educa.madrid.org\/cp.tiernogalvan.sanfernando\/\/wp-content\/uploads\/cp.tiernogalvan.sanfernando\/2024\/04\/WhatsApp-Image-2021-05-03-at-11.59.34-6.jpeg\" alt=\"\" class=\"wp-image-8965\" srcset=\"https:\/\/site.educa.madrid.org\/cp.tiernogalvan.sanfernando\/\/wp-content\/uploads\/cp.tiernogalvan.sanfernando\/2024\/04\/WhatsApp-Image-2021-05-03-at-11.59.34-6.jpeg 768w, https:\/\/site.educa.madrid.org\/cp.tiernogalvan.sanfernando\/\/wp-content\/uploads\/cp.tiernogalvan.sanfernando\/2024\/04\/WhatsApp-Image-2021-05-03-at-11.59.34-6-225x300.jpeg 225w, https:\/\/site.educa.madrid.org\/cp.tiernogalvan.sanfernando\/\/wp-content\/uploads\/cp.tiernogalvan.sanfernando\/2024\/04\/WhatsApp-Image-2021-05-03-at-11.59.34-6-300x400.jpeg 300w, https:\/\/site.educa.madrid.org\/cp.tiernogalvan.sanfernando\/\/wp-content\/uploads\/cp.tiernogalvan.sanfernando\/2024\/04\/WhatsApp-Image-2021-05-03-at-11.59.34-6-230x307.jpeg 230w, https:\/\/site.educa.madrid.org\/cp.tiernogalvan.sanfernando\/\/wp-content\/uploads\/cp.tiernogalvan.sanfernando\/2024\/04\/WhatsApp-Image-2021-05-03-at-11.59.34-6-350x467.jpeg 350w, https:\/\/site.educa.madrid.org\/cp.tiernogalvan.sanfernando\/\/wp-content\/uploads\/cp.tiernogalvan.sanfernando\/2024\/04\/WhatsApp-Image-2021-05-03-at-11.59.34-6-480x640.jpeg 480w\" sizes=\"auto, (max-width: 768px) 100vw, 768px\" \/><\/figure>\n\n\n\n<figure class=\"wp-block-image size-large\"><img loading=\"lazy\" decoding=\"async\" width=\"1024\" height=\"683\" data-id=\"9186\" src=\"https:\/\/site.educa.madrid.org\/cp.tiernogalvan.sanfernando\/\/wp-content\/uploads\/cp.tiernogalvan.sanfernando\/2024\/04\/DSC_0027-1024x683.jpg\" alt=\"\" class=\"wp-image-9186\" srcset=\"https:\/\/site.educa.madrid.org\/cp.tiernogalvan.sanfernando\/\/wp-content\/uploads\/cp.tiernogalvan.sanfernando\/2024\/04\/DSC_0027-1024x683.jpg 1024w, https:\/\/site.educa.madrid.org\/cp.tiernogalvan.sanfernando\/\/wp-content\/uploads\/cp.tiernogalvan.sanfernando\/2024\/04\/DSC_0027-300x200.jpg 300w, https:\/\/site.educa.madrid.org\/cp.tiernogalvan.sanfernando\/\/wp-content\/uploads\/cp.tiernogalvan.sanfernando\/2024\/04\/DSC_0027-768x512.jpg 768w, https:\/\/site.educa.madrid.org\/cp.tiernogalvan.sanfernando\/\/wp-content\/uploads\/cp.tiernogalvan.sanfernando\/2024\/04\/DSC_0027-391x260.jpg 391w, https:\/\/site.educa.madrid.org\/cp.tiernogalvan.sanfernando\/\/wp-content\/uploads\/cp.tiernogalvan.sanfernando\/2024\/04\/DSC_0027-1536x1024.jpg 1536w, https:\/\/site.educa.madrid.org\/cp.tiernogalvan.sanfernando\/\/wp-content\/uploads\/cp.tiernogalvan.sanfernando\/2024\/04\/DSC_0027-2048x1365.jpg 2048w, https:\/\/site.educa.madrid.org\/cp.tiernogalvan.sanfernando\/\/wp-content\/uploads\/cp.tiernogalvan.sanfernando\/2024\/04\/DSC_0027-1000x667.jpg 1000w, https:\/\/site.educa.madrid.org\/cp.tiernogalvan.sanfernando\/\/wp-content\/uploads\/cp.tiernogalvan.sanfernando\/2024\/04\/DSC_0027-230x153.jpg 230w, https:\/\/site.educa.madrid.org\/cp.tiernogalvan.sanfernando\/\/wp-content\/uploads\/cp.tiernogalvan.sanfernando\/2024\/04\/DSC_0027-350x233.jpg 350w, https:\/\/site.educa.madrid.org\/cp.tiernogalvan.sanfernando\/\/wp-content\/uploads\/cp.tiernogalvan.sanfernando\/2024\/04\/DSC_0027-480x320.jpg 480w, https:\/\/site.educa.madrid.org\/cp.tiernogalvan.sanfernando\/\/wp-content\/uploads\/cp.tiernogalvan.sanfernando\/2024\/04\/DSC_0027-272x182.jpg 272w\" sizes=\"auto, (max-width: 1024px) 100vw, 1024px\" \/><\/figure>\n\n\n\n<figure class=\"wp-block-image size-large\"><img loading=\"lazy\" decoding=\"async\" width=\"768\" height=\"586\" data-id=\"9187\" src=\"https:\/\/site.educa.madrid.org\/cp.tiernogalvan.sanfernando\/\/wp-content\/uploads\/cp.tiernogalvan.sanfernando\/2024\/04\/WhatsApp-Image-2021-05-03-at-11.59.34-7-1.jpeg\" alt=\"\" class=\"wp-image-9187\" srcset=\"https:\/\/site.educa.madrid.org\/cp.tiernogalvan.sanfernando\/\/wp-content\/uploads\/cp.tiernogalvan.sanfernando\/2024\/04\/WhatsApp-Image-2021-05-03-at-11.59.34-7-1.jpeg 768w, https:\/\/site.educa.madrid.org\/cp.tiernogalvan.sanfernando\/\/wp-content\/uploads\/cp.tiernogalvan.sanfernando\/2024\/04\/WhatsApp-Image-2021-05-03-at-11.59.34-7-1-300x229.jpeg 300w, https:\/\/site.educa.madrid.org\/cp.tiernogalvan.sanfernando\/\/wp-content\/uploads\/cp.tiernogalvan.sanfernando\/2024\/04\/WhatsApp-Image-2021-05-03-at-11.59.34-7-1-230x175.jpeg 230w, https:\/\/site.educa.madrid.org\/cp.tiernogalvan.sanfernando\/\/wp-content\/uploads\/cp.tiernogalvan.sanfernando\/2024\/04\/WhatsApp-Image-2021-05-03-at-11.59.34-7-1-350x267.jpeg 350w, https:\/\/site.educa.madrid.org\/cp.tiernogalvan.sanfernando\/\/wp-content\/uploads\/cp.tiernogalvan.sanfernando\/2024\/04\/WhatsApp-Image-2021-05-03-at-11.59.34-7-1-480x366.jpeg 480w\" sizes=\"auto, (max-width: 768px) 100vw, 768px\" \/><\/figure>\n<\/figure>\n<\/div>\n<\/div>\n","protected":false},"excerpt":{"rendered":"<p>Halloween: 31 de Octubre Se considera el \u201cD\u00eda Cultural\u201d del trimestre. Se celebrar\u00e1 durante toda la jornada escolar con actividades relacionadas con [&hellip;]<\/p>\n","protected":false},"author":3,"featured_media":0,"parent":0,"menu_order":0,"comment_status":"closed","ping_status":"closed","template":"page-templates\/page_fullwidth.php","meta":{"footnotes":""},"folder":[],"class_list":["post-1473","page","type-page","status-publish","hentry"],"rttpg_featured_image_url":null,"rttpg_author":{"display_name":"cp.tiernogalvan.sanfernando","author_link":"https:\/\/site.educa.madrid.org\/cp.tiernogalvan.sanfernando\/index.php\/author\/cuenta_cp-tiernogalvan-sanfernando\/"},"rttpg_comment":0,"rttpg_category":false,"rttpg_excerpt":"Halloween: 31 de Octubre Se considera el \u201cD\u00eda Cultural\u201d del trimestre. Se celebrar\u00e1 durante toda la jornada escolar con actividades relacionadas con [&hellip;]","post_mailing_queue_ids":[],"_links":{"self":[{"href":"https:\/\/site.educa.madrid.org\/cp.tiernogalvan.sanfernando\/index.php\/wp-json\/wp\/v2\/pages\/1473","targetHints":{"allow":["GET"]}}],"collection":[{"href":"https:\/\/site.educa.madrid.org\/cp.tiernogalvan.sanfernando\/index.php\/wp-json\/wp\/v2\/pages"}],"about":[{"href":"https:\/\/site.educa.madrid.org\/cp.tiernogalvan.sanfernando\/index.php\/wp-json\/wp\/v2\/types\/page"}],"author":[{"embeddable":true,"href":"https:\/\/site.educa.madrid.org\/cp.tiernogalvan.sanfernando\/index.php\/wp-json\/wp\/v2\/users\/3"}],"replies":[{"embeddable":true,"href":"https:\/\/site.educa.madrid.org\/cp.tiernogalvan.sanfernando\/index.php\/wp-json\/wp\/v2\/comments?post=1473"}],"version-history":[{"count":7,"href":"https:\/\/site.educa.madrid.org\/cp.tiernogalvan.sanfernando\/index.php\/wp-json\/wp\/v2\/pages\/1473\/revisions"}],"predecessor-version":[{"id":9848,"href":"https:\/\/site.educa.madrid.org\/cp.tiernogalvan.sanfernando\/index.php\/wp-json\/wp\/v2\/pages\/1473\/revisions\/9848"}],"wp:attachment":[{"href":"https:\/\/site.educa.madrid.org\/cp.tiernogalvan.sanfernando\/index.php\/wp-json\/wp\/v2\/media?parent=1473"}],"wp:term":[{"taxonomy":"folder","embeddable":true,"href":"https:\/\/site.educa.madrid.org\/cp.tiernogalvan.sanfernando\/index.php\/wp-json\/wp\/v2\/folder?post=1473"}],"curies":[{"name":"wp","href":"https:\/\/api.w.org\/{rel}","templated":true}]}}