{"id":148,"date":"2017-03-10T09:59:51","date_gmt":"2017-03-10T09:59:51","guid":{"rendered":"http:\/\/ed.aislinthemes.com\/?page_id=2381"},"modified":"2024-10-21T14:50:56","modified_gmt":"2024-10-21T12:50:56","slug":"primaria","status":"publish","type":"page","link":"https:\/\/site.educa.madrid.org\/cp.tiernogalvan.sanfernando\/index.php\/primaria\/","title":{"rendered":"Educaci\u00f3n primaria"},"content":{"rendered":"\n<div class=\"wp-block-columns alignwide is-layout-flex wp-container-core-columns-is-layout-9d6595d7 wp-block-columns-is-layout-flex\">\n<div class=\"wp-block-column has-background has-link-color wp-elements-7d2d072141db81caa60cc7ea26d9abb3 is-layout-flow wp-block-column-is-layout-flow\" style=\"background-color:#ffe97d;padding-top:2em;padding-right:2em;padding-bottom:2em;padding-left:2em;flex-basis:28%\"><div class=\"wp-block-image is-style-rounded\">\n<figure class=\"aligncenter size-full\" style=\"font-size:40px\"><img loading=\"lazy\" decoding=\"async\" width=\"948\" height=\"726\" src=\"https:\/\/site.educa.madrid.org\/cp.tiernogalvan.sanfernando\/\/wp-content\/uploads\/cp.tiernogalvan.sanfernando\/2024\/04\/primeroprimaria.png\" alt=\"\" class=\"wp-image-9082\" srcset=\"https:\/\/site.educa.madrid.org\/cp.tiernogalvan.sanfernando\/\/wp-content\/uploads\/cp.tiernogalvan.sanfernando\/2024\/04\/primeroprimaria.png 948w, https:\/\/site.educa.madrid.org\/cp.tiernogalvan.sanfernando\/\/wp-content\/uploads\/cp.tiernogalvan.sanfernando\/2024\/04\/primeroprimaria-300x230.png 300w, https:\/\/site.educa.madrid.org\/cp.tiernogalvan.sanfernando\/\/wp-content\/uploads\/cp.tiernogalvan.sanfernando\/2024\/04\/primeroprimaria-768x588.png 768w, https:\/\/site.educa.madrid.org\/cp.tiernogalvan.sanfernando\/\/wp-content\/uploads\/cp.tiernogalvan.sanfernando\/2024\/04\/primeroprimaria-230x176.png 230w, https:\/\/site.educa.madrid.org\/cp.tiernogalvan.sanfernando\/\/wp-content\/uploads\/cp.tiernogalvan.sanfernando\/2024\/04\/primeroprimaria-350x268.png 350w, https:\/\/site.educa.madrid.org\/cp.tiernogalvan.sanfernando\/\/wp-content\/uploads\/cp.tiernogalvan.sanfernando\/2024\/04\/primeroprimaria-480x368.png 480w\" sizes=\"auto, (max-width: 948px) 100vw, 948px\" \/><\/figure>\n<\/div>\n\n\n<h2 class=\"wp-block-heading has-text-align-center\" style=\"font-size:43px;line-height:1.5\">1\u00ba Primaria<\/h2>\n\n\n\n<p class=\"has-text-align-center is-style-wide\">Puedes ense\u00f1ar a un ni\u00f1o una lecci\u00f3n un d\u00eda, pero si le ense\u00f1as a aprender creando curiosidad, continuar\u00e1 el proceso de aprendizaje durante su vida.<\/p>\n\n\n\n<div style=\"height:11px\" aria-hidden=\"true\" class=\"wp-block-spacer\"><\/div>\n\n\n\n<hr class=\"wp-block-separator has-text-color has-alpha-channel-opacity has-background is-style-default\" style=\"background-color:#b0b0b0;color:#b0b0b0\"\/>\n\n\n\n<h4 class=\"wp-block-heading\">Objetivos m\u00ednimos<\/h4>\n\n\n\n<h4 class=\"wp-block-heading\"><a href=\"https:\/\/site.educa.madrid.org\/cp.tiernogalvan.sanfernando\/index.php\/criterios-calificacion-1o\/\" data-type=\"page\" data-id=\"4219\">Criterios de calificaci\u00f3n<\/a><\/h4>\n\n\n\n<h4 class=\"wp-block-heading\">Recursos<\/h4>\n<\/div>\n\n\n\n<div class=\"wp-block-column has-background has-link-color wp-elements-2bee685124d15822baac449907a79be3 is-layout-flow wp-block-column-is-layout-flow\" style=\"background-color:#d8f4fb;padding-top:2em;padding-right:2em;padding-bottom:2em;padding-left:2em;flex-basis:28%\"><div class=\"wp-block-image is-style-rounded\">\n<figure class=\"aligncenter size-full\" style=\"font-size:40px\"><img loading=\"lazy\" decoding=\"async\" width=\"948\" height=\"726\" src=\"https:\/\/site.educa.madrid.org\/cp.tiernogalvan.sanfernando\/\/wp-content\/uploads\/cp.tiernogalvan.sanfernando\/2024\/04\/segundprimaria.png\" alt=\"\" class=\"wp-image-9090\" srcset=\"https:\/\/site.educa.madrid.org\/cp.tiernogalvan.sanfernando\/\/wp-content\/uploads\/cp.tiernogalvan.sanfernando\/2024\/04\/segundprimaria.png 948w, https:\/\/site.educa.madrid.org\/cp.tiernogalvan.sanfernando\/\/wp-content\/uploads\/cp.tiernogalvan.sanfernando\/2024\/04\/segundprimaria-300x230.png 300w, https:\/\/site.educa.madrid.org\/cp.tiernogalvan.sanfernando\/\/wp-content\/uploads\/cp.tiernogalvan.sanfernando\/2024\/04\/segundprimaria-768x588.png 768w, https:\/\/site.educa.madrid.org\/cp.tiernogalvan.sanfernando\/\/wp-content\/uploads\/cp.tiernogalvan.sanfernando\/2024\/04\/segundprimaria-230x176.png 230w, https:\/\/site.educa.madrid.org\/cp.tiernogalvan.sanfernando\/\/wp-content\/uploads\/cp.tiernogalvan.sanfernando\/2024\/04\/segundprimaria-350x268.png 350w, https:\/\/site.educa.madrid.org\/cp.tiernogalvan.sanfernando\/\/wp-content\/uploads\/cp.tiernogalvan.sanfernando\/2024\/04\/segundprimaria-480x368.png 480w\" sizes=\"auto, (max-width: 948px) 100vw, 948px\" \/><\/figure>\n<\/div>\n\n\n<h2 class=\"wp-block-heading has-text-align-center\" style=\"font-size:43px;line-height:1.5\">2\u00ba Primaria<\/h2>\n\n\n\n<p class=\"has-text-align-center is-style-wide\">Para viajar lejos, no hay mejor transporte que un libro.<\/p>\n\n\n\n<div style=\"height:40px\" aria-hidden=\"true\" class=\"wp-block-spacer\"><\/div>\n\n\n\n<hr class=\"wp-block-separator has-text-color has-alpha-channel-opacity has-background is-style-default\" style=\"background-color:#b0b0b0;color:#b0b0b0\"\/>\n\n\n\n<h4 class=\"wp-block-heading\">Objetivos m\u00ednimos<\/h4>\n\n\n\n<h4 class=\"wp-block-heading\"><a href=\"https:\/\/site.educa.madrid.org\/cp.tiernogalvan.sanfernando\/index.php\/criterios-calificacion-2o\/\" data-type=\"page\" data-id=\"4201\">Criterios de calificaci\u00f3n<\/a><\/h4>\n\n\n\n<h4 class=\"wp-block-heading\">Recursos<\/h4>\n<\/div>\n\n\n\n<div class=\"wp-block-column has-background has-link-color wp-elements-2cb6ef8f9aa34cefe4dc527f41f98070 is-layout-flow wp-block-column-is-layout-flow\" style=\"background-color:#bdc3e7;padding-top:2em;padding-right:2em;padding-bottom:2em;padding-left:2em;flex-basis:28%\"><div class=\"wp-block-image is-style-rounded\">\n<figure class=\"aligncenter size-full\" style=\"font-size:40px\"><img loading=\"lazy\" decoding=\"async\" width=\"948\" height=\"726\" src=\"https:\/\/site.educa.madrid.org\/cp.tiernogalvan.sanfernando\/\/wp-content\/uploads\/cp.tiernogalvan.sanfernando\/2024\/04\/terceroprimaria.png\" alt=\"\" class=\"wp-image-9091\" srcset=\"https:\/\/site.educa.madrid.org\/cp.tiernogalvan.sanfernando\/\/wp-content\/uploads\/cp.tiernogalvan.sanfernando\/2024\/04\/terceroprimaria.png 948w, https:\/\/site.educa.madrid.org\/cp.tiernogalvan.sanfernando\/\/wp-content\/uploads\/cp.tiernogalvan.sanfernando\/2024\/04\/terceroprimaria-300x230.png 300w, https:\/\/site.educa.madrid.org\/cp.tiernogalvan.sanfernando\/\/wp-content\/uploads\/cp.tiernogalvan.sanfernando\/2024\/04\/terceroprimaria-768x588.png 768w, https:\/\/site.educa.madrid.org\/cp.tiernogalvan.sanfernando\/\/wp-content\/uploads\/cp.tiernogalvan.sanfernando\/2024\/04\/terceroprimaria-230x176.png 230w, https:\/\/site.educa.madrid.org\/cp.tiernogalvan.sanfernando\/\/wp-content\/uploads\/cp.tiernogalvan.sanfernando\/2024\/04\/terceroprimaria-350x268.png 350w, https:\/\/site.educa.madrid.org\/cp.tiernogalvan.sanfernando\/\/wp-content\/uploads\/cp.tiernogalvan.sanfernando\/2024\/04\/terceroprimaria-480x368.png 480w\" sizes=\"auto, (max-width: 948px) 100vw, 948px\" \/><\/figure>\n<\/div>\n\n\n<h2 class=\"wp-block-heading has-text-align-center\" style=\"font-size:43px;line-height:1.5\">3\u00ba Primaria<\/h2>\n\n\n\n<p class=\"has-text-align-center is-style-wide\">Si no est\u00e1s dispuesto a aprender nadie te puede ayudar. Si est\u00e1s dispuesto a aprender nadie te puede parar.<\/p>\n\n\n\n<div style=\"height:11px\" aria-hidden=\"true\" class=\"wp-block-spacer\"><\/div>\n\n\n\n<hr class=\"wp-block-separator has-text-color has-alpha-channel-opacity has-background is-style-default\" style=\"background-color:#b0b0b0;color:#b0b0b0\"\/>\n\n\n\n<h4 class=\"wp-block-heading\">Objetivos m\u00ednimos<\/h4>\n\n\n\n<h4 class=\"wp-block-heading\"><a href=\"https:\/\/site.educa.madrid.org\/cp.tiernogalvan.sanfernando\/index.php\/criterios-calificacion-3o\/\" data-type=\"page\" data-id=\"4180\">Criterios de calificaci\u00f3n<\/a><\/h4>\n\n\n\n<h4 class=\"wp-block-heading\">Recursos<\/h4>\n<\/div>\n<\/div>\n\n\n\n<div class=\"wp-block-columns alignwide is-layout-flex wp-container-core-columns-is-layout-9d6595d7 wp-block-columns-is-layout-flex\">\n<div class=\"wp-block-column has-background has-link-color wp-elements-2f679db6f9122ef7dff49d8bb8c897a7 is-layout-flow wp-block-column-is-layout-flow\" style=\"background-color:#ffb1b1;padding-top:2em;padding-right:2em;padding-bottom:2em;padding-left:2em;flex-basis:28%\"><div class=\"wp-block-image is-style-rounded\">\n<figure class=\"aligncenter size-full\" style=\"font-size:40px\"><img loading=\"lazy\" decoding=\"async\" width=\"948\" height=\"726\" src=\"https:\/\/site.educa.madrid.org\/cp.tiernogalvan.sanfernando\/\/wp-content\/uploads\/cp.tiernogalvan.sanfernando\/2024\/04\/cuartoprimaria.png\" alt=\"\" class=\"wp-image-9087\" srcset=\"https:\/\/site.educa.madrid.org\/cp.tiernogalvan.sanfernando\/\/wp-content\/uploads\/cp.tiernogalvan.sanfernando\/2024\/04\/cuartoprimaria.png 948w, https:\/\/site.educa.madrid.org\/cp.tiernogalvan.sanfernando\/\/wp-content\/uploads\/cp.tiernogalvan.sanfernando\/2024\/04\/cuartoprimaria-300x230.png 300w, https:\/\/site.educa.madrid.org\/cp.tiernogalvan.sanfernando\/\/wp-content\/uploads\/cp.tiernogalvan.sanfernando\/2024\/04\/cuartoprimaria-768x588.png 768w, https:\/\/site.educa.madrid.org\/cp.tiernogalvan.sanfernando\/\/wp-content\/uploads\/cp.tiernogalvan.sanfernando\/2024\/04\/cuartoprimaria-230x176.png 230w, https:\/\/site.educa.madrid.org\/cp.tiernogalvan.sanfernando\/\/wp-content\/uploads\/cp.tiernogalvan.sanfernando\/2024\/04\/cuartoprimaria-350x268.png 350w, https:\/\/site.educa.madrid.org\/cp.tiernogalvan.sanfernando\/\/wp-content\/uploads\/cp.tiernogalvan.sanfernando\/2024\/04\/cuartoprimaria-480x368.png 480w\" sizes=\"auto, (max-width: 948px) 100vw, 948px\" \/><\/figure>\n<\/div>\n\n\n<h2 class=\"wp-block-heading has-text-align-center\" style=\"font-size:43px;line-height:1.5\">4\u00ba Primaria<\/h2>\n\n\n\n<p class=\"has-text-align-center is-style-wide\">Desarrolla una pasi\u00f3n por aprender. Si lo haces, nunca dejar\u00e1s de crecer.<\/p>\n\n\n\n<div style=\"height:13px\" aria-hidden=\"true\" class=\"wp-block-spacer\"><\/div>\n\n\n\n<hr class=\"wp-block-separator has-text-color has-alpha-channel-opacity has-background is-style-default\" style=\"background-color:#b0b0b0;color:#b0b0b0\"\/>\n\n\n\n<h4 class=\"wp-block-heading\">Objetivos m\u00ednimos<\/h4>\n\n\n\n<h4 class=\"wp-block-heading\"><a href=\"https:\/\/site.educa.madrid.org\/cp.tiernogalvan.sanfernando\/index.php\/criterioscuarto\/\" data-type=\"page\" data-id=\"4162\">Criterios de calificaci\u00f3n<\/a><\/h4>\n\n\n\n<h4 class=\"wp-block-heading\">Recursos<\/h4>\n<\/div>\n\n\n\n<div class=\"wp-block-column has-background has-link-color wp-elements-55906a03a6d51794101a074ce706a749 is-layout-flow wp-block-column-is-layout-flow\" style=\"background-color:#c2f9e7;padding-top:2em;padding-right:2em;padding-bottom:2em;padding-left:2em;flex-basis:28%\"><div class=\"wp-block-image is-style-rounded\">\n<figure class=\"aligncenter size-full\" style=\"font-size:40px\"><img loading=\"lazy\" decoding=\"async\" width=\"948\" height=\"726\" src=\"https:\/\/site.educa.madrid.org\/cp.tiernogalvan.sanfernando\/\/wp-content\/uploads\/cp.tiernogalvan.sanfernando\/2024\/04\/quintoprimaria.png\" alt=\"\" class=\"wp-image-9088\" srcset=\"https:\/\/site.educa.madrid.org\/cp.tiernogalvan.sanfernando\/\/wp-content\/uploads\/cp.tiernogalvan.sanfernando\/2024\/04\/quintoprimaria.png 948w, https:\/\/site.educa.madrid.org\/cp.tiernogalvan.sanfernando\/\/wp-content\/uploads\/cp.tiernogalvan.sanfernando\/2024\/04\/quintoprimaria-300x230.png 300w, https:\/\/site.educa.madrid.org\/cp.tiernogalvan.sanfernando\/\/wp-content\/uploads\/cp.tiernogalvan.sanfernando\/2024\/04\/quintoprimaria-768x588.png 768w, https:\/\/site.educa.madrid.org\/cp.tiernogalvan.sanfernando\/\/wp-content\/uploads\/cp.tiernogalvan.sanfernando\/2024\/04\/quintoprimaria-230x176.png 230w, https:\/\/site.educa.madrid.org\/cp.tiernogalvan.sanfernando\/\/wp-content\/uploads\/cp.tiernogalvan.sanfernando\/2024\/04\/quintoprimaria-350x268.png 350w, https:\/\/site.educa.madrid.org\/cp.tiernogalvan.sanfernando\/\/wp-content\/uploads\/cp.tiernogalvan.sanfernando\/2024\/04\/quintoprimaria-480x368.png 480w\" sizes=\"auto, (max-width: 948px) 100vw, 948px\" \/><\/figure>\n<\/div>\n\n\n<h2 class=\"wp-block-heading has-text-align-center\" style=\"font-size:43px;line-height:1.5\">5\u00ba Primaria<\/h2>\n\n\n\n<p class=\"has-text-align-center is-style-wide\">D\u00edmelo y lo olvidar\u00e9, ens\u00e9\u00f1amelo y podr\u00eda recordarlo, invol\u00facrame y lo entender\u00e9.<\/p>\n\n\n\n<hr class=\"wp-block-separator has-text-color has-alpha-channel-opacity has-background is-style-default\" style=\"background-color:#b0b0b0;color:#b0b0b0\"\/>\n\n\n\n<h4 class=\"wp-block-heading\">Objetivos m\u00ednimos<\/h4>\n\n\n\n<h4 class=\"wp-block-heading\"><a href=\"https:\/\/site.educa.madrid.org\/cp.tiernogalvan.sanfernando\/index.php\/criteriosquinto\/\" data-type=\"page\" data-id=\"2050\">Criterios de calificaci\u00f3n<\/a><\/h4>\n\n\n\n<h4 class=\"wp-block-heading\">Recursos<\/h4>\n<\/div>\n\n\n\n<div class=\"wp-block-column has-background has-link-color wp-elements-5b2f968c4a981f1c1cda0ec844e80472 is-layout-flow wp-block-column-is-layout-flow\" style=\"background-color:#ffcaac;padding-top:2em;padding-right:2em;padding-bottom:2em;padding-left:2em;flex-basis:28%\"><div class=\"wp-block-image is-style-rounded\">\n<figure class=\"aligncenter size-full\" style=\"font-size:40px\"><img loading=\"lazy\" decoding=\"async\" width=\"948\" height=\"726\" src=\"https:\/\/site.educa.madrid.org\/cp.tiernogalvan.sanfernando\/\/wp-content\/uploads\/cp.tiernogalvan.sanfernando\/2024\/04\/sextoprimaria.png\" alt=\"\" class=\"wp-image-9089\" srcset=\"https:\/\/site.educa.madrid.org\/cp.tiernogalvan.sanfernando\/\/wp-content\/uploads\/cp.tiernogalvan.sanfernando\/2024\/04\/sextoprimaria.png 948w, https:\/\/site.educa.madrid.org\/cp.tiernogalvan.sanfernando\/\/wp-content\/uploads\/cp.tiernogalvan.sanfernando\/2024\/04\/sextoprimaria-300x230.png 300w, https:\/\/site.educa.madrid.org\/cp.tiernogalvan.sanfernando\/\/wp-content\/uploads\/cp.tiernogalvan.sanfernando\/2024\/04\/sextoprimaria-768x588.png 768w, https:\/\/site.educa.madrid.org\/cp.tiernogalvan.sanfernando\/\/wp-content\/uploads\/cp.tiernogalvan.sanfernando\/2024\/04\/sextoprimaria-230x176.png 230w, https:\/\/site.educa.madrid.org\/cp.tiernogalvan.sanfernando\/\/wp-content\/uploads\/cp.tiernogalvan.sanfernando\/2024\/04\/sextoprimaria-350x268.png 350w, https:\/\/site.educa.madrid.org\/cp.tiernogalvan.sanfernando\/\/wp-content\/uploads\/cp.tiernogalvan.sanfernando\/2024\/04\/sextoprimaria-480x368.png 480w\" sizes=\"auto, (max-width: 948px) 100vw, 948px\" \/><\/figure>\n<\/div>\n\n\n<h2 class=\"wp-block-heading has-text-align-center\" style=\"font-size:43px;line-height:1.5\">6\u00ba Primaria<\/h2>\n\n\n\n<p class=\"has-text-align-center is-style-wide\">La educaci\u00f3n es el arma m\u00e1s poderosa que puedes usar para cambiar el mundo.<\/p>\n\n\n\n<div style=\"height:18px\" aria-hidden=\"true\" class=\"wp-block-spacer\"><\/div>\n\n\n\n<hr class=\"wp-block-separator has-text-color has-alpha-channel-opacity has-background is-style-default\" style=\"background-color:#b0b0b0;color:#b0b0b0\"\/>\n\n\n\n<h4 class=\"wp-block-heading\">Objetivos m\u00ednimos<\/h4>\n\n\n\n<h4 class=\"wp-block-heading\"><a href=\"https:\/\/site.educa.madrid.org\/cp.tiernogalvan.sanfernando\/index.php\/criteriossexto\/\" data-type=\"page\" data-id=\"4141\">Criterios de calificaci\u00f3n<\/a><\/h4>\n\n\n\n<h4 class=\"wp-block-heading\">Recursos<\/h4>\n<\/div>\n<\/div>\n","protected":false},"excerpt":{"rendered":"<p>1\u00ba Primaria Puedes ense\u00f1ar a un ni\u00f1o una lecci\u00f3n un d\u00eda, pero si le ense\u00f1as a aprender creando curiosidad, continuar\u00e1 el proceso [&hellip;]<\/p>\n","protected":false},"author":3,"featured_media":0,"parent":0,"menu_order":0,"comment_status":"closed","ping_status":"closed","template":"page-templates\/page_fullwidth.php","meta":{"footnotes":""},"folder":[],"class_list":["post-148","page","type-page","status-publish","hentry"],"rttpg_featured_image_url":null,"rttpg_author":{"display_name":"cp.tiernogalvan.sanfernando","author_link":"https:\/\/site.educa.madrid.org\/cp.tiernogalvan.sanfernando\/index.php\/author\/cuenta_cp-tiernogalvan-sanfernando\/"},"rttpg_comment":0,"rttpg_category":false,"rttpg_excerpt":"1\u00ba Primaria Puedes ense\u00f1ar a un ni\u00f1o una lecci\u00f3n un d\u00eda, pero si le ense\u00f1as a aprender creando curiosidad, continuar\u00e1 el proceso [&hellip;]","post_mailing_queue_ids":[],"_links":{"self":[{"href":"https:\/\/site.educa.madrid.org\/cp.tiernogalvan.sanfernando\/index.php\/wp-json\/wp\/v2\/pages\/148","targetHints":{"allow":["GET"]}}],"collection":[{"href":"https:\/\/site.educa.madrid.org\/cp.tiernogalvan.sanfernando\/index.php\/wp-json\/wp\/v2\/pages"}],"about":[{"href":"https:\/\/site.educa.madrid.org\/cp.tiernogalvan.sanfernando\/index.php\/wp-json\/wp\/v2\/types\/page"}],"author":[{"embeddable":true,"href":"https:\/\/site.educa.madrid.org\/cp.tiernogalvan.sanfernando\/index.php\/wp-json\/wp\/v2\/users\/3"}],"replies":[{"embeddable":true,"href":"https:\/\/site.educa.madrid.org\/cp.tiernogalvan.sanfernando\/index.php\/wp-json\/wp\/v2\/comments?post=148"}],"version-history":[{"count":13,"href":"https:\/\/site.educa.madrid.org\/cp.tiernogalvan.sanfernando\/index.php\/wp-json\/wp\/v2\/pages\/148\/revisions"}],"predecessor-version":[{"id":9540,"href":"https:\/\/site.educa.madrid.org\/cp.tiernogalvan.sanfernando\/index.php\/wp-json\/wp\/v2\/pages\/148\/revisions\/9540"}],"wp:attachment":[{"href":"https:\/\/site.educa.madrid.org\/cp.tiernogalvan.sanfernando\/index.php\/wp-json\/wp\/v2\/media?parent=148"}],"wp:term":[{"taxonomy":"folder","embeddable":true,"href":"https:\/\/site.educa.madrid.org\/cp.tiernogalvan.sanfernando\/index.php\/wp-json\/wp\/v2\/folder?post=148"}],"curies":[{"name":"wp","href":"https:\/\/api.w.org\/{rel}","templated":true}]}}