{"id":1485,"date":"2017-11-20T13:32:35","date_gmt":"2017-11-20T13:32:35","guid":{"rendered":"https:\/\/www.ceipenriquetiernogalvan.es\/?page_id=1485"},"modified":"2025-09-09T09:05:14","modified_gmt":"2025-09-09T07:05:14","slug":"actividades-complementarias","status":"publish","type":"page","link":"https:\/\/site.educa.madrid.org\/cp.tiernogalvan.sanfernando\/index.php\/actividades-complementarias\/","title":{"rendered":"Actividades complementarias (pendiente de modificar pr\u00f3ximamente para el curso 2025 2026)"},"content":{"rendered":"\n<div class=\"wp-block-columns is-layout-flex wp-container-core-columns-is-layout-9d6595d7 wp-block-columns-is-layout-flex\">\n<div class=\"wp-block-column is-layout-flow wp-block-column-is-layout-flow\" style=\"flex-basis:66.66%\">\n<p>Durante el curso escolar 2024 2025, el centro realiza una serie de actividades complementarias que ayudan a complementar el curr\u00edculo. Por ello, son actividades que en muchas ocasiones, se realizan fuera del centro, por lo que conllevan un gasto de autob\u00fas a\u00f1adido. Los precios de las actividades que pueden consultar a continuaci\u00f3n, est\u00e1n pendientes de concretar. <strong>En el precio de la actividad, no va incluido el precio del transporte (a no ser que venga indicado en el mismo).<\/strong><\/p>\n\n\n\n<p><strong>EDUCACI\u00d3N INFANTIL<\/strong>:<\/p>\n\n\n\n<p><strong>1\u00ba trimestre:<\/strong><\/p>\n\n\n\n<p>Fiesta del oto\u00f1o para todo infantil en el centro. (8 de noviembre). Gratuita<\/p>\n\n\n\n<p>Encantacuentos (27 de noviembre): 4,20 euros<\/p>\n\n\n\n<p>Arqueopinto (10 de diciembre, 4 y 5 a\u00f1os): 12 euros<\/p>\n\n\n\n<p>Circo Price 18 de diciembre: 8 euros<\/p>\n\n\n\n<p><strong>2\u00ba trimestre:<\/strong><\/p>\n\n\n\n<p>Teatro de ingl\u00e9s (enero, Teatro Federico Garc\u00eda Lorca). 5 euros.<\/p>\n\n\n\n<p>Museo Arqueol\u00f3gico (4 a\u00f1os, falta fecha). Precio por confirmar.<\/p>\n\n\n\n<p>Actividades en Casa Encendida: Huerto urbano. Pendiente de adjudicar. 2 euros.<\/p>\n\n\n\n<p>Castillo Villarejo de Salvan\u00e9s 5 a\u00f1os. (falta fecha). Precio por confirmar.<\/p>\n\n\n\n<p>Muncyt (3 a\u00f1os). 4 euros.<\/p>\n\n\n\n<p><strong>3\u00ba trimestre:<\/strong><\/p>\n\n\n\n<p>Salida a un parque de la localidad para realizar una gymkana y desayunar.<\/p>\n\n\n\n<p>Caixaforum: m\u00fasica en la cocina.&nbsp;<\/p>\n\n\n\n<p>Actividad relacionada con el proyecto internivel del 3\u00ba trimestre.<\/p>\n\n\n\n<p><\/p>\n\n\n\n<p><strong>EDUCACI\u00d3N PRIMARIA<\/strong><\/p>\n\n\n\n<p><strong>1\u00ba Trimestre:<\/strong><\/p>\n\n\n\n<p>Taller de t\u00edteres (1\u00ba,2\u00ba)<\/p>\n\n\n\n<p>Visita al Planetario (1\u00ba,2\u00ba). Gratuito.<\/p>\n\n\n\n<p>Circo Price (18 de diciembre). 8 euros.<\/p>\n\n\n\n<p>&nbsp;Salida a una actividad de M\u00fasica (5\u00ba y 6\u00ba). 5 euros<\/p>\n\n\n\n<p>&nbsp;Visita al centro Madrid Navide\u00f1o (5\u00ba y 6\u00ba). 8 euros el precio del transporte.<\/p>\n\n\n\n<p><strong>&nbsp;2\u00ba Trimestre:<\/strong><\/p>\n\n\n\n<p>Actividad musical<\/p>\n\n\n\n<p>Salida Granja Escuela la Esgaravita (1\u00ba y 2\u00ba)<\/p>\n\n\n\n<p>Encantacuentos (1\u00ba y 2\u00ba)<\/p>\n\n\n\n<p>Actividad musical (Todos los cursos en el cole). 8 euros<\/p>\n\n\n\n<p>Teatro en ingl\u00e9s. 5 euros.<\/p>\n\n\n\n<p>&nbsp;Visita Polic\u00eda Nacional Coslada (5\u00ba y 6\u00ba). Gratuita<\/p>\n\n\n\n<p>&nbsp;Visita al Archivo de San Fernando de Henares (6\u00ba). Gratuita.<\/p>\n\n\n\n<p><strong>3\u00ba Trimestre:<\/strong><\/p>\n\n\n\n<p>Taller art\u00edstico (2\u00ba)<\/p>\n\n\n\n<p>Multiaventura (3\u00ba y 4\u00ba)<\/p>\n\n\n\n<p>Puy du Fou (5\u00ba y 6\u00ba). 22 euros.<\/p>\n\n\n\n<p>Senda ecol\u00f3gica en el Paseo de los Chopos (5\u00ba y 6\u00ba). Gratuita<\/p>\n\n\n\n<p>Visita al campo de golf (4\u00ba, 5\u00ba, 6\u00ba). Gratuita.<\/p>\n\n\n\n<p>Olimpiadas deportivas (5\u00ba y 6\u00ba). Gratuita. <\/p>\n\n\n\n<p>Salida Paseo de los Chopos. (1\u00ba y 2\u00ba)<\/p>\n\n\n\n<p>La actividad de piscina se realiza en todo el curso escolar en 3\u00ba de primaria. 80 euros al a\u00f1o por ni\u00f1o. Se paga el transporte. La actividad es gratuita por parte del ayuntamiento.<\/p>\n<\/div>\n\n\n\n<div class=\"wp-block-column is-layout-flow wp-block-column-is-layout-flow\" style=\"flex-basis:33.33%\">\n<figure class=\"wp-block-gallery has-nested-images columns-1 is-cropped wp-block-gallery-1 is-layout-flex wp-block-gallery-is-layout-flex\">\n<figure class=\"wp-block-image size-large\"><img loading=\"lazy\" decoding=\"async\" width=\"578\" height=\"442\" data-id=\"9191\" src=\"https:\/\/site.educa.madrid.org\/cp.tiernogalvan.sanfernando\/\/wp-content\/uploads\/cp.tiernogalvan.sanfernando\/2024\/04\/DIA-DE-LA-PAZ.jpg\" alt=\"\" class=\"wp-image-9191\" srcset=\"https:\/\/site.educa.madrid.org\/cp.tiernogalvan.sanfernando\/\/wp-content\/uploads\/cp.tiernogalvan.sanfernando\/2024\/04\/DIA-DE-LA-PAZ.jpg 578w, https:\/\/site.educa.madrid.org\/cp.tiernogalvan.sanfernando\/\/wp-content\/uploads\/cp.tiernogalvan.sanfernando\/2024\/04\/DIA-DE-LA-PAZ-300x229.jpg 300w, https:\/\/site.educa.madrid.org\/cp.tiernogalvan.sanfernando\/\/wp-content\/uploads\/cp.tiernogalvan.sanfernando\/2024\/04\/DIA-DE-LA-PAZ-230x176.jpg 230w, https:\/\/site.educa.madrid.org\/cp.tiernogalvan.sanfernando\/\/wp-content\/uploads\/cp.tiernogalvan.sanfernando\/2024\/04\/DIA-DE-LA-PAZ-350x268.jpg 350w, https:\/\/site.educa.madrid.org\/cp.tiernogalvan.sanfernando\/\/wp-content\/uploads\/cp.tiernogalvan.sanfernando\/2024\/04\/DIA-DE-LA-PAZ-480x367.jpg 480w\" sizes=\"auto, (max-width: 578px) 100vw, 578px\" \/><\/figure>\n\n\n\n<figure class=\"wp-block-image size-large\"><img loading=\"lazy\" decoding=\"async\" width=\"1024\" height=\"768\" data-id=\"8951\" src=\"https:\/\/site.educa.madrid.org\/cp.tiernogalvan.sanfernando\/\/wp-content\/uploads\/cp.tiernogalvan.sanfernando\/2024\/04\/WhatsApp-Image-2021-03-03-at-19.03.50-1024x768.jpeg\" alt=\"\" class=\"wp-image-8951\" srcset=\"https:\/\/site.educa.madrid.org\/cp.tiernogalvan.sanfernando\/\/wp-content\/uploads\/cp.tiernogalvan.sanfernando\/2024\/04\/WhatsApp-Image-2021-03-03-at-19.03.50-1024x768.jpeg 1024w, https:\/\/site.educa.madrid.org\/cp.tiernogalvan.sanfernando\/\/wp-content\/uploads\/cp.tiernogalvan.sanfernando\/2024\/04\/WhatsApp-Image-2021-03-03-at-19.03.50-300x225.jpeg 300w, https:\/\/site.educa.madrid.org\/cp.tiernogalvan.sanfernando\/\/wp-content\/uploads\/cp.tiernogalvan.sanfernando\/2024\/04\/WhatsApp-Image-2021-03-03-at-19.03.50-768x576.jpeg 768w, https:\/\/site.educa.madrid.org\/cp.tiernogalvan.sanfernando\/\/wp-content\/uploads\/cp.tiernogalvan.sanfernando\/2024\/04\/WhatsApp-Image-2021-03-03-at-19.03.50-1536x1152.jpeg 1536w, https:\/\/site.educa.madrid.org\/cp.tiernogalvan.sanfernando\/\/wp-content\/uploads\/cp.tiernogalvan.sanfernando\/2024\/04\/WhatsApp-Image-2021-03-03-at-19.03.50-1000x750.jpeg 1000w, https:\/\/site.educa.madrid.org\/cp.tiernogalvan.sanfernando\/\/wp-content\/uploads\/cp.tiernogalvan.sanfernando\/2024\/04\/WhatsApp-Image-2021-03-03-at-19.03.50-230x173.jpeg 230w, https:\/\/site.educa.madrid.org\/cp.tiernogalvan.sanfernando\/\/wp-content\/uploads\/cp.tiernogalvan.sanfernando\/2024\/04\/WhatsApp-Image-2021-03-03-at-19.03.50-350x263.jpeg 350w, https:\/\/site.educa.madrid.org\/cp.tiernogalvan.sanfernando\/\/wp-content\/uploads\/cp.tiernogalvan.sanfernando\/2024\/04\/WhatsApp-Image-2021-03-03-at-19.03.50-480x360.jpeg 480w, https:\/\/site.educa.madrid.org\/cp.tiernogalvan.sanfernando\/\/wp-content\/uploads\/cp.tiernogalvan.sanfernando\/2024\/04\/WhatsApp-Image-2021-03-03-at-19.03.50.jpeg 2016w\" sizes=\"auto, (max-width: 1024px) 100vw, 1024px\" \/><\/figure>\n\n\n\n<figure class=\"wp-block-image size-large\"><img loading=\"lazy\" decoding=\"async\" width=\"768\" height=\"1024\" data-id=\"9193\" src=\"https:\/\/site.educa.madrid.org\/cp.tiernogalvan.sanfernando\/\/wp-content\/uploads\/cp.tiernogalvan.sanfernando\/2024\/04\/WhatsApp-Image-2021-05-03-at-11.59.34-2-768x1024.jpeg\" alt=\"\" class=\"wp-image-9193\" srcset=\"https:\/\/site.educa.madrid.org\/cp.tiernogalvan.sanfernando\/\/wp-content\/uploads\/cp.tiernogalvan.sanfernando\/2024\/04\/WhatsApp-Image-2021-05-03-at-11.59.34-2-768x1024.jpeg 768w, https:\/\/site.educa.madrid.org\/cp.tiernogalvan.sanfernando\/\/wp-content\/uploads\/cp.tiernogalvan.sanfernando\/2024\/04\/WhatsApp-Image-2021-05-03-at-11.59.34-2-225x300.jpeg 225w, https:\/\/site.educa.madrid.org\/cp.tiernogalvan.sanfernando\/\/wp-content\/uploads\/cp.tiernogalvan.sanfernando\/2024\/04\/WhatsApp-Image-2021-05-03-at-11.59.34-2-300x400.jpeg 300w, https:\/\/site.educa.madrid.org\/cp.tiernogalvan.sanfernando\/\/wp-content\/uploads\/cp.tiernogalvan.sanfernando\/2024\/04\/WhatsApp-Image-2021-05-03-at-11.59.34-2-1152x1536.jpeg 1152w, https:\/\/site.educa.madrid.org\/cp.tiernogalvan.sanfernando\/\/wp-content\/uploads\/cp.tiernogalvan.sanfernando\/2024\/04\/WhatsApp-Image-2021-05-03-at-11.59.34-2-1000x1333.jpeg 1000w, https:\/\/site.educa.madrid.org\/cp.tiernogalvan.sanfernando\/\/wp-content\/uploads\/cp.tiernogalvan.sanfernando\/2024\/04\/WhatsApp-Image-2021-05-03-at-11.59.34-2-230x307.jpeg 230w, https:\/\/site.educa.madrid.org\/cp.tiernogalvan.sanfernando\/\/wp-content\/uploads\/cp.tiernogalvan.sanfernando\/2024\/04\/WhatsApp-Image-2021-05-03-at-11.59.34-2-350x467.jpeg 350w, https:\/\/site.educa.madrid.org\/cp.tiernogalvan.sanfernando\/\/wp-content\/uploads\/cp.tiernogalvan.sanfernando\/2024\/04\/WhatsApp-Image-2021-05-03-at-11.59.34-2-480x640.jpeg 480w, https:\/\/site.educa.madrid.org\/cp.tiernogalvan.sanfernando\/\/wp-content\/uploads\/cp.tiernogalvan.sanfernando\/2024\/04\/WhatsApp-Image-2021-05-03-at-11.59.34-2.jpeg 1200w\" sizes=\"auto, (max-width: 768px) 100vw, 768px\" \/><\/figure>\n\n\n\n<figure class=\"wp-block-image size-large\"><img loading=\"lazy\" decoding=\"async\" width=\"1024\" height=\"768\" data-id=\"9192\" src=\"https:\/\/site.educa.madrid.org\/cp.tiernogalvan.sanfernando\/\/wp-content\/uploads\/cp.tiernogalvan.sanfernando\/2024\/04\/WhatsApp-Image-2021-05-03-at-11.59.34-8.jpeg\" alt=\"\" class=\"wp-image-9192\" srcset=\"https:\/\/site.educa.madrid.org\/cp.tiernogalvan.sanfernando\/\/wp-content\/uploads\/cp.tiernogalvan.sanfernando\/2024\/04\/WhatsApp-Image-2021-05-03-at-11.59.34-8.jpeg 1024w, https:\/\/site.educa.madrid.org\/cp.tiernogalvan.sanfernando\/\/wp-content\/uploads\/cp.tiernogalvan.sanfernando\/2024\/04\/WhatsApp-Image-2021-05-03-at-11.59.34-8-300x225.jpeg 300w, https:\/\/site.educa.madrid.org\/cp.tiernogalvan.sanfernando\/\/wp-content\/uploads\/cp.tiernogalvan.sanfernando\/2024\/04\/WhatsApp-Image-2021-05-03-at-11.59.34-8-768x576.jpeg 768w, https:\/\/site.educa.madrid.org\/cp.tiernogalvan.sanfernando\/\/wp-content\/uploads\/cp.tiernogalvan.sanfernando\/2024\/04\/WhatsApp-Image-2021-05-03-at-11.59.34-8-1000x750.jpeg 1000w, https:\/\/site.educa.madrid.org\/cp.tiernogalvan.sanfernando\/\/wp-content\/uploads\/cp.tiernogalvan.sanfernando\/2024\/04\/WhatsApp-Image-2021-05-03-at-11.59.34-8-230x173.jpeg 230w, https:\/\/site.educa.madrid.org\/cp.tiernogalvan.sanfernando\/\/wp-content\/uploads\/cp.tiernogalvan.sanfernando\/2024\/04\/WhatsApp-Image-2021-05-03-at-11.59.34-8-350x263.jpeg 350w, https:\/\/site.educa.madrid.org\/cp.tiernogalvan.sanfernando\/\/wp-content\/uploads\/cp.tiernogalvan.sanfernando\/2024\/04\/WhatsApp-Image-2021-05-03-at-11.59.34-8-480x360.jpeg 480w\" sizes=\"auto, (max-width: 1024px) 100vw, 1024px\" \/><\/figure>\n<\/figure>\n<\/div>\n<\/div>\n","protected":false},"excerpt":{"rendered":"<p>Durante el curso escolar 2024 2025, el centro realiza una serie de actividades complementarias que ayudan a complementar el curr\u00edculo. Por ello, [&hellip;]<\/p>\n","protected":false},"author":3,"featured_media":0,"parent":0,"menu_order":0,"comment_status":"closed","ping_status":"closed","template":"","meta":{"footnotes":""},"folder":[],"class_list":["post-1485","page","type-page","status-publish","hentry"],"rttpg_featured_image_url":null,"rttpg_author":{"display_name":"cp.tiernogalvan.sanfernando","author_link":"https:\/\/site.educa.madrid.org\/cp.tiernogalvan.sanfernando\/index.php\/author\/cuenta_cp-tiernogalvan-sanfernando\/"},"rttpg_comment":0,"rttpg_category":false,"rttpg_excerpt":"Durante el curso escolar 2024 2025, el centro realiza una serie de actividades complementarias que ayudan a complementar el curr\u00edculo. Por ello, [&hellip;]","post_mailing_queue_ids":[],"_links":{"self":[{"href":"https:\/\/site.educa.madrid.org\/cp.tiernogalvan.sanfernando\/index.php\/wp-json\/wp\/v2\/pages\/1485","targetHints":{"allow":["GET"]}}],"collection":[{"href":"https:\/\/site.educa.madrid.org\/cp.tiernogalvan.sanfernando\/index.php\/wp-json\/wp\/v2\/pages"}],"about":[{"href":"https:\/\/site.educa.madrid.org\/cp.tiernogalvan.sanfernando\/index.php\/wp-json\/wp\/v2\/types\/page"}],"author":[{"embeddable":true,"href":"https:\/\/site.educa.madrid.org\/cp.tiernogalvan.sanfernando\/index.php\/wp-json\/wp\/v2\/users\/3"}],"replies":[{"embeddable":true,"href":"https:\/\/site.educa.madrid.org\/cp.tiernogalvan.sanfernando\/index.php\/wp-json\/wp\/v2\/comments?post=1485"}],"version-history":[{"count":7,"href":"https:\/\/site.educa.madrid.org\/cp.tiernogalvan.sanfernando\/index.php\/wp-json\/wp\/v2\/pages\/1485\/revisions"}],"predecessor-version":[{"id":9849,"href":"https:\/\/site.educa.madrid.org\/cp.tiernogalvan.sanfernando\/index.php\/wp-json\/wp\/v2\/pages\/1485\/revisions\/9849"}],"wp:attachment":[{"href":"https:\/\/site.educa.madrid.org\/cp.tiernogalvan.sanfernando\/index.php\/wp-json\/wp\/v2\/media?parent=1485"}],"wp:term":[{"taxonomy":"folder","embeddable":true,"href":"https:\/\/site.educa.madrid.org\/cp.tiernogalvan.sanfernando\/index.php\/wp-json\/wp\/v2\/folder?post=1485"}],"curies":[{"name":"wp","href":"https:\/\/api.w.org\/{rel}","templated":true}]}}