{"id":168,"date":"2017-02-13T09:48:39","date_gmt":"2017-02-13T09:48:39","guid":{"rendered":"http:\/\/ed.aislinthemes.com\/?page_id=472"},"modified":"2024-04-15T14:14:59","modified_gmt":"2024-04-15T12:14:59","slug":"contacto","status":"publish","type":"page","link":"https:\/\/site.educa.madrid.org\/cp.tiernogalvan.sanfernando\/index.php\/contacto\/","title":{"rendered":"Contacto"},"content":{"rendered":"\n<div class=\"wp-block-columns is-layout-flex wp-container-core-columns-is-layout-9d6595d7 wp-block-columns-is-layout-flex\">\n<div class=\"wp-block-column is-layout-flow wp-block-column-is-layout-flow\">\n<h2 class=\"wp-block-heading\">Bienvenido a nuestro colegio<\/h2>\n\n\n\n<h2 class=\"wp-block-heading has-text-color\" style=\"color:#4b74a1\">91 673 65 31<\/h2>\n\n\n\n<p>Nuestros estudiantes est\u00e1n divididos entre la etapa de educaci\u00f3n infantil, de 3&nbsp; a 6 a\u00f1os, y la etapa de educaci\u00f3n primaria de primero a sexto. <\/p>\n\n\n\n<p><strong>C\u00d3DIGO DEL CENTRO:&nbsp;28038461<\/strong><\/p>\n\n\n\n<h2 class=\"wp-block-heading\">Informaci\u00f3n del colegio<\/h2>\n\n\n\n<p>Correo: <a href=\"mailto:cp.tiernogalvan.sanfernando@educa.madrid.org\">cp.tiernogalvan.sanfernando@educa.madrid.org<\/a><\/p>\n\n\n\n<p>Tfno: <a href=\"tel:916736531\">91 673 65 31<\/a><\/p>\n\n\n\n<iframe src=\"https:\/\/www.google.com\/maps\/embed?pb=!1m18!1m12!1m3!1d3037.5664393149823!2d-3.5279523234574968!3d40.41845457143934!2m3!1f0!2f0!3f0!3m2!1i1024!2i768!4f13.1!3m3!1m2!1s0xd423a75fdee6e31%3A0x68bc58d1fed1e78b!2sCEIP%20Enrique%20Tierno%20Galv%C3%A1n!5e0!3m2!1ses!2ses!4v1713175743460!5m2!1ses!2ses\" width=\"800\" height=\"450\" style=\"border:0;\" allowfullscreen=\"\" loading=\"lazy\" referrerpolicy=\"no-referrer-when-downgrade\"><\/iframe>\n<\/div>\n\n\n\n<div class=\"wp-block-column has-text-color has-background has-link-color wp-elements-b8b08eed17f054b40d5722e826d579f0 is-layout-flow wp-block-column-is-layout-flow\" style=\"color:#000000;background-color:#f0f0f0;padding-top:2em;padding-right:2em;padding-bottom:2em;padding-left:2em;flex-basis:25%\">\n<h4 class=\"wp-block-heading\" style=\"font-size:23px\">Horario de clases (octubre a mayo)<\/h4>\n\n\n\n<p class=\"has-normal-font-size\">Lunes &#8211; Viernes de 9:00 &#8211; 14:00.<\/p>\n\n\n\n<div style=\"height:19px\" aria-hidden=\"true\" class=\"wp-block-spacer\"><\/div>\n\n\n\n<hr class=\"wp-block-separator has-text-color has-cyan-bluish-gray-color has-alpha-channel-opacity has-cyan-bluish-gray-background-color has-background is-style-wide\"\/>\n\n\n\n<div style=\"height:19px\" aria-hidden=\"true\" class=\"wp-block-spacer\"><\/div>\n\n\n\n<h4 class=\"wp-block-heading\" style=\"font-size:23px\">Horario de clases  (septiembre y junio):<\/h4>\n\n\n\n<p>Lunes &#8211; Viernes de 9:00 &#8211; 13:00.<\/p>\n\n\n\n<div style=\"height:19px\" aria-hidden=\"true\" class=\"wp-block-spacer\"><\/div>\n\n\n\n<hr class=\"wp-block-separator has-text-color has-cyan-bluish-gray-color has-alpha-channel-opacity has-cyan-bluish-gray-background-color has-background is-style-wide\"\/>\n\n\n\n<div style=\"height:19px\" aria-hidden=\"true\" class=\"wp-block-spacer\"><\/div>\n\n\n\n<h4 class=\"wp-block-heading\" style=\"font-size:23px\">Horario de secretar\u00eda<\/h4>\n\n\n\n<p>Lunes &#8211; Viernes de 9:00 &#8211; 14:00 <\/p>\n<\/div>\n<\/div>\n","protected":false},"excerpt":{"rendered":"<p>Bienvenido a nuestro colegio 91 673 65 31 Nuestros estudiantes est\u00e1n divididos entre la etapa de educaci\u00f3n infantil, de 3&nbsp; a 6 [&hellip;]<\/p>\n","protected":false},"author":3,"featured_media":0,"parent":0,"menu_order":0,"comment_status":"closed","ping_status":"closed","template":"page-templates\/page_fullwidth.php","meta":{"footnotes":""},"folder":[],"class_list":["post-168","page","type-page","status-publish","hentry"],"rttpg_featured_image_url":null,"rttpg_author":{"display_name":"cp.tiernogalvan.sanfernando","author_link":"https:\/\/site.educa.madrid.org\/cp.tiernogalvan.sanfernando\/index.php\/author\/cuenta_cp-tiernogalvan-sanfernando\/"},"rttpg_comment":0,"rttpg_category":false,"rttpg_excerpt":"Bienvenido a nuestro colegio 91 673 65 31 Nuestros estudiantes est\u00e1n divididos entre la etapa de educaci\u00f3n infantil, de 3&nbsp; a 6 [&hellip;]","post_mailing_queue_ids":[],"_links":{"self":[{"href":"https:\/\/site.educa.madrid.org\/cp.tiernogalvan.sanfernando\/index.php\/wp-json\/wp\/v2\/pages\/168","targetHints":{"allow":["GET"]}}],"collection":[{"href":"https:\/\/site.educa.madrid.org\/cp.tiernogalvan.sanfernando\/index.php\/wp-json\/wp\/v2\/pages"}],"about":[{"href":"https:\/\/site.educa.madrid.org\/cp.tiernogalvan.sanfernando\/index.php\/wp-json\/wp\/v2\/types\/page"}],"author":[{"embeddable":true,"href":"https:\/\/site.educa.madrid.org\/cp.tiernogalvan.sanfernando\/index.php\/wp-json\/wp\/v2\/users\/3"}],"replies":[{"embeddable":true,"href":"https:\/\/site.educa.madrid.org\/cp.tiernogalvan.sanfernando\/index.php\/wp-json\/wp\/v2\/comments?post=168"}],"version-history":[{"count":7,"href":"https:\/\/site.educa.madrid.org\/cp.tiernogalvan.sanfernando\/index.php\/wp-json\/wp\/v2\/pages\/168\/revisions"}],"predecessor-version":[{"id":8948,"href":"https:\/\/site.educa.madrid.org\/cp.tiernogalvan.sanfernando\/index.php\/wp-json\/wp\/v2\/pages\/168\/revisions\/8948"}],"wp:attachment":[{"href":"https:\/\/site.educa.madrid.org\/cp.tiernogalvan.sanfernando\/index.php\/wp-json\/wp\/v2\/media?parent=168"}],"wp:term":[{"taxonomy":"folder","embeddable":true,"href":"https:\/\/site.educa.madrid.org\/cp.tiernogalvan.sanfernando\/index.php\/wp-json\/wp\/v2\/folder?post=168"}],"curies":[{"name":"wp","href":"https:\/\/api.w.org\/{rel}","templated":true}]}}