{"id":5683,"date":"2017-12-16T15:12:49","date_gmt":"2017-12-16T15:12:49","guid":{"rendered":"https:\/\/www.ceipenriquetiernogalvan.es\/?page_id=5683"},"modified":"2024-04-17T09:56:06","modified_gmt":"2024-04-17T07:56:06","slug":"tic","status":"publish","type":"page","link":"https:\/\/site.educa.madrid.org\/cp.tiernogalvan.sanfernando\/index.php\/tic\/","title":{"rendered":"TIC"},"content":{"rendered":"\n<blockquote class=\"wp-block-quote is-layout-flow wp-block-quote-is-layout-flow\">\n<h2 class=\"wp-block-heading\"><em>Nuestro centro apuesta decididamente por la implantaci\u00f3n de las tecnolog\u00edas de la informaci\u00f3n y la comunicaci\u00f3n dentro de la vida escolar.<\/em><\/h2>\n<\/blockquote>\n\n\n\n<h2 class=\"wp-block-heading\">La&nbsp;importancia de las TIC<\/h2>\n\n\n\n<p>La irrupci\u00f3n de las tecnolog\u00edas de la informaci\u00f3n y la comunicaci\u00f3n abre grandes posibilidades y a la vez plantea nuevas exigencias a nuestro sistema educativo, ante la gran oportunidad que supone el poder emplear nuevos enfoques metodol\u00f3gicos y cient\u00edfico-t\u00e9cnicos.<\/p>\n\n\n\n<h2 class=\"wp-block-heading\">Oferta educativa de calidad<\/h2>\n\n\n\n<p>Desaf\u00eda al futuro innovando, adapt\u00e1ndose al cambio, elaborando nuevas estrategias, soluciones y propuestas que acercan un poco m\u00e1s la una a la otra. De este modo se aumenta la calidad de la oferta educativa.<\/p>\n\n\n\n<h2 class=\"wp-block-heading\">Aprender a aprender<\/h2>\n\n\n\n<p>&nbsp;Fomenta el uso por parte del alumno de nuevas t\u00e9cnicas y formas de trabajo basadas en la investigaci\u00f3n y el tratamiento de la informaci\u00f3n de forma aut\u00f3noma. Desde esta perspectiva, los ordenadores son un veh\u00edculo de incalculable valor a la hora de \u201caprender a aprender\u201d.<\/p>\n\n\n\n<h2 class=\"wp-block-heading\">TIC y educaci\u00f3n<\/h2>\n\n\n\n<p>Nuestro centro apuesta decididamente por la implantaci\u00f3n de las tecnolog\u00edas de la informaci\u00f3n y la comunicaci\u00f3n dentro de la vida escolar, como veh\u00edculo indispensable para la formaci\u00f3n de individuos preparados para cumplir con su papel dentro del entramado social.<\/p>\n\n\n\n<h2 class=\"wp-block-heading\">Blog de Inform\u00e1tica<\/h2>\n\n\n\n<p>En este apartado, pod\u00e9is obtener m\u00e1s informaci\u00f3n de lo que realizan los alumnos de primaria en el taller TIC.&nbsp;<\/p>\n\n\n\n<div class=\"wp-block-buttons is-layout-flex wp-block-buttons-is-layout-flex\">\n<div class=\"wp-block-button\"><a class=\"wp-block-button__link wp-element-button\" href=\"https:\/\/blogtierno.wixsite.com\/bloginformatico\" target=\"_blank\" rel=\"noreferrer noopener\">ACCEDER AL BLOG<\/a><\/div>\n<\/div>\n","protected":false},"excerpt":{"rendered":"<p>Nuestro centro apuesta decididamente por la implantaci\u00f3n de las tecnolog\u00edas de la informaci\u00f3n y la comunicaci\u00f3n dentro de la vida escolar. La&nbsp;importancia [&hellip;]<\/p>\n","protected":false},"author":3,"featured_media":0,"parent":0,"menu_order":0,"comment_status":"closed","ping_status":"closed","template":"","meta":{"footnotes":""},"folder":[],"class_list":["post-5683","page","type-page","status-publish","hentry"],"rttpg_featured_image_url":null,"rttpg_author":{"display_name":"cp.tiernogalvan.sanfernando","author_link":"https:\/\/site.educa.madrid.org\/cp.tiernogalvan.sanfernando\/index.php\/author\/cuenta_cp-tiernogalvan-sanfernando\/"},"rttpg_comment":0,"rttpg_category":false,"rttpg_excerpt":"Nuestro centro apuesta decididamente por la implantaci\u00f3n de las tecnolog\u00edas de la informaci\u00f3n y la comunicaci\u00f3n dentro de la vida escolar. La&nbsp;importancia [&hellip;]","post_mailing_queue_ids":[],"_links":{"self":[{"href":"https:\/\/site.educa.madrid.org\/cp.tiernogalvan.sanfernando\/index.php\/wp-json\/wp\/v2\/pages\/5683","targetHints":{"allow":["GET"]}}],"collection":[{"href":"https:\/\/site.educa.madrid.org\/cp.tiernogalvan.sanfernando\/index.php\/wp-json\/wp\/v2\/pages"}],"about":[{"href":"https:\/\/site.educa.madrid.org\/cp.tiernogalvan.sanfernando\/index.php\/wp-json\/wp\/v2\/types\/page"}],"author":[{"embeddable":true,"href":"https:\/\/site.educa.madrid.org\/cp.tiernogalvan.sanfernando\/index.php\/wp-json\/wp\/v2\/users\/3"}],"replies":[{"embeddable":true,"href":"https:\/\/site.educa.madrid.org\/cp.tiernogalvan.sanfernando\/index.php\/wp-json\/wp\/v2\/comments?post=5683"}],"version-history":[{"count":2,"href":"https:\/\/site.educa.madrid.org\/cp.tiernogalvan.sanfernando\/index.php\/wp-json\/wp\/v2\/pages\/5683\/revisions"}],"predecessor-version":[{"id":9369,"href":"https:\/\/site.educa.madrid.org\/cp.tiernogalvan.sanfernando\/index.php\/wp-json\/wp\/v2\/pages\/5683\/revisions\/9369"}],"wp:attachment":[{"href":"https:\/\/site.educa.madrid.org\/cp.tiernogalvan.sanfernando\/index.php\/wp-json\/wp\/v2\/media?parent=5683"}],"wp:term":[{"taxonomy":"folder","embeddable":true,"href":"https:\/\/site.educa.madrid.org\/cp.tiernogalvan.sanfernando\/index.php\/wp-json\/wp\/v2\/folder?post=5683"}],"curies":[{"name":"wp","href":"https:\/\/api.w.org\/{rel}","templated":true}]}}