{"id":7121,"date":"2017-11-13T10:04:51","date_gmt":"2017-11-13T10:04:51","guid":{"rendered":"https:\/\/www.ceipenriquetiernogalvan.es\/?page_id=739"},"modified":"2024-04-15T12:13:43","modified_gmt":"2024-04-15T10:13:43","slug":"situacion","status":"publish","type":"page","link":"https:\/\/site.educa.madrid.org\/cp.tiernogalvan.sanfernando\/index.php\/situacion\/","title":{"rendered":"Situaci\u00f3n"},"content":{"rendered":"\n<div class=\"wp-block-media-text alignwide has-media-on-the-right is-stacked-on-mobile\"><div class=\"wp-block-media-text__content\">\n<p>El <strong>CEIP ENRIQUE TIERNO GALV\u00c1N<\/strong> es un centro biling\u00fce que se encuentra situado en la Avenida de Algorta s\/n de la localidad de San Fernando de Henares (Madrid). El centro cuenta con las etapas de segundo ciclo de Educaci\u00f3n Infantil (3 a 6 a\u00f1os) y la etapa de Educaci\u00f3n Primaria (6 a 12 a\u00f1os). El centro es l\u00ednea 1 en todos sus niveles. Es un colegio familiar y siempre dispuesto a cubrir todas aquellas necesidades educativas y sociales que puedan presentar las familias del alumnado.&nbsp; El colegio est\u00e1 comunicado con diferentes medios de transporte, con gran facilidad de acceso al centro:<\/p>\n\n\n\n<p><strong>Autob\u00fas: 281, 282,&nbsp; 284, 285 y 288.<\/strong><\/p>\n\n\n\n<p><strong>Metro: Parque Henares (l\u00ednea 7)<\/strong><\/p>\n<\/div><figure class=\"wp-block-media-text__media\"><img loading=\"lazy\" decoding=\"async\" width=\"1024\" height=\"570\" src=\"https:\/\/site.educa.madrid.org\/cp.tiernogalvan.sanfernando\/\/wp-content\/uploads\/cp.tiernogalvan.sanfernando\/2024\/04\/MG_2169-1024x570-1.jpg\" alt=\"\" class=\"wp-image-8824 size-full\" srcset=\"https:\/\/site.educa.madrid.org\/cp.tiernogalvan.sanfernando\/\/wp-content\/uploads\/cp.tiernogalvan.sanfernando\/2024\/04\/MG_2169-1024x570-1.jpg 1024w, https:\/\/site.educa.madrid.org\/cp.tiernogalvan.sanfernando\/\/wp-content\/uploads\/cp.tiernogalvan.sanfernando\/2024\/04\/MG_2169-1024x570-1-300x167.jpg 300w, https:\/\/site.educa.madrid.org\/cp.tiernogalvan.sanfernando\/\/wp-content\/uploads\/cp.tiernogalvan.sanfernando\/2024\/04\/MG_2169-1024x570-1-768x428.jpg 768w, https:\/\/site.educa.madrid.org\/cp.tiernogalvan.sanfernando\/\/wp-content\/uploads\/cp.tiernogalvan.sanfernando\/2024\/04\/MG_2169-1024x570-1-1000x557.jpg 1000w, https:\/\/site.educa.madrid.org\/cp.tiernogalvan.sanfernando\/\/wp-content\/uploads\/cp.tiernogalvan.sanfernando\/2024\/04\/MG_2169-1024x570-1-230x128.jpg 230w, https:\/\/site.educa.madrid.org\/cp.tiernogalvan.sanfernando\/\/wp-content\/uploads\/cp.tiernogalvan.sanfernando\/2024\/04\/MG_2169-1024x570-1-350x195.jpg 350w, https:\/\/site.educa.madrid.org\/cp.tiernogalvan.sanfernando\/\/wp-content\/uploads\/cp.tiernogalvan.sanfernando\/2024\/04\/MG_2169-1024x570-1-480x267.jpg 480w\" sizes=\"auto, (max-width: 1024px) 100vw, 1024px\" \/><\/figure><\/div>\n\n\n\n<p><\/p>\n\n\n\n<iframe style=\"margin: 0 auto; display: block; border: 3px solid #019cba;\" src=\"https:\/\/www.google.com\/maps\/embed?pb=!1m18!1m12!1m3!1d3037.5664393149823!2d-3.5279523234574968!3d40.41845457143934!2m3!1f0!2f0!3f0!3m2!1i1024!2i768!4f13.1!3m3!1m2!1s0xd423a75fdee6e31%3A0x68bc58d1fed1e78b!2sCEIP%20Enrique%20Tierno%20Galv%C3%A1n!5e0!3m2!1ses!2ses!4v1713175743460!5m2!1ses!2ses\" width=\"800\" height=\"450\" style=\"border:0;\" allowfullscreen=\"\" loading=\"lazy\" referrerpolicy=\"no-referrer-when-downgrade\"><\/iframe>\n","protected":false},"excerpt":{"rendered":"<p>El CEIP ENRIQUE TIERNO GALV\u00c1N es un centro biling\u00fce que se encuentra situado en la Avenida de Algorta s\/n de la localidad [&hellip;]<\/p>\n","protected":false},"author":3,"featured_media":0,"parent":0,"menu_order":0,"comment_status":"closed","ping_status":"closed","template":"page-templates\/page_fullwidth.php","meta":{"footnotes":""},"folder":[],"class_list":["post-7121","page","type-page","status-publish","hentry"],"rttpg_featured_image_url":null,"rttpg_author":{"display_name":"cp.tiernogalvan.sanfernando","author_link":"https:\/\/site.educa.madrid.org\/cp.tiernogalvan.sanfernando\/index.php\/author\/cuenta_cp-tiernogalvan-sanfernando\/"},"rttpg_comment":0,"rttpg_category":false,"rttpg_excerpt":"El CEIP ENRIQUE TIERNO GALV\u00c1N es un centro biling\u00fce que se encuentra situado en la Avenida de Algorta s\/n de la localidad [&hellip;]","post_mailing_queue_ids":[],"_links":{"self":[{"href":"https:\/\/site.educa.madrid.org\/cp.tiernogalvan.sanfernando\/index.php\/wp-json\/wp\/v2\/pages\/7121","targetHints":{"allow":["GET"]}}],"collection":[{"href":"https:\/\/site.educa.madrid.org\/cp.tiernogalvan.sanfernando\/index.php\/wp-json\/wp\/v2\/pages"}],"about":[{"href":"https:\/\/site.educa.madrid.org\/cp.tiernogalvan.sanfernando\/index.php\/wp-json\/wp\/v2\/types\/page"}],"author":[{"embeddable":true,"href":"https:\/\/site.educa.madrid.org\/cp.tiernogalvan.sanfernando\/index.php\/wp-json\/wp\/v2\/users\/3"}],"replies":[{"embeddable":true,"href":"https:\/\/site.educa.madrid.org\/cp.tiernogalvan.sanfernando\/index.php\/wp-json\/wp\/v2\/comments?post=7121"}],"version-history":[{"count":6,"href":"https:\/\/site.educa.madrid.org\/cp.tiernogalvan.sanfernando\/index.php\/wp-json\/wp\/v2\/pages\/7121\/revisions"}],"predecessor-version":[{"id":8831,"href":"https:\/\/site.educa.madrid.org\/cp.tiernogalvan.sanfernando\/index.php\/wp-json\/wp\/v2\/pages\/7121\/revisions\/8831"}],"wp:attachment":[{"href":"https:\/\/site.educa.madrid.org\/cp.tiernogalvan.sanfernando\/index.php\/wp-json\/wp\/v2\/media?parent=7121"}],"wp:term":[{"taxonomy":"folder","embeddable":true,"href":"https:\/\/site.educa.madrid.org\/cp.tiernogalvan.sanfernando\/index.php\/wp-json\/wp\/v2\/folder?post=7121"}],"curies":[{"name":"wp","href":"https:\/\/api.w.org\/{rel}","templated":true}]}}