{"id":7123,"date":"2017-11-13T10:41:32","date_gmt":"2017-11-13T10:41:32","guid":{"rendered":"https:\/\/www.ceipenriquetiernogalvan.es\/?page_id=754"},"modified":"2024-11-29T12:21:27","modified_gmt":"2024-11-29T11:21:27","slug":"consejo-escolar","status":"publish","type":"page","link":"https:\/\/site.educa.madrid.org\/cp.tiernogalvan.sanfernando\/index.php\/consejo-escolar\/","title":{"rendered":"Consejo escolar"},"content":{"rendered":"\n<div class=\"wp-block-columns alignwide is-layout-flex wp-container-core-columns-is-layout-9d6595d7 wp-block-columns-is-layout-flex\">\n<div class=\"wp-block-column has-background has-link-color wp-elements-fde5918e9931c2c4eee11b0ac0c6a166 is-layout-flow wp-block-column-is-layout-flow\" style=\"background-color:#d8f4fb;padding-top:2em;padding-right:2em;padding-bottom:2em;padding-left:2em;flex-basis:28%\"><div class=\"wp-block-image is-style-default\">\n<figure class=\"aligncenter size-full is-resized\" style=\"font-size:40px\"><img loading=\"lazy\" decoding=\"async\" width=\"512\" height=\"512\" src=\"https:\/\/site.educa.madrid.org\/cp.tiernogalvan.sanfernando\/\/wp-content\/uploads\/cp.tiernogalvan.sanfernando\/2024\/04\/consejoescolar1.png\" alt=\"\" class=\"wp-image-9120\" style=\"width:200px;height:200px\" srcset=\"https:\/\/site.educa.madrid.org\/cp.tiernogalvan.sanfernando\/\/wp-content\/uploads\/cp.tiernogalvan.sanfernando\/2024\/04\/consejoescolar1.png 512w, https:\/\/site.educa.madrid.org\/cp.tiernogalvan.sanfernando\/\/wp-content\/uploads\/cp.tiernogalvan.sanfernando\/2024\/04\/consejoescolar1-300x300.png 300w, https:\/\/site.educa.madrid.org\/cp.tiernogalvan.sanfernando\/\/wp-content\/uploads\/cp.tiernogalvan.sanfernando\/2024\/04\/consejoescolar1-150x150.png 150w, https:\/\/site.educa.madrid.org\/cp.tiernogalvan.sanfernando\/\/wp-content\/uploads\/cp.tiernogalvan.sanfernando\/2024\/04\/consejoescolar1-230x230.png 230w, https:\/\/site.educa.madrid.org\/cp.tiernogalvan.sanfernando\/\/wp-content\/uploads\/cp.tiernogalvan.sanfernando\/2024\/04\/consejoescolar1-350x350.png 350w, https:\/\/site.educa.madrid.org\/cp.tiernogalvan.sanfernando\/\/wp-content\/uploads\/cp.tiernogalvan.sanfernando\/2024\/04\/consejoescolar1-480x480.png 480w\" sizes=\"auto, (max-width: 512px) 100vw, 512px\" \/><\/figure>\n<\/div>\n\n\n<h2 class=\"wp-block-heading has-text-align-center\" style=\"font-size:33px;line-height:1.5\">Qu\u00e9 es el Consejo Escolar<\/h2>\n\n\n\n<p class=\"has-text-align-left is-style-wide\">El <strong>Consejo Escolar<\/strong> es un \u00f3rgano de gobierno del centro. Est\u00e1 compuesto por <strong>todos los sectores de la comunidad educativa <\/strong>y su constituci\u00f3n es obligatoria en todos los centros gestionados con fondos p\u00fablicos.<\/p>\n\n\n\n<p class=\"has-text-align-left\">Cada <strong>dos a\u00f1os<\/strong> se <strong>renuevan<\/strong> la mitad de los representantes de cada sector a excepci\u00f3n de los representantes del Equipo Directivo que, como m\u00ednimo, estar\u00e1n <strong>cuatro a\u00f1os<\/strong>. El director del centro ser\u00e1 el Presidente del Consejo Escolar y el secretario tendr\u00e1 voz pero no voto.<\/p>\n<\/div>\n\n\n\n<div class=\"wp-block-column has-background has-link-color wp-elements-c37468cbb05e4be93e945cc00b304db7 is-layout-flow wp-block-column-is-layout-flow\" style=\"background-color:#f1c5e4;padding-top:2em;padding-right:2em;padding-bottom:2em;padding-left:2em;flex-basis:28%\"><div class=\"wp-block-image is-style-default\">\n<figure class=\"aligncenter size-full is-resized\" style=\"font-size:40px\"><img loading=\"lazy\" decoding=\"async\" width=\"512\" height=\"512\" src=\"https:\/\/site.educa.madrid.org\/cp.tiernogalvan.sanfernando\/\/wp-content\/uploads\/cp.tiernogalvan.sanfernando\/2024\/04\/consejoescolar2.png\" alt=\"\" class=\"wp-image-9123\" style=\"width:200px;height:200px\" srcset=\"https:\/\/site.educa.madrid.org\/cp.tiernogalvan.sanfernando\/\/wp-content\/uploads\/cp.tiernogalvan.sanfernando\/2024\/04\/consejoescolar2.png 512w, https:\/\/site.educa.madrid.org\/cp.tiernogalvan.sanfernando\/\/wp-content\/uploads\/cp.tiernogalvan.sanfernando\/2024\/04\/consejoescolar2-300x300.png 300w, https:\/\/site.educa.madrid.org\/cp.tiernogalvan.sanfernando\/\/wp-content\/uploads\/cp.tiernogalvan.sanfernando\/2024\/04\/consejoescolar2-150x150.png 150w, https:\/\/site.educa.madrid.org\/cp.tiernogalvan.sanfernando\/\/wp-content\/uploads\/cp.tiernogalvan.sanfernando\/2024\/04\/consejoescolar2-230x230.png 230w, https:\/\/site.educa.madrid.org\/cp.tiernogalvan.sanfernando\/\/wp-content\/uploads\/cp.tiernogalvan.sanfernando\/2024\/04\/consejoescolar2-350x350.png 350w, https:\/\/site.educa.madrid.org\/cp.tiernogalvan.sanfernando\/\/wp-content\/uploads\/cp.tiernogalvan.sanfernando\/2024\/04\/consejoescolar2-480x480.png 480w\" sizes=\"auto, (max-width: 512px) 100vw, 512px\" \/><\/figure>\n<\/div>\n\n\n<h2 class=\"wp-block-heading has-text-align-center\" style=\"font-size:33px;line-height:1.5\">Miembros<\/h2>\n\n\n\n<p class=\"has-text-align-center is-style-wide\">Te presentamos los miembros del consejo escolar.<\/p>\n\n\n\n<div style=\"height:40px\" aria-hidden=\"true\" class=\"wp-block-spacer\"><\/div>\n\n\n\n<hr class=\"wp-block-separator has-text-color has-alpha-channel-opacity has-background is-style-default\" style=\"background-color:#b0b0b0;color:#b0b0b0\"\/>\n\n\n\n<div style=\"height:40px\" aria-hidden=\"true\" class=\"wp-block-spacer\"><\/div>\n\n\n\n<div class=\"wp-block-buttons is-content-justification-center is-layout-flex wp-container-core-buttons-is-layout-16018d1d wp-block-buttons-is-layout-flex\">\n<div class=\"wp-block-button has-custom-font-size has-medium-font-size\"><a class=\"wp-block-button__link has-white-color has-text-color has-background wp-element-button\" href=\"https:\/\/site.educa.madrid.org\/cp.tiernogalvan.sanfernando\/index.php\/miembros-del-consejo-escolar\/\" style=\"background-color:#8c0b63\">acceder<\/a><\/div>\n<\/div>\n<\/div>\n\n\n\n<div class=\"wp-block-column has-background has-link-color wp-elements-a7ae99a21ce3ec2059d29267db4a2a0d is-layout-flow wp-block-column-is-layout-flow\" style=\"background-color:#ffe97d;padding-top:2em;padding-right:2em;padding-bottom:2em;padding-left:2em;flex-basis:28%\"><div class=\"wp-block-image is-style-default\">\n<figure class=\"aligncenter size-full is-resized\" style=\"font-size:40px\"><img loading=\"lazy\" decoding=\"async\" width=\"512\" height=\"512\" src=\"https:\/\/site.educa.madrid.org\/cp.tiernogalvan.sanfernando\/\/wp-content\/uploads\/cp.tiernogalvan.sanfernando\/2024\/04\/consejoescolaa42.png\" alt=\"\" class=\"wp-image-9125\" style=\"width:200px;height:200px\" srcset=\"https:\/\/site.educa.madrid.org\/cp.tiernogalvan.sanfernando\/\/wp-content\/uploads\/cp.tiernogalvan.sanfernando\/2024\/04\/consejoescolaa42.png 512w, https:\/\/site.educa.madrid.org\/cp.tiernogalvan.sanfernando\/\/wp-content\/uploads\/cp.tiernogalvan.sanfernando\/2024\/04\/consejoescolaa42-300x300.png 300w, https:\/\/site.educa.madrid.org\/cp.tiernogalvan.sanfernando\/\/wp-content\/uploads\/cp.tiernogalvan.sanfernando\/2024\/04\/consejoescolaa42-150x150.png 150w, https:\/\/site.educa.madrid.org\/cp.tiernogalvan.sanfernando\/\/wp-content\/uploads\/cp.tiernogalvan.sanfernando\/2024\/04\/consejoescolaa42-230x230.png 230w, https:\/\/site.educa.madrid.org\/cp.tiernogalvan.sanfernando\/\/wp-content\/uploads\/cp.tiernogalvan.sanfernando\/2024\/04\/consejoescolaa42-350x350.png 350w, https:\/\/site.educa.madrid.org\/cp.tiernogalvan.sanfernando\/\/wp-content\/uploads\/cp.tiernogalvan.sanfernando\/2024\/04\/consejoescolaa42-480x480.png 480w\" sizes=\"auto, (max-width: 512px) 100vw, 512px\" \/><\/figure>\n<\/div>\n\n\n<h2 class=\"wp-block-heading has-text-align-center\" style=\"font-size:33px;line-height:1.5\">Competencias<\/h2>\n\n\n\n<p class=\"has-text-align-center is-style-wide\">En este apartado, podr\u00e1s comprobar cuales son las competencias del Consejo Escolar dentro de un centro educativo.<\/p>\n\n\n\n<hr class=\"wp-block-separator has-text-color has-alpha-channel-opacity has-background is-style-default\" style=\"background-color:#b0b0b0;color:#b0b0b0\"\/>\n\n\n\n<div style=\"height:40px\" aria-hidden=\"true\" class=\"wp-block-spacer\"><\/div>\n\n\n\n<div class=\"wp-block-buttons is-content-justification-center is-layout-flex wp-container-core-buttons-is-layout-16018d1d wp-block-buttons-is-layout-flex\">\n<div class=\"wp-block-button has-custom-font-size has-medium-font-size\"><a class=\"wp-block-button__link has-white-color has-text-color has-background wp-element-button\" href=\"https:\/\/site.educa.madrid.org\/cp.tiernogalvan.sanfernando\/index.php\/competencias-consejo\/\" style=\"background-color:#67691f\">acceder<\/a><\/div>\n<\/div>\n<\/div>\n\n\n\n<div class=\"wp-block-column has-background has-link-color wp-elements-18615dd8d512de09f17fd4279ed44817 is-layout-flow wp-block-column-is-layout-flow\" style=\"background-color:#ffe97d;padding-top:2em;padding-right:2em;padding-bottom:2em;padding-left:2em;flex-basis:28%\"><div class=\"wp-block-image is-style-default\">\n<figure class=\"aligncenter size-full is-resized\" style=\"font-size:40px\"><img loading=\"lazy\" decoding=\"async\" width=\"512\" height=\"512\" src=\"https:\/\/site.educa.madrid.org\/cp.tiernogalvan.sanfernando\/\/wp-content\/uploads\/cp.tiernogalvan.sanfernando\/2024\/04\/consejoescolaa42.png\" alt=\"\" class=\"wp-image-9125\" style=\"width:200px;height:200px\" srcset=\"https:\/\/site.educa.madrid.org\/cp.tiernogalvan.sanfernando\/\/wp-content\/uploads\/cp.tiernogalvan.sanfernando\/2024\/04\/consejoescolaa42.png 512w, https:\/\/site.educa.madrid.org\/cp.tiernogalvan.sanfernando\/\/wp-content\/uploads\/cp.tiernogalvan.sanfernando\/2024\/04\/consejoescolaa42-300x300.png 300w, https:\/\/site.educa.madrid.org\/cp.tiernogalvan.sanfernando\/\/wp-content\/uploads\/cp.tiernogalvan.sanfernando\/2024\/04\/consejoescolaa42-150x150.png 150w, https:\/\/site.educa.madrid.org\/cp.tiernogalvan.sanfernando\/\/wp-content\/uploads\/cp.tiernogalvan.sanfernando\/2024\/04\/consejoescolaa42-230x230.png 230w, https:\/\/site.educa.madrid.org\/cp.tiernogalvan.sanfernando\/\/wp-content\/uploads\/cp.tiernogalvan.sanfernando\/2024\/04\/consejoescolaa42-350x350.png 350w, https:\/\/site.educa.madrid.org\/cp.tiernogalvan.sanfernando\/\/wp-content\/uploads\/cp.tiernogalvan.sanfernando\/2024\/04\/consejoescolaa42-480x480.png 480w\" sizes=\"auto, (max-width: 512px) 100vw, 512px\" \/><\/figure>\n<\/div>\n\n\n<h2 class=\"wp-block-heading has-text-align-center\" style=\"font-size:33px;line-height:1.5\">Renovaci\u00f3n 2024<\/h2>\n\n\n\n<p class=\"has-text-align-center is-style-wide\">En este apartado, podr\u00e1s ver la renovaci\u00f3n del consejo escolar 2024. En esta ocasi\u00f3n, se renovar\u00e1n 2 maestros\/as y 2 padres\/madres<\/p>\n\n\n\n<hr class=\"wp-block-separator has-text-color has-alpha-channel-opacity has-background is-style-default\" style=\"background-color:#b0b0b0;color:#b0b0b0\"\/>\n\n\n\n<div style=\"height:40px\" aria-hidden=\"true\" class=\"wp-block-spacer\"><\/div>\n\n\n\n<div class=\"wp-block-buttons is-content-justification-center is-layout-flex wp-container-core-buttons-is-layout-16018d1d wp-block-buttons-is-layout-flex\">\n<div class=\"wp-block-button has-custom-font-size has-medium-font-size\"><a class=\"wp-block-button__link has-white-color has-text-color has-background wp-element-button\" href=\"https:\/\/www.comunidad.madrid\/gobierno\/espacios-profesionales\/elecciones-consejos-escolares\" style=\"background-color:#67691f\">INFORMACI\u00d3N<\/a><\/div>\n\n\n\n<div class=\"wp-block-button has-custom-font-size has-medium-font-size\"><a class=\"wp-block-button__link has-white-color has-text-color has-background wp-element-button\" href=\"https:\/\/cloud.educa.madrid.org\/s\/wptGsT6mitW22jc\" style=\"background-color:#67691f\">CALENDARIO<\/a><\/div>\n\n\n\n<div class=\"wp-block-button has-custom-font-size has-medium-font-size\"><a class=\"wp-block-button__link has-white-color has-text-color has-background wp-element-button\" href=\"https:\/\/cloud.educa.madrid.org\/s\/zF6Y7y7frYN6c5M\" style=\"background-color:#67691f\">CARTA A LAS FAMILIAS<\/a><\/div>\n\n\n\n<div class=\"wp-block-button has-custom-font-size has-medium-font-size\"><a class=\"wp-block-button__link has-white-color has-text-color has-background wp-element-button\" href=\"https:\/\/cloud.educa.madrid.org\/s\/DJtsjHf6XgCknx6\" style=\"background-color:#67691f\">MODELO DE SOLICITUD <\/a><\/div>\n\n\n\n<div class=\"wp-block-button has-custom-font-size has-medium-font-size\"><a class=\"wp-block-button__link has-white-color has-text-color has-background wp-element-button\" href=\"https:\/\/cloud.educa.madrid.org\/s\/saoEBpiySXKFGpJ\" style=\"background-color:#67691f\">ACTA VOTACIONES FAMILIAS<\/a><\/div>\n\n\n\n<div class=\"wp-block-button has-custom-font-size has-medium-font-size\"><a class=\"wp-block-button__link has-white-color has-text-color has-background wp-element-button\" href=\"https:\/\/cloud.educa.madrid.org\/s\/oyTsk8J8pnjgtq9\" style=\"background-color:#67691f\">ACTA VOTACIONES DOCENTES<\/a><\/div>\n<\/div>\n<\/div>\n<\/div>\n","protected":false},"excerpt":{"rendered":"<p>Qu\u00e9 es el Consejo Escolar El Consejo Escolar es un \u00f3rgano de gobierno del centro. Est\u00e1 compuesto por todos los sectores de [&hellip;]<\/p>\n","protected":false},"author":3,"featured_media":0,"parent":0,"menu_order":0,"comment_status":"closed","ping_status":"closed","template":"page-templates\/page_fullwidth.php","meta":{"footnotes":""},"folder":[],"class_list":["post-7123","page","type-page","status-publish","hentry"],"rttpg_featured_image_url":null,"rttpg_author":{"display_name":"cp.tiernogalvan.sanfernando","author_link":"https:\/\/site.educa.madrid.org\/cp.tiernogalvan.sanfernando\/index.php\/author\/cuenta_cp-tiernogalvan-sanfernando\/"},"rttpg_comment":0,"rttpg_category":false,"rttpg_excerpt":"Qu\u00e9 es el Consejo Escolar El Consejo Escolar es un \u00f3rgano de gobierno del centro. Est\u00e1 compuesto por todos los sectores de [&hellip;]","post_mailing_queue_ids":[],"_links":{"self":[{"href":"https:\/\/site.educa.madrid.org\/cp.tiernogalvan.sanfernando\/index.php\/wp-json\/wp\/v2\/pages\/7123","targetHints":{"allow":["GET"]}}],"collection":[{"href":"https:\/\/site.educa.madrid.org\/cp.tiernogalvan.sanfernando\/index.php\/wp-json\/wp\/v2\/pages"}],"about":[{"href":"https:\/\/site.educa.madrid.org\/cp.tiernogalvan.sanfernando\/index.php\/wp-json\/wp\/v2\/types\/page"}],"author":[{"embeddable":true,"href":"https:\/\/site.educa.madrid.org\/cp.tiernogalvan.sanfernando\/index.php\/wp-json\/wp\/v2\/users\/3"}],"replies":[{"embeddable":true,"href":"https:\/\/site.educa.madrid.org\/cp.tiernogalvan.sanfernando\/index.php\/wp-json\/wp\/v2\/comments?post=7123"}],"version-history":[{"count":19,"href":"https:\/\/site.educa.madrid.org\/cp.tiernogalvan.sanfernando\/index.php\/wp-json\/wp\/v2\/pages\/7123\/revisions"}],"predecessor-version":[{"id":9649,"href":"https:\/\/site.educa.madrid.org\/cp.tiernogalvan.sanfernando\/index.php\/wp-json\/wp\/v2\/pages\/7123\/revisions\/9649"}],"wp:attachment":[{"href":"https:\/\/site.educa.madrid.org\/cp.tiernogalvan.sanfernando\/index.php\/wp-json\/wp\/v2\/media?parent=7123"}],"wp:term":[{"taxonomy":"folder","embeddable":true,"href":"https:\/\/site.educa.madrid.org\/cp.tiernogalvan.sanfernando\/index.php\/wp-json\/wp\/v2\/folder?post=7123"}],"curies":[{"name":"wp","href":"https:\/\/api.w.org\/{rel}","templated":true}]}}