{"id":7399,"date":"2020-10-09T07:42:16","date_gmt":"2020-10-09T07:42:16","guid":{"rendered":"https:\/\/www.ceipenriquetiernogalvan.es\/?page_id=7399"},"modified":"2024-09-06T09:58:26","modified_gmt":"2024-09-06T07:58:26","slug":"roble","status":"publish","type":"page","link":"https:\/\/site.educa.madrid.org\/cp.tiernogalvan.sanfernando\/index.php\/roble\/","title":{"rendered":"ROBLE"},"content":{"rendered":"\n<p>ROBLE es un portal destinado a las familias con el objetivo de facilitar el acceso a la informaci\u00f3n de sus hijos en RA\u00cdCES. Constituye una herramienta adecuada para realizar el seguimiento educativo del alumno, obtener informaci\u00f3n del centro y establecer un canal de comunicaci\u00f3n con \u00e9ste.<\/p>\n\n\n\n<p><a href=\"https:\/\/www.comunidad.madrid\/sites\/default\/files\/doc\/educacion\/roble-web-familias-guia-visual-1.4.pdf\" target=\"_blank\" rel=\"noreferrer noopener\">ACCESO POR NAVEGADOR<\/a><\/p>\n\n\n\n<p><a href=\"https:\/\/cloud.educa.madrid.org\/s\/SHzLiQ2bPiTGNKG\" target=\"_blank\" rel=\"noreferrer noopener\">ACCESO POR APLICAC<\/a><a href=\"https:\/\/cloud.educa.madrid.org\/s\/SHzLiQ2bPiTGNKG\">I\u00d3N<\/a> (M\u00f3vil o tablet)<\/p>\n\n\n\n<p><a href=\"http:\/\/cloud.educa.madrid.org\/index.php\/s\/NcdPKR6tuqqzk6d\" target=\"_blank\" rel=\"noreferrer noopener\">Gu\u00eda desbloqueo ventanas emergentes<\/a><\/p>\n\n\n\n<p><a href=\"http:\/\/cloud.educa.madrid.org\/index.php\/s\/lH9ZVijsNo2LnhB\" target=\"_blank\" rel=\"noreferrer noopener\">Cambio contrase\u00f1a<\/a><\/p>\n\n\n\n<p><\/p>\n\n\n\n<figure class=\"wp-block-image size-full is-resized\"><img loading=\"lazy\" decoding=\"async\" width=\"512\" height=\"512\" src=\"https:\/\/site.educa.madrid.org\/cp.tiernogalvan.sanfernando\/\/wp-content\/uploads\/cp.tiernogalvan.sanfernando\/2024\/04\/roble.png\" alt=\"\" class=\"wp-image-8763\" style=\"width:164px;height:164px\" srcset=\"https:\/\/site.educa.madrid.org\/cp.tiernogalvan.sanfernando\/\/wp-content\/uploads\/cp.tiernogalvan.sanfernando\/2024\/04\/roble.png 512w, https:\/\/site.educa.madrid.org\/cp.tiernogalvan.sanfernando\/\/wp-content\/uploads\/cp.tiernogalvan.sanfernando\/2024\/04\/roble-300x300.png 300w, https:\/\/site.educa.madrid.org\/cp.tiernogalvan.sanfernando\/\/wp-content\/uploads\/cp.tiernogalvan.sanfernando\/2024\/04\/roble-150x150.png 150w, https:\/\/site.educa.madrid.org\/cp.tiernogalvan.sanfernando\/\/wp-content\/uploads\/cp.tiernogalvan.sanfernando\/2024\/04\/roble-230x230.png 230w, https:\/\/site.educa.madrid.org\/cp.tiernogalvan.sanfernando\/\/wp-content\/uploads\/cp.tiernogalvan.sanfernando\/2024\/04\/roble-350x350.png 350w, https:\/\/site.educa.madrid.org\/cp.tiernogalvan.sanfernando\/\/wp-content\/uploads\/cp.tiernogalvan.sanfernando\/2024\/04\/roble-480x480.png 480w\" sizes=\"auto, (max-width: 512px) 100vw, 512px\" \/><\/figure>\n","protected":false},"excerpt":{"rendered":"<p>ROBLE es un portal destinado a las familias con el objetivo de facilitar el acceso a la informaci\u00f3n de sus hijos en [&hellip;]<\/p>\n","protected":false},"author":3,"featured_media":0,"parent":0,"menu_order":0,"comment_status":"closed","ping_status":"closed","template":"","meta":{"footnotes":""},"folder":[],"class_list":["post-7399","page","type-page","status-publish","hentry"],"rttpg_featured_image_url":null,"rttpg_author":{"display_name":"cp.tiernogalvan.sanfernando","author_link":"https:\/\/site.educa.madrid.org\/cp.tiernogalvan.sanfernando\/index.php\/author\/cuenta_cp-tiernogalvan-sanfernando\/"},"rttpg_comment":0,"rttpg_category":false,"rttpg_excerpt":"ROBLE es un portal destinado a las familias con el objetivo de facilitar el acceso a la informaci\u00f3n de sus hijos en [&hellip;]","post_mailing_queue_ids":[],"_links":{"self":[{"href":"https:\/\/site.educa.madrid.org\/cp.tiernogalvan.sanfernando\/index.php\/wp-json\/wp\/v2\/pages\/7399","targetHints":{"allow":["GET"]}}],"collection":[{"href":"https:\/\/site.educa.madrid.org\/cp.tiernogalvan.sanfernando\/index.php\/wp-json\/wp\/v2\/pages"}],"about":[{"href":"https:\/\/site.educa.madrid.org\/cp.tiernogalvan.sanfernando\/index.php\/wp-json\/wp\/v2\/types\/page"}],"author":[{"embeddable":true,"href":"https:\/\/site.educa.madrid.org\/cp.tiernogalvan.sanfernando\/index.php\/wp-json\/wp\/v2\/users\/3"}],"replies":[{"embeddable":true,"href":"https:\/\/site.educa.madrid.org\/cp.tiernogalvan.sanfernando\/index.php\/wp-json\/wp\/v2\/comments?post=7399"}],"version-history":[{"count":4,"href":"https:\/\/site.educa.madrid.org\/cp.tiernogalvan.sanfernando\/index.php\/wp-json\/wp\/v2\/pages\/7399\/revisions"}],"predecessor-version":[{"id":9428,"href":"https:\/\/site.educa.madrid.org\/cp.tiernogalvan.sanfernando\/index.php\/wp-json\/wp\/v2\/pages\/7399\/revisions\/9428"}],"wp:attachment":[{"href":"https:\/\/site.educa.madrid.org\/cp.tiernogalvan.sanfernando\/index.php\/wp-json\/wp\/v2\/media?parent=7399"}],"wp:term":[{"taxonomy":"folder","embeddable":true,"href":"https:\/\/site.educa.madrid.org\/cp.tiernogalvan.sanfernando\/index.php\/wp-json\/wp\/v2\/folder?post=7399"}],"curies":[{"name":"wp","href":"https:\/\/api.w.org\/{rel}","templated":true}]}}