{"id":750,"date":"2017-11-13T10:39:22","date_gmt":"2017-11-13T10:39:22","guid":{"rendered":"https:\/\/www.ceipenriquetiernogalvan.es\/?page_id=750"},"modified":"2024-04-15T13:36:17","modified_gmt":"2024-04-15T11:36:17","slug":"bilinguismo","status":"publish","type":"page","link":"https:\/\/site.educa.madrid.org\/cp.tiernogalvan.sanfernando\/index.php\/bilinguismo\/","title":{"rendered":"Proyecto biling\u00fce"},"content":{"rendered":"\n<p>Nuestro centro&nbsp;inici\u00f3 la implantaci\u00f3n progresiva del Programa&nbsp;<b>Biling\u00fce<\/b>&nbsp;dependiente de la Consejer\u00eda de Educaci\u00f3n, Juventud y Deporte de la Comunidad de Madrid en el curso&nbsp;<b>2015\/2016.<\/b><\/p>\n\n\n\n<p>El proyecto plantea como objetivo primordial mejorar y ampliar la competencia&nbsp;comunicativa de nuestros alumnos en ingl\u00e9s, con el fin de ayudarles a comprender el&nbsp;mundo en el que viven y comunicarse con personas de distintas culturas. Al margen de los objetivos curriculares propios del \u00e1rea de ingl\u00e9s y de los que se incluyen en las dem\u00e1s&nbsp;\u00e1reas curriculares que se trabajar\u00e1n en dicho idioma (Educaci\u00f3n Art\u00edstica, Ciencias Naturales Y Ciencias sociales), nos fijamos cuatro niveles de competencia espec\u00edfica en el&nbsp;uso de la comunicaci\u00f3n en ingl\u00e9s:<\/p>\n\n\n\n<p><strong>Nivel 1.<\/strong> Capacidad de satisfacer un m\u00ednimo de requerimientos de cortes\u00eda y&nbsp;mantener conversaciones muy simples sobre temas familiares.<\/p>\n\n\n\n<p><strong>Nivel 2.<\/strong> Capacidad de satisfacer demandas sociales de rutina y requerimientos&nbsp;limitados en otros aspectos cotidianos.<\/p>\n\n\n\n<p><strong>Nivel 3.<\/strong> Capacidad de hablar la lengua con un grado suficiente de comprensi\u00f3n&nbsp;para participar en la mayor\u00eda de las conversaciones formales e informales sobre temas pr\u00e1cticos, en situaciones de comunicaci\u00f3n habitual.<\/p>\n\n\n\n<p><strong>Nivel 4.<\/strong> Capacidad de utilizar la lengua de forma cada vez m\u00e1s fluida y precisa en&nbsp;todos los niveles, normalmente pertinente a las necesidades habituales de&nbsp;comunicaci\u00f3n.<\/p>\n\n\n\n<p>En general nos proponemos que los alumnos se familiaricen con el uso del ingl\u00e9s en&nbsp;situaciones de aprendizaje de materias ajenas al estricto conocimiento del idioma, as\u00ed como en las situaciones habituales de comunicaci\u00f3n, tanto entre el profesor y los alumnos, como entre ellos mismos.<\/p>\n\n\n\n<div style=\"height:21px\" aria-hidden=\"true\" class=\"wp-block-spacer\"><\/div>\n\n\n\n<hr class=\"wp-block-separator has-alpha-channel-opacity\"\/>\n\n\n\n<div class=\"wp-block-media-text alignwide is-stacked-on-mobile\" style=\"grid-template-columns:33% auto\"><figure class=\"wp-block-media-text__media\"><img loading=\"lazy\" decoding=\"async\" width=\"696\" height=\"362\" src=\"https:\/\/site.educa.madrid.org\/cp.tiernogalvan.sanfernando\/\/wp-content\/uploads\/cp.tiernogalvan.sanfernando\/2024\/04\/trinity.jpeg\" alt=\"\" class=\"wp-image-8903 size-full\" srcset=\"https:\/\/site.educa.madrid.org\/cp.tiernogalvan.sanfernando\/\/wp-content\/uploads\/cp.tiernogalvan.sanfernando\/2024\/04\/trinity.jpeg 696w, https:\/\/site.educa.madrid.org\/cp.tiernogalvan.sanfernando\/\/wp-content\/uploads\/cp.tiernogalvan.sanfernando\/2024\/04\/trinity-300x156.jpeg 300w, https:\/\/site.educa.madrid.org\/cp.tiernogalvan.sanfernando\/\/wp-content\/uploads\/cp.tiernogalvan.sanfernando\/2024\/04\/trinity-230x120.jpeg 230w, https:\/\/site.educa.madrid.org\/cp.tiernogalvan.sanfernando\/\/wp-content\/uploads\/cp.tiernogalvan.sanfernando\/2024\/04\/trinity-350x182.jpeg 350w, https:\/\/site.educa.madrid.org\/cp.tiernogalvan.sanfernando\/\/wp-content\/uploads\/cp.tiernogalvan.sanfernando\/2024\/04\/trinity-480x250.jpeg 480w\" sizes=\"auto, (max-width: 696px) 100vw, 696px\" \/><\/figure><div class=\"wp-block-media-text__content\">\n<p><strong>Durante el 3\u00ba curso de Educaci\u00f3n Primaria<\/strong>, los alumnos se presentar\u00e1n a las&nbsp;<strong>pruebas oficiales de Trinity<\/strong>&nbsp;correspondientes a los<strong>&nbsp;grados 3, 4 y 5<\/strong>. Estas pruebas externas les ofrecen la posibilidad de conseguir un<strong>&nbsp;certificado oficial de ingl\u00e9s,<\/strong>&nbsp;y en nuestro centro se pueden dar de manera <strong>muestral<\/strong> durante este curso 2018\/2019.<\/p>\n\n\n\n<p>Los ex\u00e1menes se preparan en las clases de ingl\u00e9s y para reforzar el trabajo del profesorado<strong>&nbsp;contamos con los auxiliares de conversaci\u00f3n<\/strong> que nos apoyan especialmente en esta tarea.<\/p>\n<\/div><\/div>\n\n\n\n<figure class=\"wp-block-image size-full\"><img loading=\"lazy\" decoding=\"async\" width=\"754\" height=\"448\" src=\"https:\/\/site.educa.madrid.org\/cp.tiernogalvan.sanfernando\/\/wp-content\/uploads\/cp.tiernogalvan.sanfernando\/2024\/04\/trinity2.png\" alt=\"\" class=\"wp-image-8902\" srcset=\"https:\/\/site.educa.madrid.org\/cp.tiernogalvan.sanfernando\/\/wp-content\/uploads\/cp.tiernogalvan.sanfernando\/2024\/04\/trinity2.png 754w, https:\/\/site.educa.madrid.org\/cp.tiernogalvan.sanfernando\/\/wp-content\/uploads\/cp.tiernogalvan.sanfernando\/2024\/04\/trinity2-300x178.png 300w, https:\/\/site.educa.madrid.org\/cp.tiernogalvan.sanfernando\/\/wp-content\/uploads\/cp.tiernogalvan.sanfernando\/2024\/04\/trinity2-230x137.png 230w, https:\/\/site.educa.madrid.org\/cp.tiernogalvan.sanfernando\/\/wp-content\/uploads\/cp.tiernogalvan.sanfernando\/2024\/04\/trinity2-350x208.png 350w, https:\/\/site.educa.madrid.org\/cp.tiernogalvan.sanfernando\/\/wp-content\/uploads\/cp.tiernogalvan.sanfernando\/2024\/04\/trinity2-480x285.png 480w\" sizes=\"auto, (max-width: 754px) 100vw, 754px\" \/><\/figure>\n","protected":false},"excerpt":{"rendered":"<p>Nuestro centro&nbsp;inici\u00f3 la implantaci\u00f3n progresiva del Programa&nbsp;Biling\u00fce&nbsp;dependiente de la Consejer\u00eda de Educaci\u00f3n, Juventud y Deporte de la Comunidad de Madrid en el [&hellip;]<\/p>\n","protected":false},"author":3,"featured_media":0,"parent":0,"menu_order":0,"comment_status":"closed","ping_status":"closed","template":"page-templates\/page_fullwidth.php","meta":{"footnotes":""},"folder":[],"class_list":["post-750","page","type-page","status-publish","hentry"],"rttpg_featured_image_url":null,"rttpg_author":{"display_name":"cp.tiernogalvan.sanfernando","author_link":"https:\/\/site.educa.madrid.org\/cp.tiernogalvan.sanfernando\/index.php\/author\/cuenta_cp-tiernogalvan-sanfernando\/"},"rttpg_comment":0,"rttpg_category":false,"rttpg_excerpt":"Nuestro centro&nbsp;inici\u00f3 la implantaci\u00f3n progresiva del Programa&nbsp;Biling\u00fce&nbsp;dependiente de la Consejer\u00eda de Educaci\u00f3n, Juventud y Deporte de la Comunidad de Madrid en el [&hellip;]","post_mailing_queue_ids":[],"_links":{"self":[{"href":"https:\/\/site.educa.madrid.org\/cp.tiernogalvan.sanfernando\/index.php\/wp-json\/wp\/v2\/pages\/750","targetHints":{"allow":["GET"]}}],"collection":[{"href":"https:\/\/site.educa.madrid.org\/cp.tiernogalvan.sanfernando\/index.php\/wp-json\/wp\/v2\/pages"}],"about":[{"href":"https:\/\/site.educa.madrid.org\/cp.tiernogalvan.sanfernando\/index.php\/wp-json\/wp\/v2\/types\/page"}],"author":[{"embeddable":true,"href":"https:\/\/site.educa.madrid.org\/cp.tiernogalvan.sanfernando\/index.php\/wp-json\/wp\/v2\/users\/3"}],"replies":[{"embeddable":true,"href":"https:\/\/site.educa.madrid.org\/cp.tiernogalvan.sanfernando\/index.php\/wp-json\/wp\/v2\/comments?post=750"}],"version-history":[{"count":3,"href":"https:\/\/site.educa.madrid.org\/cp.tiernogalvan.sanfernando\/index.php\/wp-json\/wp\/v2\/pages\/750\/revisions"}],"predecessor-version":[{"id":8905,"href":"https:\/\/site.educa.madrid.org\/cp.tiernogalvan.sanfernando\/index.php\/wp-json\/wp\/v2\/pages\/750\/revisions\/8905"}],"wp:attachment":[{"href":"https:\/\/site.educa.madrid.org\/cp.tiernogalvan.sanfernando\/index.php\/wp-json\/wp\/v2\/media?parent=750"}],"wp:term":[{"taxonomy":"folder","embeddable":true,"href":"https:\/\/site.educa.madrid.org\/cp.tiernogalvan.sanfernando\/index.php\/wp-json\/wp\/v2\/folder?post=750"}],"curies":[{"name":"wp","href":"https:\/\/api.w.org\/{rel}","templated":true}]}}