{"id":776,"date":"2017-11-13T10:46:25","date_gmt":"2017-11-13T10:46:25","guid":{"rendered":"https:\/\/www.ceipenriquetiernogalvan.es\/?page_id=776"},"modified":"2024-10-21T14:52:17","modified_gmt":"2024-10-21T12:52:17","slug":"educacion-infantil","status":"publish","type":"page","link":"https:\/\/site.educa.madrid.org\/cp.tiernogalvan.sanfernando\/index.php\/educacion-infantil\/","title":{"rendered":"Educaci\u00f3n Infantil"},"content":{"rendered":"\n<div class=\"wp-block-columns alignwide is-layout-flex wp-container-core-columns-is-layout-9d6595d7 wp-block-columns-is-layout-flex\">\n<div class=\"wp-block-column has-background has-link-color wp-elements-2377e77d83b81c773c121662c8aca02c is-layout-flow wp-block-column-is-layout-flow\" style=\"background-color:#ffe97d;padding-top:2em;padding-right:2em;padding-bottom:2em;padding-left:2em;flex-basis:28%\"><div class=\"wp-block-image is-style-rounded\">\n<figure class=\"aligncenter size-full\" style=\"font-size:40px\"><img loading=\"lazy\" decoding=\"async\" width=\"948\" height=\"726\" src=\"https:\/\/site.educa.madrid.org\/cp.tiernogalvan.sanfernando\/\/wp-content\/uploads\/cp.tiernogalvan.sanfernando\/2024\/04\/3anos.png\" alt=\"\" class=\"wp-image-9070\" srcset=\"https:\/\/site.educa.madrid.org\/cp.tiernogalvan.sanfernando\/\/wp-content\/uploads\/cp.tiernogalvan.sanfernando\/2024\/04\/3anos.png 948w, https:\/\/site.educa.madrid.org\/cp.tiernogalvan.sanfernando\/\/wp-content\/uploads\/cp.tiernogalvan.sanfernando\/2024\/04\/3anos-300x230.png 300w, https:\/\/site.educa.madrid.org\/cp.tiernogalvan.sanfernando\/\/wp-content\/uploads\/cp.tiernogalvan.sanfernando\/2024\/04\/3anos-768x588.png 768w, https:\/\/site.educa.madrid.org\/cp.tiernogalvan.sanfernando\/\/wp-content\/uploads\/cp.tiernogalvan.sanfernando\/2024\/04\/3anos-230x176.png 230w, https:\/\/site.educa.madrid.org\/cp.tiernogalvan.sanfernando\/\/wp-content\/uploads\/cp.tiernogalvan.sanfernando\/2024\/04\/3anos-350x268.png 350w, https:\/\/site.educa.madrid.org\/cp.tiernogalvan.sanfernando\/\/wp-content\/uploads\/cp.tiernogalvan.sanfernando\/2024\/04\/3anos-480x368.png 480w\" sizes=\"auto, (max-width: 948px) 100vw, 948px\" \/><\/figure>\n<\/div>\n\n\n<h2 class=\"wp-block-heading has-text-align-center\" style=\"font-size:43px;line-height:1.5\">3 a\u00f1os<\/h2>\n\n\n\n<p class=\"has-text-align-center is-style-wide\">Los ni\u00f1os no tienen pasado ni futuro, por eso disfrutan del presente.<\/p>\n\n\n\n<div style=\"height:45px\" aria-hidden=\"true\" class=\"wp-block-spacer\"><\/div>\n\n\n\n<hr class=\"wp-block-separator has-text-color has-alpha-channel-opacity has-background is-style-default\" style=\"background-color:#b0b0b0;color:#b0b0b0\"\/>\n\n\n\n<h4 class=\"wp-block-heading has-text-align-left\" style=\"font-size:22px\"><a href=\"https:\/\/site.educa.madrid.org\/cp.tiernogalvan.sanfernando\/\/wp-content\/uploads\/cp.tiernogalvan.sanfernando\/2024\/04\/propuesta-metodologica-infantil.pdf\">Metodolog\u00eda<\/a><\/h4>\n\n\n\n<h4 class=\"wp-block-heading has-text-align-left\" style=\"font-size:22px\">Materiales<\/h4>\n\n\n\n<h4 class=\"wp-block-heading has-text-align-left\" style=\"font-size:22px\"><a href=\"https:\/\/site.educa.madrid.org\/cp.tiernogalvan.sanfernando\/index.php\/desayunos-saludables\/\" data-type=\"page\" data-id=\"1974\">Desayunos Saludables<\/a><\/h4>\n\n\n\n<h4 class=\"wp-block-heading has-text-align-left\" style=\"font-size:22px\">Orientaci\u00f3n para familias<\/h4>\n<\/div>\n\n\n\n<div class=\"wp-block-column has-background has-link-color wp-elements-5c2d1f38540b9d17090308bb362509ea is-layout-flow wp-block-column-is-layout-flow\" style=\"background-color:#d8f4fb;padding-top:2em;padding-right:2em;padding-bottom:2em;padding-left:2em;flex-basis:28%\"><div class=\"wp-block-image is-style-rounded\">\n<figure class=\"aligncenter size-full\" style=\"font-size:40px\"><img loading=\"lazy\" decoding=\"async\" width=\"948\" height=\"726\" src=\"https:\/\/site.educa.madrid.org\/cp.tiernogalvan.sanfernando\/\/wp-content\/uploads\/cp.tiernogalvan.sanfernando\/2024\/04\/4anos.png\" alt=\"\" class=\"wp-image-9071\" srcset=\"https:\/\/site.educa.madrid.org\/cp.tiernogalvan.sanfernando\/\/wp-content\/uploads\/cp.tiernogalvan.sanfernando\/2024\/04\/4anos.png 948w, https:\/\/site.educa.madrid.org\/cp.tiernogalvan.sanfernando\/\/wp-content\/uploads\/cp.tiernogalvan.sanfernando\/2024\/04\/4anos-300x230.png 300w, https:\/\/site.educa.madrid.org\/cp.tiernogalvan.sanfernando\/\/wp-content\/uploads\/cp.tiernogalvan.sanfernando\/2024\/04\/4anos-768x588.png 768w, https:\/\/site.educa.madrid.org\/cp.tiernogalvan.sanfernando\/\/wp-content\/uploads\/cp.tiernogalvan.sanfernando\/2024\/04\/4anos-230x176.png 230w, https:\/\/site.educa.madrid.org\/cp.tiernogalvan.sanfernando\/\/wp-content\/uploads\/cp.tiernogalvan.sanfernando\/2024\/04\/4anos-350x268.png 350w, https:\/\/site.educa.madrid.org\/cp.tiernogalvan.sanfernando\/\/wp-content\/uploads\/cp.tiernogalvan.sanfernando\/2024\/04\/4anos-480x368.png 480w\" sizes=\"auto, (max-width: 948px) 100vw, 948px\" \/><\/figure>\n<\/div>\n\n\n<h2 class=\"wp-block-heading has-text-align-center\" style=\"font-size:43px;line-height:1.5\">4 a\u00f1os<\/h2>\n\n\n\n<p class=\"has-text-align-center is-style-wide\">Hay tres cosas que los ni\u00f1os pueden ense\u00f1ar a los adultos: a estar siempre contentos sin un motivo aparente, a estar siempre ocupados y a exigir con todas sus fuerzas aquello que desean.<\/p>\n\n\n\n<hr class=\"wp-block-separator has-text-color has-alpha-channel-opacity has-background is-style-default\" style=\"background-color:#b0b0b0;color:#b0b0b0\"\/>\n\n\n\n<h4 class=\"wp-block-heading has-text-align-left\" style=\"font-size:22px\"><a href=\"https:\/\/site.educa.madrid.org\/cp.tiernogalvan.sanfernando\/\/wp-content\/uploads\/cp.tiernogalvan.sanfernando\/2024\/04\/propuesta-metodologica-infantil.pdf\">Metodolog\u00eda<\/a><\/h4>\n\n\n\n<h4 class=\"wp-block-heading has-text-align-left\" style=\"font-size:22px\">Materiales<\/h4>\n\n\n\n<h4 class=\"wp-block-heading has-text-align-left\" style=\"font-size:22px\"><a href=\"https:\/\/site.educa.madrid.org\/cp.tiernogalvan.sanfernando\/index.php\/desayunos-saludables\/\" data-type=\"page\" data-id=\"1974\">Desayunos Saludables<\/a><\/h4>\n\n\n\n<h4 class=\"wp-block-heading has-text-align-left\" style=\"font-size:22px\">Orientaci\u00f3n para familias<\/h4>\n<\/div>\n\n\n\n<div class=\"wp-block-column has-background has-link-color wp-elements-5aada56e0bfd0a98285ee0ca4fa1d300 is-layout-flow wp-block-column-is-layout-flow\" style=\"background-color:#bdc3e7;padding-top:2em;padding-right:2em;padding-bottom:2em;padding-left:2em;flex-basis:28%\"><div class=\"wp-block-image is-style-rounded\">\n<figure class=\"aligncenter size-full\" style=\"font-size:40px\"><img loading=\"lazy\" decoding=\"async\" width=\"948\" height=\"726\" src=\"https:\/\/site.educa.madrid.org\/cp.tiernogalvan.sanfernando\/\/wp-content\/uploads\/cp.tiernogalvan.sanfernando\/2024\/04\/Captura-de-pantalla-2020-10-23-a-las-14.10.14.png\" alt=\"\" class=\"wp-image-9062\" srcset=\"https:\/\/site.educa.madrid.org\/cp.tiernogalvan.sanfernando\/\/wp-content\/uploads\/cp.tiernogalvan.sanfernando\/2024\/04\/Captura-de-pantalla-2020-10-23-a-las-14.10.14.png 948w, https:\/\/site.educa.madrid.org\/cp.tiernogalvan.sanfernando\/\/wp-content\/uploads\/cp.tiernogalvan.sanfernando\/2024\/04\/Captura-de-pantalla-2020-10-23-a-las-14.10.14-300x230.png 300w, https:\/\/site.educa.madrid.org\/cp.tiernogalvan.sanfernando\/\/wp-content\/uploads\/cp.tiernogalvan.sanfernando\/2024\/04\/Captura-de-pantalla-2020-10-23-a-las-14.10.14-768x588.png 768w, https:\/\/site.educa.madrid.org\/cp.tiernogalvan.sanfernando\/\/wp-content\/uploads\/cp.tiernogalvan.sanfernando\/2024\/04\/Captura-de-pantalla-2020-10-23-a-las-14.10.14-230x176.png 230w, https:\/\/site.educa.madrid.org\/cp.tiernogalvan.sanfernando\/\/wp-content\/uploads\/cp.tiernogalvan.sanfernando\/2024\/04\/Captura-de-pantalla-2020-10-23-a-las-14.10.14-350x268.png 350w, https:\/\/site.educa.madrid.org\/cp.tiernogalvan.sanfernando\/\/wp-content\/uploads\/cp.tiernogalvan.sanfernando\/2024\/04\/Captura-de-pantalla-2020-10-23-a-las-14.10.14-480x368.png 480w\" sizes=\"auto, (max-width: 948px) 100vw, 948px\" \/><\/figure>\n<\/div>\n\n\n<h2 class=\"wp-block-heading has-text-align-center\" style=\"font-size:43px;line-height:1.5\">5 a\u00f1os<\/h2>\n\n\n\n<p class=\"has-text-align-center is-style-wide\">No prepares el camino para el ni\u00f1o, prepara al ni\u00f1o para el camino.<\/p>\n\n\n\n<div style=\"height:32px\" aria-hidden=\"true\" class=\"wp-block-spacer\"><\/div>\n\n\n\n<hr class=\"wp-block-separator has-text-color has-alpha-channel-opacity has-background is-style-default\" style=\"background-color:#b0b0b0;color:#b0b0b0\"\/>\n\n\n\n<h4 class=\"wp-block-heading has-text-align-left\" style=\"font-size:22px\"><a href=\"https:\/\/site.educa.madrid.org\/cp.tiernogalvan.sanfernando\/\/wp-content\/uploads\/cp.tiernogalvan.sanfernando\/2024\/04\/propuesta-metodologica-infantil.pdf\">Metodolog\u00eda<\/a><\/h4>\n\n\n\n<h4 class=\"wp-block-heading has-text-align-left\" style=\"font-size:22px\">Materiales<\/h4>\n\n\n\n<h4 class=\"wp-block-heading has-text-align-left\" style=\"font-size:22px\"><a href=\"https:\/\/site.educa.madrid.org\/cp.tiernogalvan.sanfernando\/index.php\/desayunos-saludables\/\" data-type=\"page\" data-id=\"1974\">Desayunos Saludables<\/a><\/h4>\n\n\n\n<h4 class=\"wp-block-heading has-text-align-left\" style=\"font-size:22px\">Orientaci\u00f3n para familias<\/h4>\n<\/div>\n<\/div>\n","protected":false},"excerpt":{"rendered":"<p>3 a\u00f1os Los ni\u00f1os no tienen pasado ni futuro, por eso disfrutan del presente. Metodolog\u00eda Materiales Desayunos Saludables Orientaci\u00f3n para familias 4 [&hellip;]<\/p>\n","protected":false},"author":3,"featured_media":0,"parent":0,"menu_order":0,"comment_status":"closed","ping_status":"closed","template":"page-templates\/page_fullwidth.php","meta":{"footnotes":""},"folder":[],"class_list":["post-776","page","type-page","status-publish","hentry"],"rttpg_featured_image_url":null,"rttpg_author":{"display_name":"cp.tiernogalvan.sanfernando","author_link":"https:\/\/site.educa.madrid.org\/cp.tiernogalvan.sanfernando\/index.php\/author\/cuenta_cp-tiernogalvan-sanfernando\/"},"rttpg_comment":0,"rttpg_category":false,"rttpg_excerpt":"3 a\u00f1os Los ni\u00f1os no tienen pasado ni futuro, por eso disfrutan del presente. Metodolog\u00eda Materiales Desayunos Saludables Orientaci\u00f3n para familias 4 [&hellip;]","post_mailing_queue_ids":[],"_links":{"self":[{"href":"https:\/\/site.educa.madrid.org\/cp.tiernogalvan.sanfernando\/index.php\/wp-json\/wp\/v2\/pages\/776","targetHints":{"allow":["GET"]}}],"collection":[{"href":"https:\/\/site.educa.madrid.org\/cp.tiernogalvan.sanfernando\/index.php\/wp-json\/wp\/v2\/pages"}],"about":[{"href":"https:\/\/site.educa.madrid.org\/cp.tiernogalvan.sanfernando\/index.php\/wp-json\/wp\/v2\/types\/page"}],"author":[{"embeddable":true,"href":"https:\/\/site.educa.madrid.org\/cp.tiernogalvan.sanfernando\/index.php\/wp-json\/wp\/v2\/users\/3"}],"replies":[{"embeddable":true,"href":"https:\/\/site.educa.madrid.org\/cp.tiernogalvan.sanfernando\/index.php\/wp-json\/wp\/v2\/comments?post=776"}],"version-history":[{"count":25,"href":"https:\/\/site.educa.madrid.org\/cp.tiernogalvan.sanfernando\/index.php\/wp-json\/wp\/v2\/pages\/776\/revisions"}],"predecessor-version":[{"id":9542,"href":"https:\/\/site.educa.madrid.org\/cp.tiernogalvan.sanfernando\/index.php\/wp-json\/wp\/v2\/pages\/776\/revisions\/9542"}],"wp:attachment":[{"href":"https:\/\/site.educa.madrid.org\/cp.tiernogalvan.sanfernando\/index.php\/wp-json\/wp\/v2\/media?parent=776"}],"wp:term":[{"taxonomy":"folder","embeddable":true,"href":"https:\/\/site.educa.madrid.org\/cp.tiernogalvan.sanfernando\/index.php\/wp-json\/wp\/v2\/folder?post=776"}],"curies":[{"name":"wp","href":"https:\/\/api.w.org\/{rel}","templated":true}]}}