{"id":8888,"date":"2024-04-15T13:10:13","date_gmt":"2024-04-15T11:10:13","guid":{"rendered":"https:\/\/site.educa.madrid.org\/cp.tiernogalvan.sanfernando\/?page_id=8888"},"modified":"2024-10-29T09:47:57","modified_gmt":"2024-10-29T08:47:57","slug":"aula-del-futuro","status":"publish","type":"page","link":"https:\/\/site.educa.madrid.org\/cp.tiernogalvan.sanfernando\/index.php\/aula-del-futuro\/","title":{"rendered":"Aula del futuro"},"content":{"rendered":"\n<p>El Aula del Futuro es una iniciativa que busca la innovaci\u00f3n en las aulas mediante la implementaci\u00f3n de metodolog\u00edas activas, explotando al m\u00e1ximo los espacios del centro. Adem\u00e1s de combinar estos aspectos con el uso de la tecnolog\u00eda y todas las oportunidades que \u00e9sta nos ofrece para la mejora de los procesos de aprendizaje de nuestro alumnado.\u00a0 Este proyecto tiene como objetivo fundamental que el alumnado se convierta en el centro de sus procesos de aprendizaje, centr\u00e1ndose en el desarrollo de habilidades y competencias. Persiguiendo mediante el dise\u00f1o de situaciones de aprendizaje y actividades que el alumnado aprenda a hacer, haciendo. <\/p>\n\n\n\n<p>El pasado 22 de abril de 2024, el INTEF (Instituto Nacional de Tecnolog\u00edas Educativas y de Formaci\u00f3n de Profesorado) nos entreg\u00f3 el certificado de CENTRO CON AULA DEL FUTURO.<\/p>\n\n\n<div class=\"wp-block-image\">\n<figure class=\"aligncenter\"><img loading=\"lazy\" decoding=\"async\" width=\"563\" height=\"398\" src=\"https:\/\/site.educa.madrid.org\/cp.tiernogalvan.sanfernando\/\/wp-content\/uploads\/cp.tiernogalvan.sanfernando\/2024\/10\/SELLO-INTEF.jpg\" alt=\"\" class=\"wp-image-9559\" srcset=\"https:\/\/site.educa.madrid.org\/cp.tiernogalvan.sanfernando\/\/wp-content\/uploads\/cp.tiernogalvan.sanfernando\/2024\/10\/SELLO-INTEF.jpg 563w, https:\/\/site.educa.madrid.org\/cp.tiernogalvan.sanfernando\/\/wp-content\/uploads\/cp.tiernogalvan.sanfernando\/2024\/10\/SELLO-INTEF-300x212.jpg 300w, https:\/\/site.educa.madrid.org\/cp.tiernogalvan.sanfernando\/\/wp-content\/uploads\/cp.tiernogalvan.sanfernando\/2024\/10\/SELLO-INTEF-230x163.jpg 230w, https:\/\/site.educa.madrid.org\/cp.tiernogalvan.sanfernando\/\/wp-content\/uploads\/cp.tiernogalvan.sanfernando\/2024\/10\/SELLO-INTEF-350x247.jpg 350w, https:\/\/site.educa.madrid.org\/cp.tiernogalvan.sanfernando\/\/wp-content\/uploads\/cp.tiernogalvan.sanfernando\/2024\/10\/SELLO-INTEF-480x339.jpg 480w\" sizes=\"auto, (max-width: 563px) 100vw, 563px\" \/><\/figure>\n<\/div>\n\n\n<iframe loading=\"lazy\" src=\"https:\/\/mediateca.educa.madrid.org\/video\/c3ruabn53zoi8kej\/fs\" width=\"720\" height=\"515\" frameborder=\"0\" scrolling=\"no\" style=\"border:0;overflow:hidden\" allowfullscreen><\/iframe>\n\n\n\n<p>A continuaci\u00f3n, os mostramos las diferentes actividades que se est\u00e1n realizando en el AULA DEL FUTURO.<\/p>\n\n\n\n<div style=\"position: relative; width: 100%; height: 0; padding-top: 56.2500%;\n padding-bottom: 0; box-shadow: 0 2px 8px 0 rgba(63,69,81,0.16); margin-top: 1.6em; margin-bottom: 0.9em; overflow: hidden;\n border-radius: 8px; will-change: transform;\">\n  <iframe loading=\"lazy\" style=\"position: absolute; width: 80%; height: 80%; top: 0; left: 0; border: none; padding: 0;margin: 0;\"\n    src=\"https:&#x2F;&#x2F;www.canva.com&#x2F;design&#x2F;DAF7ofBOLJs&#x2F;Vl0VFvjYPYYovHlQdAXm0A&#x2F;watch?embed\" allowfullscreen=\"allowfullscreen\" allow=\"fullscreen\">\n  <\/iframe>\n<\/div>\n<a href=\"https:&#x2F;&#x2F;www.canva.com&#x2F;design&#x2F;DAF7ofBOLJs&#x2F;Vl0VFvjYPYYovHlQdAXm0A&#x2F;watch?utm_content=DAF7ofBOLJs&amp;utm_campaign=designshare&amp;utm_medium=embeds&amp;utm_source=link\" target=\"_blank\" rel=\"noopener\">PROYECTO RETOTECH\n","protected":false},"excerpt":{"rendered":"<p>El Aula del Futuro es una iniciativa que busca la innovaci\u00f3n en las aulas mediante la implementaci\u00f3n de metodolog\u00edas activas, explotando al [&hellip;]<\/p>\n","protected":false},"author":3,"featured_media":0,"parent":0,"menu_order":0,"comment_status":"closed","ping_status":"closed","template":"","meta":{"footnotes":""},"folder":[],"class_list":["post-8888","page","type-page","status-publish","hentry"],"rttpg_featured_image_url":null,"rttpg_author":{"display_name":"cp.tiernogalvan.sanfernando","author_link":"https:\/\/site.educa.madrid.org\/cp.tiernogalvan.sanfernando\/index.php\/author\/cuenta_cp-tiernogalvan-sanfernando\/"},"rttpg_comment":0,"rttpg_category":false,"rttpg_excerpt":"El Aula del Futuro es una iniciativa que busca la innovaci\u00f3n en las aulas mediante la implementaci\u00f3n de metodolog\u00edas activas, explotando al [&hellip;]","post_mailing_queue_ids":[],"_links":{"self":[{"href":"https:\/\/site.educa.madrid.org\/cp.tiernogalvan.sanfernando\/index.php\/wp-json\/wp\/v2\/pages\/8888","targetHints":{"allow":["GET"]}}],"collection":[{"href":"https:\/\/site.educa.madrid.org\/cp.tiernogalvan.sanfernando\/index.php\/wp-json\/wp\/v2\/pages"}],"about":[{"href":"https:\/\/site.educa.madrid.org\/cp.tiernogalvan.sanfernando\/index.php\/wp-json\/wp\/v2\/types\/page"}],"author":[{"embeddable":true,"href":"https:\/\/site.educa.madrid.org\/cp.tiernogalvan.sanfernando\/index.php\/wp-json\/wp\/v2\/users\/3"}],"replies":[{"embeddable":true,"href":"https:\/\/site.educa.madrid.org\/cp.tiernogalvan.sanfernando\/index.php\/wp-json\/wp\/v2\/comments?post=8888"}],"version-history":[{"count":5,"href":"https:\/\/site.educa.madrid.org\/cp.tiernogalvan.sanfernando\/index.php\/wp-json\/wp\/v2\/pages\/8888\/revisions"}],"predecessor-version":[{"id":9560,"href":"https:\/\/site.educa.madrid.org\/cp.tiernogalvan.sanfernando\/index.php\/wp-json\/wp\/v2\/pages\/8888\/revisions\/9560"}],"wp:attachment":[{"href":"https:\/\/site.educa.madrid.org\/cp.tiernogalvan.sanfernando\/index.php\/wp-json\/wp\/v2\/media?parent=8888"}],"wp:term":[{"taxonomy":"folder","embeddable":true,"href":"https:\/\/site.educa.madrid.org\/cp.tiernogalvan.sanfernando\/index.php\/wp-json\/wp\/v2\/folder?post=8888"}],"curies":[{"name":"wp","href":"https:\/\/api.w.org\/{rel}","templated":true}]}}