{"id":9568,"date":"2024-10-29T11:13:19","date_gmt":"2024-10-29T10:13:19","guid":{"rendered":"https:\/\/site.educa.madrid.org\/cp.tiernogalvan.sanfernando\/?page_id=9568"},"modified":"2025-03-03T16:41:52","modified_gmt":"2025-03-03T15:41:52","slug":"revision-de-examenes","status":"publish","type":"page","link":"https:\/\/site.educa.madrid.org\/cp.tiernogalvan.sanfernando\/index.php\/revision-de-examenes\/","title":{"rendered":"Revisi\u00f3n de notas"},"content":{"rendered":"<p>Seg\u00fan marca el art\u00edculo 20 de la Orden 130 de Evaluaci\u00f3n de la Comunidad de Madrid, la objetividad de las notas estar\u00e1 basado en este proceso:<\/p>\n<p>1. Con el fin de garantizar el derecho del alumnado a una evaluaci\u00f3n objetiva y a que su rendimiento escolar sea valorado conforme a criterios objetivos, los centros docentes llevar\u00e1n a cabo los procedimientos que se establecen en este art\u00edculo.<br \/>\n2. Se informar\u00e1 a las familias al comienzo de cada curso escolar de las unidades de programaci\u00f3n did\u00e1ctica que se abordar\u00e1n en dicho curso de la etapa, en concreto de los contenidos curriculares que se van a movilizar mediante las actividades o situaciones de aprendizaje, as\u00ed como de los instrumentos de evaluaci\u00f3n y criterios de calificaci\u00f3n, y su relaci\u00f3n con los criterios de evaluaci\u00f3n.<br \/>\n3. Las calificaciones de las \u00e1reas se comunicar\u00e1n por escrito a las familias o tutores legales al t\u00e9rmino de cada curso escolar. Tras esa comunicaci\u00f3n, el profesorado de las diferentes \u00e1reas estar\u00e1 a disposici\u00f3n de las familias o tutores legales para, mediante los procedimientos oportunos acordados por el centro, realizar las aclaraciones necesarias sobre las calificaciones obtenidas.<br \/>\n4. Si tras las aclaraciones del profesorado responsable de la impartici\u00f3n y calificaci\u00f3n de las \u00e1reas persistiera el desacuerdo, los padres o tutores legales del alumno podr\u00e1n solicitar, ante la direcci\u00f3n del centro, una revisi\u00f3n de las calificaciones emitidas.<br \/>\n5. La solicitud de revisi\u00f3n contendr\u00e1 cuantas alegaciones justifiquen la disconformidad con la calificaci\u00f3n del \u00e1rea o \u00e1reas cuestionadas, y se trasladar\u00e1 de inmediato al coordinador del ciclo afectado.<br \/>\n6. El coordinador de ciclo convocar\u00e1 a una reuni\u00f3n al conjunto de profesores del ciclo que imparte el \u00e1rea cuya calificaci\u00f3n ha sido cuestionada, con independencia de que el profesorado haya participado en la decisi\u00f3n de calificaci\u00f3n o no, y, de manera consensuada y tras revisar las unidades de programaci\u00f3n did\u00e1ctica del \u00e1rea en cuesti\u00f3n, concluir\u00e1n si proceden cambios en la calificaci\u00f3n o si, por el contrario, ratifican el resultado de evaluaci\u00f3n comunicado.<br \/>\n7. La conclusi\u00f3n anterior se redactar\u00e1 en un informe por parte del coordinador de ciclo, en el que constar\u00e1 si procede atender la petici\u00f3n de la familia o tutores legales o si, por el contrario, no procede. La descripci\u00f3n de los hechos ser\u00e1 detallada, se observar\u00e1 la relaci\u00f3n entre la calificaci\u00f3n obtenida y los criterios de evaluaci\u00f3n correspondientes y constar\u00e1n las actuaciones seguidas en el proceso de evaluaci\u00f3n.<br \/>\n8. El director del centro, analizado el informe redactado por el coordinador de ciclo, comunicar\u00e1 por escrito a las familias o tutores legales la decisi\u00f3n adoptada, de manera motivada.<br \/>\n9. En el caso de atender la petici\u00f3n de cambio de calificaci\u00f3n de las \u00e1reas, se proceder\u00e1 a la modificaci\u00f3n de la calificaci\u00f3n en el acta de evaluaci\u00f3n, de lo que quedar\u00e1 constancia con la consignaci\u00f3n de una diligencia que d\u00e9 cuenta de la correspondiente modificaci\u00f3n en el apartado de diligencias y observaciones.<br \/>\n10. Los procedimientos de revisi\u00f3n de calificaciones anteriores se realizar\u00e1n una vez comunicadas las calificaciones finales por escrito a las familias o tutores legales y antes de la finalizaci\u00f3n del curso acad\u00e9mico. Los centros docentes ajustar\u00e1n los tiempos, en funci\u00f3n de su autonom\u00eda, para garantizar esos procedimientos.<br \/>\n11. A lo largo del procedimiento de revisi\u00f3n de calificaciones, los padres o tutores legales podr\u00e1n obtener, previa solicitud al director del centro, copia individualizada y concreta de los documentos que condicionaron una calificaci\u00f3n.<br \/>\n12. En el caso de que tras el procedimiento de revisi\u00f3n en el centro persista el desacuerdo con las calificaciones obtenidas, los padres o tutores legales podr\u00e1n presentar por escrito, en el plazo de dos d\u00edas h\u00e1biles a partir de la \u00faltima comunicaci\u00f3n del director del centro, reclamaci\u00f3n ante el titular de la Direcci\u00f3n de \u00c1rea Territorial correspondiente, que resolver\u00e1 al respecto, previo informe del Servicio Territorial de Inspecci\u00f3n Educativa.<\/p>\n","protected":false},"excerpt":{"rendered":"<p>Seg\u00fan marca el art\u00edculo 20 de la Orden 130 de Evaluaci\u00f3n de la Comunidad de Madrid, la objetividad de las notas estar\u00e1 [&hellip;]<\/p>\n","protected":false},"author":3,"featured_media":0,"parent":0,"menu_order":0,"comment_status":"closed","ping_status":"closed","template":"","meta":{"footnotes":""},"folder":[],"class_list":["post-9568","page","type-page","status-publish","hentry"],"rttpg_featured_image_url":null,"rttpg_author":{"display_name":"cp.tiernogalvan.sanfernando","author_link":"https:\/\/site.educa.madrid.org\/cp.tiernogalvan.sanfernando\/index.php\/author\/cuenta_cp-tiernogalvan-sanfernando\/"},"rttpg_comment":0,"rttpg_category":false,"rttpg_excerpt":"Seg\u00fan marca el art\u00edculo 20 de la Orden 130 de Evaluaci\u00f3n de la Comunidad de Madrid, la objetividad de las notas estar\u00e1 [&hellip;]","post_mailing_queue_ids":[],"_links":{"self":[{"href":"https:\/\/site.educa.madrid.org\/cp.tiernogalvan.sanfernando\/index.php\/wp-json\/wp\/v2\/pages\/9568","targetHints":{"allow":["GET"]}}],"collection":[{"href":"https:\/\/site.educa.madrid.org\/cp.tiernogalvan.sanfernando\/index.php\/wp-json\/wp\/v2\/pages"}],"about":[{"href":"https:\/\/site.educa.madrid.org\/cp.tiernogalvan.sanfernando\/index.php\/wp-json\/wp\/v2\/types\/page"}],"author":[{"embeddable":true,"href":"https:\/\/site.educa.madrid.org\/cp.tiernogalvan.sanfernando\/index.php\/wp-json\/wp\/v2\/users\/3"}],"replies":[{"embeddable":true,"href":"https:\/\/site.educa.madrid.org\/cp.tiernogalvan.sanfernando\/index.php\/wp-json\/wp\/v2\/comments?post=9568"}],"version-history":[{"count":4,"href":"https:\/\/site.educa.madrid.org\/cp.tiernogalvan.sanfernando\/index.php\/wp-json\/wp\/v2\/pages\/9568\/revisions"}],"predecessor-version":[{"id":9746,"href":"https:\/\/site.educa.madrid.org\/cp.tiernogalvan.sanfernando\/index.php\/wp-json\/wp\/v2\/pages\/9568\/revisions\/9746"}],"wp:attachment":[{"href":"https:\/\/site.educa.madrid.org\/cp.tiernogalvan.sanfernando\/index.php\/wp-json\/wp\/v2\/media?parent=9568"}],"wp:term":[{"taxonomy":"folder","embeddable":true,"href":"https:\/\/site.educa.madrid.org\/cp.tiernogalvan.sanfernando\/index.php\/wp-json\/wp\/v2\/folder?post=9568"}],"curies":[{"name":"wp","href":"https:\/\/api.w.org\/{rel}","templated":true}]}}