{"id":9748,"date":"2025-03-04T10:30:13","date_gmt":"2025-03-04T09:30:13","guid":{"rendered":"https:\/\/site.educa.madrid.org\/cp.tiernogalvan.sanfernando\/?page_id=9748"},"modified":"2025-03-04T10:40:15","modified_gmt":"2025-03-04T09:40:15","slug":"resultados-de-las-pruebas-censales","status":"publish","type":"page","link":"https:\/\/site.educa.madrid.org\/cp.tiernogalvan.sanfernando\/index.php\/resultados-de-las-pruebas-censales\/","title":{"rendered":"Resultados de las pruebas censales"},"content":{"rendered":"<p>En esta p\u00e1gina, pueden encontrar los resultados de las pruebas de habilitaci\u00f3n ling\u00fc\u00edstica y censales obtenidas por el alumnado del centro en los \u00faltimos cursos escolares:<\/p>\n<p style=\"text-align: center;\"><strong>PRUEBAS DE HABILITACI\u00d3N LING\u00dcISTICA EN INGL\u00c9S EN SEXTO DE PRIMARIA<\/strong><\/p>\n<table width=\"653\">\n<tbody>\n<tr>\n<td style=\"text-align: center;\" colspan=\"7\" width=\"653\"><strong>NIVEL OBTENIDO DE HABILITACI\u00d3N LING\u00dc\u00cdSTICA<\/strong><\/td>\n<\/tr>\n<tr>\n<td style=\"text-align: center;\"><strong>CURSO<\/strong><\/td>\n<td style=\"text-align: center;\" width=\"110\"><strong>N\u00daMERO <\/strong><br \/>\n<strong>DE ALUMNOS<\/strong><\/td>\n<td style=\"text-align: center;\"><strong>B1<\/strong><\/td>\n<td style=\"text-align: center;\"><strong>A2<\/strong><\/td>\n<td style=\"text-align: center;\"><strong>A1<\/strong><\/td>\n<td style=\"text-align: center;\" width=\"104\"><strong>NO <\/strong><br \/>\n<strong>CUALIFICA<\/strong><\/td>\n<td style=\"text-align: center;\"><strong>EXENTO<\/strong><\/td>\n<\/tr>\n<tr>\n<td><strong>2020-2021<\/strong><\/td>\n<td>23<\/td>\n<td>11<\/td>\n<td>11<\/td>\n<td>1<\/td>\n<td>0<\/td>\n<td>1<\/td>\n<\/tr>\n<tr>\n<td><strong>2021-2022<\/strong><\/td>\n<td colspan=\"6\">PRUEBAS REALIZADAS EN EL INSTITUTO AL CURSO SIGUIENTE<\/td>\n<\/tr>\n<tr>\n<td><strong>2022-2023<\/strong><\/td>\n<td>24<\/td>\n<td>5<\/td>\n<td>7<\/td>\n<td>0<\/td>\n<td>9<\/td>\n<td>3<\/td>\n<\/tr>\n<tr>\n<td><strong>2023-2024<\/strong><\/td>\n<td>23<\/td>\n<td>6<\/td>\n<td>6<\/td>\n<td>5<\/td>\n<td>5<\/td>\n<td>1<\/td>\n<\/tr>\n<\/tbody>\n<\/table>\n<p style=\"text-align: center;\"><strong>PRUEBAS CENSALES EN LENGUA, MATEM\u00c1TICAS, INGL\u00c9S Y CIENCIAS SOCIALES EN CUARTO DE PRIMARIA<\/strong><\/p>\n<p><img loading=\"lazy\" decoding=\"async\" class=\"aligncenter wp-image-9759 size-full\" src=\"https:\/\/site.educa.madrid.org\/cp.tiernogalvan.sanfernando\/\/wp-content\/uploads\/cp.tiernogalvan.sanfernando\/2025\/03\/4.jpg\" alt=\"\" width=\"1166\" height=\"553\" srcset=\"https:\/\/site.educa.madrid.org\/cp.tiernogalvan.sanfernando\/\/wp-content\/uploads\/cp.tiernogalvan.sanfernando\/2025\/03\/4.jpg 1166w, https:\/\/site.educa.madrid.org\/cp.tiernogalvan.sanfernando\/\/wp-content\/uploads\/cp.tiernogalvan.sanfernando\/2025\/03\/4-300x142.jpg 300w, https:\/\/site.educa.madrid.org\/cp.tiernogalvan.sanfernando\/\/wp-content\/uploads\/cp.tiernogalvan.sanfernando\/2025\/03\/4-1024x486.jpg 1024w, https:\/\/site.educa.madrid.org\/cp.tiernogalvan.sanfernando\/\/wp-content\/uploads\/cp.tiernogalvan.sanfernando\/2025\/03\/4-768x364.jpg 768w, https:\/\/site.educa.madrid.org\/cp.tiernogalvan.sanfernando\/\/wp-content\/uploads\/cp.tiernogalvan.sanfernando\/2025\/03\/4-1000x474.jpg 1000w, https:\/\/site.educa.madrid.org\/cp.tiernogalvan.sanfernando\/\/wp-content\/uploads\/cp.tiernogalvan.sanfernando\/2025\/03\/4-230x109.jpg 230w, https:\/\/site.educa.madrid.org\/cp.tiernogalvan.sanfernando\/\/wp-content\/uploads\/cp.tiernogalvan.sanfernando\/2025\/03\/4-350x166.jpg 350w, https:\/\/site.educa.madrid.org\/cp.tiernogalvan.sanfernando\/\/wp-content\/uploads\/cp.tiernogalvan.sanfernando\/2025\/03\/4-480x228.jpg 480w\" sizes=\"auto, (max-width: 1166px) 100vw, 1166px\" \/><\/p>\n<p style=\"text-align: center;\"><strong>PRUEBAS CENSALES EN LENGUA, MATEM\u00c1TICAS, INGL\u00c9S Y CIENCIAS SOCIALES EN SEXTO DE PRIMARIA<\/strong><\/p>\n<p><img loading=\"lazy\" decoding=\"async\" class=\"aligncenter wp-image-9758 size-full\" src=\"https:\/\/site.educa.madrid.org\/cp.tiernogalvan.sanfernando\/\/wp-content\/uploads\/cp.tiernogalvan.sanfernando\/2025\/03\/6.jpg\" alt=\"\" width=\"1176\" height=\"561\" srcset=\"https:\/\/site.educa.madrid.org\/cp.tiernogalvan.sanfernando\/\/wp-content\/uploads\/cp.tiernogalvan.sanfernando\/2025\/03\/6.jpg 1176w, https:\/\/site.educa.madrid.org\/cp.tiernogalvan.sanfernando\/\/wp-content\/uploads\/cp.tiernogalvan.sanfernando\/2025\/03\/6-300x143.jpg 300w, https:\/\/site.educa.madrid.org\/cp.tiernogalvan.sanfernando\/\/wp-content\/uploads\/cp.tiernogalvan.sanfernando\/2025\/03\/6-1024x488.jpg 1024w, https:\/\/site.educa.madrid.org\/cp.tiernogalvan.sanfernando\/\/wp-content\/uploads\/cp.tiernogalvan.sanfernando\/2025\/03\/6-768x366.jpg 768w, https:\/\/site.educa.madrid.org\/cp.tiernogalvan.sanfernando\/\/wp-content\/uploads\/cp.tiernogalvan.sanfernando\/2025\/03\/6-1000x477.jpg 1000w, https:\/\/site.educa.madrid.org\/cp.tiernogalvan.sanfernando\/\/wp-content\/uploads\/cp.tiernogalvan.sanfernando\/2025\/03\/6-230x110.jpg 230w, https:\/\/site.educa.madrid.org\/cp.tiernogalvan.sanfernando\/\/wp-content\/uploads\/cp.tiernogalvan.sanfernando\/2025\/03\/6-350x167.jpg 350w, https:\/\/site.educa.madrid.org\/cp.tiernogalvan.sanfernando\/\/wp-content\/uploads\/cp.tiernogalvan.sanfernando\/2025\/03\/6-480x229.jpg 480w\" sizes=\"auto, (max-width: 1176px) 100vw, 1176px\" \/><\/p>\n","protected":false},"excerpt":{"rendered":"<p>En esta p\u00e1gina, pueden encontrar los resultados de las pruebas de habilitaci\u00f3n ling\u00fc\u00edstica y censales obtenidas por el alumnado del centro en [&hellip;]<\/p>\n","protected":false},"author":3,"featured_media":0,"parent":0,"menu_order":0,"comment_status":"closed","ping_status":"closed","template":"","meta":{"footnotes":""},"folder":[],"class_list":["post-9748","page","type-page","status-publish","hentry"],"rttpg_featured_image_url":null,"rttpg_author":{"display_name":"cp.tiernogalvan.sanfernando","author_link":"https:\/\/site.educa.madrid.org\/cp.tiernogalvan.sanfernando\/index.php\/author\/cuenta_cp-tiernogalvan-sanfernando\/"},"rttpg_comment":0,"rttpg_category":false,"rttpg_excerpt":"En esta p\u00e1gina, pueden encontrar los resultados de las pruebas de habilitaci\u00f3n ling\u00fc\u00edstica y censales obtenidas por el alumnado del centro en [&hellip;]","post_mailing_queue_ids":[],"_links":{"self":[{"href":"https:\/\/site.educa.madrid.org\/cp.tiernogalvan.sanfernando\/index.php\/wp-json\/wp\/v2\/pages\/9748","targetHints":{"allow":["GET"]}}],"collection":[{"href":"https:\/\/site.educa.madrid.org\/cp.tiernogalvan.sanfernando\/index.php\/wp-json\/wp\/v2\/pages"}],"about":[{"href":"https:\/\/site.educa.madrid.org\/cp.tiernogalvan.sanfernando\/index.php\/wp-json\/wp\/v2\/types\/page"}],"author":[{"embeddable":true,"href":"https:\/\/site.educa.madrid.org\/cp.tiernogalvan.sanfernando\/index.php\/wp-json\/wp\/v2\/users\/3"}],"replies":[{"embeddable":true,"href":"https:\/\/site.educa.madrid.org\/cp.tiernogalvan.sanfernando\/index.php\/wp-json\/wp\/v2\/comments?post=9748"}],"version-history":[{"count":4,"href":"https:\/\/site.educa.madrid.org\/cp.tiernogalvan.sanfernando\/index.php\/wp-json\/wp\/v2\/pages\/9748\/revisions"}],"predecessor-version":[{"id":9761,"href":"https:\/\/site.educa.madrid.org\/cp.tiernogalvan.sanfernando\/index.php\/wp-json\/wp\/v2\/pages\/9748\/revisions\/9761"}],"wp:attachment":[{"href":"https:\/\/site.educa.madrid.org\/cp.tiernogalvan.sanfernando\/index.php\/wp-json\/wp\/v2\/media?parent=9748"}],"wp:term":[{"taxonomy":"folder","embeddable":true,"href":"https:\/\/site.educa.madrid.org\/cp.tiernogalvan.sanfernando\/index.php\/wp-json\/wp\/v2\/folder?post=9748"}],"curies":[{"name":"wp","href":"https:\/\/api.w.org\/{rel}","templated":true}]}}