{"id":1162,"date":"2023-01-11T10:21:51","date_gmt":"2023-01-11T09:21:51","guid":{"rendered":"https:\/\/site.educa.madrid.org\/cp.tiernogalvan.trescantos\/?page_id=1162"},"modified":"2025-03-10T20:32:32","modified_gmt":"2025-03-10T19:32:32","slug":"proyecto-lova","status":"publish","type":"page","link":"https:\/\/site.educa.madrid.org\/cp.tiernogalvan.trescantos\/index.php\/proyectos\/proyecto-lova\/","title":{"rendered":"Proyecto L\u00d3VA"},"content":{"rendered":"<div class=\"wp-block-image\">\n<figure class=\"aligncenter size-full\"><img loading=\"lazy\" decoding=\"async\" width=\"220\" height=\"220\" src=\"https:\/\/site.educa.madrid.org\/cp.tiernogalvan.trescantos\/\/wp-content\/uploads\/cp.tiernogalvan.trescantos\/2023\/05\/Logo-LOVA_TR.png\" alt=\"\" class=\"wp-image-1182\" srcset=\"https:\/\/site.educa.madrid.org\/cp.tiernogalvan.trescantos\/\/wp-content\/uploads\/cp.tiernogalvan.trescantos\/2023\/05\/Logo-LOVA_TR.png 220w, https:\/\/site.educa.madrid.org\/cp.tiernogalvan.trescantos\/\/wp-content\/uploads\/cp.tiernogalvan.trescantos\/2023\/05\/Logo-LOVA_TR-150x150.png 150w\" sizes=\"auto, (max-width: 220px) 100vw, 220px\" \/><\/figure>\n<\/div>\n\n<p>Es un proyecto educativo de la Fundaci\u00f3n Teatro Real dirigido al alumnado de 5\u00ba de primaria de los centros educativos de la Comunidad de Madrid que tiene como objetivo la adquisici\u00f3n de las diferentes competencias clave a trav\u00e9s metodolog\u00edas activas y la creatividad.<\/p>\n<p>Para ello, L\u00d3VA propone a una clase convertirse en una compa\u00f1\u00eda que crea su propia \u00f3pera. La compa\u00f1\u00eda se organiza por profesiones y los alumnos son los protagonistas y creadores: escriben el libreto, dise\u00f1an la escenograf\u00eda, componen la m\u00fasica, confeccionan el vestuario, realizan la campa\u00f1a de prensa, recaudan fondos, dise\u00f1an y fabrican decorados, crean la iluminaci\u00f3n, etc. Al final del proceso, estrenan su \u00f3pera.<\/p>\n<p>Para m\u00e1s informaci\u00f3n, pincha <a href=\"https:\/\/www.teatroreal.es\/proyectolova\/\">aqu\u00ed.<\/a><\/p>\n<\/p>\n\n\n<p><\/p>\n","protected":false},"excerpt":{"rendered":"<p>Es un proyecto educativo de la Fundaci\u00f3n Teatro Real dirigido al alumnado de 5\u00ba de primaria de los centros educativos de la Comunidad de Madrid que tiene como objetivo la adquisici\u00f3n de las diferentes competencias clave a trav\u00e9s metodolog\u00edas activas y la creatividad. Para ello, L\u00d3VA propone a una clase convertirse en una compa\u00f1\u00eda que<\/p><\/div>\n<div class=\"blog-btn\"><a href=\"https:\/\/site.educa.madrid.org\/cp.tiernogalvan.trescantos\/index.php\/proyectos\/proyecto-lova\/\" class=\"home-blog-btn\">Leer m\u00e1s<\/a><\/p>\n","protected":false},"author":2,"featured_media":0,"parent":147,"menu_order":6,"comment_status":"closed","ping_status":"closed","template":"","meta":{"footnotes":""},"folder":[],"class_list":["post-1162","page","type-page","status-publish","hentry"],"rttpg_featured_image_url":null,"rttpg_author":{"display_name":"tic.cp.tiernogalvan.trescantos","author_link":"https:\/\/site.educa.madrid.org\/cp.tiernogalvan.trescantos\/index.php\/author\/cuenta_tic-cp-tiernogalvan-trescantos\/"},"rttpg_comment":0,"rttpg_category":false,"rttpg_excerpt":"Es un proyecto educativo de la Fundaci\u00f3n Teatro Real dirigido al alumnado de 5\u00ba de primaria de los centros educativos de la Comunidad de Madrid que tiene como objetivo la adquisici\u00f3n de las diferentes competencias clave a trav\u00e9s metodolog\u00edas activas y la creatividad. Para ello, L\u00d3VA propone a una clase convertirse en una compa\u00f1\u00eda queLeer&hellip;","post_mailing_queue_ids":[],"_links":{"self":[{"href":"https:\/\/site.educa.madrid.org\/cp.tiernogalvan.trescantos\/index.php\/wp-json\/wp\/v2\/pages\/1162","targetHints":{"allow":["GET"]}}],"collection":[{"href":"https:\/\/site.educa.madrid.org\/cp.tiernogalvan.trescantos\/index.php\/wp-json\/wp\/v2\/pages"}],"about":[{"href":"https:\/\/site.educa.madrid.org\/cp.tiernogalvan.trescantos\/index.php\/wp-json\/wp\/v2\/types\/page"}],"author":[{"embeddable":true,"href":"https:\/\/site.educa.madrid.org\/cp.tiernogalvan.trescantos\/index.php\/wp-json\/wp\/v2\/users\/2"}],"replies":[{"embeddable":true,"href":"https:\/\/site.educa.madrid.org\/cp.tiernogalvan.trescantos\/index.php\/wp-json\/wp\/v2\/comments?post=1162"}],"version-history":[{"count":3,"href":"https:\/\/site.educa.madrid.org\/cp.tiernogalvan.trescantos\/index.php\/wp-json\/wp\/v2\/pages\/1162\/revisions"}],"predecessor-version":[{"id":2110,"href":"https:\/\/site.educa.madrid.org\/cp.tiernogalvan.trescantos\/index.php\/wp-json\/wp\/v2\/pages\/1162\/revisions\/2110"}],"up":[{"embeddable":true,"href":"https:\/\/site.educa.madrid.org\/cp.tiernogalvan.trescantos\/index.php\/wp-json\/wp\/v2\/pages\/147"}],"wp:attachment":[{"href":"https:\/\/site.educa.madrid.org\/cp.tiernogalvan.trescantos\/index.php\/wp-json\/wp\/v2\/media?parent=1162"}],"wp:term":[{"taxonomy":"folder","embeddable":true,"href":"https:\/\/site.educa.madrid.org\/cp.tiernogalvan.trescantos\/index.php\/wp-json\/wp\/v2\/folder?post=1162"}],"curies":[{"name":"wp","href":"https:\/\/api.w.org\/{rel}","templated":true}]}}