{"id":1204,"date":"2023-05-25T11:09:57","date_gmt":"2023-05-25T09:09:57","guid":{"rendered":"https:\/\/site.educa.madrid.org\/cp.tiernogalvan.trescantos\/?page_id=1204"},"modified":"2025-03-10T20:32:09","modified_gmt":"2025-03-10T19:32:09","slug":"programa-de-altas-capacidades","status":"publish","type":"page","link":"https:\/\/site.educa.madrid.org\/cp.tiernogalvan.trescantos\/index.php\/proyectos\/programa-de-altas-capacidades\/","title":{"rendered":"Programa de Altas Capacidades"},"content":{"rendered":"<p><img loading=\"lazy\" decoding=\"async\" class=\"wp-image-1205 aligncenter\" src=\"https:\/\/site.educa.madrid.org\/cp.tiernogalvan.trescantos\/\/wp-content\/uploads\/cp.tiernogalvan.trescantos\/2023\/05\/altas-capacidades-300x162.jpg\" alt=\"\" width=\"394\" height=\"213\" srcset=\"https:\/\/site.educa.madrid.org\/cp.tiernogalvan.trescantos\/\/wp-content\/uploads\/cp.tiernogalvan.trescantos\/2023\/05\/altas-capacidades-300x162.jpg 300w, https:\/\/site.educa.madrid.org\/cp.tiernogalvan.trescantos\/\/wp-content\/uploads\/cp.tiernogalvan.trescantos\/2023\/05\/altas-capacidades-768x414.jpg 768w, https:\/\/site.educa.madrid.org\/cp.tiernogalvan.trescantos\/\/wp-content\/uploads\/cp.tiernogalvan.trescantos\/2023\/05\/altas-capacidades.jpg 1000w\" sizes=\"auto, (max-width: 394px) 100vw, 394px\" \/><\/p>\n\n\n<p>El fin primordial de nuestro colegio es responder a todas aquellas necesidades educativas que presenta el alumnado y consideramos muy importante, atender tambi\u00e9n, de una manera especial, a los alumnos con m\u00e1s posibilidades o con talentos espec\u00edficos.<\/p>\n\n\n\n<p>Este programa est\u00e1 destinado a los alumnos con altas capacidades intelectuales. Es un paso m\u00e1s en la atenci\u00f3n a la diversidad que siempre nos ha caracterizado.<\/p>\n\n\n\n<p>Tiene como objetivo intervenir en las necesidades espec\u00edficas de cada ni\u00f1o a nivel socio-emocional.<\/p>\n\n\n\n<p>Lo hacemos a trav\u00e9s de la aplicaci\u00f3n de un programa de enriquecimiento emocional.<\/p>\n\n\n\n<p>Se trabaja como eje central la creatividad y sus diferentes factores: fluidez, originalidad, flexibilidad\u2026<\/p>\n\n\n\n<p>Dependiendo de la actividad a realizar y del tiempo estimado para su realizaci\u00f3n se utilizan diferentes materiales en cada una de las sesiones, pretendiendo siempre motivar al alumnado para que aprenda de forma l\u00fadica y motivadora.&nbsp;<\/p>\n","protected":false},"excerpt":{"rendered":"<p>El fin primordial de nuestro colegio es responder a todas aquellas necesidades educativas que presenta el alumnado y consideramos muy importante, atender tambi\u00e9n, de una manera especial, a los alumnos con m\u00e1s posibilidades o con talentos espec\u00edficos. Este programa est\u00e1 destinado a los alumnos con altas capacidades intelectuales. Es un paso m\u00e1s en la atenci\u00f3n<\/p><\/div>\n<div class=\"blog-btn\"><a href=\"https:\/\/site.educa.madrid.org\/cp.tiernogalvan.trescantos\/index.php\/proyectos\/programa-de-altas-capacidades\/\" class=\"home-blog-btn\">Leer m\u00e1s<\/a><\/p>\n","protected":false},"author":2,"featured_media":0,"parent":147,"menu_order":0,"comment_status":"closed","ping_status":"closed","template":"","meta":{"footnotes":""},"folder":[],"class_list":["post-1204","page","type-page","status-publish","hentry"],"rttpg_featured_image_url":null,"rttpg_author":{"display_name":"tic.cp.tiernogalvan.trescantos","author_link":"https:\/\/site.educa.madrid.org\/cp.tiernogalvan.trescantos\/index.php\/author\/cuenta_tic-cp-tiernogalvan-trescantos\/"},"rttpg_comment":0,"rttpg_category":false,"rttpg_excerpt":"El fin primordial de nuestro colegio es responder a todas aquellas necesidades educativas que presenta el alumnado y consideramos muy importante, atender tambi\u00e9n, de una manera especial, a los alumnos con m\u00e1s posibilidades o con talentos espec\u00edficos. Este programa est\u00e1 destinado a los alumnos con altas capacidades intelectuales. Es un paso m\u00e1s en la atenci\u00f3nLeer&hellip;","post_mailing_queue_ids":[],"_links":{"self":[{"href":"https:\/\/site.educa.madrid.org\/cp.tiernogalvan.trescantos\/index.php\/wp-json\/wp\/v2\/pages\/1204","targetHints":{"allow":["GET"]}}],"collection":[{"href":"https:\/\/site.educa.madrid.org\/cp.tiernogalvan.trescantos\/index.php\/wp-json\/wp\/v2\/pages"}],"about":[{"href":"https:\/\/site.educa.madrid.org\/cp.tiernogalvan.trescantos\/index.php\/wp-json\/wp\/v2\/types\/page"}],"author":[{"embeddable":true,"href":"https:\/\/site.educa.madrid.org\/cp.tiernogalvan.trescantos\/index.php\/wp-json\/wp\/v2\/users\/2"}],"replies":[{"embeddable":true,"href":"https:\/\/site.educa.madrid.org\/cp.tiernogalvan.trescantos\/index.php\/wp-json\/wp\/v2\/comments?post=1204"}],"version-history":[{"count":2,"href":"https:\/\/site.educa.madrid.org\/cp.tiernogalvan.trescantos\/index.php\/wp-json\/wp\/v2\/pages\/1204\/revisions"}],"predecessor-version":[{"id":1270,"href":"https:\/\/site.educa.madrid.org\/cp.tiernogalvan.trescantos\/index.php\/wp-json\/wp\/v2\/pages\/1204\/revisions\/1270"}],"up":[{"embeddable":true,"href":"https:\/\/site.educa.madrid.org\/cp.tiernogalvan.trescantos\/index.php\/wp-json\/wp\/v2\/pages\/147"}],"wp:attachment":[{"href":"https:\/\/site.educa.madrid.org\/cp.tiernogalvan.trescantos\/index.php\/wp-json\/wp\/v2\/media?parent=1204"}],"wp:term":[{"taxonomy":"folder","embeddable":true,"href":"https:\/\/site.educa.madrid.org\/cp.tiernogalvan.trescantos\/index.php\/wp-json\/wp\/v2\/folder?post=1204"}],"curies":[{"name":"wp","href":"https:\/\/api.w.org\/{rel}","templated":true}]}}