{"id":1211,"date":"2023-05-25T11:13:41","date_gmt":"2023-05-25T09:13:41","guid":{"rendered":"https:\/\/site.educa.madrid.org\/cp.tiernogalvan.trescantos\/?page_id=1211"},"modified":"2025-03-10T20:36:10","modified_gmt":"2025-03-10T19:36:10","slug":"programa-digicraft","status":"publish","type":"page","link":"https:\/\/site.educa.madrid.org\/cp.tiernogalvan.trescantos\/index.php\/proyectos\/programa-digicraft\/","title":{"rendered":"Programa Digicraft"},"content":{"rendered":"<p><img loading=\"lazy\" decoding=\"async\" class=\"size-medium wp-image-1212 aligncenter\" src=\"https:\/\/site.educa.madrid.org\/cp.tiernogalvan.trescantos\/\/wp-content\/uploads\/cp.tiernogalvan.trescantos\/2023\/05\/Digicraft-800x355-1-300x133.jpg\" alt=\"\" width=\"300\" height=\"133\" srcset=\"https:\/\/site.educa.madrid.org\/cp.tiernogalvan.trescantos\/\/wp-content\/uploads\/cp.tiernogalvan.trescantos\/2023\/05\/Digicraft-800x355-1-300x133.jpg 300w, https:\/\/site.educa.madrid.org\/cp.tiernogalvan.trescantos\/\/wp-content\/uploads\/cp.tiernogalvan.trescantos\/2023\/05\/Digicraft-800x355-1-768x341.jpg 768w, https:\/\/site.educa.madrid.org\/cp.tiernogalvan.trescantos\/\/wp-content\/uploads\/cp.tiernogalvan.trescantos\/2023\/05\/Digicraft-800x355-1.jpg 800w\" sizes=\"auto, (max-width: 300px) 100vw, 300px\" \/><\/p>\n\n\n<p><strong>DigiCraft<\/strong>\u00a0es un programa educativo de la fundaci\u00f3n Vodafone Espa\u00f1a, en colaboraci\u00f3n con la Comunidad de Madrid, que tiene como objetivo formar a\u00a0<strong>ni\u00f1as y ni\u00f1os de entre 6 y 12 a\u00f1os<\/strong>\u00a0en las\u00a0<strong>competencias digitales<\/strong>\u00a0que les permitir\u00e1n desarrollar su m\u00e1ximo potencial. El programa se desarrolla en diferentes entornos, compartiendo en todo momento una s\u00f3lida base,\u00a0la metodolog\u00eda Digicraft.<\/p>\n\n\n\n<p>La metodolog\u00eda DigiCraft nace de la colaboraci\u00f3n de expertos en educaci\u00f3n y tecnolog\u00eda de la Universidad de Salamanca. Est\u00e1 dise\u00f1ada para trabajar las cinco \u00e1reas competenciales definidas en el marco DigComp con ni\u00f1os y ni\u00f1as, identificando qu\u00e9 competencias espec\u00edficas deben desarrollar y marcando objetivos determinados para cada rango de edad.<\/p>\n\n\n\n<p>Se fundamenta en el aprendizaje colaborativo, y busca la participaci\u00f3n activa del alumnado a trav\u00e9s del juego y la experimentaci\u00f3n, en un contexto que estimula su curiosidad, creatividad y desarrollo emocional positivo.<\/p>\n\n\n\n<p>Sit\u00faa en todo momento al menor en el centro del aprendizaje, presentando la competencia digital de una manera diferente y divertida a trav\u00e9s del uso de tecnolog\u00edas emergentes. Potencia el respeto por el medio ambiente, promoviendo el reciclaje y el uso responsable de dispositivos.<\/p>\n\n\n\n<p>Busca acercar el mundo digital y el mundo anal\u00f3gico, planteando actividades que no s\u00f3lo se basan en el uso de dispositivos electr\u00f3nicos, sino que implican desarrollo de habilidades motoras y cognitivas, pensamiento l\u00f3gico y trabajo en equipo.<\/p>\n\n\n\n<p>La competencia digital equivale al uso seguro y cr\u00edtico de la tecnolog\u00eda digital y cubre el conocimiento, las capacidades y las actitudes que todo ciudadano necesita en una sociedad digital en r\u00e1pida evoluci\u00f3n.<\/p>\n\n\n\n<p>El marco europeo DigComp define 5 \u00e1reas competenciales que configuran la competencia digital:<\/p>\n\n\n\n<ul class=\"wp-block-list\"><li>Informaci\u00f3n y alfabetizaci\u00f3n informacional<\/li><li>Comunicaci\u00f3n y colaboraci\u00f3n<\/li><li>Creaci\u00f3n de contenidos digitales<\/li><li>Seguridad<\/li><li>Resoluci\u00f3n de problemas<\/li><\/ul>\n\n\n\n<p>Para m\u00e1s informaci\u00f3n, pincha <a href=\"https:\/\/digicraft.fundacionvodafone.es\/presentacion\">aqu\u00ed.<\/a><\/p>\n","protected":false},"excerpt":{"rendered":"<p>DigiCraft\u00a0es un programa educativo de la fundaci\u00f3n Vodafone Espa\u00f1a, en colaboraci\u00f3n con la Comunidad de Madrid, que tiene como objetivo formar a\u00a0ni\u00f1as y ni\u00f1os de entre 6 y 12 a\u00f1os\u00a0en las\u00a0competencias digitales\u00a0que les permitir\u00e1n desarrollar su m\u00e1ximo potencial. El programa se desarrolla en diferentes entornos, compartiendo en todo momento una s\u00f3lida base,\u00a0la metodolog\u00eda Digicraft. La<\/p><\/div>\n<div class=\"blog-btn\"><a href=\"https:\/\/site.educa.madrid.org\/cp.tiernogalvan.trescantos\/index.php\/proyectos\/programa-digicraft\/\" class=\"home-blog-btn\">Leer m\u00e1s<\/a><\/p>\n","protected":false},"author":2,"featured_media":0,"parent":147,"menu_order":0,"comment_status":"closed","ping_status":"closed","template":"","meta":{"footnotes":""},"folder":[],"class_list":["post-1211","page","type-page","status-publish","hentry"],"rttpg_featured_image_url":null,"rttpg_author":{"display_name":"tic.cp.tiernogalvan.trescantos","author_link":"https:\/\/site.educa.madrid.org\/cp.tiernogalvan.trescantos\/index.php\/author\/cuenta_tic-cp-tiernogalvan-trescantos\/"},"rttpg_comment":0,"rttpg_category":false,"rttpg_excerpt":"DigiCraft\u00a0es un programa educativo de la fundaci\u00f3n Vodafone Espa\u00f1a, en colaboraci\u00f3n con la Comunidad de Madrid, que tiene como objetivo formar a\u00a0ni\u00f1as y ni\u00f1os de entre 6 y 12 a\u00f1os\u00a0en las\u00a0competencias digitales\u00a0que les permitir\u00e1n desarrollar su m\u00e1ximo potencial. El programa se desarrolla en diferentes entornos, compartiendo en todo momento una s\u00f3lida base,\u00a0la metodolog\u00eda Digicraft. LaLeer&hellip;","post_mailing_queue_ids":[],"_links":{"self":[{"href":"https:\/\/site.educa.madrid.org\/cp.tiernogalvan.trescantos\/index.php\/wp-json\/wp\/v2\/pages\/1211","targetHints":{"allow":["GET"]}}],"collection":[{"href":"https:\/\/site.educa.madrid.org\/cp.tiernogalvan.trescantos\/index.php\/wp-json\/wp\/v2\/pages"}],"about":[{"href":"https:\/\/site.educa.madrid.org\/cp.tiernogalvan.trescantos\/index.php\/wp-json\/wp\/v2\/types\/page"}],"author":[{"embeddable":true,"href":"https:\/\/site.educa.madrid.org\/cp.tiernogalvan.trescantos\/index.php\/wp-json\/wp\/v2\/users\/2"}],"replies":[{"embeddable":true,"href":"https:\/\/site.educa.madrid.org\/cp.tiernogalvan.trescantos\/index.php\/wp-json\/wp\/v2\/comments?post=1211"}],"version-history":[{"count":2,"href":"https:\/\/site.educa.madrid.org\/cp.tiernogalvan.trescantos\/index.php\/wp-json\/wp\/v2\/pages\/1211\/revisions"}],"predecessor-version":[{"id":1263,"href":"https:\/\/site.educa.madrid.org\/cp.tiernogalvan.trescantos\/index.php\/wp-json\/wp\/v2\/pages\/1211\/revisions\/1263"}],"up":[{"embeddable":true,"href":"https:\/\/site.educa.madrid.org\/cp.tiernogalvan.trescantos\/index.php\/wp-json\/wp\/v2\/pages\/147"}],"wp:attachment":[{"href":"https:\/\/site.educa.madrid.org\/cp.tiernogalvan.trescantos\/index.php\/wp-json\/wp\/v2\/media?parent=1211"}],"wp:term":[{"taxonomy":"folder","embeddable":true,"href":"https:\/\/site.educa.madrid.org\/cp.tiernogalvan.trescantos\/index.php\/wp-json\/wp\/v2\/folder?post=1211"}],"curies":[{"name":"wp","href":"https:\/\/api.w.org\/{rel}","templated":true}]}}