{"id":2220,"date":"2025-07-02T01:30:18","date_gmt":"2025-07-01T23:30:18","guid":{"rendered":"https:\/\/site.educa.madrid.org\/cp.tiernogalvan.trescantos\/?page_id=2220"},"modified":"2025-11-29T01:01:45","modified_gmt":"2025-11-29T00:01:45","slug":"admision-nuevos-alumnos-2020-2021-2","status":"publish","type":"page","link":"https:\/\/site.educa.madrid.org\/cp.tiernogalvan.trescantos\/index.php\/admision-nuevos-alumnos-2020-2021-2\/","title":{"rendered":"Sobre el Colegio"},"content":{"rendered":"\n<div style=\"height:19px\" aria-hidden=\"true\" class=\"wp-block-spacer\"><\/div>\n\n\n\n<p class=\"has-text-align-center\"><\/p>\n\n\n\n<div class=\"wp-block-buttons is-content-justification-center is-layout-flex wp-container-core-buttons-is-layout-16018d1d wp-block-buttons-is-layout-flex\">\n<div class=\"wp-block-button\"><a class=\"wp-block-button__link has-text-align-center wp-element-button\" href=\"https:\/\/site.educa.madrid.org\/cp.tiernogalvan.trescantos\/\/wp-content\/uploads\/cp.tiernogalvan.trescantos\/2025\/02\/CONOCE-NUESTRO-COLEGIO-2025.pdf\">Descargar PDF<\/a><\/div>\n<\/div>\n\n\n\n<div style=\"height:28px\" aria-hidden=\"true\" class=\"wp-block-spacer\"><\/div>\n\n\n\n<hr class=\"wp-block-separator has-alpha-channel-opacity\"\/>\n\n\n\n<div style=\"height:28px\" aria-hidden=\"true\" class=\"wp-block-spacer\"><\/div>\n\n\n\n<div class=\"wp-block-group texto-centrado\"><div class=\"wp-block-group__inner-container is-layout-constrained wp-block-group-is-layout-constrained\">\n<p>Desde el curso 2016, somos un Centro de Integraci\u00f3n especializado en alumnado con Trastorno Generalizado del Desarrollo (TGD), con un firme compromiso hacia una educaci\u00f3n inclusiva que atienda a la diversidad.<\/p>\n\n\n\n<p>En 2017 nos convertimos en colegio biling\u00fce desde 1\u00ba de Infantil, apostando por el aprendizaje temprano y el desarrollo del ingl\u00e9s desde los primeros a\u00f1os.<\/p>\n\n\n\n<p>Desde 2019 formamos parte del Proyecto Piloto de colegios triling\u00fces de la Comunidad de Madrid. Actualmente, el alumnado de 5\u00ba y 6\u00ba de Primaria recibe una sesi\u00f3n semanal de franc\u00e9s y contamos con una auxiliar de conversaci\u00f3n en este idioma, favoreciendo as\u00ed la inmersi\u00f3n ling\u00fc\u00edstica y cultural.<\/p>\n\n\n\n<p>Somos una comunidad educativa comprometida, donde la motivaci\u00f3n y la ilusi\u00f3n por ense\u00f1ar se mantienen vivas cada d\u00eda. Nuestro objetivo principal es ofrecer una educaci\u00f3n integral y de calidad, centrada en nuestros alumnos y alumnas.<\/p>\n\n\n\n<p>Trabajamos para fomentar el esfuerzo personal, la excelencia acad\u00e9mica y el deseo de aprender. Al mismo tiempo, damos un lugar central a valores como la amistad, el respeto, la empat\u00eda y la convivencia, que forman parte de nuestra identidad como centro.<\/p>\n\n\n\n<p>Agradecemos sinceramente a todas las familias que conf\u00edan en nuestro proyecto educativo. Y a quienes est\u00e9is valorando uniros a nuestra comunidad, os invitamos a conocernos mejor. \u00a1Estaremos encantados de recibiros!<\/p>\n<\/div><\/div>\n\n\n\n<div style=\"height:53px\" aria-hidden=\"true\" class=\"wp-block-spacer\"><\/div>\n\n\n\n<div class=\"wp-block-buttons is-horizontal is-content-justification-center is-layout-flex wp-container-core-buttons-is-layout-499968f5 wp-block-buttons-is-layout-flex\">\n<div class=\"wp-block-button has-custom-width wp-block-button__width-25\"><a class=\"wp-block-button__link has-vivid-red-background-color has-background wp-element-button\" href=\"https:\/\/site.educa.madrid.org\/cp.tiernogalvan.trescantos\/index.php\/contacto\/\" target=\"_blank\" rel=\"noreferrer noopener\">Contacto<\/a><\/div>\n<\/div>\n\n\n\n<div style=\"height:53px\" aria-hidden=\"true\" class=\"wp-block-spacer\"><\/div>\n\n\n<div class=\"wp-block-image\">\n<figure class=\"aligncenter size-full\"><img loading=\"lazy\" decoding=\"async\" width=\"1024\" height=\"683\" src=\"https:\/\/site.educa.madrid.org\/cp.tiernogalvan.trescantos\/\/wp-content\/uploads\/cp.tiernogalvan.trescantos\/2025\/07\/Tierno-Outside.jpg\" alt=\"\" class=\"wp-image-2239\" srcset=\"https:\/\/site.educa.madrid.org\/cp.tiernogalvan.trescantos\/\/wp-content\/uploads\/cp.tiernogalvan.trescantos\/2025\/07\/Tierno-Outside.jpg 1024w, https:\/\/site.educa.madrid.org\/cp.tiernogalvan.trescantos\/\/wp-content\/uploads\/cp.tiernogalvan.trescantos\/2025\/07\/Tierno-Outside-300x200.jpg 300w, https:\/\/site.educa.madrid.org\/cp.tiernogalvan.trescantos\/\/wp-content\/uploads\/cp.tiernogalvan.trescantos\/2025\/07\/Tierno-Outside-768x512.jpg 768w, https:\/\/site.educa.madrid.org\/cp.tiernogalvan.trescantos\/\/wp-content\/uploads\/cp.tiernogalvan.trescantos\/2025\/07\/Tierno-Outside-391x260.jpg 391w, https:\/\/site.educa.madrid.org\/cp.tiernogalvan.trescantos\/\/wp-content\/uploads\/cp.tiernogalvan.trescantos\/2025\/07\/Tierno-Outside-272x182.jpg 272w\" sizes=\"auto, (max-width: 1024px) 100vw, 1024px\" \/><\/figure>\n<\/div>\n\n\n<p class=\"has-text-align-center\"><strong>C\u00d3DIGO DE CENTRO: 28039384<\/strong><\/p>\n","protected":false},"excerpt":{"rendered":"<p>Desde el curso 2016, somos un Centro de Integraci\u00f3n especializado en alumnado con Trastorno Generalizado del Desarrollo (TGD), con un firme compromiso hacia una educaci\u00f3n inclusiva que atienda a la diversidad. En 2017 nos convertimos en colegio biling\u00fce desde 1\u00ba de Infantil, apostando por el aprendizaje temprano y el desarrollo del ingl\u00e9s desde los primeros<\/p><\/div>\n<div class=\"blog-btn\"><a href=\"https:\/\/site.educa.madrid.org\/cp.tiernogalvan.trescantos\/index.php\/admision-nuevos-alumnos-2020-2021-2\/\" class=\"home-blog-btn\">Leer m\u00e1s<\/a><\/p>\n","protected":false},"author":2,"featured_media":0,"parent":0,"menu_order":0,"comment_status":"closed","ping_status":"closed","template":"template\/template-page-full-width.php","meta":{"footnotes":""},"folder":[],"class_list":["post-2220","page","type-page","status-publish","hentry"],"rttpg_featured_image_url":null,"rttpg_author":{"display_name":"tic.cp.tiernogalvan.trescantos","author_link":"https:\/\/site.educa.madrid.org\/cp.tiernogalvan.trescantos\/index.php\/author\/cuenta_tic-cp-tiernogalvan-trescantos\/"},"rttpg_comment":0,"rttpg_category":false,"rttpg_excerpt":"Desde el curso 2016, somos un Centro de Integraci\u00f3n especializado en alumnado con Trastorno Generalizado del Desarrollo (TGD), con un firme compromiso hacia una educaci\u00f3n inclusiva que atienda a la diversidad. En 2017 nos convertimos en colegio biling\u00fce desde 1\u00ba de Infantil, apostando por el aprendizaje temprano y el desarrollo del ingl\u00e9s desde los primerosLeer&hellip;","post_mailing_queue_ids":[],"_links":{"self":[{"href":"https:\/\/site.educa.madrid.org\/cp.tiernogalvan.trescantos\/index.php\/wp-json\/wp\/v2\/pages\/2220","targetHints":{"allow":["GET"]}}],"collection":[{"href":"https:\/\/site.educa.madrid.org\/cp.tiernogalvan.trescantos\/index.php\/wp-json\/wp\/v2\/pages"}],"about":[{"href":"https:\/\/site.educa.madrid.org\/cp.tiernogalvan.trescantos\/index.php\/wp-json\/wp\/v2\/types\/page"}],"author":[{"embeddable":true,"href":"https:\/\/site.educa.madrid.org\/cp.tiernogalvan.trescantos\/index.php\/wp-json\/wp\/v2\/users\/2"}],"replies":[{"embeddable":true,"href":"https:\/\/site.educa.madrid.org\/cp.tiernogalvan.trescantos\/index.php\/wp-json\/wp\/v2\/comments?post=2220"}],"version-history":[{"count":7,"href":"https:\/\/site.educa.madrid.org\/cp.tiernogalvan.trescantos\/index.php\/wp-json\/wp\/v2\/pages\/2220\/revisions"}],"predecessor-version":[{"id":2321,"href":"https:\/\/site.educa.madrid.org\/cp.tiernogalvan.trescantos\/index.php\/wp-json\/wp\/v2\/pages\/2220\/revisions\/2321"}],"wp:attachment":[{"href":"https:\/\/site.educa.madrid.org\/cp.tiernogalvan.trescantos\/index.php\/wp-json\/wp\/v2\/media?parent=2220"}],"wp:term":[{"taxonomy":"folder","embeddable":true,"href":"https:\/\/site.educa.madrid.org\/cp.tiernogalvan.trescantos\/index.php\/wp-json\/wp\/v2\/folder?post=2220"}],"curies":[{"name":"wp","href":"https:\/\/api.w.org\/{rel}","templated":true}]}}