{"id":2294,"date":"2025-11-25T09:49:27","date_gmt":"2025-11-25T08:49:27","guid":{"rendered":"https:\/\/site.educa.madrid.org\/cp.tiernogalvan.trescantos\/?page_id=2294"},"modified":"2025-11-25T09:49:27","modified_gmt":"2025-11-25T08:49:27","slug":"zona-bienestar","status":"publish","type":"page","link":"https:\/\/site.educa.madrid.org\/cp.tiernogalvan.trescantos\/index.php\/zona-bienestar\/","title":{"rendered":"Zona Bienestar"},"content":{"rendered":"<p>\u00abEn nuestro colegio queremos que cada familia sienta que este es, tambi\u00e9n, su lugar. Sabemos que el bienestar de ni\u00f1as y ni\u00f1os se construye entre todos\/as, por eso abrimos un espacio pensado para acompa\u00f1arnos, informarnos y crecer juntos.<\/p>\n<p>Aqu\u00ed podr\u00e9is encontrar recursos sencillos e informaciones \u00fatiles y seguras . Nuestro mayor deseo es que tanto los peques como vosotras y vosotros, las familias, os sint\u00e1is informados y apoyados en este camino compartido.<\/p>\n<p>Juntas y juntos hacemos del colegio una comunidad escolar, donde aprender y disfrutar va de la mano con cuidarnos entre todos\u00bb<\/p>\n","protected":false},"excerpt":{"rendered":"<p>\u00abEn nuestro colegio queremos que cada familia sienta que este es, tambi\u00e9n, su lugar. Sabemos que el bienestar de ni\u00f1as y ni\u00f1os se construye entre todos\/as, por eso abrimos un espacio pensado para acompa\u00f1arnos, informarnos y crecer juntos. Aqu\u00ed podr\u00e9is encontrar recursos sencillos e informaciones \u00fatiles y seguras . Nuestro mayor deseo es que tanto<\/p><\/div>\n<div class=\"blog-btn\"><a href=\"https:\/\/site.educa.madrid.org\/cp.tiernogalvan.trescantos\/index.php\/zona-bienestar\/\" class=\"home-blog-btn\">Leer m\u00e1s<\/a><\/p>\n","protected":false},"author":2,"featured_media":0,"parent":0,"menu_order":0,"comment_status":"closed","ping_status":"closed","template":"template\/template-page-full-width.php","meta":{"footnotes":""},"folder":[],"class_list":["post-2294","page","type-page","status-publish","hentry"],"rttpg_featured_image_url":null,"rttpg_author":{"display_name":"tic.cp.tiernogalvan.trescantos","author_link":"https:\/\/site.educa.madrid.org\/cp.tiernogalvan.trescantos\/index.php\/author\/cuenta_tic-cp-tiernogalvan-trescantos\/"},"rttpg_comment":0,"rttpg_category":false,"rttpg_excerpt":"\u00abEn nuestro colegio queremos que cada familia sienta que este es, tambi\u00e9n, su lugar. Sabemos que el bienestar de ni\u00f1as y ni\u00f1os se construye entre todos\/as, por eso abrimos un espacio pensado para acompa\u00f1arnos, informarnos y crecer juntos. Aqu\u00ed podr\u00e9is encontrar recursos sencillos e informaciones \u00fatiles y seguras . Nuestro mayor deseo es que tantoLeer&hellip;","post_mailing_queue_ids":[],"_links":{"self":[{"href":"https:\/\/site.educa.madrid.org\/cp.tiernogalvan.trescantos\/index.php\/wp-json\/wp\/v2\/pages\/2294","targetHints":{"allow":["GET"]}}],"collection":[{"href":"https:\/\/site.educa.madrid.org\/cp.tiernogalvan.trescantos\/index.php\/wp-json\/wp\/v2\/pages"}],"about":[{"href":"https:\/\/site.educa.madrid.org\/cp.tiernogalvan.trescantos\/index.php\/wp-json\/wp\/v2\/types\/page"}],"author":[{"embeddable":true,"href":"https:\/\/site.educa.madrid.org\/cp.tiernogalvan.trescantos\/index.php\/wp-json\/wp\/v2\/users\/2"}],"replies":[{"embeddable":true,"href":"https:\/\/site.educa.madrid.org\/cp.tiernogalvan.trescantos\/index.php\/wp-json\/wp\/v2\/comments?post=2294"}],"version-history":[{"count":1,"href":"https:\/\/site.educa.madrid.org\/cp.tiernogalvan.trescantos\/index.php\/wp-json\/wp\/v2\/pages\/2294\/revisions"}],"predecessor-version":[{"id":2295,"href":"https:\/\/site.educa.madrid.org\/cp.tiernogalvan.trescantos\/index.php\/wp-json\/wp\/v2\/pages\/2294\/revisions\/2295"}],"wp:attachment":[{"href":"https:\/\/site.educa.madrid.org\/cp.tiernogalvan.trescantos\/index.php\/wp-json\/wp\/v2\/media?parent=2294"}],"wp:term":[{"taxonomy":"folder","embeddable":true,"href":"https:\/\/site.educa.madrid.org\/cp.tiernogalvan.trescantos\/index.php\/wp-json\/wp\/v2\/folder?post=2294"}],"curies":[{"name":"wp","href":"https:\/\/api.w.org\/{rel}","templated":true}]}}