{"id":562,"date":"2021-04-10T10:29:51","date_gmt":"2021-04-10T10:29:51","guid":{"rendered":"https:\/\/site.educa.madrid.org\/cp.tiernogalvan.trescantos\/?page_id=562"},"modified":"2025-03-10T20:33:03","modified_gmt":"2025-03-10T19:33:03","slug":"programa-escolar-de-consumo-de-frutas-hortalizas-y-leche","status":"publish","type":"page","link":"https:\/\/site.educa.madrid.org\/cp.tiernogalvan.trescantos\/index.php\/proyectos\/programa-escolar-de-consumo-de-frutas-hortalizas-y-leche\/","title":{"rendered":"Programa Frutas y Leche"},"content":{"rendered":"\n<h2 class=\"wp-block-heading\">Programa Escolar de Consumo de Frutas, Hortalizas y Leche<\/h2>\n\n\n\n<p>Se trata de una iniciativa de la Uni\u00f3n Europea destinada a fomentar h\u00e1bitos de alimentaci\u00f3n saludables.&nbsp;En el caso de nuestro centro, el programa consistir\u00e1 en la&nbsp;distribuci\u00f3n de fruta y leche&nbsp;as\u00ed como en la difusi\u00f3n de informaci\u00f3n espec\u00edfica para concienciar a los alumnos acerca de la importancia de una buena nutrici\u00f3n, como se producen y las propiedades de los alimentos. La campa\u00f1a incluye productos destinados para su consumo durante el per\u00edodo de recreo y que no pueden ser utilizados durante el comedor escolar o fuera del centro.<\/p>\n\n\n\n<hr class=\"wp-block-separator has-css-opacity\"\/>\n\n\n\n<h1 class=\"wp-block-heading\">FRUTA Y LECHE GRATUITA<\/h1>\n\n\n\n<p>Desde hace dos a\u00f1os estamos apuntados a este programa donde nos suministran fruta y leche gratuita&nbsp; para la hora del recreo<\/p>\n\n\n\n<p>Suministro de fruta<\/p>\n\n\n\n<p>La fruta (manzana, pera, mandarina y pl\u00e1tano) se distribuye para su consumo durante tres d\u00edas a la semana y est\u00e1 destinada a los alumnos de Educaci\u00f3n Primaria. Un d\u00eda a la semana se ofrece a infantil si hay excedente.<\/p>\n\n\n\n<p>La fruta se presenta lavada y apta para ser consumida.<\/p>\n\n\n\n<p>Suministro de leche<\/p>\n\n\n\n<p>El reparto de leche se efectuar\u00e1 dos d\u00edas por semana a los alumnos de&nbsp;Educaci\u00f3n Infantil y Educaci\u00f3n Primaria.<\/p>\n\n\n\n<p>La leche es entera y para facilitar su consumo, se suministra en envases&nbsp;tetrabriks individuales de 200 ml. que no requieren conservaci\u00f3n en frio.<\/p>\n\n\n\n<p>Para los ni\u00f1os intolerantes o al\u00e9rgicos a la lactosa que presentaron un justificante m\u00e9dico se les pedir\u00e1 sin lactosa.<\/p>\n\n\n\n<p>IMPORTANTE:&nbsp;Es necesario poner en conocimiento del centro las posibles alergias o intolerancias de su hijo a los productos (leche, manzana, pera o pl\u00e1tano) que ser\u00e1n&nbsp;suministrados durante la campa\u00f1a.<\/p>\n\n\n\n<div style=\"height:100px\" aria-hidden=\"true\" class=\"wp-block-spacer\"><\/div>\n\n\n\n<figure class=\"wp-block-gallery has-nested-images columns-default is-cropped wp-block-gallery-1 is-layout-flex wp-block-gallery-is-layout-flex\">\n<figure class=\"wp-block-image size-large\"><img loading=\"lazy\" decoding=\"async\" width=\"227\" height=\"309\" data-id=\"574\" src=\"https:\/\/site.educa.madrid.org\/cp.tiernogalvan.trescantos\/\/wp-content\/uploads\/cp.tiernogalvan.trescantos\/2021\/04\/cache_2490308482-1.jpeg\" alt=\"\" class=\"wp-image-574\" srcset=\"https:\/\/site.educa.madrid.org\/cp.tiernogalvan.trescantos\/\/wp-content\/uploads\/cp.tiernogalvan.trescantos\/2021\/04\/cache_2490308482-1.jpeg 227w, https:\/\/site.educa.madrid.org\/cp.tiernogalvan.trescantos\/\/wp-content\/uploads\/cp.tiernogalvan.trescantos\/2021\/04\/cache_2490308482-1-220x300.jpeg 220w\" sizes=\"auto, (max-width: 227px) 100vw, 227px\" \/><\/figure>\n\n\n\n<figure class=\"wp-block-image size-large\"><img loading=\"lazy\" decoding=\"async\" width=\"436\" height=\"327\" data-id=\"575\" src=\"https:\/\/site.educa.madrid.org\/cp.tiernogalvan.trescantos\/\/wp-content\/uploads\/cp.tiernogalvan.trescantos\/2021\/04\/cache_2490337388-2.jpg\" alt=\"\" class=\"wp-image-575\" srcset=\"https:\/\/site.educa.madrid.org\/cp.tiernogalvan.trescantos\/\/wp-content\/uploads\/cp.tiernogalvan.trescantos\/2021\/04\/cache_2490337388-2.jpg 436w, https:\/\/site.educa.madrid.org\/cp.tiernogalvan.trescantos\/\/wp-content\/uploads\/cp.tiernogalvan.trescantos\/2021\/04\/cache_2490337388-2-300x225.jpg 300w\" sizes=\"auto, (max-width: 436px) 100vw, 436px\" \/><\/figure>\n<\/figure>\n","protected":false},"excerpt":{"rendered":"<p>Programa Escolar de Consumo de Frutas, Hortalizas y Leche Se trata de una iniciativa de la Uni\u00f3n Europea destinada a fomentar h\u00e1bitos de alimentaci\u00f3n saludables.&nbsp;En el caso de nuestro centro, el programa consistir\u00e1 en la&nbsp;distribuci\u00f3n de fruta y leche&nbsp;as\u00ed como en la difusi\u00f3n de informaci\u00f3n espec\u00edfica para concienciar a los alumnos acerca de la importancia<\/p><\/div>\n<div class=\"blog-btn\"><a href=\"https:\/\/site.educa.madrid.org\/cp.tiernogalvan.trescantos\/index.php\/proyectos\/programa-escolar-de-consumo-de-frutas-hortalizas-y-leche\/\" class=\"home-blog-btn\">Leer m\u00e1s<\/a><\/p>\n","protected":false},"author":2,"featured_media":0,"parent":147,"menu_order":0,"comment_status":"closed","ping_status":"closed","template":"","meta":{"footnotes":""},"folder":[],"class_list":["post-562","page","type-page","status-publish","hentry"],"rttpg_featured_image_url":null,"rttpg_author":{"display_name":"tic.cp.tiernogalvan.trescantos","author_link":"https:\/\/site.educa.madrid.org\/cp.tiernogalvan.trescantos\/index.php\/author\/cuenta_tic-cp-tiernogalvan-trescantos\/"},"rttpg_comment":0,"rttpg_category":false,"rttpg_excerpt":"Programa Escolar de Consumo de Frutas, Hortalizas y Leche Se trata de una iniciativa de la Uni\u00f3n Europea destinada a fomentar h\u00e1bitos de alimentaci\u00f3n saludables.&nbsp;En el caso de nuestro centro, el programa consistir\u00e1 en la&nbsp;distribuci\u00f3n de fruta y leche&nbsp;as\u00ed como en la difusi\u00f3n de informaci\u00f3n espec\u00edfica para concienciar a los alumnos acerca de la importanciaLeer&hellip;","post_mailing_queue_ids":[],"_links":{"self":[{"href":"https:\/\/site.educa.madrid.org\/cp.tiernogalvan.trescantos\/index.php\/wp-json\/wp\/v2\/pages\/562","targetHints":{"allow":["GET"]}}],"collection":[{"href":"https:\/\/site.educa.madrid.org\/cp.tiernogalvan.trescantos\/index.php\/wp-json\/wp\/v2\/pages"}],"about":[{"href":"https:\/\/site.educa.madrid.org\/cp.tiernogalvan.trescantos\/index.php\/wp-json\/wp\/v2\/types\/page"}],"author":[{"embeddable":true,"href":"https:\/\/site.educa.madrid.org\/cp.tiernogalvan.trescantos\/index.php\/wp-json\/wp\/v2\/users\/2"}],"replies":[{"embeddable":true,"href":"https:\/\/site.educa.madrid.org\/cp.tiernogalvan.trescantos\/index.php\/wp-json\/wp\/v2\/comments?post=562"}],"version-history":[{"count":6,"href":"https:\/\/site.educa.madrid.org\/cp.tiernogalvan.trescantos\/index.php\/wp-json\/wp\/v2\/pages\/562\/revisions"}],"predecessor-version":[{"id":2111,"href":"https:\/\/site.educa.madrid.org\/cp.tiernogalvan.trescantos\/index.php\/wp-json\/wp\/v2\/pages\/562\/revisions\/2111"}],"up":[{"embeddable":true,"href":"https:\/\/site.educa.madrid.org\/cp.tiernogalvan.trescantos\/index.php\/wp-json\/wp\/v2\/pages\/147"}],"wp:attachment":[{"href":"https:\/\/site.educa.madrid.org\/cp.tiernogalvan.trescantos\/index.php\/wp-json\/wp\/v2\/media?parent=562"}],"wp:term":[{"taxonomy":"folder","embeddable":true,"href":"https:\/\/site.educa.madrid.org\/cp.tiernogalvan.trescantos\/index.php\/wp-json\/wp\/v2\/folder?post=562"}],"curies":[{"name":"wp","href":"https:\/\/api.w.org\/{rel}","templated":true}]}}