{"id":580,"date":"2021-04-10T10:43:46","date_gmt":"2021-04-10T10:43:46","guid":{"rendered":"https:\/\/site.educa.madrid.org\/cp.tiernogalvan.trescantos\/?page_id=580"},"modified":"2025-03-10T20:33:16","modified_gmt":"2025-03-10T19:33:16","slug":"proyecto-ranopla","status":"publish","type":"page","link":"https:\/\/site.educa.madrid.org\/cp.tiernogalvan.trescantos\/index.php\/proyectos\/proyecto-ranopla\/","title":{"rendered":"Proyecto Ranopla y MadRead"},"content":{"rendered":"\n<div class=\"wp-block-image\"><figure class=\"alignleft size-large is-resized\"><img loading=\"lazy\" decoding=\"async\" src=\"https:\/\/site.educa.madrid.org\/cp.tiernogalvan.trescantos\/\/wp-content\/uploads\/cp.tiernogalvan.trescantos\/2021\/04\/cache_2442531287.jpg\" alt=\"\" class=\"wp-image-583\" width=\"281\" height=\"164\" srcset=\"https:\/\/site.educa.madrid.org\/cp.tiernogalvan.trescantos\/\/wp-content\/uploads\/cp.tiernogalvan.trescantos\/2021\/04\/cache_2442531287.jpg 390w, https:\/\/site.educa.madrid.org\/cp.tiernogalvan.trescantos\/\/wp-content\/uploads\/cp.tiernogalvan.trescantos\/2021\/04\/cache_2442531287-300x175.jpg 300w\" sizes=\"auto, (max-width: 281px) 100vw, 281px\" \/><\/figure><\/div>\n\n\n\n<h2 class=\"wp-block-heading\">Proyecto Ranopla y MadRead<\/h2>\n\n\n\n<p>La idea central del proyecto \u201cRanopla\u201d es que los ni\u00f1os lean libros en sus casas o en el colegio y que entren en p\u00e1gina web&nbsp;<a rel=\"noreferrer noopener\" href=\"http:\/\/www.ranopla.es\/\" target=\"_blank\">www.ranopla.es<\/a>, una vez dados de alta por los profesores, para contestar una serie de preguntas sobre los libros que han le\u00eddo. Las preguntas sobre los libros, est\u00e1n formuladas por profesionales&nbsp;de la ense\u00f1anza de primaria de todos los ciclos y est\u00e1n redactadas de tal forma que reflejan la estructura del libro:&nbsp;inicio, desarrollo y conclusi\u00f3n. Para responder a dichas preguntas disponen de un tiempo limitado, pero suficiente y los ni\u00f1os tienen que elegir entre una de tres respuestas, la correcta. \u201cRanopla\u201d es&nbsp;una herramienta muy v\u00e1lida para los profesores. En un solo \u201cclic\u201d tienen todos los datos para realizar un seguimiento personal de la evoluci\u00f3n lectora de sus alumnos, as\u00ed como del conjunto de la clase. De esta manera, combinamos el manejo de las nuevas tecnolog\u00edas, la novedad, la autosuficiencia&nbsp;y la comprensi\u00f3n lectora.<\/p>\n\n\n\n<div class=\"wp-block-image\"><figure class=\"alignright size-full is-resized\"><img loading=\"lazy\" decoding=\"async\" src=\"https:\/\/site.educa.madrid.org\/cp.tiernogalvan.trescantos\/\/wp-content\/uploads\/cp.tiernogalvan.trescantos\/2023\/05\/MadReadsinLimites_0.png\" alt=\"\" class=\"wp-image-1173\" width=\"290\" height=\"290\" srcset=\"https:\/\/site.educa.madrid.org\/cp.tiernogalvan.trescantos\/\/wp-content\/uploads\/cp.tiernogalvan.trescantos\/2023\/05\/MadReadsinLimites_0.png 480w, https:\/\/site.educa.madrid.org\/cp.tiernogalvan.trescantos\/\/wp-content\/uploads\/cp.tiernogalvan.trescantos\/2023\/05\/MadReadsinLimites_0-300x300.png 300w, https:\/\/site.educa.madrid.org\/cp.tiernogalvan.trescantos\/\/wp-content\/uploads\/cp.tiernogalvan.trescantos\/2023\/05\/MadReadsinLimites_0-150x150.png 150w\" sizes=\"auto, (max-width: 290px) 100vw, 290px\" \/><\/figure><\/div>\n\n\n\n<p><br>El proyecto MadRead, para alumnos de 5\u00ba  y 6\u00ba, hace posible la implantaci\u00f3n de una Biblioteca Digital a disposici\u00f3n de alumnos y profesores, en ingl\u00e9s, franc\u00e9s, alem\u00e1n y castellano, que est\u00e1 integrado en Educamadrid y cuenta con materiales did\u00e1cticos relacionados con las lecturas, plan lector de centro y clubs de lectura que pueden ser creados por el profesorado para la participaci\u00f3n de los estudiantes y el desarrollo de sus destrezas lectoras. Para saber m\u00e1s, pincha<a href=\"https:\/\/innovacionyformacion.educa.madrid.org\/node\/28687\"> aqu\u00ed.<\/a><\/p>\n\n\n\n<div style=\"height:100px\" aria-hidden=\"true\" class=\"wp-block-spacer\"><\/div>\n\n\n\n<figure class=\"wp-block-gallery has-nested-images columns-default is-cropped wp-block-gallery-1 is-layout-flex wp-block-gallery-is-layout-flex\">\n<figure class=\"wp-block-image size-large\"><img loading=\"lazy\" decoding=\"async\" width=\"801\" height=\"449\" data-id=\"585\" src=\"https:\/\/site.educa.madrid.org\/cp.tiernogalvan.trescantos\/\/wp-content\/uploads\/cp.tiernogalvan.trescantos\/2021\/04\/1.jpg\" alt=\"\" class=\"wp-image-585\" srcset=\"https:\/\/site.educa.madrid.org\/cp.tiernogalvan.trescantos\/\/wp-content\/uploads\/cp.tiernogalvan.trescantos\/2021\/04\/1.jpg 801w, https:\/\/site.educa.madrid.org\/cp.tiernogalvan.trescantos\/\/wp-content\/uploads\/cp.tiernogalvan.trescantos\/2021\/04\/1-300x168.jpg 300w, https:\/\/site.educa.madrid.org\/cp.tiernogalvan.trescantos\/\/wp-content\/uploads\/cp.tiernogalvan.trescantos\/2021\/04\/1-768x431.jpg 768w\" sizes=\"auto, (max-width: 801px) 100vw, 801px\" \/><\/figure>\n\n\n\n<figure class=\"wp-block-image size-large\"><img loading=\"lazy\" decoding=\"async\" width=\"800\" height=\"453\" data-id=\"586\" src=\"https:\/\/site.educa.madrid.org\/cp.tiernogalvan.trescantos\/\/wp-content\/uploads\/cp.tiernogalvan.trescantos\/2021\/04\/2.jpg\" alt=\"\" class=\"wp-image-586\" srcset=\"https:\/\/site.educa.madrid.org\/cp.tiernogalvan.trescantos\/\/wp-content\/uploads\/cp.tiernogalvan.trescantos\/2021\/04\/2.jpg 800w, https:\/\/site.educa.madrid.org\/cp.tiernogalvan.trescantos\/\/wp-content\/uploads\/cp.tiernogalvan.trescantos\/2021\/04\/2-300x170.jpg 300w, https:\/\/site.educa.madrid.org\/cp.tiernogalvan.trescantos\/\/wp-content\/uploads\/cp.tiernogalvan.trescantos\/2021\/04\/2-768x435.jpg 768w\" sizes=\"auto, (max-width: 800px) 100vw, 800px\" \/><\/figure>\n<\/figure>\n","protected":false},"excerpt":{"rendered":"<p>Proyecto Ranopla y MadRead La idea central del proyecto \u201cRanopla\u201d es que los ni\u00f1os lean libros en sus casas o en el colegio y que entren en p\u00e1gina web&nbsp;www.ranopla.es, una vez dados de alta por los profesores, para contestar una serie de preguntas sobre los libros que han le\u00eddo. Las preguntas sobre los libros, est\u00e1n<\/p><\/div>\n<div class=\"blog-btn\"><a href=\"https:\/\/site.educa.madrid.org\/cp.tiernogalvan.trescantos\/index.php\/proyectos\/proyecto-ranopla\/\" class=\"home-blog-btn\">Leer m\u00e1s<\/a><\/p>\n","protected":false},"author":2,"featured_media":0,"parent":147,"menu_order":0,"comment_status":"closed","ping_status":"closed","template":"","meta":{"footnotes":""},"folder":[],"class_list":["post-580","page","type-page","status-publish","hentry"],"rttpg_featured_image_url":null,"rttpg_author":{"display_name":"tic.cp.tiernogalvan.trescantos","author_link":"https:\/\/site.educa.madrid.org\/cp.tiernogalvan.trescantos\/index.php\/author\/cuenta_tic-cp-tiernogalvan-trescantos\/"},"rttpg_comment":0,"rttpg_category":false,"rttpg_excerpt":"Proyecto Ranopla y MadRead La idea central del proyecto \u201cRanopla\u201d es que los ni\u00f1os lean libros en sus casas o en el colegio y que entren en p\u00e1gina web&nbsp;www.ranopla.es, una vez dados de alta por los profesores, para contestar una serie de preguntas sobre los libros que han le\u00eddo. Las preguntas sobre los libros, est\u00e1nLeer&hellip;","post_mailing_queue_ids":[],"_links":{"self":[{"href":"https:\/\/site.educa.madrid.org\/cp.tiernogalvan.trescantos\/index.php\/wp-json\/wp\/v2\/pages\/580","targetHints":{"allow":["GET"]}}],"collection":[{"href":"https:\/\/site.educa.madrid.org\/cp.tiernogalvan.trescantos\/index.php\/wp-json\/wp\/v2\/pages"}],"about":[{"href":"https:\/\/site.educa.madrid.org\/cp.tiernogalvan.trescantos\/index.php\/wp-json\/wp\/v2\/types\/page"}],"author":[{"embeddable":true,"href":"https:\/\/site.educa.madrid.org\/cp.tiernogalvan.trescantos\/index.php\/wp-json\/wp\/v2\/users\/2"}],"replies":[{"embeddable":true,"href":"https:\/\/site.educa.madrid.org\/cp.tiernogalvan.trescantos\/index.php\/wp-json\/wp\/v2\/comments?post=580"}],"version-history":[{"count":8,"href":"https:\/\/site.educa.madrid.org\/cp.tiernogalvan.trescantos\/index.php\/wp-json\/wp\/v2\/pages\/580\/revisions"}],"predecessor-version":[{"id":1180,"href":"https:\/\/site.educa.madrid.org\/cp.tiernogalvan.trescantos\/index.php\/wp-json\/wp\/v2\/pages\/580\/revisions\/1180"}],"up":[{"embeddable":true,"href":"https:\/\/site.educa.madrid.org\/cp.tiernogalvan.trescantos\/index.php\/wp-json\/wp\/v2\/pages\/147"}],"wp:attachment":[{"href":"https:\/\/site.educa.madrid.org\/cp.tiernogalvan.trescantos\/index.php\/wp-json\/wp\/v2\/media?parent=580"}],"wp:term":[{"taxonomy":"folder","embeddable":true,"href":"https:\/\/site.educa.madrid.org\/cp.tiernogalvan.trescantos\/index.php\/wp-json\/wp\/v2\/folder?post=580"}],"curies":[{"name":"wp","href":"https:\/\/api.w.org\/{rel}","templated":true}]}}