{"id":589,"date":"2021-04-10T10:49:43","date_gmt":"2021-04-10T10:49:43","guid":{"rendered":"https:\/\/site.educa.madrid.org\/cp.tiernogalvan.trescantos\/?page_id=589"},"modified":"2025-03-10T20:32:47","modified_gmt":"2025-03-10T19:32:47","slug":"educacion-vial","status":"publish","type":"page","link":"https:\/\/site.educa.madrid.org\/cp.tiernogalvan.trescantos\/index.php\/proyectos\/educacion-vial\/","title":{"rendered":"Educaci\u00f3n Vial"},"content":{"rendered":"\n<div class=\"wp-block-image\"><figure class=\"aligncenter size-large\"><img loading=\"lazy\" decoding=\"async\" width=\"289\" height=\"200\" src=\"https:\/\/site.educa.madrid.org\/cp.tiernogalvan.trescantos\/\/wp-content\/uploads\/cp.tiernogalvan.trescantos\/2021\/04\/educacion-vial.jpg\" alt=\"\" class=\"wp-image-602\"\/><\/figure><\/div>\n\n\n\n<h2 class=\"wp-block-heading\">Educaci\u00f3n Vial<\/h2>\n\n\n\n<p>El \u00c1rea de Tr\u00e1fico y Seguridad Vial, de la Polic\u00eda Local de Tres Cantos, acude a nuestro centro a informar a los alumnos acerca de las normas b\u00e1sicas de Seguridad Vial, en funci\u00f3n al grupo de edad correspondiente.<\/p>\n\n\n\n<p>Adem\u00e1s la entrega de un dossier o cuadernillo a cada alumno favorece que estos aspectos impartidos no sean olvidados f\u00e1cilmente.Las normas y se\u00f1ales de Tr\u00e1fico, que realizan los agentes de la circulaci\u00f3n, las se\u00f1ales de balizamiento, se\u00f1ales verticales y sem\u00e1foros, sin olvidar a las marcas viales corresponden a uno de los temas impartidos por los agentes. Los ejercicios pr\u00e1cticos donde podemos distinguir estas se\u00f1ales, la preferencia a la hora de verlas\u2026tambi\u00e9n est\u00e1n incluidos en las clases recibidas durante las sesiones.Adem\u00e1s hemos conseguido reforzar las clases recibidas por Miguel \u00c1ngel Silvestre, en el programa Aula Ciclista, con normas de circulaci\u00f3n para los ciclistas, que tanto abundan en nuestra localidad, gracias al carril bici y al fuerte auge de este deporte en nuestra localidad.<br>Finalmente los alumnos disfrutar\u00e1n de clases pr\u00e1cticas, de todo lo aprendido, en el circuito de Seguridad Vial de Tres Cantos, donde practican en sus instalaciones, aprendiendo lo m\u00e1ximo posible.<\/p>\n","protected":false},"excerpt":{"rendered":"<p>Educaci\u00f3n Vial El \u00c1rea de Tr\u00e1fico y Seguridad Vial, de la Polic\u00eda Local de Tres Cantos, acude a nuestro centro a informar a los alumnos acerca de las normas b\u00e1sicas de Seguridad Vial, en funci\u00f3n al grupo de edad correspondiente. Adem\u00e1s la entrega de un dossier o cuadernillo a cada alumno favorece que estos aspectos<\/p><\/div>\n<div class=\"blog-btn\"><a href=\"https:\/\/site.educa.madrid.org\/cp.tiernogalvan.trescantos\/index.php\/proyectos\/educacion-vial\/\" class=\"home-blog-btn\">Leer m\u00e1s<\/a><\/p>\n","protected":false},"author":2,"featured_media":0,"parent":147,"menu_order":0,"comment_status":"closed","ping_status":"closed","template":"","meta":{"footnotes":""},"folder":[],"class_list":["post-589","page","type-page","status-publish","hentry"],"rttpg_featured_image_url":null,"rttpg_author":{"display_name":"tic.cp.tiernogalvan.trescantos","author_link":"https:\/\/site.educa.madrid.org\/cp.tiernogalvan.trescantos\/index.php\/author\/cuenta_tic-cp-tiernogalvan-trescantos\/"},"rttpg_comment":0,"rttpg_category":false,"rttpg_excerpt":"Educaci\u00f3n Vial El \u00c1rea de Tr\u00e1fico y Seguridad Vial, de la Polic\u00eda Local de Tres Cantos, acude a nuestro centro a informar a los alumnos acerca de las normas b\u00e1sicas de Seguridad Vial, en funci\u00f3n al grupo de edad correspondiente. Adem\u00e1s la entrega de un dossier o cuadernillo a cada alumno favorece que estos aspectosLeer&hellip;","post_mailing_queue_ids":[],"_links":{"self":[{"href":"https:\/\/site.educa.madrid.org\/cp.tiernogalvan.trescantos\/index.php\/wp-json\/wp\/v2\/pages\/589","targetHints":{"allow":["GET"]}}],"collection":[{"href":"https:\/\/site.educa.madrid.org\/cp.tiernogalvan.trescantos\/index.php\/wp-json\/wp\/v2\/pages"}],"about":[{"href":"https:\/\/site.educa.madrid.org\/cp.tiernogalvan.trescantos\/index.php\/wp-json\/wp\/v2\/types\/page"}],"author":[{"embeddable":true,"href":"https:\/\/site.educa.madrid.org\/cp.tiernogalvan.trescantos\/index.php\/wp-json\/wp\/v2\/users\/2"}],"replies":[{"embeddable":true,"href":"https:\/\/site.educa.madrid.org\/cp.tiernogalvan.trescantos\/index.php\/wp-json\/wp\/v2\/comments?post=589"}],"version-history":[{"count":2,"href":"https:\/\/site.educa.madrid.org\/cp.tiernogalvan.trescantos\/index.php\/wp-json\/wp\/v2\/pages\/589\/revisions"}],"predecessor-version":[{"id":633,"href":"https:\/\/site.educa.madrid.org\/cp.tiernogalvan.trescantos\/index.php\/wp-json\/wp\/v2\/pages\/589\/revisions\/633"}],"up":[{"embeddable":true,"href":"https:\/\/site.educa.madrid.org\/cp.tiernogalvan.trescantos\/index.php\/wp-json\/wp\/v2\/pages\/147"}],"wp:attachment":[{"href":"https:\/\/site.educa.madrid.org\/cp.tiernogalvan.trescantos\/index.php\/wp-json\/wp\/v2\/media?parent=589"}],"wp:term":[{"taxonomy":"folder","embeddable":true,"href":"https:\/\/site.educa.madrid.org\/cp.tiernogalvan.trescantos\/index.php\/wp-json\/wp\/v2\/folder?post=589"}],"curies":[{"name":"wp","href":"https:\/\/api.w.org\/{rel}","templated":true}]}}