{"id":674,"date":"2021-04-10T11:34:45","date_gmt":"2021-04-10T11:34:45","guid":{"rendered":"https:\/\/site.educa.madrid.org\/cp.tiernogalvan.trescantos\/?page_id=674"},"modified":"2026-05-01T12:01:21","modified_gmt":"2026-05-01T10:01:21","slug":"comedor","status":"publish","type":"page","link":"https:\/\/site.educa.madrid.org\/cp.tiernogalvan.trescantos\/index.php\/comedor\/","title":{"rendered":"Comedor"},"content":{"rendered":"\n<h2 class=\"wp-block-heading has-text-align-center has-large-font-size\">     Comedor<\/h2>\n\n\n\n<div class=\"wp-block-group texto-centrado\"><div class=\"wp-block-group__inner-container is-layout-constrained wp-block-group-is-layout-constrained\">\n<p class=\"has-text-align-left\">Nuestro comedor cuenta con&nbsp;<strong>cocina propia y elaborada diariamente<\/strong>.<\/p>\n\n\n\n<p class=\"has-text-align-left\">Est\u00e1 gestionado por la empresa Aramark y con la que tenemos una magn\u00edfica relaci\u00f3n, ya no s\u00f3lo por la gran profesionalidad de todo el equipo que trabaja en el colegio, sino tambi\u00e9n por el excelente grupo humano que forman.<\/p>\n\n\n\n<p class=\"has-text-align-left\">Organizamos la hora de la comida en dos turnos.<\/p>\n\n\n\n<p class=\"has-text-align-left\">En el&nbsp;<strong>primer turno<\/strong>, de 12:30h a 13:30h comen los ni\u00f1os de infantil, 1\u00ba, 2\u00ba y 3\u00ba de primaria.<\/p>\n\n\n\n<p class=\"has-text-align-left\">En el&nbsp;<strong>segundo turno<\/strong>, de 13:30h a 14:30h, es el momento para los alumnos de 4\u00ba a 6\u00ba de primaria.<\/p>\n\n\n\n<p>El&nbsp;<strong>precio<\/strong>&nbsp;se acuerda cada a\u00f1o seg\u00fan la Comunidad de Madrid y se cobra por mensualidades:<\/p>\n\n\n\n<ul class=\"wp-block-list\">\n<li>5,50 \u20ac \u2013 Todos los d\u00edas (de lunes a viernes)<\/li>\n\n\n\n<li>6,50 \u20ac \u2013 D\u00edas sueltos<\/li>\n<\/ul>\n\n\n\n<p class=\"has-text-align-left\">Adem\u00e1s, incluimos el proyecto&nbsp;<strong>\u00abpap\u00e1 y mam\u00e1 comensal\u00bb<\/strong>&nbsp;con el que una familia de infantil y otra de primaria, son invitados a comer y visitar el comedor una vez al mes, para comprobar de primera mano la calidad de la comida que es servida en nuestro comedor y donde pueden observar el funcionamiento de todo el personal y conocer la cocina por dentro.<\/p>\n\n\n\n<p class=\"has-text-align-left\">Tambi\u00e9n se organizan&nbsp;<strong>talleres de alimentaci\u00f3n saludable<\/strong>&nbsp;para que todos nuestros alumnos se conciencien de que el ejercicio habitual y una alimentaci\u00f3n adecuada garantizan tener una buena salud.<\/p>\n\n\n\n<div style=\"height:37px\" aria-hidden=\"true\" class=\"wp-block-spacer\"><\/div>\n<\/div><\/div>\n\n\n<div class=\"wp-block-image\">\n<figure class=\"aligncenter size-large is-resized\"><a href=\"https:\/\/site.educa.madrid.org\/cp.tiernogalvan.trescantos\/\/wp-content\/uploads\/cp.tiernogalvan.trescantos\/2026\/04\/MAYO_GENERAL_MADRID.pdf\" target=\"_blank\" rel=\"noopener noreferrer\"><img loading=\"lazy\" decoding=\"async\" width=\"512\" height=\"512\" src=\"https:\/\/site.educa.madrid.org\/cp.tiernogalvan.trescantos\/\/wp-content\/uploads\/cp.tiernogalvan.trescantos\/2021\/04\/diet-1.png\" alt=\"\" class=\"wp-image-750\" style=\"width:212px;height:212px\" srcset=\"https:\/\/site.educa.madrid.org\/cp.tiernogalvan.trescantos\/\/wp-content\/uploads\/cp.tiernogalvan.trescantos\/2021\/04\/diet-1.png 512w, https:\/\/site.educa.madrid.org\/cp.tiernogalvan.trescantos\/\/wp-content\/uploads\/cp.tiernogalvan.trescantos\/2021\/04\/diet-1-300x300.png 300w, https:\/\/site.educa.madrid.org\/cp.tiernogalvan.trescantos\/\/wp-content\/uploads\/cp.tiernogalvan.trescantos\/2021\/04\/diet-1-150x150.png 150w\" sizes=\"auto, (max-width: 512px) 100vw, 512px\" \/><\/a><figcaption class=\"wp-element-caption\">Descarga el men\u00fa<\/figcaption><\/figure>\n<\/div>\n\n\n<div style=\"height:54px\" aria-hidden=\"true\" class=\"wp-block-spacer\"><\/div>\n\n\n\n<figure class=\"wp-block-gallery has-nested-images columns-default is-cropped wp-block-gallery-1 is-layout-flex wp-block-gallery-is-layout-flex\">\n<figure class=\"wp-block-image size-large\"><img loading=\"lazy\" decoding=\"async\" width=\"800\" height=\"600\" data-id=\"737\" src=\"https:\/\/site.educa.madrid.org\/cp.tiernogalvan.trescantos\/\/wp-content\/uploads\/cp.tiernogalvan.trescantos\/2021\/04\/comedor5.jpg\" alt=\"\" class=\"wp-image-737\" srcset=\"https:\/\/site.educa.madrid.org\/cp.tiernogalvan.trescantos\/\/wp-content\/uploads\/cp.tiernogalvan.trescantos\/2021\/04\/comedor5.jpg 800w, https:\/\/site.educa.madrid.org\/cp.tiernogalvan.trescantos\/\/wp-content\/uploads\/cp.tiernogalvan.trescantos\/2021\/04\/comedor5-300x225.jpg 300w, https:\/\/site.educa.madrid.org\/cp.tiernogalvan.trescantos\/\/wp-content\/uploads\/cp.tiernogalvan.trescantos\/2021\/04\/comedor5-768x576.jpg 768w\" sizes=\"auto, (max-width: 800px) 100vw, 800px\" \/><\/figure>\n\n\n\n<figure class=\"wp-block-image size-large\"><img loading=\"lazy\" decoding=\"async\" width=\"800\" height=\"600\" data-id=\"738\" src=\"https:\/\/site.educa.madrid.org\/cp.tiernogalvan.trescantos\/\/wp-content\/uploads\/cp.tiernogalvan.trescantos\/2021\/04\/comedor4.jpg\" alt=\"\" class=\"wp-image-738\" srcset=\"https:\/\/site.educa.madrid.org\/cp.tiernogalvan.trescantos\/\/wp-content\/uploads\/cp.tiernogalvan.trescantos\/2021\/04\/comedor4.jpg 800w, https:\/\/site.educa.madrid.org\/cp.tiernogalvan.trescantos\/\/wp-content\/uploads\/cp.tiernogalvan.trescantos\/2021\/04\/comedor4-300x225.jpg 300w, https:\/\/site.educa.madrid.org\/cp.tiernogalvan.trescantos\/\/wp-content\/uploads\/cp.tiernogalvan.trescantos\/2021\/04\/comedor4-768x576.jpg 768w\" sizes=\"auto, (max-width: 800px) 100vw, 800px\" \/><\/figure>\n\n\n\n<figure class=\"wp-block-image size-large\"><img loading=\"lazy\" decoding=\"async\" width=\"800\" height=\"533\" data-id=\"739\" src=\"https:\/\/site.educa.madrid.org\/cp.tiernogalvan.trescantos\/\/wp-content\/uploads\/cp.tiernogalvan.trescantos\/2021\/04\/comedor3.jpg\" alt=\"\" class=\"wp-image-739\" srcset=\"https:\/\/site.educa.madrid.org\/cp.tiernogalvan.trescantos\/\/wp-content\/uploads\/cp.tiernogalvan.trescantos\/2021\/04\/comedor3.jpg 800w, https:\/\/site.educa.madrid.org\/cp.tiernogalvan.trescantos\/\/wp-content\/uploads\/cp.tiernogalvan.trescantos\/2021\/04\/comedor3-300x200.jpg 300w, https:\/\/site.educa.madrid.org\/cp.tiernogalvan.trescantos\/\/wp-content\/uploads\/cp.tiernogalvan.trescantos\/2021\/04\/comedor3-768x512.jpg 768w, https:\/\/site.educa.madrid.org\/cp.tiernogalvan.trescantos\/\/wp-content\/uploads\/cp.tiernogalvan.trescantos\/2021\/04\/comedor3-391x260.jpg 391w\" sizes=\"auto, (max-width: 800px) 100vw, 800px\" \/><\/figure>\n\n\n\n<figure class=\"wp-block-image size-large\"><img loading=\"lazy\" decoding=\"async\" width=\"800\" height=\"600\" data-id=\"740\" src=\"https:\/\/site.educa.madrid.org\/cp.tiernogalvan.trescantos\/\/wp-content\/uploads\/cp.tiernogalvan.trescantos\/2021\/04\/comedor2.jpg\" alt=\"\" class=\"wp-image-740\" srcset=\"https:\/\/site.educa.madrid.org\/cp.tiernogalvan.trescantos\/\/wp-content\/uploads\/cp.tiernogalvan.trescantos\/2021\/04\/comedor2.jpg 800w, https:\/\/site.educa.madrid.org\/cp.tiernogalvan.trescantos\/\/wp-content\/uploads\/cp.tiernogalvan.trescantos\/2021\/04\/comedor2-300x225.jpg 300w, https:\/\/site.educa.madrid.org\/cp.tiernogalvan.trescantos\/\/wp-content\/uploads\/cp.tiernogalvan.trescantos\/2021\/04\/comedor2-768x576.jpg 768w\" sizes=\"auto, (max-width: 800px) 100vw, 800px\" \/><\/figure>\n\n\n\n<figure class=\"wp-block-image size-large\"><img loading=\"lazy\" decoding=\"async\" width=\"800\" height=\"600\" data-id=\"741\" src=\"https:\/\/site.educa.madrid.org\/cp.tiernogalvan.trescantos\/\/wp-content\/uploads\/cp.tiernogalvan.trescantos\/2021\/04\/comedor1.jpg\" alt=\"\" class=\"wp-image-741\" srcset=\"https:\/\/site.educa.madrid.org\/cp.tiernogalvan.trescantos\/\/wp-content\/uploads\/cp.tiernogalvan.trescantos\/2021\/04\/comedor1.jpg 800w, https:\/\/site.educa.madrid.org\/cp.tiernogalvan.trescantos\/\/wp-content\/uploads\/cp.tiernogalvan.trescantos\/2021\/04\/comedor1-300x225.jpg 300w, https:\/\/site.educa.madrid.org\/cp.tiernogalvan.trescantos\/\/wp-content\/uploads\/cp.tiernogalvan.trescantos\/2021\/04\/comedor1-768x576.jpg 768w\" sizes=\"auto, (max-width: 800px) 100vw, 800px\" \/><\/figure>\n\n\n\n<figure class=\"wp-block-image size-large\"><img loading=\"lazy\" decoding=\"async\" width=\"1024\" height=\"768\" data-id=\"742\" src=\"https:\/\/site.educa.madrid.org\/cp.tiernogalvan.trescantos\/\/wp-content\/uploads\/cp.tiernogalvan.trescantos\/2021\/04\/comedor9.jpg\" alt=\"\" class=\"wp-image-742\" srcset=\"https:\/\/site.educa.madrid.org\/cp.tiernogalvan.trescantos\/\/wp-content\/uploads\/cp.tiernogalvan.trescantos\/2021\/04\/comedor9.jpg 1024w, https:\/\/site.educa.madrid.org\/cp.tiernogalvan.trescantos\/\/wp-content\/uploads\/cp.tiernogalvan.trescantos\/2021\/04\/comedor9-300x225.jpg 300w, https:\/\/site.educa.madrid.org\/cp.tiernogalvan.trescantos\/\/wp-content\/uploads\/cp.tiernogalvan.trescantos\/2021\/04\/comedor9-768x576.jpg 768w\" sizes=\"auto, (max-width: 1024px) 100vw, 1024px\" \/><\/figure>\n\n\n\n<figure class=\"wp-block-image size-large\"><img loading=\"lazy\" decoding=\"async\" width=\"1024\" height=\"768\" data-id=\"743\" src=\"https:\/\/site.educa.madrid.org\/cp.tiernogalvan.trescantos\/\/wp-content\/uploads\/cp.tiernogalvan.trescantos\/2021\/04\/comedor8.jpg\" alt=\"\" class=\"wp-image-743\" srcset=\"https:\/\/site.educa.madrid.org\/cp.tiernogalvan.trescantos\/\/wp-content\/uploads\/cp.tiernogalvan.trescantos\/2021\/04\/comedor8.jpg 1024w, https:\/\/site.educa.madrid.org\/cp.tiernogalvan.trescantos\/\/wp-content\/uploads\/cp.tiernogalvan.trescantos\/2021\/04\/comedor8-300x225.jpg 300w, https:\/\/site.educa.madrid.org\/cp.tiernogalvan.trescantos\/\/wp-content\/uploads\/cp.tiernogalvan.trescantos\/2021\/04\/comedor8-768x576.jpg 768w\" sizes=\"auto, (max-width: 1024px) 100vw, 1024px\" \/><\/figure>\n\n\n\n<figure class=\"wp-block-image size-large\"><img loading=\"lazy\" decoding=\"async\" width=\"1024\" height=\"768\" data-id=\"744\" src=\"https:\/\/site.educa.madrid.org\/cp.tiernogalvan.trescantos\/\/wp-content\/uploads\/cp.tiernogalvan.trescantos\/2021\/04\/comedor7.jpg\" alt=\"\" class=\"wp-image-744\" srcset=\"https:\/\/site.educa.madrid.org\/cp.tiernogalvan.trescantos\/\/wp-content\/uploads\/cp.tiernogalvan.trescantos\/2021\/04\/comedor7.jpg 1024w, https:\/\/site.educa.madrid.org\/cp.tiernogalvan.trescantos\/\/wp-content\/uploads\/cp.tiernogalvan.trescantos\/2021\/04\/comedor7-300x225.jpg 300w, https:\/\/site.educa.madrid.org\/cp.tiernogalvan.trescantos\/\/wp-content\/uploads\/cp.tiernogalvan.trescantos\/2021\/04\/comedor7-768x576.jpg 768w\" sizes=\"auto, (max-width: 1024px) 100vw, 1024px\" \/><\/figure>\n\n\n\n<figure class=\"wp-block-image size-large\"><img loading=\"lazy\" decoding=\"async\" width=\"800\" height=\"600\" data-id=\"745\" src=\"https:\/\/site.educa.madrid.org\/cp.tiernogalvan.trescantos\/\/wp-content\/uploads\/cp.tiernogalvan.trescantos\/2021\/04\/comedor6.jpg\" alt=\"\" class=\"wp-image-745\" srcset=\"https:\/\/site.educa.madrid.org\/cp.tiernogalvan.trescantos\/\/wp-content\/uploads\/cp.tiernogalvan.trescantos\/2021\/04\/comedor6.jpg 800w, https:\/\/site.educa.madrid.org\/cp.tiernogalvan.trescantos\/\/wp-content\/uploads\/cp.tiernogalvan.trescantos\/2021\/04\/comedor6-300x225.jpg 300w, https:\/\/site.educa.madrid.org\/cp.tiernogalvan.trescantos\/\/wp-content\/uploads\/cp.tiernogalvan.trescantos\/2021\/04\/comedor6-768x576.jpg 768w\" sizes=\"auto, (max-width: 800px) 100vw, 800px\" \/><\/figure>\n<\/figure>\n","protected":false},"excerpt":{"rendered":"<p>Comedor Nuestro comedor cuenta con&nbsp;cocina propia y elaborada diariamente. Est\u00e1 gestionado por la empresa Aramark y con la que tenemos una magn\u00edfica relaci\u00f3n, ya no s\u00f3lo por la gran profesionalidad de todo el equipo que trabaja en el colegio, sino tambi\u00e9n por el excelente grupo humano que forman. Organizamos la hora de la comida en<\/p><\/div>\n<div class=\"blog-btn\"><a href=\"https:\/\/site.educa.madrid.org\/cp.tiernogalvan.trescantos\/index.php\/comedor\/\" class=\"home-blog-btn\">Leer m\u00e1s<\/a><\/p>\n","protected":false},"author":2,"featured_media":0,"parent":0,"menu_order":0,"comment_status":"closed","ping_status":"closed","template":"template\/template-page-full-width.php","meta":{"footnotes":""},"folder":[],"class_list":["post-674","page","type-page","status-publish","hentry"],"rttpg_featured_image_url":null,"rttpg_author":{"display_name":"tic.cp.tiernogalvan.trescantos","author_link":"https:\/\/site.educa.madrid.org\/cp.tiernogalvan.trescantos\/index.php\/author\/cuenta_tic-cp-tiernogalvan-trescantos\/"},"rttpg_comment":0,"rttpg_category":false,"rttpg_excerpt":"Comedor Nuestro comedor cuenta con&nbsp;cocina propia y elaborada diariamente. Est\u00e1 gestionado por la empresa Aramark y con la que tenemos una magn\u00edfica relaci\u00f3n, ya no s\u00f3lo por la gran profesionalidad de todo el equipo que trabaja en el colegio, sino tambi\u00e9n por el excelente grupo humano que forman. Organizamos la hora de la comida enLeer&hellip;","post_mailing_queue_ids":[],"_links":{"self":[{"href":"https:\/\/site.educa.madrid.org\/cp.tiernogalvan.trescantos\/index.php\/wp-json\/wp\/v2\/pages\/674","targetHints":{"allow":["GET"]}}],"collection":[{"href":"https:\/\/site.educa.madrid.org\/cp.tiernogalvan.trescantos\/index.php\/wp-json\/wp\/v2\/pages"}],"about":[{"href":"https:\/\/site.educa.madrid.org\/cp.tiernogalvan.trescantos\/index.php\/wp-json\/wp\/v2\/types\/page"}],"author":[{"embeddable":true,"href":"https:\/\/site.educa.madrid.org\/cp.tiernogalvan.trescantos\/index.php\/wp-json\/wp\/v2\/users\/2"}],"replies":[{"embeddable":true,"href":"https:\/\/site.educa.madrid.org\/cp.tiernogalvan.trescantos\/index.php\/wp-json\/wp\/v2\/comments?post=674"}],"version-history":[{"count":50,"href":"https:\/\/site.educa.madrid.org\/cp.tiernogalvan.trescantos\/index.php\/wp-json\/wp\/v2\/pages\/674\/revisions"}],"predecessor-version":[{"id":2561,"href":"https:\/\/site.educa.madrid.org\/cp.tiernogalvan.trescantos\/index.php\/wp-json\/wp\/v2\/pages\/674\/revisions\/2561"}],"wp:attachment":[{"href":"https:\/\/site.educa.madrid.org\/cp.tiernogalvan.trescantos\/index.php\/wp-json\/wp\/v2\/media?parent=674"}],"wp:term":[{"taxonomy":"folder","embeddable":true,"href":"https:\/\/site.educa.madrid.org\/cp.tiernogalvan.trescantos\/index.php\/wp-json\/wp\/v2\/folder?post=674"}],"curies":[{"name":"wp","href":"https:\/\/api.w.org\/{rel}","templated":true}]}}