{"id":716,"date":"2021-04-11T13:50:27","date_gmt":"2021-04-11T13:50:27","guid":{"rendered":"https:\/\/site.educa.madrid.org\/cp.tiernogalvan.trescantos\/?page_id=716"},"modified":"2025-03-10T20:35:58","modified_gmt":"2025-03-10T19:35:58","slug":"programa-accede","status":"publish","type":"page","link":"https:\/\/site.educa.madrid.org\/cp.tiernogalvan.trescantos\/index.php\/proyectos\/programa-accede\/","title":{"rendered":"Programa ACCEDE"},"content":{"rendered":"\n<h2 class=\"wp-block-heading\">Programas de la Comunidad de Madrid<\/h2>\n\n\n\n<div class=\"wp-block-image\"><figure class=\"aligncenter size-full\"><img loading=\"lazy\" decoding=\"async\" width=\"959\" height=\"211\" src=\"https:\/\/site.educa.madrid.org\/cp.tiernogalvan.trescantos\/\/wp-content\/uploads\/cp.tiernogalvan.trescantos\/2023\/05\/accede-logo-1.png\" alt=\"\" class=\"wp-image-1170\" srcset=\"https:\/\/site.educa.madrid.org\/cp.tiernogalvan.trescantos\/\/wp-content\/uploads\/cp.tiernogalvan.trescantos\/2023\/05\/accede-logo-1.png 959w, https:\/\/site.educa.madrid.org\/cp.tiernogalvan.trescantos\/\/wp-content\/uploads\/cp.tiernogalvan.trescantos\/2023\/05\/accede-logo-1-300x66.png 300w, https:\/\/site.educa.madrid.org\/cp.tiernogalvan.trescantos\/\/wp-content\/uploads\/cp.tiernogalvan.trescantos\/2023\/05\/accede-logo-1-768x169.png 768w\" sizes=\"auto, (max-width: 959px) 100vw, 959px\" \/><\/figure><\/div>\n\n\n\n<h2 class=\"wp-block-heading\">\u00bfQu\u00e9 es Accede?<\/h2>\n\n\n\n<p>ACCEDE\u00a0es el\u00a0Programa\u00a0de Pr\u00e9stamo de Libros de Texto de la\u00a0Comunidad de Madrid\u00a0que desarrolla la Ley de Gratuidad de los Libros de Texto y el Material Curricular de la\u00a0Comunidad de Madrid. <\/p>\n\n\n\n<p>Para ser beneficiario, no es necesario ning\u00fan requisito espec\u00edfico, tan s\u00f3lo, presentar la solicitud (Anexo I).<\/p>\n\n\n\n<p>Dicho beneficio estar\u00e1 vigente durante toda la Educaci\u00f3n Primaria, salvo expresa renuncia.<\/p>\n\n\n\n<p>Tienes m\u00e1s informaci\u00f3n pinchando <a href=\"https:\/\/mediateca.educa.madrid.org\/video\/7ji9yg964m5lvceq\" target=\"_blank\" rel=\"noreferrer noopener\">aqu\u00ed.<\/a><\/p>\n\n\n\n<div style=\"height:78px\" aria-hidden=\"true\" class=\"wp-block-spacer\"><\/div>\n\n\n\n<div class=\"wp-block-columns is-layout-flex wp-container-core-columns-is-layout-9d6595d7 wp-block-columns-is-layout-flex\">\n<div class=\"wp-block-column is-layout-flow wp-block-column-is-layout-flow\">\n<div class=\"wp-block-image\"><figure class=\"aligncenter size-large is-resized\"><a href=\"https:\/\/site.educa.madrid.org\/cp.tiernogalvan.trescantos\/\/wp-content\/uploads\/cp.tiernogalvan.trescantos\/2021\/04\/instrucciones-accede-2020-2021.pdf\" target=\"_blank\" rel=\"noopener noreferrer\"><img loading=\"lazy\" decoding=\"async\" src=\"https:\/\/site.educa.madrid.org\/cp.tiernogalvan.trescantos\/\/wp-content\/uploads\/cp.tiernogalvan.trescantos\/2021\/04\/archivo-pdf-1-1.png\" alt=\"\" class=\"wp-image-718\" width=\"157\" height=\"157\" srcset=\"https:\/\/site.educa.madrid.org\/cp.tiernogalvan.trescantos\/\/wp-content\/uploads\/cp.tiernogalvan.trescantos\/2021\/04\/archivo-pdf-1-1.png 512w, https:\/\/site.educa.madrid.org\/cp.tiernogalvan.trescantos\/\/wp-content\/uploads\/cp.tiernogalvan.trescantos\/2021\/04\/archivo-pdf-1-1-300x300.png 300w, https:\/\/site.educa.madrid.org\/cp.tiernogalvan.trescantos\/\/wp-content\/uploads\/cp.tiernogalvan.trescantos\/2021\/04\/archivo-pdf-1-1-150x150.png 150w\" sizes=\"auto, (max-width: 157px) 100vw, 157px\" \/><\/a><figcaption><strong>PROGRAMA ACCEDE CURSO 2023\/2024<\/strong><\/figcaption><\/figure><\/div>\n<\/div>\n\n\n\n<div class=\"wp-block-column is-layout-flow wp-block-column-is-layout-flow\">\n<div class=\"wp-block-image is-style-default\"><figure class=\"aligncenter size-thumbnail\"><a href=\"https:\/\/site.educa.madrid.org\/cp.tiernogalvan.trescantos\/\/wp-content\/uploads\/cp.tiernogalvan.trescantos\/2021\/04\/Anexo_I_Adhesion_alumno_Programa_Accede-formulariorellenable.pdf\" target=\"_blank\" rel=\"noopener noreferrer\"><img loading=\"lazy\" decoding=\"async\" width=\"150\" height=\"150\" src=\"https:\/\/site.educa.madrid.org\/cp.tiernogalvan.trescantos\/\/wp-content\/uploads\/cp.tiernogalvan.trescantos\/2021\/04\/archivo-pdf-1-2-150x150.png\" alt=\"\" class=\"wp-image-719\" srcset=\"https:\/\/site.educa.madrid.org\/cp.tiernogalvan.trescantos\/\/wp-content\/uploads\/cp.tiernogalvan.trescantos\/2021\/04\/archivo-pdf-1-2-150x150.png 150w, https:\/\/site.educa.madrid.org\/cp.tiernogalvan.trescantos\/\/wp-content\/uploads\/cp.tiernogalvan.trescantos\/2021\/04\/archivo-pdf-1-2-300x300.png 300w, https:\/\/site.educa.madrid.org\/cp.tiernogalvan.trescantos\/\/wp-content\/uploads\/cp.tiernogalvan.trescantos\/2021\/04\/archivo-pdf-1-2.png 512w\" sizes=\"auto, (max-width: 150px) 100vw, 150px\" \/><\/a><figcaption><strong>ANEXO I Participaci\u00f3n Programa ACCEDE<\/strong><\/figcaption><\/figure><\/div>\n<\/div>\n<\/div>\n\n\n\n<p><\/p>\n","protected":false},"excerpt":{"rendered":"<p>Programas de la Comunidad de Madrid \u00bfQu\u00e9 es Accede? ACCEDE\u00a0es el\u00a0Programa\u00a0de Pr\u00e9stamo de Libros de Texto de la\u00a0Comunidad de Madrid\u00a0que desarrolla la Ley de Gratuidad de los Libros de Texto y el Material Curricular de la\u00a0Comunidad de Madrid. Para ser beneficiario, no es necesario ning\u00fan requisito espec\u00edfico, tan s\u00f3lo, presentar la solicitud (Anexo I). Dicho<\/p><\/div>\n<div class=\"blog-btn\"><a href=\"https:\/\/site.educa.madrid.org\/cp.tiernogalvan.trescantos\/index.php\/proyectos\/programa-accede\/\" class=\"home-blog-btn\">Leer m\u00e1s<\/a><\/p>\n","protected":false},"author":2,"featured_media":0,"parent":147,"menu_order":0,"comment_status":"closed","ping_status":"closed","template":"","meta":{"footnotes":""},"folder":[],"class_list":["post-716","page","type-page","status-publish","hentry"],"rttpg_featured_image_url":null,"rttpg_author":{"display_name":"tic.cp.tiernogalvan.trescantos","author_link":"https:\/\/site.educa.madrid.org\/cp.tiernogalvan.trescantos\/index.php\/author\/cuenta_tic-cp-tiernogalvan-trescantos\/"},"rttpg_comment":0,"rttpg_category":false,"rttpg_excerpt":"Programas de la Comunidad de Madrid \u00bfQu\u00e9 es Accede? ACCEDE\u00a0es el\u00a0Programa\u00a0de Pr\u00e9stamo de Libros de Texto de la\u00a0Comunidad de Madrid\u00a0que desarrolla la Ley de Gratuidad de los Libros de Texto y el Material Curricular de la\u00a0Comunidad de Madrid. Para ser beneficiario, no es necesario ning\u00fan requisito espec\u00edfico, tan s\u00f3lo, presentar la solicitud (Anexo I). DichoLeer&hellip;","post_mailing_queue_ids":[],"_links":{"self":[{"href":"https:\/\/site.educa.madrid.org\/cp.tiernogalvan.trescantos\/index.php\/wp-json\/wp\/v2\/pages\/716","targetHints":{"allow":["GET"]}}],"collection":[{"href":"https:\/\/site.educa.madrid.org\/cp.tiernogalvan.trescantos\/index.php\/wp-json\/wp\/v2\/pages"}],"about":[{"href":"https:\/\/site.educa.madrid.org\/cp.tiernogalvan.trescantos\/index.php\/wp-json\/wp\/v2\/types\/page"}],"author":[{"embeddable":true,"href":"https:\/\/site.educa.madrid.org\/cp.tiernogalvan.trescantos\/index.php\/wp-json\/wp\/v2\/users\/2"}],"replies":[{"embeddable":true,"href":"https:\/\/site.educa.madrid.org\/cp.tiernogalvan.trescantos\/index.php\/wp-json\/wp\/v2\/comments?post=716"}],"version-history":[{"count":8,"href":"https:\/\/site.educa.madrid.org\/cp.tiernogalvan.trescantos\/index.php\/wp-json\/wp\/v2\/pages\/716\/revisions"}],"predecessor-version":[{"id":1171,"href":"https:\/\/site.educa.madrid.org\/cp.tiernogalvan.trescantos\/index.php\/wp-json\/wp\/v2\/pages\/716\/revisions\/1171"}],"up":[{"embeddable":true,"href":"https:\/\/site.educa.madrid.org\/cp.tiernogalvan.trescantos\/index.php\/wp-json\/wp\/v2\/pages\/147"}],"wp:attachment":[{"href":"https:\/\/site.educa.madrid.org\/cp.tiernogalvan.trescantos\/index.php\/wp-json\/wp\/v2\/media?parent=716"}],"wp:term":[{"taxonomy":"folder","embeddable":true,"href":"https:\/\/site.educa.madrid.org\/cp.tiernogalvan.trescantos\/index.php\/wp-json\/wp\/v2\/folder?post=716"}],"curies":[{"name":"wp","href":"https:\/\/api.w.org\/{rel}","templated":true}]}}