{"id":844,"date":"2021-05-21T16:23:48","date_gmt":"2021-05-21T16:23:48","guid":{"rendered":"https:\/\/site.educa.madrid.org\/cp.tiernogalvan.trescantos\/?page_id=844"},"modified":"2021-05-21T16:23:48","modified_gmt":"2021-05-21T16:23:48","slug":"aula-de-musica","status":"publish","type":"page","link":"https:\/\/site.educa.madrid.org\/cp.tiernogalvan.trescantos\/index.php\/aula-de-musica\/","title":{"rendered":"Aula de M\u00fasica"},"content":{"rendered":"\n<p>Consideramos que la Educaci\u00f3n Musical es fundamental para el&nbsp;<strong>desarrollo est\u00e9tico<\/strong>&nbsp;de nuestro alumnado y por tanto, para su formaci\u00f3n integral.&nbsp;No s\u00f3lo aprenden m\u00fasica si no que tambi\u00e9n disfrutan con ella.<\/p>\n\n\n\n<p>El aula de M\u00fasica est\u00e1 completamente equipado con proyector y pantalla, pizarra blanca, guitarra, piano electr\u00f3nico, xil\u00f3fonos,&nbsp; carillones, maracas, tri\u00e1ngulos, picas, cascabeles&#8230;<\/p>\n\n\n\n<p>Hemos incorporado 30&nbsp;<strong>ukeleles<\/strong>&nbsp;y comienzan desde los 5 a\u00f1os porque&nbsp;en la medida que los alumnos van creciendo y teniendo m\u00e1s destrezas, resulta m\u00e1s f\u00e1cil que realicen s\u00f3lo melod\u00edas, y a medida que se hacen mayores, les gusta m\u00e1s tocar acordes, rasguear, hacer melod\u00eda con acordes, e incluso se atreven cantar y acompa\u00f1ar con acordes.<\/p>\n\n\n\n<p>Tambi\u00e9n se realizan actividades extraescolares de danza y m\u00fasica y&nbsp;Los mi\u00e9rcoles hay una&nbsp;<strong>actividad de coro<\/strong>&nbsp;para todos aquellos ni\u00f1os de primaria que quieran formar parte de \u00e9l.&nbsp;<\/p>\n\n\n\n<figure class=\"wp-block-gallery columns-3 is-cropped wp-block-gallery-1 is-layout-flex wp-block-gallery-is-layout-flex\"><ul class=\"blocks-gallery-grid\"><li class=\"blocks-gallery-item\"><figure><img loading=\"lazy\" decoding=\"async\" width=\"1024\" height=\"575\" src=\"https:\/\/site.educa.madrid.org\/cp.tiernogalvan.trescantos\/\/wp-content\/uploads\/cp.tiernogalvan.trescantos\/2021\/05\/musica1-1.jpg\" alt=\"\" data-id=\"856\" data-full-url=\"https:\/\/site.educa.madrid.org\/cp.tiernogalvan.trescantos\/\/wp-content\/uploads\/cp.tiernogalvan.trescantos\/2021\/05\/musica1-1.jpg\" data-link=\"https:\/\/site.educa.madrid.org\/cp.tiernogalvan.trescantos\/?attachment_id=856\" class=\"wp-image-856\" srcset=\"https:\/\/site.educa.madrid.org\/cp.tiernogalvan.trescantos\/\/wp-content\/uploads\/cp.tiernogalvan.trescantos\/2021\/05\/musica1-1.jpg 1024w, https:\/\/site.educa.madrid.org\/cp.tiernogalvan.trescantos\/\/wp-content\/uploads\/cp.tiernogalvan.trescantos\/2021\/05\/musica1-1-300x168.jpg 300w, https:\/\/site.educa.madrid.org\/cp.tiernogalvan.trescantos\/\/wp-content\/uploads\/cp.tiernogalvan.trescantos\/2021\/05\/musica1-1-768x431.jpg 768w\" sizes=\"auto, (max-width: 1024px) 100vw, 1024px\" \/><\/figure><\/li><li class=\"blocks-gallery-item\"><figure><img loading=\"lazy\" decoding=\"async\" width=\"1024\" height=\"576\" src=\"https:\/\/site.educa.madrid.org\/cp.tiernogalvan.trescantos\/\/wp-content\/uploads\/cp.tiernogalvan.trescantos\/2021\/05\/musica3-1.jpg\" alt=\"\" data-id=\"858\" data-full-url=\"https:\/\/site.educa.madrid.org\/cp.tiernogalvan.trescantos\/\/wp-content\/uploads\/cp.tiernogalvan.trescantos\/2021\/05\/musica3-1.jpg\" data-link=\"https:\/\/site.educa.madrid.org\/cp.tiernogalvan.trescantos\/?attachment_id=858\" class=\"wp-image-858\" srcset=\"https:\/\/site.educa.madrid.org\/cp.tiernogalvan.trescantos\/\/wp-content\/uploads\/cp.tiernogalvan.trescantos\/2021\/05\/musica3-1.jpg 1024w, https:\/\/site.educa.madrid.org\/cp.tiernogalvan.trescantos\/\/wp-content\/uploads\/cp.tiernogalvan.trescantos\/2021\/05\/musica3-1-300x169.jpg 300w, https:\/\/site.educa.madrid.org\/cp.tiernogalvan.trescantos\/\/wp-content\/uploads\/cp.tiernogalvan.trescantos\/2021\/05\/musica3-1-768x432.jpg 768w\" sizes=\"auto, (max-width: 1024px) 100vw, 1024px\" \/><\/figure><\/li><li class=\"blocks-gallery-item\"><figure><img loading=\"lazy\" decoding=\"async\" width=\"1024\" height=\"768\" src=\"https:\/\/site.educa.madrid.org\/cp.tiernogalvan.trescantos\/\/wp-content\/uploads\/cp.tiernogalvan.trescantos\/2021\/05\/musica4-1.jpg\" alt=\"\" data-id=\"859\" data-full-url=\"https:\/\/site.educa.madrid.org\/cp.tiernogalvan.trescantos\/\/wp-content\/uploads\/cp.tiernogalvan.trescantos\/2021\/05\/musica4-1.jpg\" data-link=\"https:\/\/site.educa.madrid.org\/cp.tiernogalvan.trescantos\/?attachment_id=859\" class=\"wp-image-859\" srcset=\"https:\/\/site.educa.madrid.org\/cp.tiernogalvan.trescantos\/\/wp-content\/uploads\/cp.tiernogalvan.trescantos\/2021\/05\/musica4-1.jpg 1024w, https:\/\/site.educa.madrid.org\/cp.tiernogalvan.trescantos\/\/wp-content\/uploads\/cp.tiernogalvan.trescantos\/2021\/05\/musica4-1-300x225.jpg 300w, https:\/\/site.educa.madrid.org\/cp.tiernogalvan.trescantos\/\/wp-content\/uploads\/cp.tiernogalvan.trescantos\/2021\/05\/musica4-1-768x576.jpg 768w\" sizes=\"auto, (max-width: 1024px) 100vw, 1024px\" \/><\/figure><\/li><li class=\"blocks-gallery-item\"><figure><img loading=\"lazy\" decoding=\"async\" width=\"1024\" height=\"768\" src=\"https:\/\/site.educa.madrid.org\/cp.tiernogalvan.trescantos\/\/wp-content\/uploads\/cp.tiernogalvan.trescantos\/2021\/05\/musica5-1.jpg\" alt=\"\" data-id=\"860\" data-full-url=\"https:\/\/site.educa.madrid.org\/cp.tiernogalvan.trescantos\/\/wp-content\/uploads\/cp.tiernogalvan.trescantos\/2021\/05\/musica5-1.jpg\" data-link=\"https:\/\/site.educa.madrid.org\/cp.tiernogalvan.trescantos\/?attachment_id=860\" class=\"wp-image-860\" srcset=\"https:\/\/site.educa.madrid.org\/cp.tiernogalvan.trescantos\/\/wp-content\/uploads\/cp.tiernogalvan.trescantos\/2021\/05\/musica5-1.jpg 1024w, https:\/\/site.educa.madrid.org\/cp.tiernogalvan.trescantos\/\/wp-content\/uploads\/cp.tiernogalvan.trescantos\/2021\/05\/musica5-1-300x225.jpg 300w, https:\/\/site.educa.madrid.org\/cp.tiernogalvan.trescantos\/\/wp-content\/uploads\/cp.tiernogalvan.trescantos\/2021\/05\/musica5-1-768x576.jpg 768w\" sizes=\"auto, (max-width: 1024px) 100vw, 1024px\" \/><\/figure><\/li><li class=\"blocks-gallery-item\"><figure><img loading=\"lazy\" decoding=\"async\" width=\"1024\" height=\"768\" src=\"https:\/\/site.educa.madrid.org\/cp.tiernogalvan.trescantos\/\/wp-content\/uploads\/cp.tiernogalvan.trescantos\/2021\/05\/musica6-1.jpg\" alt=\"\" data-id=\"861\" data-full-url=\"https:\/\/site.educa.madrid.org\/cp.tiernogalvan.trescantos\/\/wp-content\/uploads\/cp.tiernogalvan.trescantos\/2021\/05\/musica6-1.jpg\" data-link=\"https:\/\/site.educa.madrid.org\/cp.tiernogalvan.trescantos\/?attachment_id=861\" class=\"wp-image-861\" srcset=\"https:\/\/site.educa.madrid.org\/cp.tiernogalvan.trescantos\/\/wp-content\/uploads\/cp.tiernogalvan.trescantos\/2021\/05\/musica6-1.jpg 1024w, https:\/\/site.educa.madrid.org\/cp.tiernogalvan.trescantos\/\/wp-content\/uploads\/cp.tiernogalvan.trescantos\/2021\/05\/musica6-1-300x225.jpg 300w, https:\/\/site.educa.madrid.org\/cp.tiernogalvan.trescantos\/\/wp-content\/uploads\/cp.tiernogalvan.trescantos\/2021\/05\/musica6-1-768x576.jpg 768w\" sizes=\"auto, (max-width: 1024px) 100vw, 1024px\" \/><\/figure><\/li><li class=\"blocks-gallery-item\"><figure><img loading=\"lazy\" decoding=\"async\" width=\"1024\" height=\"570\" src=\"https:\/\/site.educa.madrid.org\/cp.tiernogalvan.trescantos\/\/wp-content\/uploads\/cp.tiernogalvan.trescantos\/2021\/05\/musica6-1.png\" alt=\"\" data-id=\"862\" data-full-url=\"https:\/\/site.educa.madrid.org\/cp.tiernogalvan.trescantos\/\/wp-content\/uploads\/cp.tiernogalvan.trescantos\/2021\/05\/musica6-1.png\" data-link=\"https:\/\/site.educa.madrid.org\/cp.tiernogalvan.trescantos\/?attachment_id=862\" class=\"wp-image-862\" srcset=\"https:\/\/site.educa.madrid.org\/cp.tiernogalvan.trescantos\/\/wp-content\/uploads\/cp.tiernogalvan.trescantos\/2021\/05\/musica6-1.png 1024w, https:\/\/site.educa.madrid.org\/cp.tiernogalvan.trescantos\/\/wp-content\/uploads\/cp.tiernogalvan.trescantos\/2021\/05\/musica6-1-300x167.png 300w, https:\/\/site.educa.madrid.org\/cp.tiernogalvan.trescantos\/\/wp-content\/uploads\/cp.tiernogalvan.trescantos\/2021\/05\/musica6-1-768x428.png 768w\" sizes=\"auto, (max-width: 1024px) 100vw, 1024px\" \/><\/figure><\/li><li class=\"blocks-gallery-item\"><figure><img loading=\"lazy\" decoding=\"async\" width=\"837\" height=\"558\" src=\"https:\/\/site.educa.madrid.org\/cp.tiernogalvan.trescantos\/\/wp-content\/uploads\/cp.tiernogalvan.trescantos\/2021\/05\/musica7-1.jpg\" alt=\"\" data-id=\"863\" data-full-url=\"https:\/\/site.educa.madrid.org\/cp.tiernogalvan.trescantos\/\/wp-content\/uploads\/cp.tiernogalvan.trescantos\/2021\/05\/musica7-1.jpg\" data-link=\"https:\/\/site.educa.madrid.org\/cp.tiernogalvan.trescantos\/?attachment_id=863\" class=\"wp-image-863\" srcset=\"https:\/\/site.educa.madrid.org\/cp.tiernogalvan.trescantos\/\/wp-content\/uploads\/cp.tiernogalvan.trescantos\/2021\/05\/musica7-1.jpg 837w, https:\/\/site.educa.madrid.org\/cp.tiernogalvan.trescantos\/\/wp-content\/uploads\/cp.tiernogalvan.trescantos\/2021\/05\/musica7-1-300x200.jpg 300w, https:\/\/site.educa.madrid.org\/cp.tiernogalvan.trescantos\/\/wp-content\/uploads\/cp.tiernogalvan.trescantos\/2021\/05\/musica7-1-768x512.jpg 768w, https:\/\/site.educa.madrid.org\/cp.tiernogalvan.trescantos\/\/wp-content\/uploads\/cp.tiernogalvan.trescantos\/2021\/05\/musica7-1-391x260.jpg 391w\" sizes=\"auto, (max-width: 837px) 100vw, 837px\" \/><\/figure><\/li><li class=\"blocks-gallery-item\"><figure><img loading=\"lazy\" decoding=\"async\" width=\"1024\" height=\"575\" src=\"https:\/\/site.educa.madrid.org\/cp.tiernogalvan.trescantos\/\/wp-content\/uploads\/cp.tiernogalvan.trescantos\/2021\/05\/musica8-1.jpg\" alt=\"\" data-id=\"864\" data-full-url=\"https:\/\/site.educa.madrid.org\/cp.tiernogalvan.trescantos\/\/wp-content\/uploads\/cp.tiernogalvan.trescantos\/2021\/05\/musica8-1.jpg\" data-link=\"https:\/\/site.educa.madrid.org\/cp.tiernogalvan.trescantos\/?attachment_id=864\" class=\"wp-image-864\" srcset=\"https:\/\/site.educa.madrid.org\/cp.tiernogalvan.trescantos\/\/wp-content\/uploads\/cp.tiernogalvan.trescantos\/2021\/05\/musica8-1.jpg 1024w, https:\/\/site.educa.madrid.org\/cp.tiernogalvan.trescantos\/\/wp-content\/uploads\/cp.tiernogalvan.trescantos\/2021\/05\/musica8-1-300x168.jpg 300w, https:\/\/site.educa.madrid.org\/cp.tiernogalvan.trescantos\/\/wp-content\/uploads\/cp.tiernogalvan.trescantos\/2021\/05\/musica8-1-768x431.jpg 768w\" sizes=\"auto, (max-width: 1024px) 100vw, 1024px\" \/><\/figure><\/li><li class=\"blocks-gallery-item\"><figure><img loading=\"lazy\" decoding=\"async\" width=\"1024\" height=\"768\" src=\"https:\/\/site.educa.madrid.org\/cp.tiernogalvan.trescantos\/\/wp-content\/uploads\/cp.tiernogalvan.trescantos\/2021\/05\/musica9-1.jpg\" alt=\"\" data-id=\"865\" data-full-url=\"https:\/\/site.educa.madrid.org\/cp.tiernogalvan.trescantos\/\/wp-content\/uploads\/cp.tiernogalvan.trescantos\/2021\/05\/musica9-1.jpg\" data-link=\"https:\/\/site.educa.madrid.org\/cp.tiernogalvan.trescantos\/?attachment_id=865\" class=\"wp-image-865\" srcset=\"https:\/\/site.educa.madrid.org\/cp.tiernogalvan.trescantos\/\/wp-content\/uploads\/cp.tiernogalvan.trescantos\/2021\/05\/musica9-1.jpg 1024w, https:\/\/site.educa.madrid.org\/cp.tiernogalvan.trescantos\/\/wp-content\/uploads\/cp.tiernogalvan.trescantos\/2021\/05\/musica9-1-300x225.jpg 300w, https:\/\/site.educa.madrid.org\/cp.tiernogalvan.trescantos\/\/wp-content\/uploads\/cp.tiernogalvan.trescantos\/2021\/05\/musica9-1-768x576.jpg 768w\" sizes=\"auto, (max-width: 1024px) 100vw, 1024px\" \/><\/figure><\/li><\/ul><\/figure>\n","protected":false},"excerpt":{"rendered":"<p>Consideramos que la Educaci\u00f3n Musical es fundamental para el&nbsp;desarrollo est\u00e9tico&nbsp;de nuestro alumnado y por tanto, para su formaci\u00f3n integral.&nbsp;No s\u00f3lo aprenden m\u00fasica si no que tambi\u00e9n disfrutan con ella. El aula de M\u00fasica est\u00e1 completamente equipado con proyector y pantalla, pizarra blanca, guitarra, piano electr\u00f3nico, xil\u00f3fonos,&nbsp; carillones, maracas, tri\u00e1ngulos, picas, cascabeles&#8230; Hemos incorporado 30&nbsp;ukeleles&nbsp;y comienzan<\/p><\/div>\n<div class=\"blog-btn\"><a href=\"https:\/\/site.educa.madrid.org\/cp.tiernogalvan.trescantos\/index.php\/aula-de-musica\/\" class=\"home-blog-btn\">Leer m\u00e1s<\/a><\/p>\n","protected":false},"author":2,"featured_media":0,"parent":0,"menu_order":0,"comment_status":"closed","ping_status":"closed","template":"","meta":{"footnotes":""},"folder":[],"class_list":["post-844","page","type-page","status-publish","hentry"],"rttpg_featured_image_url":null,"rttpg_author":{"display_name":"tic.cp.tiernogalvan.trescantos","author_link":"https:\/\/site.educa.madrid.org\/cp.tiernogalvan.trescantos\/index.php\/author\/cuenta_tic-cp-tiernogalvan-trescantos\/"},"rttpg_comment":0,"rttpg_category":false,"rttpg_excerpt":"Consideramos que la Educaci\u00f3n Musical es fundamental para el&nbsp;desarrollo est\u00e9tico&nbsp;de nuestro alumnado y por tanto, para su formaci\u00f3n integral.&nbsp;No s\u00f3lo aprenden m\u00fasica si no que tambi\u00e9n disfrutan con ella. El aula de M\u00fasica est\u00e1 completamente equipado con proyector y pantalla, pizarra blanca, guitarra, piano electr\u00f3nico, xil\u00f3fonos,&nbsp; carillones, maracas, tri\u00e1ngulos, picas, cascabeles&#8230; Hemos incorporado 30&nbsp;ukeleles&nbsp;y comienzanLeer&hellip;","post_mailing_queue_ids":[],"_links":{"self":[{"href":"https:\/\/site.educa.madrid.org\/cp.tiernogalvan.trescantos\/index.php\/wp-json\/wp\/v2\/pages\/844","targetHints":{"allow":["GET"]}}],"collection":[{"href":"https:\/\/site.educa.madrid.org\/cp.tiernogalvan.trescantos\/index.php\/wp-json\/wp\/v2\/pages"}],"about":[{"href":"https:\/\/site.educa.madrid.org\/cp.tiernogalvan.trescantos\/index.php\/wp-json\/wp\/v2\/types\/page"}],"author":[{"embeddable":true,"href":"https:\/\/site.educa.madrid.org\/cp.tiernogalvan.trescantos\/index.php\/wp-json\/wp\/v2\/users\/2"}],"replies":[{"embeddable":true,"href":"https:\/\/site.educa.madrid.org\/cp.tiernogalvan.trescantos\/index.php\/wp-json\/wp\/v2\/comments?post=844"}],"version-history":[{"count":3,"href":"https:\/\/site.educa.madrid.org\/cp.tiernogalvan.trescantos\/index.php\/wp-json\/wp\/v2\/pages\/844\/revisions"}],"predecessor-version":[{"id":867,"href":"https:\/\/site.educa.madrid.org\/cp.tiernogalvan.trescantos\/index.php\/wp-json\/wp\/v2\/pages\/844\/revisions\/867"}],"wp:attachment":[{"href":"https:\/\/site.educa.madrid.org\/cp.tiernogalvan.trescantos\/index.php\/wp-json\/wp\/v2\/media?parent=844"}],"wp:term":[{"taxonomy":"folder","embeddable":true,"href":"https:\/\/site.educa.madrid.org\/cp.tiernogalvan.trescantos\/index.php\/wp-json\/wp\/v2\/folder?post=844"}],"curies":[{"name":"wp","href":"https:\/\/api.w.org\/{rel}","templated":true}]}}