{"id":876,"date":"2021-06-05T11:10:27","date_gmt":"2021-06-05T11:10:27","guid":{"rendered":"https:\/\/site.educa.madrid.org\/cp.tiernogalvan.trescantos\/?page_id=876"},"modified":"2024-04-08T21:43:29","modified_gmt":"2024-04-08T19:43:29","slug":"tour-virtual","status":"publish","type":"page","link":"https:\/\/site.educa.madrid.org\/cp.tiernogalvan.trescantos\/index.php\/tour-virtual\/","title":{"rendered":"Tour Virtual"},"content":{"rendered":"\n<p class=\"has-text-align-center\">En este tour virtual podr\u00e1s ver cada rinc\u00f3n de nuestro colegio como si estuvieras aqu\u00ed.<\/p>\n\n\n\n<p class=\"has-text-align-center\">Para verlo en pantalla completa pulsa <a href=\"https:\/\/visitavirtual.madrid\/TiernoGalvan\/\">este enlace<\/a>.<\/p>\n\n\n\n<p class=\"has-text-align-center\">\u00a1Esperamos que os guste!<\/p>\n\n\n\n<div style=\"height:20px\" aria-hidden=\"true\" class=\"wp-block-spacer\"><\/div>\n\n\n\n<div><\/style><iframe src=https:\/\/visitavirtual.madrid\/TiernoGalvan\/ width=1200 height=800>\n","protected":false},"excerpt":{"rendered":"<p>En este tour virtual podr\u00e1s ver cada rinc\u00f3n de nuestro colegio como si estuvieras aqu\u00ed. Para verlo en pantalla completa pulsa este enlace. \u00a1Esperamos que os guste!<\/p>\n","protected":false},"author":2,"featured_media":0,"parent":0,"menu_order":0,"comment_status":"closed","ping_status":"closed","template":"template\/template-page-full-width.php","meta":{"footnotes":""},"folder":[],"class_list":["post-876","page","type-page","status-publish","hentry"],"rttpg_featured_image_url":null,"rttpg_author":{"display_name":"tic.cp.tiernogalvan.trescantos","author_link":"https:\/\/site.educa.madrid.org\/cp.tiernogalvan.trescantos\/index.php\/author\/cuenta_tic-cp-tiernogalvan-trescantos\/"},"rttpg_comment":0,"rttpg_category":false,"rttpg_excerpt":"En este tour virtual podr\u00e1s ver cada rinc\u00f3n de nuestro colegio como si estuvieras aqu\u00ed. Para verlo en pantalla completa pulsa este enlace. \u00a1Esperamos que os guste!","post_mailing_queue_ids":[],"_links":{"self":[{"href":"https:\/\/site.educa.madrid.org\/cp.tiernogalvan.trescantos\/index.php\/wp-json\/wp\/v2\/pages\/876","targetHints":{"allow":["GET"]}}],"collection":[{"href":"https:\/\/site.educa.madrid.org\/cp.tiernogalvan.trescantos\/index.php\/wp-json\/wp\/v2\/pages"}],"about":[{"href":"https:\/\/site.educa.madrid.org\/cp.tiernogalvan.trescantos\/index.php\/wp-json\/wp\/v2\/types\/page"}],"author":[{"embeddable":true,"href":"https:\/\/site.educa.madrid.org\/cp.tiernogalvan.trescantos\/index.php\/wp-json\/wp\/v2\/users\/2"}],"replies":[{"embeddable":true,"href":"https:\/\/site.educa.madrid.org\/cp.tiernogalvan.trescantos\/index.php\/wp-json\/wp\/v2\/comments?post=876"}],"version-history":[{"count":25,"href":"https:\/\/site.educa.madrid.org\/cp.tiernogalvan.trescantos\/index.php\/wp-json\/wp\/v2\/pages\/876\/revisions"}],"predecessor-version":[{"id":1464,"href":"https:\/\/site.educa.madrid.org\/cp.tiernogalvan.trescantos\/index.php\/wp-json\/wp\/v2\/pages\/876\/revisions\/1464"}],"wp:attachment":[{"href":"https:\/\/site.educa.madrid.org\/cp.tiernogalvan.trescantos\/index.php\/wp-json\/wp\/v2\/media?parent=876"}],"wp:term":[{"taxonomy":"folder","embeddable":true,"href":"https:\/\/site.educa.madrid.org\/cp.tiernogalvan.trescantos\/index.php\/wp-json\/wp\/v2\/folder?post=876"}],"curies":[{"name":"wp","href":"https:\/\/api.w.org\/{rel}","templated":true}]}}