{"id":919,"date":"2021-06-05T11:15:27","date_gmt":"2021-06-05T11:15:27","guid":{"rendered":"https:\/\/site.educa.madrid.org\/cp.tiernogalvan.trescantos\/?page_id=919"},"modified":"2025-03-10T20:36:23","modified_gmt":"2025-03-10T19:36:23","slug":"proyecto-stem","status":"publish","type":"page","link":"https:\/\/site.educa.madrid.org\/cp.tiernogalvan.trescantos\/index.php\/proyectos\/proyecto-stem\/","title":{"rendered":"Proyecto STEM"},"content":{"rendered":"\n<h2 class=\"has-text-align-center wp-block-heading\">PROYECTO STEM<\/h2>\n\n\n\n<div class=\"wp-block-image\"><figure class=\"aligncenter size-large\"><img loading=\"lazy\" decoding=\"async\" width=\"452\" height=\"237\" src=\"https:\/\/site.educa.madrid.org\/cp.tiernogalvan.trescantos\/\/wp-content\/uploads\/cp.tiernogalvan.trescantos\/2021\/06\/stem-1.png\" alt=\"\" class=\"wp-image-948\" srcset=\"https:\/\/site.educa.madrid.org\/cp.tiernogalvan.trescantos\/\/wp-content\/uploads\/cp.tiernogalvan.trescantos\/2021\/06\/stem-1.png 452w, https:\/\/site.educa.madrid.org\/cp.tiernogalvan.trescantos\/\/wp-content\/uploads\/cp.tiernogalvan.trescantos\/2021\/06\/stem-1-300x157.png 300w\" sizes=\"auto, (max-width: 452px) 100vw, 452px\" \/><\/figure><\/div>\n\n\n\n<p>El denominado&nbsp;<strong>m\u00e9todo STEM<\/strong>&nbsp;es un&nbsp;<strong>plan de estudios<\/strong>&nbsp;que est\u00e1 basado en la idea de educar a los ni\u00f1os en cuatro disciplinas espec\u00edficas;&nbsp;<em>Science, Technology, Engineering y Maths<\/em>&nbsp;por sus siglas en ingl\u00e9s. En Castellano se traduce por&nbsp;<strong>Ciencia, Tecnolog\u00eda, Ingenier\u00eda y Matem\u00e1ticas<\/strong>. Estas cuatro \u00e1reas se trabajan, en los propios hogares con los padres o en las aulas con los educadores, mediante un enfoque multidisciplinario y aplicado.<\/p>\n\n\n\n<p>Es decir, las cuatro materias se imparten de forma integrada buscando una&nbsp;<strong>aplicaci\u00f3n directa en el mundo real<\/strong>. Seg\u00fan algunos informes publicados sobre esta nueva corriente educativa, en un futuro a medio\/largo plazo, este tipo de formaci\u00f3n crear\u00e1 nuevos puestos de trabajo para los j\u00f3venes.<\/p>\n\n\n\n<p>Aunque este m\u00e9todo empez\u00f3 a emplearse hace algunas d\u00e9cadas, ahora cobra nuevamente importancia y es que a trav\u00e9s de \u00e9l es posible \u201cdescubrir competencias y habilidades ocultas en los ni\u00f1os\u201d.<\/p>\n\n\n\n<p>En ocasiones, algunos expertos hablan de\u00a0<strong>STEM o STEAM<\/strong>. Esta \u2018a\u2019 a\u00f1adida se refiere al \u2018<strong>arte<\/strong>\u2019 y supone que el m\u00e9todo tambi\u00e9n trabaja esta asignatura. Incluya o no el arte, este tipo de ense\u00f1anza fomenta la\u00a0<strong>observaci\u00f3n en los ni\u00f1os<\/strong>, las habilidades adquiridas y, adem\u00e1s, permite articular la demanda social tecnol\u00f3gica actual y en un futuro hacer frente a puestos de trabajo espec\u00edficos. Uno de los objetivos es que los m\u00e1s peque\u00f1os, una vez crezcan, \u201cse inserten con una mayor facilidad en el mercado laboral que \u2018est\u00e1 hambriento\u2019 de las nuevas tecnolog\u00edas\u201d.<\/p>\n\n\n\n<p>Entre sus beneficios, cabe destacar que los estudiantes se acostumbran a trabajar en equipo, a tomar decisiones conjuntas ante investigaciones, llevar a cabo colaboraciones y realizar hip\u00f3tesis. Asimismo, este sistema educativo es capaz de aumentar la creatividad a la hora de resolver problemas, mejora el pensamiento cr\u00edtico individual,\u00a0<strong>mejora el autoestima<\/strong>, desarrolla la creatividad y la imaginaci\u00f3n, impulsa la capacidad de comunicaci\u00f3n y les ayuda a\u00a0<strong>aprender mediante la experimentaci\u00f3n en primera persona<\/strong>, lo que mejora la retenci\u00f3n de los conceptos a largo plazo. <\/p>\n","protected":false},"excerpt":{"rendered":"<p>PROYECTO STEM El denominado&nbsp;m\u00e9todo STEM&nbsp;es un&nbsp;plan de estudios&nbsp;que est\u00e1 basado en la idea de educar a los ni\u00f1os en cuatro disciplinas espec\u00edficas;&nbsp;Science, Technology, Engineering y Maths&nbsp;por sus siglas en ingl\u00e9s. En Castellano se traduce por&nbsp;Ciencia, Tecnolog\u00eda, Ingenier\u00eda y Matem\u00e1ticas. Estas cuatro \u00e1reas se trabajan, en los propios hogares con los padres o en las aulas<\/p><\/div>\n<div class=\"blog-btn\"><a href=\"https:\/\/site.educa.madrid.org\/cp.tiernogalvan.trescantos\/index.php\/proyectos\/proyecto-stem\/\" class=\"home-blog-btn\">Leer m\u00e1s<\/a><\/p>\n","protected":false},"author":2,"featured_media":0,"parent":147,"menu_order":0,"comment_status":"closed","ping_status":"closed","template":"","meta":{"footnotes":""},"folder":[],"class_list":["post-919","page","type-page","status-publish","hentry"],"rttpg_featured_image_url":null,"rttpg_author":{"display_name":"tic.cp.tiernogalvan.trescantos","author_link":"https:\/\/site.educa.madrid.org\/cp.tiernogalvan.trescantos\/index.php\/author\/cuenta_tic-cp-tiernogalvan-trescantos\/"},"rttpg_comment":0,"rttpg_category":false,"rttpg_excerpt":"PROYECTO STEM El denominado&nbsp;m\u00e9todo STEM&nbsp;es un&nbsp;plan de estudios&nbsp;que est\u00e1 basado en la idea de educar a los ni\u00f1os en cuatro disciplinas espec\u00edficas;&nbsp;Science, Technology, Engineering y Maths&nbsp;por sus siglas en ingl\u00e9s. En Castellano se traduce por&nbsp;Ciencia, Tecnolog\u00eda, Ingenier\u00eda y Matem\u00e1ticas. Estas cuatro \u00e1reas se trabajan, en los propios hogares con los padres o en las aulasLeer&hellip;","post_mailing_queue_ids":[],"_links":{"self":[{"href":"https:\/\/site.educa.madrid.org\/cp.tiernogalvan.trescantos\/index.php\/wp-json\/wp\/v2\/pages\/919","targetHints":{"allow":["GET"]}}],"collection":[{"href":"https:\/\/site.educa.madrid.org\/cp.tiernogalvan.trescantos\/index.php\/wp-json\/wp\/v2\/pages"}],"about":[{"href":"https:\/\/site.educa.madrid.org\/cp.tiernogalvan.trescantos\/index.php\/wp-json\/wp\/v2\/types\/page"}],"author":[{"embeddable":true,"href":"https:\/\/site.educa.madrid.org\/cp.tiernogalvan.trescantos\/index.php\/wp-json\/wp\/v2\/users\/2"}],"replies":[{"embeddable":true,"href":"https:\/\/site.educa.madrid.org\/cp.tiernogalvan.trescantos\/index.php\/wp-json\/wp\/v2\/comments?post=919"}],"version-history":[{"count":4,"href":"https:\/\/site.educa.madrid.org\/cp.tiernogalvan.trescantos\/index.php\/wp-json\/wp\/v2\/pages\/919\/revisions"}],"predecessor-version":[{"id":1318,"href":"https:\/\/site.educa.madrid.org\/cp.tiernogalvan.trescantos\/index.php\/wp-json\/wp\/v2\/pages\/919\/revisions\/1318"}],"up":[{"embeddable":true,"href":"https:\/\/site.educa.madrid.org\/cp.tiernogalvan.trescantos\/index.php\/wp-json\/wp\/v2\/pages\/147"}],"wp:attachment":[{"href":"https:\/\/site.educa.madrid.org\/cp.tiernogalvan.trescantos\/index.php\/wp-json\/wp\/v2\/media?parent=919"}],"wp:term":[{"taxonomy":"folder","embeddable":true,"href":"https:\/\/site.educa.madrid.org\/cp.tiernogalvan.trescantos\/index.php\/wp-json\/wp\/v2\/folder?post=919"}],"curies":[{"name":"wp","href":"https:\/\/api.w.org\/{rel}","templated":true}]}}