{"id":922,"date":"2021-06-05T11:19:50","date_gmt":"2021-06-05T11:19:50","guid":{"rendered":"https:\/\/site.educa.madrid.org\/cp.tiernogalvan.trescantos\/?page_id=922"},"modified":"2025-03-10T20:33:59","modified_gmt":"2025-03-10T19:33:59","slug":"proyecto-think-equal","status":"publish","type":"page","link":"https:\/\/site.educa.madrid.org\/cp.tiernogalvan.trescantos\/index.php\/proyectos\/proyecto-think-equal\/","title":{"rendered":"Proyecto Think Equal"},"content":{"rendered":"\n<div class=\"wp-block-image\"><figure class=\"aligncenter size-full\"><img loading=\"lazy\" decoding=\"async\" width=\"200\" height=\"200\" src=\"https:\/\/site.educa.madrid.org\/cp.tiernogalvan.trescantos\/\/wp-content\/uploads\/cp.tiernogalvan.trescantos\/2023\/05\/logo-think-equal.jpg\" alt=\"\" class=\"wp-image-1265\" srcset=\"https:\/\/site.educa.madrid.org\/cp.tiernogalvan.trescantos\/\/wp-content\/uploads\/cp.tiernogalvan.trescantos\/2023\/05\/logo-think-equal.jpg 200w, https:\/\/site.educa.madrid.org\/cp.tiernogalvan.trescantos\/\/wp-content\/uploads\/cp.tiernogalvan.trescantos\/2023\/05\/logo-think-equal-150x150.jpg 150w\" sizes=\"auto, (max-width: 200px) 100vw, 200px\" \/><\/figure><\/div>\n\n\n\n<p><strong><br>La vicepresidencia, Consejer\u00eda de Educaci\u00f3n y Universidades de la Comunidad de Madrid<\/strong>, en coordinaci\u00f3n con\u00a0<a rel=\"noreferrer noopener\" href=\"https:\/\/thinkequal.org\/\" target=\"_blank\">THINK EQUAL<\/a>\u00a0y la\u00a0<a href=\"https:\/\/fundaciongomaespuma.org\/proyectos\/espana\/think-equal\/\">Fundaci\u00f3n Gomaespuma<\/a>\u00a0inicia un Programa de educaci\u00f3n socio-emocional dirigido a los alumnos de segundo ciclo Educaci\u00f3n Infantil.<\/p>\n\n\n\n<p>Desde enero 2017, el Programa Think Equal se ha implementado en 147 escuelas en 13 pa\u00edses en 5 continentes para ayudar a los ni\u00f1os durante su educaci\u00f3n infantil a adquirir las habilidades y competencias que permiten a los ni\u00f1os afrontar mejor los retos que se planten en la vida diaria, con la finalidad de aumentar el bienestar personal y social, mejorando la convivencia en los centros.<\/p>\n\n\n\n<p>El programa THINK EQUAL proporciona a los ni\u00f1os de 3 a 6 a\u00f1os las herramientas y las bases para un desarrollo basado en el respeto, la empat\u00eda, la equidad, la igualdad y la inclusi\u00f3n.<\/p>\n","protected":false},"excerpt":{"rendered":"<p>La vicepresidencia, Consejer\u00eda de Educaci\u00f3n y Universidades de la Comunidad de Madrid, en coordinaci\u00f3n con\u00a0THINK EQUAL\u00a0y la\u00a0Fundaci\u00f3n Gomaespuma\u00a0inicia un Programa de educaci\u00f3n socio-emocional dirigido a los alumnos de segundo ciclo Educaci\u00f3n Infantil. Desde enero 2017, el Programa Think Equal se ha implementado en 147 escuelas en 13 pa\u00edses en 5 continentes para ayudar a los<\/p><\/div>\n<div class=\"blog-btn\"><a href=\"https:\/\/site.educa.madrid.org\/cp.tiernogalvan.trescantos\/index.php\/proyectos\/proyecto-think-equal\/\" class=\"home-blog-btn\">Leer m\u00e1s<\/a><\/p>\n","protected":false},"author":2,"featured_media":0,"parent":147,"menu_order":0,"comment_status":"closed","ping_status":"closed","template":"","meta":{"footnotes":""},"folder":[],"class_list":["post-922","page","type-page","status-publish","hentry"],"rttpg_featured_image_url":null,"rttpg_author":{"display_name":"tic.cp.tiernogalvan.trescantos","author_link":"https:\/\/site.educa.madrid.org\/cp.tiernogalvan.trescantos\/index.php\/author\/cuenta_tic-cp-tiernogalvan-trescantos\/"},"rttpg_comment":0,"rttpg_category":false,"rttpg_excerpt":"La vicepresidencia, Consejer\u00eda de Educaci\u00f3n y Universidades de la Comunidad de Madrid, en coordinaci\u00f3n con\u00a0THINK EQUAL\u00a0y la\u00a0Fundaci\u00f3n Gomaespuma\u00a0inicia un Programa de educaci\u00f3n socio-emocional dirigido a los alumnos de segundo ciclo Educaci\u00f3n Infantil. Desde enero 2017, el Programa Think Equal se ha implementado en 147 escuelas en 13 pa\u00edses en 5 continentes para ayudar a losLeer&hellip;","post_mailing_queue_ids":[],"_links":{"self":[{"href":"https:\/\/site.educa.madrid.org\/cp.tiernogalvan.trescantos\/index.php\/wp-json\/wp\/v2\/pages\/922","targetHints":{"allow":["GET"]}}],"collection":[{"href":"https:\/\/site.educa.madrid.org\/cp.tiernogalvan.trescantos\/index.php\/wp-json\/wp\/v2\/pages"}],"about":[{"href":"https:\/\/site.educa.madrid.org\/cp.tiernogalvan.trescantos\/index.php\/wp-json\/wp\/v2\/types\/page"}],"author":[{"embeddable":true,"href":"https:\/\/site.educa.madrid.org\/cp.tiernogalvan.trescantos\/index.php\/wp-json\/wp\/v2\/users\/2"}],"replies":[{"embeddable":true,"href":"https:\/\/site.educa.madrid.org\/cp.tiernogalvan.trescantos\/index.php\/wp-json\/wp\/v2\/comments?post=922"}],"version-history":[{"count":2,"href":"https:\/\/site.educa.madrid.org\/cp.tiernogalvan.trescantos\/index.php\/wp-json\/wp\/v2\/pages\/922\/revisions"}],"predecessor-version":[{"id":1266,"href":"https:\/\/site.educa.madrid.org\/cp.tiernogalvan.trescantos\/index.php\/wp-json\/wp\/v2\/pages\/922\/revisions\/1266"}],"up":[{"embeddable":true,"href":"https:\/\/site.educa.madrid.org\/cp.tiernogalvan.trescantos\/index.php\/wp-json\/wp\/v2\/pages\/147"}],"wp:attachment":[{"href":"https:\/\/site.educa.madrid.org\/cp.tiernogalvan.trescantos\/index.php\/wp-json\/wp\/v2\/media?parent=922"}],"wp:term":[{"taxonomy":"folder","embeddable":true,"href":"https:\/\/site.educa.madrid.org\/cp.tiernogalvan.trescantos\/index.php\/wp-json\/wp\/v2\/folder?post=922"}],"curies":[{"name":"wp","href":"https:\/\/api.w.org\/{rel}","templated":true}]}}