{"id":924,"date":"2021-06-05T11:21:19","date_gmt":"2021-06-05T11:21:19","guid":{"rendered":"https:\/\/site.educa.madrid.org\/cp.tiernogalvan.trescantos\/?page_id=924"},"modified":"2025-03-10T20:33:45","modified_gmt":"2025-03-10T19:33:45","slug":"proyecto-dytective-u","status":"publish","type":"page","link":"https:\/\/site.educa.madrid.org\/cp.tiernogalvan.trescantos\/index.php\/proyectos\/proyecto-dytective-u\/","title":{"rendered":"Proyecto DytectiveU"},"content":{"rendered":"\n<div class=\"wp-block-image\"><figure class=\"aligncenter size-full is-resized\"><img loading=\"lazy\" decoding=\"async\" src=\"https:\/\/site.educa.madrid.org\/cp.tiernogalvan.trescantos\/\/wp-content\/uploads\/cp.tiernogalvan.trescantos\/2023\/05\/login_dyu.jpg\" alt=\"\" class=\"wp-image-1267\" width=\"292\" height=\"196\"\/><\/figure><\/div>\n\n\n\n<p>Dytective es una herramienta validada cient\u00edficamente cuyo fin es mejorar las habilidades de lectura y escritura mientras nos diviertimos jugando: 42.000 juegos que se personalizan en funci\u00f3n de 24 habilidades cognitivas dirigidas tanto a las debilidades como a las fortalezas cognitivas. Tambi\u00e9n tendr\u00e1s acceso a la prueba de cribado Dytective que <strong>te permite en s\u00f3lo 15 minutos, detectar si tienes riesgo de tener dificultades de lecto-escritura.<\/strong><\/p>\n\n\n\n<p>Es una soluci\u00f3n diferencial puntera y cient\u00edficamente validada para eliminar el fracaso escolar debido a las dificultades de lecto-escritura. Se optimizan los recursos del centro, a trav\u00e9s de la personalizaci\u00f3n autom\u00e1tica de los ejercicios y la generaci\u00f3n autom\u00e1tica de informes. Adem\u00e1s, contamos con el soporte de una instituci\u00f3n cient\u00edfica y reconocida por prestigiosos premios y licencias de 12 meses.<\/p>\n","protected":false},"excerpt":{"rendered":"<p>Dytective es una herramienta validada cient\u00edficamente cuyo fin es mejorar las habilidades de lectura y escritura mientras nos diviertimos jugando: 42.000 juegos que se personalizan en funci\u00f3n de 24 habilidades cognitivas dirigidas tanto a las debilidades como a las fortalezas cognitivas. Tambi\u00e9n tendr\u00e1s acceso a la prueba de cribado Dytective que te permite en s\u00f3lo<\/p><\/div>\n<div class=\"blog-btn\"><a href=\"https:\/\/site.educa.madrid.org\/cp.tiernogalvan.trescantos\/index.php\/proyectos\/proyecto-dytective-u\/\" class=\"home-blog-btn\">Leer m\u00e1s<\/a><\/p>\n","protected":false},"author":2,"featured_media":0,"parent":147,"menu_order":0,"comment_status":"closed","ping_status":"closed","template":"","meta":{"footnotes":""},"folder":[],"class_list":["post-924","page","type-page","status-publish","hentry"],"rttpg_featured_image_url":null,"rttpg_author":{"display_name":"tic.cp.tiernogalvan.trescantos","author_link":"https:\/\/site.educa.madrid.org\/cp.tiernogalvan.trescantos\/index.php\/author\/cuenta_tic-cp-tiernogalvan-trescantos\/"},"rttpg_comment":0,"rttpg_category":false,"rttpg_excerpt":"Dytective es una herramienta validada cient\u00edficamente cuyo fin es mejorar las habilidades de lectura y escritura mientras nos diviertimos jugando: 42.000 juegos que se personalizan en funci\u00f3n de 24 habilidades cognitivas dirigidas tanto a las debilidades como a las fortalezas cognitivas. Tambi\u00e9n tendr\u00e1s acceso a la prueba de cribado Dytective que te permite en s\u00f3loLeer&hellip;","post_mailing_queue_ids":[],"_links":{"self":[{"href":"https:\/\/site.educa.madrid.org\/cp.tiernogalvan.trescantos\/index.php\/wp-json\/wp\/v2\/pages\/924","targetHints":{"allow":["GET"]}}],"collection":[{"href":"https:\/\/site.educa.madrid.org\/cp.tiernogalvan.trescantos\/index.php\/wp-json\/wp\/v2\/pages"}],"about":[{"href":"https:\/\/site.educa.madrid.org\/cp.tiernogalvan.trescantos\/index.php\/wp-json\/wp\/v2\/types\/page"}],"author":[{"embeddable":true,"href":"https:\/\/site.educa.madrid.org\/cp.tiernogalvan.trescantos\/index.php\/wp-json\/wp\/v2\/users\/2"}],"replies":[{"embeddable":true,"href":"https:\/\/site.educa.madrid.org\/cp.tiernogalvan.trescantos\/index.php\/wp-json\/wp\/v2\/comments?post=924"}],"version-history":[{"count":4,"href":"https:\/\/site.educa.madrid.org\/cp.tiernogalvan.trescantos\/index.php\/wp-json\/wp\/v2\/pages\/924\/revisions"}],"predecessor-version":[{"id":1288,"href":"https:\/\/site.educa.madrid.org\/cp.tiernogalvan.trescantos\/index.php\/wp-json\/wp\/v2\/pages\/924\/revisions\/1288"}],"up":[{"embeddable":true,"href":"https:\/\/site.educa.madrid.org\/cp.tiernogalvan.trescantos\/index.php\/wp-json\/wp\/v2\/pages\/147"}],"wp:attachment":[{"href":"https:\/\/site.educa.madrid.org\/cp.tiernogalvan.trescantos\/index.php\/wp-json\/wp\/v2\/media?parent=924"}],"wp:term":[{"taxonomy":"folder","embeddable":true,"href":"https:\/\/site.educa.madrid.org\/cp.tiernogalvan.trescantos\/index.php\/wp-json\/wp\/v2\/folder?post=924"}],"curies":[{"name":"wp","href":"https:\/\/api.w.org\/{rel}","templated":true}]}}