{"id":926,"date":"2021-06-05T11:21:34","date_gmt":"2021-06-05T11:21:34","guid":{"rendered":"https:\/\/site.educa.madrid.org\/cp.tiernogalvan.trescantos\/?page_id=926"},"modified":"2025-03-10T20:33:31","modified_gmt":"2025-03-10T19:33:31","slug":"patidiver","status":"publish","type":"page","link":"https:\/\/site.educa.madrid.org\/cp.tiernogalvan.trescantos\/index.php\/proyectos\/patidiver\/","title":{"rendered":"Patidiver"},"content":{"rendered":"\n<h2 class=\"has-text-align-center wp-block-heading\">PATIDIVER<\/h2>\n\n\n\n<p>Hemos puesto en marcha un proyecto de&nbsp;<strong>Programa de Patios<\/strong>&nbsp;llamado \u00abPatidiver\u00bb para mejorar la integraci\u00f3n del alumnado TEA del centro, as\u00ed como para mejorar la convivencia y fomentar el buen trato entre iguales de todo el alumnado del centro.<\/p>\n\n\n\n<p>Hay dos profesores que coordinan todo este programa. Se requiere la colaboraci\u00f3n de alumnos\u00a0<strong>voluntarios de 6\u00ba de primaria<\/strong>\u00a0que se encargan de preparar actividades y de animar a todos aquellos ni\u00f1os que se encuentran solos en el patio.<\/p>\n\n\n\n<p>Nos sentimos muy orgullosos porque pr\u00e1cticamente quieren participar casi todos los alumnos de estas edades.&nbsp;<\/p>\n\n\n\n<p>Estos alumnos voluntarios&nbsp;<strong>preparan juegos y actividades<\/strong>&nbsp;para llevar a cabo en la hora del recreo tanto en el patio de primaria como en el de infantil.<\/p>\n\n\n\n<p>Se ponen unos chalecos amarillos con el logo de PatiDiver y as\u00ed son f\u00e1cilmente visibles por el resto de los compa\u00f1eros.&nbsp;<\/p>\n\n\n\n<p>Al finalizar cada trimestre los alumnos participantes son reunidos para ver cuales han sido las dificultades y los logros y se les invita a una peque\u00f1a merienda.<\/p>\n\n\n\n<p>Hemos puesto en marcha\u00a0<strong>Patios con Ruedas<\/strong>\u00a0los viernes. Los alumnos pueden traer bicicletas y patinetes y montar en la hora del recreo cumpliendo todas las normas de respeto y protecci\u00f3n hacia ellos y hacia los dem\u00e1s compa\u00f1eros.<\/p>\n\n\n\n<div style=\"height:42px\" aria-hidden=\"true\" class=\"wp-block-spacer\"><\/div>\n\n\n\n<figure class=\"wp-block-gallery has-nested-images columns-default is-cropped wp-block-gallery-1 is-layout-flex wp-block-gallery-is-layout-flex\">\n<figure class=\"wp-block-image size-large\"><img loading=\"lazy\" decoding=\"async\" width=\"800\" height=\"388\" data-id=\"935\" src=\"https:\/\/site.educa.madrid.org\/cp.tiernogalvan.trescantos\/\/wp-content\/uploads\/cp.tiernogalvan.trescantos\/2021\/06\/PATIDIVER8.jpg\" alt=\"\" class=\"wp-image-935\" srcset=\"https:\/\/site.educa.madrid.org\/cp.tiernogalvan.trescantos\/\/wp-content\/uploads\/cp.tiernogalvan.trescantos\/2021\/06\/PATIDIVER8.jpg 800w, https:\/\/site.educa.madrid.org\/cp.tiernogalvan.trescantos\/\/wp-content\/uploads\/cp.tiernogalvan.trescantos\/2021\/06\/PATIDIVER8-300x146.jpg 300w, https:\/\/site.educa.madrid.org\/cp.tiernogalvan.trescantos\/\/wp-content\/uploads\/cp.tiernogalvan.trescantos\/2021\/06\/PATIDIVER8-768x372.jpg 768w\" sizes=\"auto, (max-width: 800px) 100vw, 800px\" \/><\/figure>\n\n\n\n<figure class=\"wp-block-image size-large\"><img loading=\"lazy\" decoding=\"async\" width=\"1024\" height=\"576\" data-id=\"936\" src=\"https:\/\/site.educa.madrid.org\/cp.tiernogalvan.trescantos\/\/wp-content\/uploads\/cp.tiernogalvan.trescantos\/2021\/06\/PATIDIVER7.jpg\" alt=\"\" class=\"wp-image-936\" srcset=\"https:\/\/site.educa.madrid.org\/cp.tiernogalvan.trescantos\/\/wp-content\/uploads\/cp.tiernogalvan.trescantos\/2021\/06\/PATIDIVER7.jpg 1024w, https:\/\/site.educa.madrid.org\/cp.tiernogalvan.trescantos\/\/wp-content\/uploads\/cp.tiernogalvan.trescantos\/2021\/06\/PATIDIVER7-300x169.jpg 300w, https:\/\/site.educa.madrid.org\/cp.tiernogalvan.trescantos\/\/wp-content\/uploads\/cp.tiernogalvan.trescantos\/2021\/06\/PATIDIVER7-768x432.jpg 768w\" sizes=\"auto, (max-width: 1024px) 100vw, 1024px\" \/><\/figure>\n\n\n\n<figure class=\"wp-block-image size-large\"><img loading=\"lazy\" decoding=\"async\" width=\"800\" height=\"600\" data-id=\"937\" src=\"https:\/\/site.educa.madrid.org\/cp.tiernogalvan.trescantos\/\/wp-content\/uploads\/cp.tiernogalvan.trescantos\/2021\/06\/PATIDIVER6.jpg\" alt=\"\" class=\"wp-image-937\" srcset=\"https:\/\/site.educa.madrid.org\/cp.tiernogalvan.trescantos\/\/wp-content\/uploads\/cp.tiernogalvan.trescantos\/2021\/06\/PATIDIVER6.jpg 800w, https:\/\/site.educa.madrid.org\/cp.tiernogalvan.trescantos\/\/wp-content\/uploads\/cp.tiernogalvan.trescantos\/2021\/06\/PATIDIVER6-300x225.jpg 300w, https:\/\/site.educa.madrid.org\/cp.tiernogalvan.trescantos\/\/wp-content\/uploads\/cp.tiernogalvan.trescantos\/2021\/06\/PATIDIVER6-768x576.jpg 768w\" sizes=\"auto, (max-width: 800px) 100vw, 800px\" \/><\/figure>\n\n\n\n<figure class=\"wp-block-image size-large\"><img loading=\"lazy\" decoding=\"async\" width=\"1024\" height=\"576\" data-id=\"941\" src=\"https:\/\/site.educa.madrid.org\/cp.tiernogalvan.trescantos\/\/wp-content\/uploads\/cp.tiernogalvan.trescantos\/2021\/06\/PATIDIVER1.jpg\" alt=\"\" class=\"wp-image-941\" srcset=\"https:\/\/site.educa.madrid.org\/cp.tiernogalvan.trescantos\/\/wp-content\/uploads\/cp.tiernogalvan.trescantos\/2021\/06\/PATIDIVER1.jpg 1024w, https:\/\/site.educa.madrid.org\/cp.tiernogalvan.trescantos\/\/wp-content\/uploads\/cp.tiernogalvan.trescantos\/2021\/06\/PATIDIVER1-300x169.jpg 300w, https:\/\/site.educa.madrid.org\/cp.tiernogalvan.trescantos\/\/wp-content\/uploads\/cp.tiernogalvan.trescantos\/2021\/06\/PATIDIVER1-768x432.jpg 768w\" sizes=\"auto, (max-width: 1024px) 100vw, 1024px\" \/><\/figure>\n\n\n\n<figure class=\"wp-block-image size-large\"><img loading=\"lazy\" decoding=\"async\" width=\"800\" height=\"600\" data-id=\"939\" src=\"https:\/\/site.educa.madrid.org\/cp.tiernogalvan.trescantos\/\/wp-content\/uploads\/cp.tiernogalvan.trescantos\/2021\/06\/PATIDIVER3.jpg\" alt=\"\" class=\"wp-image-939\" srcset=\"https:\/\/site.educa.madrid.org\/cp.tiernogalvan.trescantos\/\/wp-content\/uploads\/cp.tiernogalvan.trescantos\/2021\/06\/PATIDIVER3.jpg 800w, https:\/\/site.educa.madrid.org\/cp.tiernogalvan.trescantos\/\/wp-content\/uploads\/cp.tiernogalvan.trescantos\/2021\/06\/PATIDIVER3-300x225.jpg 300w, https:\/\/site.educa.madrid.org\/cp.tiernogalvan.trescantos\/\/wp-content\/uploads\/cp.tiernogalvan.trescantos\/2021\/06\/PATIDIVER3-768x576.jpg 768w\" sizes=\"auto, (max-width: 800px) 100vw, 800px\" \/><\/figure>\n\n\n\n<figure class=\"wp-block-image size-large\"><img loading=\"lazy\" decoding=\"async\" width=\"800\" height=\"600\" data-id=\"940\" src=\"https:\/\/site.educa.madrid.org\/cp.tiernogalvan.trescantos\/\/wp-content\/uploads\/cp.tiernogalvan.trescantos\/2021\/06\/PATIDIVER2.jpg\" alt=\"\" class=\"wp-image-940\" srcset=\"https:\/\/site.educa.madrid.org\/cp.tiernogalvan.trescantos\/\/wp-content\/uploads\/cp.tiernogalvan.trescantos\/2021\/06\/PATIDIVER2.jpg 800w, https:\/\/site.educa.madrid.org\/cp.tiernogalvan.trescantos\/\/wp-content\/uploads\/cp.tiernogalvan.trescantos\/2021\/06\/PATIDIVER2-300x225.jpg 300w, https:\/\/site.educa.madrid.org\/cp.tiernogalvan.trescantos\/\/wp-content\/uploads\/cp.tiernogalvan.trescantos\/2021\/06\/PATIDIVER2-768x576.jpg 768w\" sizes=\"auto, (max-width: 800px) 100vw, 800px\" \/><\/figure>\n\n\n\n<figure class=\"wp-block-image size-large\"><img loading=\"lazy\" decoding=\"async\" width=\"452\" height=\"600\" data-id=\"938\" src=\"https:\/\/site.educa.madrid.org\/cp.tiernogalvan.trescantos\/\/wp-content\/uploads\/cp.tiernogalvan.trescantos\/2021\/06\/PATIDIVER5.jpg\" alt=\"\" class=\"wp-image-938\" srcset=\"https:\/\/site.educa.madrid.org\/cp.tiernogalvan.trescantos\/\/wp-content\/uploads\/cp.tiernogalvan.trescantos\/2021\/06\/PATIDIVER5.jpg 452w, https:\/\/site.educa.madrid.org\/cp.tiernogalvan.trescantos\/\/wp-content\/uploads\/cp.tiernogalvan.trescantos\/2021\/06\/PATIDIVER5-226x300.jpg 226w\" sizes=\"auto, (max-width: 452px) 100vw, 452px\" \/><\/figure>\n<\/figure>\n","protected":false},"excerpt":{"rendered":"<p>PATIDIVER Hemos puesto en marcha un proyecto de&nbsp;Programa de Patios&nbsp;llamado \u00abPatidiver\u00bb para mejorar la integraci\u00f3n del alumnado TEA del centro, as\u00ed como para mejorar la convivencia y fomentar el buen trato entre iguales de todo el alumnado del centro. Hay dos profesores que coordinan todo este programa. Se requiere la colaboraci\u00f3n de alumnos\u00a0voluntarios de 6\u00ba<\/p><\/div>\n<div class=\"blog-btn\"><a href=\"https:\/\/site.educa.madrid.org\/cp.tiernogalvan.trescantos\/index.php\/proyectos\/patidiver\/\" class=\"home-blog-btn\">Leer m\u00e1s<\/a><\/p>\n","protected":false},"author":2,"featured_media":0,"parent":147,"menu_order":0,"comment_status":"closed","ping_status":"closed","template":"","meta":{"footnotes":""},"folder":[],"class_list":["post-926","page","type-page","status-publish","hentry"],"rttpg_featured_image_url":null,"rttpg_author":{"display_name":"tic.cp.tiernogalvan.trescantos","author_link":"https:\/\/site.educa.madrid.org\/cp.tiernogalvan.trescantos\/index.php\/author\/cuenta_tic-cp-tiernogalvan-trescantos\/"},"rttpg_comment":0,"rttpg_category":false,"rttpg_excerpt":"PATIDIVER Hemos puesto en marcha un proyecto de&nbsp;Programa de Patios&nbsp;llamado \u00abPatidiver\u00bb para mejorar la integraci\u00f3n del alumnado TEA del centro, as\u00ed como para mejorar la convivencia y fomentar el buen trato entre iguales de todo el alumnado del centro. Hay dos profesores que coordinan todo este programa. Se requiere la colaboraci\u00f3n de alumnos\u00a0voluntarios de 6\u00baLeer&hellip;","post_mailing_queue_ids":[],"_links":{"self":[{"href":"https:\/\/site.educa.madrid.org\/cp.tiernogalvan.trescantos\/index.php\/wp-json\/wp\/v2\/pages\/926","targetHints":{"allow":["GET"]}}],"collection":[{"href":"https:\/\/site.educa.madrid.org\/cp.tiernogalvan.trescantos\/index.php\/wp-json\/wp\/v2\/pages"}],"about":[{"href":"https:\/\/site.educa.madrid.org\/cp.tiernogalvan.trescantos\/index.php\/wp-json\/wp\/v2\/types\/page"}],"author":[{"embeddable":true,"href":"https:\/\/site.educa.madrid.org\/cp.tiernogalvan.trescantos\/index.php\/wp-json\/wp\/v2\/users\/2"}],"replies":[{"embeddable":true,"href":"https:\/\/site.educa.madrid.org\/cp.tiernogalvan.trescantos\/index.php\/wp-json\/wp\/v2\/comments?post=926"}],"version-history":[{"count":4,"href":"https:\/\/site.educa.madrid.org\/cp.tiernogalvan.trescantos\/index.php\/wp-json\/wp\/v2\/pages\/926\/revisions"}],"predecessor-version":[{"id":1166,"href":"https:\/\/site.educa.madrid.org\/cp.tiernogalvan.trescantos\/index.php\/wp-json\/wp\/v2\/pages\/926\/revisions\/1166"}],"up":[{"embeddable":true,"href":"https:\/\/site.educa.madrid.org\/cp.tiernogalvan.trescantos\/index.php\/wp-json\/wp\/v2\/pages\/147"}],"wp:attachment":[{"href":"https:\/\/site.educa.madrid.org\/cp.tiernogalvan.trescantos\/index.php\/wp-json\/wp\/v2\/media?parent=926"}],"wp:term":[{"taxonomy":"folder","embeddable":true,"href":"https:\/\/site.educa.madrid.org\/cp.tiernogalvan.trescantos\/index.php\/wp-json\/wp\/v2\/folder?post=926"}],"curies":[{"name":"wp","href":"https:\/\/api.w.org\/{rel}","templated":true}]}}