{"id":954,"date":"2021-06-05T11:50:39","date_gmt":"2021-06-05T11:50:39","guid":{"rendered":"https:\/\/site.educa.madrid.org\/cp.tiernogalvan.trescantos\/?page_id=954"},"modified":"2025-11-03T20:28:25","modified_gmt":"2025-11-03T19:28:25","slug":"contacto","status":"publish","type":"page","link":"https:\/\/site.educa.madrid.org\/cp.tiernogalvan.trescantos\/index.php\/contacto\/","title":{"rendered":"Contacto"},"content":{"rendered":"\n<p>\ud83c\udfeb <strong><a rel=\"noreferrer noopener\" href=\"https:\/\/gestiona.comunidad.madrid\/wpad_pub\/run\/j\/MostrarFichaCentro.icm?cdCentro=28039384\" target=\"_blank\">CEIP. TIERNO GALV\u00c1N<\/a><\/strong><\/p>\n\n\n\n<p>\ud83d\udccd <a href=\"https:\/\/maps.app.goo.gl\/AqRK7pLtuviQV3As7\" data-type=\"URL\" data-id=\"https:\/\/maps.app.goo.gl\/AqRK7pLtuviQV3As7\" target=\"_blank\" rel=\"noreferrer noopener\">Sector Embarcaciones 34<\/a>, 28760 Tres Cantos <\/p>\n\n\n\n<p>\u23f2 Horario de atenci\u00f3n al p\u00fablico: De lunes a viernes de 9.00 a 16.00h<\/p>\n\n\n\n<p>\u260e Tel\u00e9fonos: <a href=\"tel:918032957\">91 803 29 57<\/a> \/ <a href=\"tel:918046847\">91 804 68 47<\/a><\/p>\n\n\n\n<p>\u2709 Direcci\u00f3n: <a href=\"mailto:cp.tiernogalvan.trescantos@educa.madrid.org\" target=\"_blank\" rel=\"noreferrer noopener\">cp.tiernogalvan.trescantos@educa.madrid.org<\/a><\/p>\n\n\n\n<p>C\u00f3digo centro: 28039384<\/p>\n\n\n\n<div style=\"height:51px\" aria-hidden=\"true\" class=\"wp-block-spacer\"><\/div>\n\n\n\n<iframe src=\"https:\/\/www.google.com\/maps\/embed?pb=!1m18!1m12!1m3!1d3029.340851032041!2d-3.7042954856537693!3d40.600302779344254!2m3!1f0!2f0!3f0!3m2!1i1024!2i768!4f13.1!3m3!1m2!1s0xd43d51e03c33a31%3A0x4317f169f2297615!2sColegio%20P%C3%BAblico%20Biling%C3%BCe%20Tierno%20Galv%C3%A1n!5e0!3m2!1ses!2ses!4v1622893640908!5m2!1ses!2ses\" width=\"600\" height=\"450\" style=\"border:0;\" allowfullscreen=\"\" loading=\"lazy\"><\/iframe>\n\n\n\n<div style=\"height:28px\" aria-hidden=\"true\" class=\"wp-block-spacer\"><\/div>\n\n\n\n<p><strong>Secretar\u00eda<\/strong><\/p>\n\n\n\n<p>Correo electr\u00f3nico: <a href=\"mailto:cp.secretaria.tiernogalvan.trescantos@educa.madrid.org\" target=\"_blank\" rel=\"noreferrer noopener\">cp.secretaria.tiernogalvan.trescantos@educa.madrid.org<\/a><\/p>\n\n\n\n<p><strong>Asociaci\u00f3n de Padres y Madres:<\/strong><\/p>\n\n\n\n<p>Tel\u00e9fono: <a href=\"tel:660480813\">660 48 08 13<\/a><\/p>\n\n\n\n<p>Correo electr\u00f3nico: <a href=\"mailto:cp.tiernogalvan.trescantos@educa.madrid.org\" data-type=\"mailto\" data-id=\"mailto:cp.tiernogalvan.trescantos@educa.madrid.org\" target=\"_blank\" rel=\"noreferrer noopener\">informaci\u00f3n@ampatiernogalvan.org<\/a><\/p>\n\n\n\n<p>P\u00e1gina Web: <a href=\"http:\/\/www.ampatiernogalvan.org\/\" target=\"_blank\" rel=\"noreferrer noopener\">http:\/\/www.ampatiernogalvan.org<\/a><\/p>\n\n\n\n<p><strong>Buz\u00f3n: junto a Secretar\u00eda.<\/strong><\/p>\n\n\n\n<p><strong>Colecantos<\/strong><\/p>\n\n\n\n<p>Gesti\u00f3n de los primeros del cole y extraescolares.<\/p>\n\n\n\n<p>Tel\u00e9fonos: <a href=\"tel:620684770\">620 68 47 70<\/a> \/ <a href=\"tel:660480813\">660 48 08 13<\/a><\/p>\n\n\n\n<div style=\"height:44px\" aria-hidden=\"true\" class=\"wp-block-spacer\"><\/div>\n\n\n\n<h3 class=\"wp-block-heading\"><strong>Puedes contactarnos a trav\u00e9s de este formulario<\/strong><\/h3>\n\n\n\n<div class=\"wpcf7 no-js\" id=\"wpcf7-f641-o1\" lang=\"es-ES\" dir=\"ltr\">\n<div class=\"screen-reader-response\"><p role=\"status\" aria-live=\"polite\" aria-atomic=\"true\"><\/p> <ul><\/ul><\/div>\n<form action=\"\/cp.tiernogalvan.trescantos\/index.php\/wp-json\/wp\/v2\/pages\/954#wpcf7-f641-o1\" method=\"post\" class=\"wpcf7-form init\" aria-label=\"Formulario de contacto\" novalidate=\"novalidate\" data-status=\"init\">\n<div style=\"display: none;\">\n<input type=\"hidden\" name=\"_wpcf7\" value=\"641\" \/>\n<input type=\"hidden\" name=\"_wpcf7_version\" value=\"5.9.7\" \/>\n<input type=\"hidden\" name=\"_wpcf7_locale\" value=\"es_ES\" \/>\n<input type=\"hidden\" name=\"_wpcf7_unit_tag\" value=\"wpcf7-f641-o1\" \/>\n<input type=\"hidden\" name=\"_wpcf7_container_post\" value=\"0\" \/>\n<input type=\"hidden\" name=\"_wpcf7_posted_data_hash\" value=\"\" \/>\n<\/div>\n<p><label> Tu nombre<br \/>\n<span class=\"wpcf7-form-control-wrap\" data-name=\"your-name\"><input size=\"40\" maxlength=\"400\" class=\"wpcf7-form-control wpcf7-text wpcf7-validates-as-required\" aria-required=\"true\" aria-invalid=\"false\" value=\"\" type=\"text\" name=\"your-name\" \/><\/span> <\/label>\n<\/p>\n<p><label> Tu correo electr\u00f3nico<br \/>\n<span class=\"wpcf7-form-control-wrap\" data-name=\"your-email\"><input size=\"40\" maxlength=\"400\" class=\"wpcf7-form-control wpcf7-email wpcf7-validates-as-required wpcf7-text wpcf7-validates-as-email\" aria-required=\"true\" aria-invalid=\"false\" value=\"\" type=\"email\" name=\"your-email\" \/><\/span> <\/label>\n<\/p>\n<p><label> Asunto<br \/>\n<span class=\"wpcf7-form-control-wrap\" data-name=\"your-subject\"><input size=\"40\" maxlength=\"400\" class=\"wpcf7-form-control wpcf7-text\" aria-invalid=\"false\" value=\"\" type=\"text\" name=\"your-subject\" \/><\/span> <\/label>\n<\/p>\n<p><label> Tu mensaje<br \/>\n<span class=\"wpcf7-form-control-wrap\" data-name=\"your-message\"><textarea cols=\"40\" rows=\"10\" maxlength=\"2000\" class=\"wpcf7-form-control wpcf7-textarea\" aria-invalid=\"false\" name=\"your-message\"><\/textarea><\/span> <\/label>\n<\/p>\n<p class=\"aiowps-captcha hide-when-displaying-tfa-input\"><label for=\"aiowps-captcha-answer\">Por favor, introduce una respuesta en d\u00edgitos:<\/label>\n<\/p>\n<div class=\"aiowps-captcha-equation hide-when-displaying-tfa-input\">\n\t<p><strong>13 &#43; dieciocho = <input type=\"hidden\" name=\"aiowps-captcha-string-info\" class=\"aiowps-captcha-string-info\" value=\"1bazzm3z3w\" \/><input type=\"hidden\" name=\"aiowps-captcha-temp-string\" class=\"aiowps-captcha-temp-string\" value=\"1778603982\" \/><input type=\"text\" size=\"2\" class=\"aiowps-captcha-answer\" name=\"aiowps-captcha-answer\" value=\"\" autocomplete=\"off\" \/><\/strong>\n\t<\/p>\n<\/div>\n<p><span class='wpcf7-form-control-wrap' data-name='aiowps-captcha'><\/span><input class=\"wpcf7-form-control wpcf7-submit has-spinner\" type=\"submit\" value=\"Enviar\" \/>\n<\/p><p style=\"display: none !important;\" class=\"akismet-fields-container\" data-prefix=\"_wpcf7_ak_\"><label>&#916;<textarea name=\"_wpcf7_ak_hp_textarea\" cols=\"45\" rows=\"8\" maxlength=\"100\"><\/textarea><\/label><input type=\"hidden\" id=\"ak_js_1\" name=\"_wpcf7_ak_js\" value=\"107\"\/><script>document.getElementById( \"ak_js_1\" ).setAttribute( \"value\", ( new Date() ).getTime() );<\/script><\/p><div class=\"wpcf7-response-output\" aria-hidden=\"true\"><\/div>\n<\/form>\n<\/div>\n\n","protected":false},"excerpt":{"rendered":"<p>\ud83c\udfeb CEIP. TIERNO GALV\u00c1N \ud83d\udccd Sector Embarcaciones 34, 28760 Tres Cantos \u23f2 Horario de atenci\u00f3n al p\u00fablico: De lunes a viernes de 9.00 a 16.00h \u260e Tel\u00e9fonos: 91 803 29 57 \/ 91 804 68 47 \u2709 Direcci\u00f3n: cp.tiernogalvan.trescantos@educa.madrid.org C\u00f3digo centro: 28039384 Secretar\u00eda Correo electr\u00f3nico: cp.secretaria.tiernogalvan.trescantos@educa.madrid.org Asociaci\u00f3n de Padres y Madres: Tel\u00e9fono: 660 48 08<\/p><\/div>\n<div class=\"blog-btn\"><a href=\"https:\/\/site.educa.madrid.org\/cp.tiernogalvan.trescantos\/index.php\/contacto\/\" class=\"home-blog-btn\">Leer m\u00e1s<\/a><\/p>\n","protected":false},"author":2,"featured_media":0,"parent":0,"menu_order":0,"comment_status":"closed","ping_status":"closed","template":"","meta":{"footnotes":""},"folder":[],"class_list":["post-954","page","type-page","status-publish","hentry"],"rttpg_featured_image_url":null,"rttpg_author":{"display_name":"tic.cp.tiernogalvan.trescantos","author_link":"https:\/\/site.educa.madrid.org\/cp.tiernogalvan.trescantos\/index.php\/author\/cuenta_tic-cp-tiernogalvan-trescantos\/"},"rttpg_comment":0,"rttpg_category":false,"rttpg_excerpt":"\ud83c\udfeb CEIP. TIERNO GALV\u00c1N \ud83d\udccd Sector Embarcaciones 34, 28760 Tres Cantos \u23f2 Horario de atenci\u00f3n al p\u00fablico: De lunes a viernes de 9.00 a 16.00h \u260e Tel\u00e9fonos: 91 803 29 57 \/ 91 804 68 47 \u2709 Direcci\u00f3n: cp.tiernogalvan.trescantos@educa.madrid.org C\u00f3digo centro: 28039384 Secretar\u00eda Correo electr\u00f3nico: cp.secretaria.tiernogalvan.trescantos@educa.madrid.org Asociaci\u00f3n de Padres y Madres: Tel\u00e9fono: 660 48 08Leer&hellip;","post_mailing_queue_ids":[],"_links":{"self":[{"href":"https:\/\/site.educa.madrid.org\/cp.tiernogalvan.trescantos\/index.php\/wp-json\/wp\/v2\/pages\/954","targetHints":{"allow":["GET"]}}],"collection":[{"href":"https:\/\/site.educa.madrid.org\/cp.tiernogalvan.trescantos\/index.php\/wp-json\/wp\/v2\/pages"}],"about":[{"href":"https:\/\/site.educa.madrid.org\/cp.tiernogalvan.trescantos\/index.php\/wp-json\/wp\/v2\/types\/page"}],"author":[{"embeddable":true,"href":"https:\/\/site.educa.madrid.org\/cp.tiernogalvan.trescantos\/index.php\/wp-json\/wp\/v2\/users\/2"}],"replies":[{"embeddable":true,"href":"https:\/\/site.educa.madrid.org\/cp.tiernogalvan.trescantos\/index.php\/wp-json\/wp\/v2\/comments?post=954"}],"version-history":[{"count":17,"href":"https:\/\/site.educa.madrid.org\/cp.tiernogalvan.trescantos\/index.php\/wp-json\/wp\/v2\/pages\/954\/revisions"}],"predecessor-version":[{"id":2263,"href":"https:\/\/site.educa.madrid.org\/cp.tiernogalvan.trescantos\/index.php\/wp-json\/wp\/v2\/pages\/954\/revisions\/2263"}],"wp:attachment":[{"href":"https:\/\/site.educa.madrid.org\/cp.tiernogalvan.trescantos\/index.php\/wp-json\/wp\/v2\/media?parent=954"}],"wp:term":[{"taxonomy":"folder","embeddable":true,"href":"https:\/\/site.educa.madrid.org\/cp.tiernogalvan.trescantos\/index.php\/wp-json\/wp\/v2\/folder?post=954"}],"curies":[{"name":"wp","href":"https:\/\/api.w.org\/{rel}","templated":true}]}}