{"id":1111,"date":"2023-04-14T10:42:10","date_gmt":"2023-04-14T08:42:10","guid":{"rendered":"https:\/\/site.educa.madrid.org\/cp.vicentealeixandre.aranjuez\/?page_id=1111"},"modified":"2025-03-05T12:13:50","modified_gmt":"2025-03-05T11:13:50","slug":"nuestro-centro","status":"publish","type":"page","link":"https:\/\/site.educa.madrid.org\/cp.vicentealeixandre.aranjuez\/index.php\/nuestro-centro\/","title":{"rendered":"Nuestro centro"},"content":{"rendered":"\n<hr class=\"wp-block-separator has-text-color has-vivid-cyan-blue-color has-css-opacity has-vivid-cyan-blue-background-color has-background\"\/>\n\n\n\n<div class=\"wp-block-media-text alignwide is-stacked-on-mobile\"><figure class=\"wp-block-media-text__media\"><img loading=\"lazy\" decoding=\"async\" width=\"335\" height=\"150\" src=\"https:\/\/site.educa.madrid.org\/cp.vicentealeixandre.aranjuez\/\/wp-content\/uploads\/cp.vicentealeixandre.aranjuez\/2023\/05\/descarga.jpg\" alt=\"\" class=\"wp-image-1691 size-full\" srcset=\"https:\/\/site.educa.madrid.org\/cp.vicentealeixandre.aranjuez\/\/wp-content\/uploads\/cp.vicentealeixandre.aranjuez\/2023\/05\/descarga.jpg 335w, https:\/\/site.educa.madrid.org\/cp.vicentealeixandre.aranjuez\/\/wp-content\/uploads\/cp.vicentealeixandre.aranjuez\/2023\/05\/descarga-300x134.jpg 300w\" sizes=\"auto, (max-width: 335px) 100vw, 335px\" \/><\/figure><div class=\"wp-block-media-text__content\">\n<p>El colegio est\u00e1 ubicado en una zona perteneciente al casco hist\u00f3rico de la localidad, con cercan\u00eda a todos los monumentos, jardines y edificios culturales de Aranjuez, como podr\u00edan ser El Palacio Real, los Jardines Hist\u00f3ricos, Teatro Real o la Biblioteca Municipal.<\/p>\n\n\n\n<p>El entorno del colegio es comercial y residencial, siendo el sector servicios el predominante en la zona.<\/p>\n\n\n\n<p>Seg\u00fan consta en el Documento de Organizaci\u00f3n del Centro consta, entre otras, de diecisiete aulas para la docencia directa, un patio de recreo, un parque de recreo infantil, un despacho de Direcci\u00f3n, un despacho compartido por Secretar\u00eda y Jefatura de Estudios, cuatro tutor\u00edas, una sala de profesores, un local para el AMPA, un aula de pedagog\u00eda terap\u00e9utica, un aula de logopedia, aula de educaci\u00f3n compensatoria, aula peque\u00f1a usada generalmente para alternativa a la religi\u00f3n, aula polivalente, conserjer\u00eda, almac\u00e9n de medios audiovisuales y recursos did\u00e1cticos, seis aseos de profesores y cinco aseos de alumnos; cuenta adem\u00e1s con los siguientes espacios de uso espec\u00edfico:<\/p>\n<\/div><\/div>\n\n\n\n<div class=\"wp-block-columns is-layout-flex wp-container-core-columns-is-layout-9d6595d7 wp-block-columns-is-layout-flex\">\n<div class=\"wp-block-column is-layout-flow wp-block-column-is-layout-flow\">\n<figure class=\"wp-block-image size-large\"><img loading=\"lazy\" decoding=\"async\" width=\"1024\" height=\"724\" src=\"https:\/\/site.educa.madrid.org\/cp.vicentealeixandre.aranjuez\/\/wp-content\/uploads\/cp.vicentealeixandre.aranjuez\/2025\/03\/PLANO-COLE-PICTOS-planta-baja-1024x724.jpg\" alt=\"\" class=\"wp-image-3470\" srcset=\"https:\/\/site.educa.madrid.org\/cp.vicentealeixandre.aranjuez\/\/wp-content\/uploads\/cp.vicentealeixandre.aranjuez\/2025\/03\/PLANO-COLE-PICTOS-planta-baja-1024x724.jpg 1024w, https:\/\/site.educa.madrid.org\/cp.vicentealeixandre.aranjuez\/\/wp-content\/uploads\/cp.vicentealeixandre.aranjuez\/2025\/03\/PLANO-COLE-PICTOS-planta-baja-300x212.jpg 300w, https:\/\/site.educa.madrid.org\/cp.vicentealeixandre.aranjuez\/\/wp-content\/uploads\/cp.vicentealeixandre.aranjuez\/2025\/03\/PLANO-COLE-PICTOS-planta-baja-768x543.jpg 768w, https:\/\/site.educa.madrid.org\/cp.vicentealeixandre.aranjuez\/\/wp-content\/uploads\/cp.vicentealeixandre.aranjuez\/2025\/03\/PLANO-COLE-PICTOS-planta-baja-1536x1086.jpg 1536w, https:\/\/site.educa.madrid.org\/cp.vicentealeixandre.aranjuez\/\/wp-content\/uploads\/cp.vicentealeixandre.aranjuez\/2025\/03\/PLANO-COLE-PICTOS-planta-baja-2048x1449.jpg 2048w\" sizes=\"auto, (max-width: 1024px) 100vw, 1024px\" \/><\/figure>\n<\/div>\n\n\n\n<div class=\"wp-block-column is-layout-flow wp-block-column-is-layout-flow\">\n<figure class=\"wp-block-image size-large\"><img loading=\"lazy\" decoding=\"async\" width=\"1024\" height=\"724\" src=\"https:\/\/site.educa.madrid.org\/cp.vicentealeixandre.aranjuez\/\/wp-content\/uploads\/cp.vicentealeixandre.aranjuez\/2025\/03\/PLANO-COLE-PICTOS-planta-primera-1024x724.jpg\" alt=\"\" class=\"wp-image-3471\" srcset=\"https:\/\/site.educa.madrid.org\/cp.vicentealeixandre.aranjuez\/\/wp-content\/uploads\/cp.vicentealeixandre.aranjuez\/2025\/03\/PLANO-COLE-PICTOS-planta-primera-1024x724.jpg 1024w, https:\/\/site.educa.madrid.org\/cp.vicentealeixandre.aranjuez\/\/wp-content\/uploads\/cp.vicentealeixandre.aranjuez\/2025\/03\/PLANO-COLE-PICTOS-planta-primera-300x212.jpg 300w, https:\/\/site.educa.madrid.org\/cp.vicentealeixandre.aranjuez\/\/wp-content\/uploads\/cp.vicentealeixandre.aranjuez\/2025\/03\/PLANO-COLE-PICTOS-planta-primera-768x543.jpg 768w, https:\/\/site.educa.madrid.org\/cp.vicentealeixandre.aranjuez\/\/wp-content\/uploads\/cp.vicentealeixandre.aranjuez\/2025\/03\/PLANO-COLE-PICTOS-planta-primera-1536x1086.jpg 1536w, https:\/\/site.educa.madrid.org\/cp.vicentealeixandre.aranjuez\/\/wp-content\/uploads\/cp.vicentealeixandre.aranjuez\/2025\/03\/PLANO-COLE-PICTOS-planta-primera-2048x1449.jpg 2048w\" sizes=\"auto, (max-width: 1024px) 100vw, 1024px\" \/><\/figure>\n<\/div>\n<\/div>\n\n\n\n<div class=\"wp-block-columns are-vertically-aligned-top is-layout-flex wp-container-core-columns-is-layout-9d6595d7 wp-block-columns-is-layout-flex\">\n<div class=\"wp-block-column is-vertically-aligned-top is-layout-flow wp-block-column-is-layout-flow\">\n<div class=\"wp-block-media-text alignwide has-media-on-the-right is-stacked-on-mobile\"><div class=\"wp-block-media-text__content\">\n<p><strong>Aula de Inform\u00e1tica:<\/strong><\/p>\n\n\n\n<p>Todos los alumnos de Educaci\u00f3n Infantil pasan durante el horario lectivo por el aula para trabajar programas relacionados con el desarrollo de las unidades did\u00e1cticas semanalmente. El profesor encargado de acudir con los alumnos es el profesor de apoyo de Infantil que se nombra a comienzo de curso.<\/p>\n\n\n\n<p>Los alumnos de Educaci\u00f3n Primaria utilizan este aula como recurso y complemento a las Pizarras digitales que hay en todas las aulas.<\/p>\n\n\n\n<p>El coordinador de las Tecnolog\u00edas de la Informaci\u00f3n y la Comunicaci\u00f3n (TIC) ser\u00e1 nombrado anualmente y tendr\u00e1 las responsabilidades que la normativa vigente establece a este respecto y realizar\u00e1 un proyecto de actuaci\u00f3n bianual que ser\u00e1 evaluado y adaptado en cada curso escolar en la memoria y en la programaci\u00f3n general anual, respectivamente.<\/p>\n<\/div><figure class=\"wp-block-media-text__media\"><\/figure><\/div>\n<\/div>\n<\/div>\n\n\n\n<div class=\"wp-block-media-text alignwide is-stacked-on-mobile\"><figure class=\"wp-block-media-text__media\"><img loading=\"lazy\" decoding=\"async\" width=\"1024\" height=\"768\" src=\"https:\/\/site.educa.madrid.org\/cp.vicentealeixandre.aranjuez\/\/wp-content\/uploads\/cp.vicentealeixandre.aranjuez\/2023\/05\/DSCN0580-1024x768.jpg\" alt=\"\" class=\"wp-image-1651 size-full\" srcset=\"https:\/\/site.educa.madrid.org\/cp.vicentealeixandre.aranjuez\/\/wp-content\/uploads\/cp.vicentealeixandre.aranjuez\/2023\/05\/DSCN0580-1024x768.jpg 1024w, https:\/\/site.educa.madrid.org\/cp.vicentealeixandre.aranjuez\/\/wp-content\/uploads\/cp.vicentealeixandre.aranjuez\/2023\/05\/DSCN0580-300x225.jpg 300w, https:\/\/site.educa.madrid.org\/cp.vicentealeixandre.aranjuez\/\/wp-content\/uploads\/cp.vicentealeixandre.aranjuez\/2023\/05\/DSCN0580-768x576.jpg 768w, https:\/\/site.educa.madrid.org\/cp.vicentealeixandre.aranjuez\/\/wp-content\/uploads\/cp.vicentealeixandre.aranjuez\/2023\/05\/DSCN0580-1536x1152.jpg 1536w, https:\/\/site.educa.madrid.org\/cp.vicentealeixandre.aranjuez\/\/wp-content\/uploads\/cp.vicentealeixandre.aranjuez\/2023\/05\/DSCN0580-2048x1536.jpg 2048w\" sizes=\"auto, (max-width: 1024px) 100vw, 1024px\" \/><\/figure><div class=\"wp-block-media-text__content\">\n<p><strong>Biblioteca:<\/strong><\/p>\n\n\n\n<p>El profesor encargada de la biblioteca ser\u00e1 nombrado a comienzo de curso en funci\u00f3n de la disponibilidad horaria y de la disposici\u00f3n personal; coordinado por la Jefatura de Estudios, ser\u00e1 responsable de establecer un horario de pr\u00e9stamos para alumnos, para profesores y para utilizaci\u00f3n de la misma por los distintos grupos de alumnos; de mantener informatizado y actualizado el dep\u00f3sito de libros, ficheros de pr\u00e9stamos, llevando a cabo un proyecto de biblioteca que ser\u00e1 evaluado y adaptado en cada curso escolar en la memoria y en la programaci\u00f3n general anual, respectivamente.<\/p>\n\n\n\n<p>La biblioteca tambi\u00e9n podr\u00e1 ser utilizada como sala de medios audiovisuales o como tutor\u00eda de grupos de apoyo\/ refuerzo en momentos puntuales.<\/p>\n<\/div><\/div>\n\n\n\n<div style=\"height:10px\" aria-hidden=\"true\" class=\"wp-block-spacer\"><\/div>\n\n\n\n<div class=\"wp-block-media-text alignwide has-media-on-the-right is-stacked-on-mobile\"><div class=\"wp-block-media-text__content\">\n<p><strong>Gimnasio:<\/strong><\/p>\n\n\n\n<p>Destinado a desarrollar las actividades de Educaci\u00f3n F\u00edsica y Psicomotricidad. Con prioridad de uso del alumnado de menor edad. La distribuci\u00f3n de cursos, d\u00edas y horas para su utilizaci\u00f3n quedar\u00e1n reflejadas a comienzo de curso en los horarios elaborados por la Jefatura de Estudios. Mantendr\u00e1 las reuniones precisas con los especialistas del \u00e1rea y el equipo docente de educaci\u00f3n Infantil.<\/p>\n\n\n\n<p>En momentos puntuales, podr\u00e1 usarse, dentro del horario lectivo, para la celebraci\u00f3n de otros actos o actividades distintas de las descritas en principio, como sala de cine, fiestas y celebraciones,\u2026<\/p>\n\n\n\n<p>Algunas actividades extraescolares organizadas por el AMPA del colegio tambi\u00e9n se desarrollan en este espacio por las tardes.<\/p>\n<\/div><figure class=\"wp-block-media-text__media\"><img loading=\"lazy\" decoding=\"async\" width=\"1200\" height=\"1600\" src=\"https:\/\/site.educa.madrid.org\/cp.vicentealeixandre.aranjuez\/\/wp-content\/uploads\/cp.vicentealeixandre.aranjuez\/2024\/03\/Gimnasio.jpg\" alt=\"\" class=\"wp-image-2967 size-full\" srcset=\"https:\/\/site.educa.madrid.org\/cp.vicentealeixandre.aranjuez\/\/wp-content\/uploads\/cp.vicentealeixandre.aranjuez\/2024\/03\/Gimnasio.jpg 1200w, https:\/\/site.educa.madrid.org\/cp.vicentealeixandre.aranjuez\/\/wp-content\/uploads\/cp.vicentealeixandre.aranjuez\/2024\/03\/Gimnasio-225x300.jpg 225w, https:\/\/site.educa.madrid.org\/cp.vicentealeixandre.aranjuez\/\/wp-content\/uploads\/cp.vicentealeixandre.aranjuez\/2024\/03\/Gimnasio-768x1024.jpg 768w, https:\/\/site.educa.madrid.org\/cp.vicentealeixandre.aranjuez\/\/wp-content\/uploads\/cp.vicentealeixandre.aranjuez\/2024\/03\/Gimnasio-300x400.jpg 300w, https:\/\/site.educa.madrid.org\/cp.vicentealeixandre.aranjuez\/\/wp-content\/uploads\/cp.vicentealeixandre.aranjuez\/2024\/03\/Gimnasio-1152x1536.jpg 1152w\" sizes=\"auto, (max-width: 1200px) 100vw, 1200px\" \/><\/figure><\/div>\n\n\n\n<div style=\"height:10px\" aria-hidden=\"true\" class=\"wp-block-spacer\"><\/div>\n\n\n\n<div class=\"wp-block-media-text alignwide is-stacked-on-mobile\"><figure class=\"wp-block-media-text__media\"><\/figure><div class=\"wp-block-media-text__content\">\n<p><strong>Aula de M\u00fasica:<\/strong><\/p>\n\n\n\n<p>Este aula est\u00e1 habilitada para trabajar los objetivos y contenidos del \u00e1rea de m\u00fasica incluidos en las concreciones curriculares de los equipos docentes.<\/p>\n\n\n\n<p>Esta aula tambi\u00e9n puede ser utilizada como tutor\u00eda de grupos de apoyo\/refuerzo, desdobles\u2026 en momentos puntuales.<\/p>\n\n\n\n<p>Los jueves por la tarde, este aula servir\u00e1 de espacio para los ensayos del Coro del colegio.<\/p>\n<\/div><\/div>\n\n\n\n<div class=\"wp-block-media-text alignwide has-media-on-the-right is-stacked-on-mobile\"><div class=\"wp-block-media-text__content\">\n<p><strong>Comedor:<\/strong><\/p>\n\n\n\n<p>Los men\u00fas son servidos por empresa de \u201ccatering\u201d.Tiene capacidad para albergar a 110 comensales.<\/p>\n\n\n\n<p>Los objetivos que se persiguen se adecuar\u00e1n a las circunstancias que cada a\u00f1o manda la direcci\u00f3n General de Centros Docentes sobre el funcionamiento del comedor. Las actividades se desarrollan en el comedor, patio, biblioteca y gimnasio.<\/p>\n<\/div><figure class=\"wp-block-media-text__media\"><\/figure><\/div>\n\n\n\n<div class=\"wp-block-media-text alignwide is-stacked-on-mobile\"><figure class=\"wp-block-media-text__media\"><img loading=\"lazy\" decoding=\"async\" width=\"768\" height=\"1024\" src=\"https:\/\/site.educa.madrid.org\/cp.vicentealeixandre.aranjuez\/\/wp-content\/uploads\/cp.vicentealeixandre.aranjuez\/2024\/03\/KLKK7473-1-768x1024.jpg\" alt=\"\" class=\"wp-image-2954 size-large\" srcset=\"https:\/\/site.educa.madrid.org\/cp.vicentealeixandre.aranjuez\/\/wp-content\/uploads\/cp.vicentealeixandre.aranjuez\/2024\/03\/KLKK7473-1-768x1024.jpg 768w, https:\/\/site.educa.madrid.org\/cp.vicentealeixandre.aranjuez\/\/wp-content\/uploads\/cp.vicentealeixandre.aranjuez\/2024\/03\/KLKK7473-1-225x300.jpg 225w, https:\/\/site.educa.madrid.org\/cp.vicentealeixandre.aranjuez\/\/wp-content\/uploads\/cp.vicentealeixandre.aranjuez\/2024\/03\/KLKK7473-1-300x400.jpg 300w, https:\/\/site.educa.madrid.org\/cp.vicentealeixandre.aranjuez\/\/wp-content\/uploads\/cp.vicentealeixandre.aranjuez\/2024\/03\/KLKK7473-1-1152x1536.jpg 1152w, https:\/\/site.educa.madrid.org\/cp.vicentealeixandre.aranjuez\/\/wp-content\/uploads\/cp.vicentealeixandre.aranjuez\/2024\/03\/KLKK7473-1.jpg 1200w\" sizes=\"auto, (max-width: 768px) 100vw, 768px\" \/><\/figure><div class=\"wp-block-media-text__content\">\n<p><strong>Pista Deportiva:<\/strong><\/p>\n\n\n\n<p>Situada en el exterior del Colegio. Se usar\u00e1 por los alumnos para trabajar los objetivos del \u00e1rea de Educaci\u00f3n F\u00edsica .Al igual que en el apartado anterior, se confeccionar\u00e1 un horario, estableci\u00e9ndose cursos, d\u00edas y horas, procurando, en el momento de repartir las sesiones, que los alumnos que se desplacen sean los cursos m\u00e1s altos.<\/p>\n\n\n\n<p>Fuera del horario lectivo se podr\u00e1 utilizar para el entrenamiento de los equipos del colegio que compitan dentro de los Juegos Escolares promovidos por el Ayuntamiento; igualmente, los s\u00e1bados por la ma\u00f1ana se podr\u00e1n celebrar los encuentros de competici\u00f3n programados.<\/p>\n<\/div><\/div>\n\n\n\n<div class=\"wp-block-media-text alignwide has-media-on-the-right is-stacked-on-mobile\"><div class=\"wp-block-media-text__content\">\n<p style=\"font-size:15px\"><strong>Patio:<\/strong><\/p>\n\n\n\n<p style=\"font-size:15px\">Nuestro patio est\u00e1 situado en el centro de nuestro edificio. Se utiliza para las horas de recreo, actividad de centro, el \u00e1rea de Educaci\u00f3n F\u00edsica. Adem\u00e1s cuenta con una zona de parque infantil para los m\u00e1s peque\u00f1os.<\/p>\n\n\n\n<p><\/p>\n<\/div><figure class=\"wp-block-media-text__media\"><img loading=\"lazy\" decoding=\"async\" width=\"1024\" height=\"768\" src=\"https:\/\/site.educa.madrid.org\/cp.vicentealeixandre.aranjuez\/\/wp-content\/uploads\/cp.vicentealeixandre.aranjuez\/2023\/05\/DSCN0596-1024x768.jpg\" alt=\"\" class=\"wp-image-1696 size-full\" srcset=\"https:\/\/site.educa.madrid.org\/cp.vicentealeixandre.aranjuez\/\/wp-content\/uploads\/cp.vicentealeixandre.aranjuez\/2023\/05\/DSCN0596-1024x768.jpg 1024w, https:\/\/site.educa.madrid.org\/cp.vicentealeixandre.aranjuez\/\/wp-content\/uploads\/cp.vicentealeixandre.aranjuez\/2023\/05\/DSCN0596-300x225.jpg 300w, https:\/\/site.educa.madrid.org\/cp.vicentealeixandre.aranjuez\/\/wp-content\/uploads\/cp.vicentealeixandre.aranjuez\/2023\/05\/DSCN0596-768x576.jpg 768w, https:\/\/site.educa.madrid.org\/cp.vicentealeixandre.aranjuez\/\/wp-content\/uploads\/cp.vicentealeixandre.aranjuez\/2023\/05\/DSCN0596-1536x1152.jpg 1536w, https:\/\/site.educa.madrid.org\/cp.vicentealeixandre.aranjuez\/\/wp-content\/uploads\/cp.vicentealeixandre.aranjuez\/2023\/05\/DSCN0596-2048x1536.jpg 2048w\" sizes=\"auto, (max-width: 1024px) 100vw, 1024px\" \/><\/figure><\/div>\n\n\n\n<div class=\"wp-block-media-text alignwide is-stacked-on-mobile\" style=\"grid-template-columns:34% auto\"><figure class=\"wp-block-media-text__media\"><img loading=\"lazy\" decoding=\"async\" width=\"225\" height=\"300\" src=\"https:\/\/site.educa.madrid.org\/cp.vicentealeixandre.aranjuez\/\/wp-content\/uploads\/cp.vicentealeixandre.aranjuez\/2024\/03\/MXUP4833-1-225x300.jpg\" alt=\"\" class=\"wp-image-2853 size-medium\" srcset=\"https:\/\/site.educa.madrid.org\/cp.vicentealeixandre.aranjuez\/\/wp-content\/uploads\/cp.vicentealeixandre.aranjuez\/2024\/03\/MXUP4833-1-225x300.jpg 225w, https:\/\/site.educa.madrid.org\/cp.vicentealeixandre.aranjuez\/\/wp-content\/uploads\/cp.vicentealeixandre.aranjuez\/2024\/03\/MXUP4833-1-768x1024.jpg 768w, https:\/\/site.educa.madrid.org\/cp.vicentealeixandre.aranjuez\/\/wp-content\/uploads\/cp.vicentealeixandre.aranjuez\/2024\/03\/MXUP4833-1-300x400.jpg 300w, https:\/\/site.educa.madrid.org\/cp.vicentealeixandre.aranjuez\/\/wp-content\/uploads\/cp.vicentealeixandre.aranjuez\/2024\/03\/MXUP4833-1-1152x1536.jpg 1152w, https:\/\/site.educa.madrid.org\/cp.vicentealeixandre.aranjuez\/\/wp-content\/uploads\/cp.vicentealeixandre.aranjuez\/2024\/03\/MXUP4833-1.jpg 1200w\" sizes=\"auto, (max-width: 225px) 100vw, 225px\" \/><\/figure><div class=\"wp-block-media-text__content\">\n<p><strong>Huerto:<\/strong><\/p>\n\n\n\n<p>Situado fuera de las instalaciones del Colegio al lado de la pista deportiva. Los alumnos junto con sus profesores y tutores se ocupar\u00e1n de realizar los trabajos para su mantenimiento, siendo una actividad enriquecedora para el aprendizaje de nuestros alumnos.<\/p>\n<\/div><\/div>\n\n\n\n<hr class=\"wp-block-separator has-text-color has-vivid-cyan-blue-color has-alpha-channel-opacity has-vivid-cyan-blue-background-color has-background\"\/>\n\n\n\n<h2 class=\"wp-block-heading\">Nuestro himno<\/h2>\n\n\n\n<div style=\"height:20px\" aria-hidden=\"true\" class=\"wp-block-spacer\"><\/div>\n\n\n\n<div class=\"wp-block-columns is-layout-flex wp-container-core-columns-is-layout-9d6595d7 wp-block-columns-is-layout-flex\">\n<div class=\"wp-block-column is-layout-flow wp-block-column-is-layout-flow\">\n<p>Muchas vidas, muchos versos<\/p>\n\n\n\n<p>un colegio, un universo<\/p>\n\n\n\n<p>de personas y futuro<\/p>\n\n\n\n<p>un colegio para el mundo.<\/p>\n\n\n\n<p>Viva, viva, viva, viva,<\/p>\n\n\n\n<p>viva el colegio, viva el saber,<\/p>\n\n\n\n<p>Vicente Aleixandre, viva Aranjuez (bis)<\/p>\n\n\n\n<p>Un palacio, un patio abierto,<\/p>\n\n\n\n<p>estudiantes y maestros,<\/p>\n\n\n\n<p>son sus aulas transparentes<\/p>\n\n\n\n<p>mi colegio para siempre.<\/p>\n<\/div>\n\n\n\n<div class=\"wp-block-column is-layout-flow wp-block-column-is-layout-flow\">\n<div class=\"wp-block-buttons is-content-justification-center is-layout-flex wp-container-core-buttons-is-layout-16018d1d wp-block-buttons-is-layout-flex\">\n<div class=\"wp-block-button\"><a class=\"wp-block-button__link has-vivid-cyan-blue-background-color has-background wp-element-button\" href=\"https:\/\/site.educa.madrid.org\/cp.vicentealeixandre.aranjuez\/\/wp-content\/uploads\/cp.vicentealeixandre.aranjuez\/2023\/04\/Himno-del-colegio-2013-Miguel.mp3\" style=\"border-radius:4px\" target=\"_blank\" rel=\"noreferrer noopener\">Escucha nuestro himno aqu\u00ed<\/a><\/div>\n<\/div>\n<\/div>\n<\/div>\n","protected":false},"excerpt":{"rendered":"<p>El colegio est\u00e1 ubicado en una zona perteneciente al casco hist\u00f3rico de la localidad, con cercan\u00eda a todos los [&hellip;]<\/p>\n","protected":false},"author":3,"featured_media":0,"parent":0,"menu_order":0,"comment_status":"closed","ping_status":"closed","template":"","meta":{"footnotes":""},"folder":[],"class_list":["post-1111","page","type-page","status-publish","hentry"],"rttpg_featured_image_url":null,"rttpg_author":{"display_name":"cp.vicentealeixandre.aranjuez","author_link":"https:\/\/site.educa.madrid.org\/cp.vicentealeixandre.aranjuez\/index.php\/author\/cuenta_cp-vicentealeixandre-aranjuez\/"},"rttpg_comment":0,"rttpg_category":false,"rttpg_excerpt":"El colegio est\u00e1 ubicado en una zona perteneciente al casco hist\u00f3rico de la localidad, con cercan\u00eda a todos los [&hellip;]","post_mailing_queue_ids":[],"_links":{"self":[{"href":"https:\/\/site.educa.madrid.org\/cp.vicentealeixandre.aranjuez\/index.php\/wp-json\/wp\/v2\/pages\/1111","targetHints":{"allow":["GET"]}}],"collection":[{"href":"https:\/\/site.educa.madrid.org\/cp.vicentealeixandre.aranjuez\/index.php\/wp-json\/wp\/v2\/pages"}],"about":[{"href":"https:\/\/site.educa.madrid.org\/cp.vicentealeixandre.aranjuez\/index.php\/wp-json\/wp\/v2\/types\/page"}],"author":[{"embeddable":true,"href":"https:\/\/site.educa.madrid.org\/cp.vicentealeixandre.aranjuez\/index.php\/wp-json\/wp\/v2\/users\/3"}],"replies":[{"embeddable":true,"href":"https:\/\/site.educa.madrid.org\/cp.vicentealeixandre.aranjuez\/index.php\/wp-json\/wp\/v2\/comments?post=1111"}],"version-history":[{"count":24,"href":"https:\/\/site.educa.madrid.org\/cp.vicentealeixandre.aranjuez\/index.php\/wp-json\/wp\/v2\/pages\/1111\/revisions"}],"predecessor-version":[{"id":3472,"href":"https:\/\/site.educa.madrid.org\/cp.vicentealeixandre.aranjuez\/index.php\/wp-json\/wp\/v2\/pages\/1111\/revisions\/3472"}],"wp:attachment":[{"href":"https:\/\/site.educa.madrid.org\/cp.vicentealeixandre.aranjuez\/index.php\/wp-json\/wp\/v2\/media?parent=1111"}],"wp:term":[{"taxonomy":"folder","embeddable":true,"href":"https:\/\/site.educa.madrid.org\/cp.vicentealeixandre.aranjuez\/index.php\/wp-json\/wp\/v2\/folder?post=1111"}],"curies":[{"name":"wp","href":"https:\/\/api.w.org\/{rel}","templated":true}]}}