{"id":1210,"date":"2023-04-14T12:22:34","date_gmt":"2023-04-14T10:22:34","guid":{"rendered":"https:\/\/site.educa.madrid.org\/cp.vicentealeixandre.aranjuez\/?page_id=1210"},"modified":"2024-12-11T23:08:38","modified_gmt":"2024-12-11T22:08:38","slug":"contacto","status":"publish","type":"page","link":"https:\/\/site.educa.madrid.org\/cp.vicentealeixandre.aranjuez\/index.php\/contacto\/","title":{"rendered":"Contacto"},"content":{"rendered":"\n<figure class=\"wp-block-image size-full is-resized is-style-rounded\"><img loading=\"lazy\" decoding=\"async\" width=\"500\" height=\"500\" src=\"https:\/\/site.educa.madrid.org\/cp.vicentealeixandre.aranjuez\/\/wp-content\/uploads\/cp.vicentealeixandre.aranjuez\/2024\/12\/150-ANIVERSARIO-1874-2024-1.png\" alt=\"\" class=\"wp-image-3421\" style=\"width:841px;height:472px\" srcset=\"https:\/\/site.educa.madrid.org\/cp.vicentealeixandre.aranjuez\/\/wp-content\/uploads\/cp.vicentealeixandre.aranjuez\/2024\/12\/150-ANIVERSARIO-1874-2024-1.png 500w, https:\/\/site.educa.madrid.org\/cp.vicentealeixandre.aranjuez\/\/wp-content\/uploads\/cp.vicentealeixandre.aranjuez\/2024\/12\/150-ANIVERSARIO-1874-2024-1-300x300.png 300w, https:\/\/site.educa.madrid.org\/cp.vicentealeixandre.aranjuez\/\/wp-content\/uploads\/cp.vicentealeixandre.aranjuez\/2024\/12\/150-ANIVERSARIO-1874-2024-1-150x150.png 150w\" sizes=\"auto, (max-width: 500px) 100vw, 500px\" \/><\/figure>\n\n\n\n<h2 class=\"wp-block-heading has-text-align-center has-vivid-cyan-blue-color has-text-color\">Jornada Escolar y Horarios<\/h2>\n\n\n\n<hr class=\"wp-block-separator has-text-color has-vivid-cyan-blue-color has-css-opacity has-vivid-cyan-blue-background-color has-background\"\/>\n\n\n\n<div class=\"wp-block-columns is-layout-flex wp-container-core-columns-is-layout-9d6595d7 wp-block-columns-is-layout-flex\">\n<div class=\"wp-block-column is-layout-flow wp-block-column-is-layout-flow\">\n<p>La jornada Escolar del&nbsp;<strong>CEIP Vicente Aleixandre de Aranjuez<\/strong>&nbsp;es continua<br>Horario lectivo ininterrumpido de&nbsp;<strong>9:00h a 14:00h<\/strong><\/p>\n\n\n\n<p>En los meses de junio y septiembre el horario es de <strong>9:00h a 13:00h<\/strong><\/p>\n<\/div>\n\n\n\n<div class=\"wp-block-column is-layout-flow wp-block-column-is-layout-flow\">\n<p>El centro a trav\u00e9s de los diferentes servicios est\u00e1 abierto de&nbsp;<strong>7:00h a 18:00h<\/strong><\/p>\n\n\n\n<p><\/p>\n<\/div>\n<\/div>\n\n\n\n<div style=\"height:40px\" aria-hidden=\"true\" class=\"wp-block-spacer\"><\/div>\n\n\n\n<h2 class=\"wp-block-heading has-text-align-center has-vivid-cyan-blue-color has-text-color\">Horarios de Secretaria<\/h2>\n\n\n\n<hr class=\"wp-block-separator has-text-color has-vivid-cyan-blue-color has-css-opacity has-vivid-cyan-blue-background-color has-background\"\/>\n\n\n\n<div class=\"wp-block-columns is-layout-flex wp-container-core-columns-is-layout-9d6595d7 wp-block-columns-is-layout-flex\">\n<div class=\"wp-block-column is-layout-flow wp-block-column-is-layout-flow\">\n<p><strong>Horario de Secretar\u00eda, Direcci\u00f3n y Jefatura de Estudios<\/strong><\/p>\n\n\n\n<ul class=\"wp-block-list\">\n<li>Horario de Secretar\u00eda: \n<ul class=\"wp-block-list\">\n<li>Lunes, martes, mi\u00e9rcoles, jueves y ivernes de 9:00-10:30H<\/li>\n<\/ul>\n<\/li>\n\n\n\n<li>Horario de Direcci\u00f3n y Jefatura de Estudios:\n<ul class=\"wp-block-list\">\n<li>De Lunes a Viernes de 9:00-10:30H<\/li>\n<\/ul>\n<\/li>\n\n\n\n<li>Para concertar una visita y conocer nuestro Colegio, pueden ponerse en contacto con nosotros en el n\u00famero de tel\u00e9fono +34&nbsp;91&nbsp;891 26 25 y fijaremos una fecha para tener una entrevista con los padres que as\u00ed lo deseen.<\/li>\n<\/ul>\n<\/div>\n\n\n\n<div class=\"wp-block-column is-layout-flow wp-block-column-is-layout-flow\">\n<p><strong>CEIP Vicente Aleixandre&nbsp;<\/strong><\/p>\n\n\n\n<ul class=\"wp-block-list\">\n<li>C\/Pr\u00edncipe 38 \u2013 CP28300 Aranjuez (Madrid)<\/li>\n\n\n\n<li class=\"has-small-font-size\">Email:&nbsp;<strong>cp.vicentealeixandre.aranjuez@educa.madrid.org<\/strong><\/li>\n\n\n\n<li>Telf: 91 891 26 25 | Fax:&nbsp;91 892 05 71\n<ul class=\"wp-block-list\">\n<li>Extensiones:\n<ul class=\"wp-block-list\">\n<li>Administraci\u00f3n: pulse 1.<\/li>\n\n\n\n<li>Secretar\u00eda: pulse 2.<\/li>\n\n\n\n<li>Jefatura de Estudios: pulse 3.<\/li>\n\n\n\n<li>Comedor (s\u00f3lo de 14:00-15:00H): pulse 4.<\/li>\n\n\n\n<li>Direcci\u00f3n: pulse 5.<\/li>\n<\/ul>\n<\/li>\n<\/ul>\n<\/li>\n<\/ul>\n<\/div>\n<\/div>\n\n\n\n<div style=\"height:40px\" aria-hidden=\"true\" class=\"wp-block-spacer\"><\/div>\n","protected":false},"excerpt":{"rendered":"<p>Jornada Escolar y Horarios La jornada Escolar del&nbsp;CEIP Vicente Aleixandre de Aranjuez&nbsp;es continuaHorario lectivo ininterrumpido de&nbsp;9:00h a 14:00h En [&hellip;]<\/p>\n","protected":false},"author":3,"featured_media":0,"parent":0,"menu_order":0,"comment_status":"closed","ping_status":"closed","template":"","meta":{"footnotes":""},"folder":[],"class_list":["post-1210","page","type-page","status-publish","hentry"],"rttpg_featured_image_url":null,"rttpg_author":{"display_name":"cp.vicentealeixandre.aranjuez","author_link":"https:\/\/site.educa.madrid.org\/cp.vicentealeixandre.aranjuez\/index.php\/author\/cuenta_cp-vicentealeixandre-aranjuez\/"},"rttpg_comment":0,"rttpg_category":false,"rttpg_excerpt":"Jornada Escolar y Horarios La jornada Escolar del&nbsp;CEIP Vicente Aleixandre de Aranjuez&nbsp;es continuaHorario lectivo ininterrumpido de&nbsp;9:00h a 14:00h En [&hellip;]","post_mailing_queue_ids":[],"_links":{"self":[{"href":"https:\/\/site.educa.madrid.org\/cp.vicentealeixandre.aranjuez\/index.php\/wp-json\/wp\/v2\/pages\/1210","targetHints":{"allow":["GET"]}}],"collection":[{"href":"https:\/\/site.educa.madrid.org\/cp.vicentealeixandre.aranjuez\/index.php\/wp-json\/wp\/v2\/pages"}],"about":[{"href":"https:\/\/site.educa.madrid.org\/cp.vicentealeixandre.aranjuez\/index.php\/wp-json\/wp\/v2\/types\/page"}],"author":[{"embeddable":true,"href":"https:\/\/site.educa.madrid.org\/cp.vicentealeixandre.aranjuez\/index.php\/wp-json\/wp\/v2\/users\/3"}],"replies":[{"embeddable":true,"href":"https:\/\/site.educa.madrid.org\/cp.vicentealeixandre.aranjuez\/index.php\/wp-json\/wp\/v2\/comments?post=1210"}],"version-history":[{"count":24,"href":"https:\/\/site.educa.madrid.org\/cp.vicentealeixandre.aranjuez\/index.php\/wp-json\/wp\/v2\/pages\/1210\/revisions"}],"predecessor-version":[{"id":3424,"href":"https:\/\/site.educa.madrid.org\/cp.vicentealeixandre.aranjuez\/index.php\/wp-json\/wp\/v2\/pages\/1210\/revisions\/3424"}],"wp:attachment":[{"href":"https:\/\/site.educa.madrid.org\/cp.vicentealeixandre.aranjuez\/index.php\/wp-json\/wp\/v2\/media?parent=1210"}],"wp:term":[{"taxonomy":"folder","embeddable":true,"href":"https:\/\/site.educa.madrid.org\/cp.vicentealeixandre.aranjuez\/index.php\/wp-json\/wp\/v2\/folder?post=1210"}],"curies":[{"name":"wp","href":"https:\/\/api.w.org\/{rel}","templated":true}]}}