{"id":1345,"date":"2023-04-17T11:43:06","date_gmt":"2023-04-17T09:43:06","guid":{"rendered":"https:\/\/site.educa.madrid.org\/cp.vicentealeixandre.aranjuez\/?page_id=1345"},"modified":"2023-06-30T09:44:09","modified_gmt":"2023-06-30T07:44:09","slug":"consejo-escolar","status":"publish","type":"page","link":"https:\/\/site.educa.madrid.org\/cp.vicentealeixandre.aranjuez\/index.php\/consejo-escolar\/","title":{"rendered":"Consejo Escolar"},"content":{"rendered":"\n<figure class=\"wp-block-image size-large is-resized\"><img loading=\"lazy\" decoding=\"async\" src=\"https:\/\/site.educa.madrid.org\/cp.vicentealeixandre.aranjuez\/\/wp-content\/uploads\/cp.vicentealeixandre.aranjuez\/2023\/05\/DSCN0580-1024x768.jpg\" alt=\"\" class=\"wp-image-1651\" width=\"837\" height=\"628\" srcset=\"https:\/\/site.educa.madrid.org\/cp.vicentealeixandre.aranjuez\/\/wp-content\/uploads\/cp.vicentealeixandre.aranjuez\/2023\/05\/DSCN0580-1024x768.jpg 1024w, https:\/\/site.educa.madrid.org\/cp.vicentealeixandre.aranjuez\/\/wp-content\/uploads\/cp.vicentealeixandre.aranjuez\/2023\/05\/DSCN0580-300x225.jpg 300w, https:\/\/site.educa.madrid.org\/cp.vicentealeixandre.aranjuez\/\/wp-content\/uploads\/cp.vicentealeixandre.aranjuez\/2023\/05\/DSCN0580-768x576.jpg 768w, https:\/\/site.educa.madrid.org\/cp.vicentealeixandre.aranjuez\/\/wp-content\/uploads\/cp.vicentealeixandre.aranjuez\/2023\/05\/DSCN0580-1536x1152.jpg 1536w, https:\/\/site.educa.madrid.org\/cp.vicentealeixandre.aranjuez\/\/wp-content\/uploads\/cp.vicentealeixandre.aranjuez\/2023\/05\/DSCN0580-2048x1536.jpg 2048w\" sizes=\"auto, (max-width: 837px) 100vw, 837px\" \/><\/figure>\n\n\n\n<h2 class=\"has-text-align-center has-vivid-cyan-blue-color has-text-color wp-block-heading\">Composici\u00f3n y miembros<\/h2>\n\n\n\n<hr class=\"wp-block-separator has-text-color has-background has-vivid-cyan-blue-background-color has-vivid-cyan-blue-color\"\/>\n\n\n\n<p>Es el \u00f3rgano representativo de los diferentes sectores de la comunidad educativa. Su estructura y funcionamiento se inspira en una concepci\u00f3n participativa en la vida escolar tanto en su organizaci\u00f3n como en su funcionamiento atendiendo a los principios democr\u00e1ticos de convivencia.<\/p>\n\n\n\n<p>Su composici\u00f3n, elecci\u00f3n de componentes, nombramiento y competencias, est\u00e1n regulados por el Real Decreto 82\/1.996, de 26 de Enero, por el que se aprueba el Reglamento Org\u00e1nico de las Escuelas de E. Infantil y de los Colegios de E. Primaria (B.O.E. de 20 de febrero).<\/p>\n\n\n\n<h3 class=\"wp-block-heading\">Miembros que componen el Consejo Escolar<\/h3>\n\n\n\n<ul class=\"wp-block-list\"><li>El Director del centro, que es su Presidente<\/li><li>El Jefe de Estudios<\/li><li>Un Representante Municipal<\/li><li>Cinco Profesores elegidos por el claustro<\/li><li>Cinco Representantes de las Familias de los Alumnos del Centro. Uno de ellos designado por la Asociaci\u00f3n de Madres y Padres del centro.<\/li><li>Un Representante del Personal de Administraci\u00f3n y Servicios del Centro.<\/li><li>El secretario\/a del Centro, que actuar\u00e1 como Secretaria del Consejo Escolar, con voz pero sin voto.<\/li><\/ul>\n\n\n\n<div style=\"height:20px\" aria-hidden=\"true\" class=\"wp-block-spacer\"><\/div>\n","protected":false},"excerpt":{"rendered":"<p>Composici\u00f3n y miembros Es el \u00f3rgano representativo de los diferentes sectores de la comunidad educativa. Su estructura y funcionamiento [&hellip;]<\/p>\n","protected":false},"author":3,"featured_media":0,"parent":0,"menu_order":0,"comment_status":"closed","ping_status":"closed","template":"","meta":{"footnotes":""},"folder":[],"class_list":["post-1345","page","type-page","status-publish","hentry"],"rttpg_featured_image_url":null,"rttpg_author":{"display_name":"cp.vicentealeixandre.aranjuez","author_link":"https:\/\/site.educa.madrid.org\/cp.vicentealeixandre.aranjuez\/index.php\/author\/cuenta_cp-vicentealeixandre-aranjuez\/"},"rttpg_comment":0,"rttpg_category":false,"rttpg_excerpt":"Composici\u00f3n y miembros Es el \u00f3rgano representativo de los diferentes sectores de la comunidad educativa. Su estructura y funcionamiento [&hellip;]","post_mailing_queue_ids":[],"_links":{"self":[{"href":"https:\/\/site.educa.madrid.org\/cp.vicentealeixandre.aranjuez\/index.php\/wp-json\/wp\/v2\/pages\/1345","targetHints":{"allow":["GET"]}}],"collection":[{"href":"https:\/\/site.educa.madrid.org\/cp.vicentealeixandre.aranjuez\/index.php\/wp-json\/wp\/v2\/pages"}],"about":[{"href":"https:\/\/site.educa.madrid.org\/cp.vicentealeixandre.aranjuez\/index.php\/wp-json\/wp\/v2\/types\/page"}],"author":[{"embeddable":true,"href":"https:\/\/site.educa.madrid.org\/cp.vicentealeixandre.aranjuez\/index.php\/wp-json\/wp\/v2\/users\/3"}],"replies":[{"embeddable":true,"href":"https:\/\/site.educa.madrid.org\/cp.vicentealeixandre.aranjuez\/index.php\/wp-json\/wp\/v2\/comments?post=1345"}],"version-history":[{"count":7,"href":"https:\/\/site.educa.madrid.org\/cp.vicentealeixandre.aranjuez\/index.php\/wp-json\/wp\/v2\/pages\/1345\/revisions"}],"predecessor-version":[{"id":1947,"href":"https:\/\/site.educa.madrid.org\/cp.vicentealeixandre.aranjuez\/index.php\/wp-json\/wp\/v2\/pages\/1345\/revisions\/1947"}],"wp:attachment":[{"href":"https:\/\/site.educa.madrid.org\/cp.vicentealeixandre.aranjuez\/index.php\/wp-json\/wp\/v2\/media?parent=1345"}],"wp:term":[{"taxonomy":"folder","embeddable":true,"href":"https:\/\/site.educa.madrid.org\/cp.vicentealeixandre.aranjuez\/index.php\/wp-json\/wp\/v2\/folder?post=1345"}],"curies":[{"name":"wp","href":"https:\/\/api.w.org\/{rel}","templated":true}]}}