{"id":1352,"date":"2023-04-17T11:48:46","date_gmt":"2023-04-17T09:48:46","guid":{"rendered":"https:\/\/site.educa.madrid.org\/cp.vicentealeixandre.aranjuez\/?page_id=1352"},"modified":"2025-06-04T14:40:49","modified_gmt":"2025-06-04T12:40:49","slug":"servicio-de-comedor","status":"publish","type":"page","link":"https:\/\/site.educa.madrid.org\/cp.vicentealeixandre.aranjuez\/index.php\/servicio-de-comedor\/","title":{"rendered":"Servicio de Comedor"},"content":{"rendered":"\n<hr class=\"wp-block-separator has-text-color has-vivid-cyan-blue-color has-css-opacity has-vivid-cyan-blue-background-color has-background\"\/>\n\n\n<div class=\"wp-block-image is-style-rounded\">\n<figure class=\"aligncenter size-large is-resized\"><img loading=\"lazy\" decoding=\"async\" width=\"1024\" height=\"724\" src=\"https:\/\/site.educa.madrid.org\/cp.vicentealeixandre.aranjuez\/\/wp-content\/uploads\/cp.vicentealeixandre.aranjuez\/2024\/12\/Horario-de-Clases-Escolares-infantil-Plastilina-1024x724.png\" alt=\"\" class=\"wp-image-3412\" style=\"width:499px;height:auto\" srcset=\"https:\/\/site.educa.madrid.org\/cp.vicentealeixandre.aranjuez\/\/wp-content\/uploads\/cp.vicentealeixandre.aranjuez\/2024\/12\/Horario-de-Clases-Escolares-infantil-Plastilina-1024x724.png 1024w, https:\/\/site.educa.madrid.org\/cp.vicentealeixandre.aranjuez\/\/wp-content\/uploads\/cp.vicentealeixandre.aranjuez\/2024\/12\/Horario-de-Clases-Escolares-infantil-Plastilina-300x212.png 300w, https:\/\/site.educa.madrid.org\/cp.vicentealeixandre.aranjuez\/\/wp-content\/uploads\/cp.vicentealeixandre.aranjuez\/2024\/12\/Horario-de-Clases-Escolares-infantil-Plastilina-768x543.png 768w, https:\/\/site.educa.madrid.org\/cp.vicentealeixandre.aranjuez\/\/wp-content\/uploads\/cp.vicentealeixandre.aranjuez\/2024\/12\/Horario-de-Clases-Escolares-infantil-Plastilina-1536x1086.png 1536w, https:\/\/site.educa.madrid.org\/cp.vicentealeixandre.aranjuez\/\/wp-content\/uploads\/cp.vicentealeixandre.aranjuez\/2024\/12\/Horario-de-Clases-Escolares-infantil-Plastilina.png 2000w\" sizes=\"auto, (max-width: 1024px) 100vw, 1024px\" \/><\/figure>\n<\/div>\n\n\n<div style=\"height:40px\" aria-hidden=\"true\" class=\"wp-block-spacer\"><\/div>\n\n\n\n<h2 class=\"wp-block-heading has-text-align-center has-vivid-cyan-blue-color has-text-color\">Orden, precio del men\u00fa a aplicar en el curso 2024\/25<\/h2>\n\n\n\n<hr class=\"wp-block-separator has-text-color has-vivid-cyan-blue-color has-css-opacity has-vivid-cyan-blue-background-color has-background\"\/>\n\n\n\n<div class=\"wp-block-columns is-layout-flex wp-container-core-columns-is-layout-9d6595d7 wp-block-columns-is-layout-flex\">\n<div class=\"wp-block-column is-layout-flow wp-block-column-is-layout-flow\">\n<p>Se fija en&nbsp;<strong>5,50 euros<\/strong>&nbsp;el precio diario del men\u00fa escolar a aplicar durante el curso escolar&nbsp;<strong>2024\/25<\/strong>&nbsp;en los centros docentes p\u00fablicos no universitarios de la Comunidad de Madrid. El precio de los d\u00edas sueltos ser\u00e1 de<strong> 6.20 euros<\/strong>.<\/p>\n<\/div>\n\n\n\n<div class=\"wp-block-column is-layout-flow wp-block-column-is-layout-flow\">\n<figure class=\"wp-block-image size-full\"><img loading=\"lazy\" decoding=\"async\" width=\"406\" height=\"124\" src=\"https:\/\/site.educa.madrid.org\/cp.vicentealeixandre.aranjuez\/\/wp-content\/uploads\/cp.vicentealeixandre.aranjuez\/2023\/06\/images-1.png\" alt=\"\" class=\"wp-image-1974\" srcset=\"https:\/\/site.educa.madrid.org\/cp.vicentealeixandre.aranjuez\/\/wp-content\/uploads\/cp.vicentealeixandre.aranjuez\/2023\/06\/images-1.png 406w, https:\/\/site.educa.madrid.org\/cp.vicentealeixandre.aranjuez\/\/wp-content\/uploads\/cp.vicentealeixandre.aranjuez\/2023\/06\/images-1-300x92.png 300w\" sizes=\"auto, (max-width: 406px) 100vw, 406px\" \/><\/figure>\n<\/div>\n<\/div>\n\n\n\n<div style=\"height:40px\" aria-hidden=\"true\" class=\"wp-block-spacer\"><\/div>\n\n\n\n<h2 class=\"wp-block-heading has-text-align-center has-vivid-cyan-blue-color has-text-color\">Normas de uso<\/h2>\n\n\n\n<hr class=\"wp-block-separator has-text-color has-vivid-cyan-blue-color has-css-opacity has-vivid-cyan-blue-background-color has-background\"\/>\n\n\n\n<div class=\"wp-block-columns is-layout-flex wp-container-core-columns-is-layout-9d6595d7 wp-block-columns-is-layout-flex\">\n<div class=\"wp-block-column is-layout-flow wp-block-column-is-layout-flow\">\n<p><strong>NORMAS DEL USO DEL COMEDOR PARA EL CURSO&nbsp;2024\/25<\/strong><\/p>\n\n\n\n<p>La empresa SERCAIB CATERING S.L. es la encargada del servicio de nuestro comedor. Cada mes entregan a las familias el men\u00fa sano y equilibrado estudiado y elaborado por una nutricionista.&nbsp;El horario del comedor es el siguiente:<\/p>\n\n\n\n<p><strong>De septiembre y junio:<\/strong><\/p>\n\n\n\n<ul class=\"wp-block-list\">\n<li>Comida: de 13:00 a 14:00 h. aproximadamente<\/li>\n\n\n\n<li>Atenci\u00f3n a los ni\u00f1os de 14:00 a 15:00 h<\/li>\n<\/ul>\n\n\n\n<p><strong>De octubre a mayo:<\/strong><\/p>\n\n\n\n<ul class=\"wp-block-list\">\n<li>Comida: de 14:00 a 15:00 h. aproximadamente<\/li>\n\n\n\n<li>Atenci\u00f3n a los ni\u00f1os: de 15:00 a 16:00h.<\/li>\n<\/ul>\n\n\n\n<p>Estos horarios son flexibles y adaptados al ritmo de los ni\u00f1os\/as que se quedan en este servicio.<\/p>\n\n\n\n<p><strong>INSCRIPCI\u00d3N PARA USO DEL COMEDOR<\/strong><\/p>\n\n\n\n<ul class=\"wp-block-list\">\n<li>Para ser fijo: hay que pasarse por la Secretar\u00eda del centro para recoger el formulario y entregarlo antes del mes que se vaya a utilizar. Se presentar\u00e1 el justificante de Caja en el horario de Secretar\u00eda poniendo en el concepto el nombre del alumno\/a y el\/los d\u00eda\/s de uso del comedor.<\/li>\n\n\n\n<li>Para ser eventual: hay que pasarse por la Secretar\u00eda del centro con 1 d\u00eda de antelaci\u00f3n antes del servicio de 9:00 a 11:00h. <\/li>\n<\/ul>\n<\/div>\n\n\n\n<div class=\"wp-block-column is-layout-flow wp-block-column-is-layout-flow\">\n<p><strong>FORMAS DE PAGO<\/strong><\/p>\n\n\n\n<p>Domiciliaci\u00f3n del recibo. Para domiciliar el recibo hay que presentar una fotocopia de los datos de la cuenta del banco y rellenar un formulario. El importe del comedor se cobrar\u00e1 por adelantado entre los d\u00edas 1 y 5 de cada mes (excepto en Septiembre, que se pasar\u00e1 un \u00fanico recibo con los importes de Septiembre y Octubre juntos). En el caso que haya que descontar alg\u00fan d\u00eda se har\u00e1 del mes siguiente. &nbsp;Esta es la forma m\u00e1s r\u00e1pida y c\u00f3moda de pago.<\/p>\n\n\n\n<p>Para los alumnos que hagan uso del comedor de manera eventual, podr\u00e1n abonar dichos usos en Secretar\u00eda con efectivo o pago con tarjeta.<\/p>\n\n\n\n<p><strong>N<strong>ORMAS<\/strong><\/strong><br>A los ni\u00f1os\/as se les puede recoger una vez terminado el servicio de comida, es decir, a partir&nbsp;de las 14:00 h. en septiembre y junio y a partir de las 15:00 h. el resto de los meses. La reiterada impuntualidad a la hora de la recogida por parte de las familias puede derivar en la p\u00e9rdida de usos del servicio de comedor.<\/p>\n\n\n\n<p>Los usuarios fijos que no se vayan a quedar o vayan a dejar de hacer uso del servicio de comedor deben notificarlo con antelaci\u00f3n en secretar\u00eda.<\/p>\n\n\n\n<p>En caso de no avisar al colegio con suficiente antelaci\u00f3n (m\u00ednimo 1 d\u00eda), se cobrar\u00e1 el servicio aunque no se utilice. Las familias exentas de pago tendr\u00e1n que avisar igualmente al colegio con la misma antelaci\u00f3n. En el caso de no hacerlo, perder\u00e1n el derecho a utilizar el servicio de comedor.<br><br>En el caso de no pagar la mensualidad en el plazo establecido, dicha familia causar\u00e1 baja en el uso del comedor escolar.<\/p>\n\n\n\n<p>Para cualquier consulta, pod\u00e9is acercaros por Secretar\u00eda de lunes a viernes.<\/p>\n\n\n\n<p><\/p>\n<\/div>\n<\/div>\n\n\n\n<div class=\"wp-block-group\"><div class=\"wp-block-group__inner-container is-layout-constrained wp-block-group-is-layout-constrained\">\n<div class=\"wp-block-group\"><div class=\"wp-block-group__inner-container is-layout-flow wp-block-group-is-layout-flow\">\n<div class=\"wp-block-columns is-layout-flex wp-container-core-columns-is-layout-9d6595d7 wp-block-columns-is-layout-flex\">\n<div class=\"wp-block-column is-layout-flow wp-block-column-is-layout-flow\">\n<div class=\"wp-block-buttons is-layout-flex wp-block-buttons-is-layout-flex\">\n<div class=\"wp-block-button is-style-fill\"><a class=\"wp-block-button__link has-luminous-vivid-amber-background-color has-background wp-element-button\" href=\"https:\/\/site.educa.madrid.org\/cp.vicentealeixandre.aranjuez\/\/wp-content\/uploads\/cp.vicentealeixandre.aranjuez\/2025\/06\/CATERING-JUNIO.pdf\">Men\u00fa Ni\u00f1@s<\/a><\/div>\n<\/div>\n<\/div>\n\n\n\n<div class=\"wp-block-column is-layout-flow wp-block-column-is-layout-flow\">\n<div class=\"wp-block-buttons is-layout-flex wp-block-buttons-is-layout-flex\">\n<div class=\"wp-block-button is-style-fill\"><a class=\"wp-block-button__link has-luminous-vivid-amber-background-color has-background wp-element-button\" href=\"https:\/\/site.educa.madrid.org\/cp.vicentealeixandre.aranjuez\/\/wp-content\/uploads\/cp.vicentealeixandre.aranjuez\/2025\/06\/MUSULMAN-JUNIO.pdf\">Men\u00fa Musulm\u00e1n<\/a><\/div>\n<\/div>\n<\/div>\n<\/div>\n\n\n\n<div class=\"wp-block-columns is-layout-flex wp-container-core-columns-is-layout-9d6595d7 wp-block-columns-is-layout-flex\">\n<div class=\"wp-block-column is-layout-flow wp-block-column-is-layout-flow\">\n<div class=\"wp-block-buttons is-layout-flex wp-block-buttons-is-layout-flex\">\n<div class=\"wp-block-button is-style-fill\"><a class=\"wp-block-button__link has-vivid-cyan-blue-background-color has-background wp-element-button\" href=\"https:\/\/site.educa.madrid.org\/cp.vicentealeixandre.aranjuez\/\/wp-content\/uploads\/cp.vicentealeixandre.aranjuez\/2024\/09\/Diapositiva1-3.jpg\">Precios por meses escolares<\/a><\/div>\n<\/div>\n<\/div>\n\n\n\n<div class=\"wp-block-column is-layout-flow wp-block-column-is-layout-flow\">\n<div class=\"wp-block-buttons is-layout-flex wp-block-buttons-is-layout-flex\">\n<div class=\"wp-block-button is-style-fill\"><a class=\"wp-block-button__link has-vivid-cyan-blue-background-color has-background wp-element-button\" href=\"https:\/\/site.educa.madrid.org\/cp.vicentealeixandre.aranjuez\/\/wp-content\/uploads\/cp.vicentealeixandre.aranjuez\/2024\/09\/FORMULARIO-REGISTRO-DE-DATOS-COMEDOR-CEIP-VICENTE-ALEIXANDRE-1-1.pdf\">Formulario para uso de comedor<\/a><\/div>\n<\/div>\n<\/div>\n<\/div>\n<\/div><\/div>\n<\/div><\/div>\n","protected":false},"excerpt":{"rendered":"<p>Orden, precio del men\u00fa a aplicar en el curso 2024\/25 Se fija en&nbsp;5,50 euros&nbsp;el precio diario del men\u00fa escolar [&hellip;]<\/p>\n","protected":false},"author":3,"featured_media":0,"parent":0,"menu_order":0,"comment_status":"closed","ping_status":"closed","template":"","meta":{"footnotes":""},"folder":[],"class_list":["post-1352","page","type-page","status-publish","hentry"],"rttpg_featured_image_url":null,"rttpg_author":{"display_name":"cp.vicentealeixandre.aranjuez","author_link":"https:\/\/site.educa.madrid.org\/cp.vicentealeixandre.aranjuez\/index.php\/author\/cuenta_cp-vicentealeixandre-aranjuez\/"},"rttpg_comment":0,"rttpg_category":false,"rttpg_excerpt":"Orden, precio del men\u00fa a aplicar en el curso 2024\/25 Se fija en&nbsp;5,50 euros&nbsp;el precio diario del men\u00fa escolar [&hellip;]","post_mailing_queue_ids":[],"_links":{"self":[{"href":"https:\/\/site.educa.madrid.org\/cp.vicentealeixandre.aranjuez\/index.php\/wp-json\/wp\/v2\/pages\/1352","targetHints":{"allow":["GET"]}}],"collection":[{"href":"https:\/\/site.educa.madrid.org\/cp.vicentealeixandre.aranjuez\/index.php\/wp-json\/wp\/v2\/pages"}],"about":[{"href":"https:\/\/site.educa.madrid.org\/cp.vicentealeixandre.aranjuez\/index.php\/wp-json\/wp\/v2\/types\/page"}],"author":[{"embeddable":true,"href":"https:\/\/site.educa.madrid.org\/cp.vicentealeixandre.aranjuez\/index.php\/wp-json\/wp\/v2\/users\/3"}],"replies":[{"embeddable":true,"href":"https:\/\/site.educa.madrid.org\/cp.vicentealeixandre.aranjuez\/index.php\/wp-json\/wp\/v2\/comments?post=1352"}],"version-history":[{"count":50,"href":"https:\/\/site.educa.madrid.org\/cp.vicentealeixandre.aranjuez\/index.php\/wp-json\/wp\/v2\/pages\/1352\/revisions"}],"predecessor-version":[{"id":3604,"href":"https:\/\/site.educa.madrid.org\/cp.vicentealeixandre.aranjuez\/index.php\/wp-json\/wp\/v2\/pages\/1352\/revisions\/3604"}],"wp:attachment":[{"href":"https:\/\/site.educa.madrid.org\/cp.vicentealeixandre.aranjuez\/index.php\/wp-json\/wp\/v2\/media?parent=1352"}],"wp:term":[{"taxonomy":"folder","embeddable":true,"href":"https:\/\/site.educa.madrid.org\/cp.vicentealeixandre.aranjuez\/index.php\/wp-json\/wp\/v2\/folder?post=1352"}],"curies":[{"name":"wp","href":"https:\/\/api.w.org\/{rel}","templated":true}]}}