{"id":1383,"date":"2023-04-17T12:19:03","date_gmt":"2023-04-17T10:19:03","guid":{"rendered":"https:\/\/site.educa.madrid.org\/cp.vicentealeixandre.aranjuez\/?page_id=1383"},"modified":"2024-05-27T13:54:09","modified_gmt":"2024-05-27T11:54:09","slug":"ampa","status":"publish","type":"page","link":"https:\/\/site.educa.madrid.org\/cp.vicentealeixandre.aranjuez\/index.php\/ampa\/","title":{"rendered":"AMPA"},"content":{"rendered":"\n<figure class=\"wp-block-image size-full\"><img loading=\"lazy\" decoding=\"async\" width=\"139\" height=\"140\" src=\"https:\/\/site.educa.madrid.org\/cp.vicentealeixandre.aranjuez\/\/wp-content\/uploads\/cp.vicentealeixandre.aranjuez\/2023\/05\/LOGO.jpg\" alt=\"\" class=\"wp-image-1620\"\/><\/figure>\n\n\n\n<h2 class=\"wp-block-heading has-text-align-center has-vivid-cyan-blue-color has-text-color\">Presentaci\u00f3n del AMPA<\/h2>\n\n\n\n<hr class=\"wp-block-separator has-text-color has-vivid-cyan-blue-color has-css-opacity has-vivid-cyan-blue-background-color has-background\"\/>\n\n\n\n<div class=\"wp-block-columns is-layout-flex wp-container-core-columns-is-layout-9d6595d7 wp-block-columns-is-layout-flex\">\n<div class=\"wp-block-column is-layout-flow wp-block-column-is-layout-flow\">\n<p><strong>Las AMPAs (Asociaciones de Madres y Padres de Alumnos)<\/strong>&nbsp;son las asociaciones que nuestro sistema educativo reconoce como instrumentos OFICIALES de representaci\u00f3n de los padres y madres en los centros docentes.<\/p>\n\n\n\n<p>Afortunadamente los colegios p\u00fablicos funcionan sobre la base del acuerdo y la colaboraci\u00f3n de toda la Comunidad Educativa, formada por profesores, alumnos, padres y personal de administraci\u00f3n y servicios. No olvidemos que el m\u00e1ximo \u00f3rgano de decisi\u00f3n del Centro es el Consejo Escolar, compuesto por representantes de todos estos sectores (sin contar a los alumnos en el caso de los colegios). Para hacer efectivos nuestros derechos tenemos que participar de los \u00f3rganos establecidos y configurar un AMPA fuerte, compuesta por la gran mayor\u00eda de las familias.<\/p>\n\n\n\n<p>Es nuestro derecho y nuestro deber contribuir al buen funcionamiento del colegio:<\/p>\n\n\n\n<ul class=\"wp-block-list\">\n<li>Colaborando con el Equipo Directivo y el Claustro para garantizar la mejor calidad de la ense\u00f1anza.<\/li>\n\n\n\n<li>Organizando actividades extraescolares.<\/li>\n\n\n\n<li>Apoyando la mejora de los servicios e infraestructuras del Centro.<\/li>\n\n\n\n<li>Aportando un\/a representante en el Consejo Escolar.<\/li>\n<\/ul>\n<\/div>\n\n\n\n<div class=\"wp-block-column is-layout-flow wp-block-column-is-layout-flow\">\n<p>La Junta Directiva de la AMPA \u201cVicente Aleixandre\u201d os invita a participar activamente en la tarea de conseguir el mejor colegio y la mejor educaci\u00f3n para nuestros hijos.<\/p>\n\n\n\n<p>Pod\u00e9is hacerlo contribuyendo con la cuota anual, asistiendo a las reuniones, aportando vuestro apoyo en tareas concretas o formando parte de la propia Junta Directiva, seg\u00fan vuestro criterio y disponibilidad.<\/p>\n\n\n\n<p>Sea cual sea la forma de participaci\u00f3n que escoj\u00e1is, vuestra contribuci\u00f3n ser\u00e1 siempre bienvenida. Por otra parte, no dud\u00e9is en dirigiros a esta AMPA para ayudaros a resolver cualquier problema dentro de su \u00e1mbito de actuaci\u00f3n.<\/p>\n\n\n\n<p>Recibid un cordial saludo.<\/p>\n<\/div>\n<\/div>\n\n\n\n<h2 class=\"wp-block-heading has-text-align-center has-vivid-cyan-blue-color has-text-color\">Actividades<\/h2>\n\n\n\n<div class=\"wp-block-buttons is-layout-flex wp-block-buttons-is-layout-flex\"><\/div>\n\n\n\n<hr class=\"wp-block-separator has-text-color has-vivid-cyan-blue-color has-css-opacity has-vivid-cyan-blue-background-color has-background\"\/>\n\n\n\n<ul class=\"wp-block-list\">\n<li>F\u00fatbol Prebenjamines y Benjamines: Lunes y Martes de 16:00-17:00H.<\/li>\n\n\n\n<li>F\u00fatbol Alevines: Martes y Jueves de 16:00-18:00H.<\/li>\n\n\n\n<li>Multideporte.<\/li>\n<\/ul>\n\n\n\n<div class=\"wp-block-columns is-layout-flex wp-container-core-columns-is-layout-9d6595d7 wp-block-columns-is-layout-flex\">\n<div class=\"wp-block-column is-layout-flow wp-block-column-is-layout-flow\">\n<div class=\"wp-block-buttons is-content-justification-center is-layout-flex wp-container-core-buttons-is-layout-16018d1d wp-block-buttons-is-layout-flex\"><\/div>\n<\/div>\n\n\n\n<div class=\"wp-block-column is-layout-flow wp-block-column-is-layout-flow\">\n<div class=\"wp-block-buttons alignwide is-layout-flex wp-block-buttons-is-layout-flex\"><\/div>\n<\/div>\n\n\n\n<div class=\"wp-block-column is-layout-flow wp-block-column-is-layout-flow\">\n<div class=\"wp-block-buttons is-content-justification-center is-layout-flex wp-container-core-buttons-is-layout-16018d1d wp-block-buttons-is-layout-flex\"><\/div>\n<\/div>\n<\/div>\n\n\n\n<h2 class=\"wp-block-heading has-text-align-center has-vivid-cyan-blue-color has-text-color\">Blog y Contacto<\/h2>\n\n\n\n<hr class=\"wp-block-separator has-text-color has-vivid-cyan-blue-color has-css-opacity has-vivid-cyan-blue-background-color has-background\"\/>\n\n\n\n<div class=\"wp-block-columns is-layout-flex wp-container-core-columns-is-layout-9d6595d7 wp-block-columns-is-layout-flex\">\n<div class=\"wp-block-column is-layout-flow wp-block-column-is-layout-flow\">\n<div class=\"wp-block-buttons is-content-justification-center is-layout-flex wp-container-core-buttons-is-layout-16018d1d wp-block-buttons-is-layout-flex\">\n<div class=\"wp-block-button\"><a class=\"wp-block-button__link has-vivid-cyan-blue-background-color has-background wp-element-button\" href=\"http:\/\/ampavicentealeixandrearanjuez.blogspot.com\/\" style=\"border-radius:4px\" target=\"_blank\" rel=\"noreferrer noopener\">Visita nuestro BLOG<\/a><\/div>\n<\/div>\n<\/div>\n\n\n\n<div class=\"wp-block-column is-layout-flow wp-block-column-is-layout-flow\">\n<div class=\"wp-block-buttons is-content-justification-center is-layout-flex wp-container-core-buttons-is-layout-16018d1d wp-block-buttons-is-layout-flex\"><\/div>\n\n\n\n<p><strong>v.aleixandre@hotmail.com<\/strong><\/p>\n\n\n\n<p><strong>WhatsApp: 619204351 (Paola)<\/strong><\/p>\n\n\n\n<p><strong>Horario: de lunes a viernes de 9:00H a 9:30H<\/strong><\/p>\n<\/div>\n<\/div>\n","protected":false},"excerpt":{"rendered":"<p>Presentaci\u00f3n del AMPA Las AMPAs (Asociaciones de Madres y Padres de Alumnos)&nbsp;son las asociaciones que nuestro sistema educativo reconoce [&hellip;]<\/p>\n","protected":false},"author":3,"featured_media":0,"parent":0,"menu_order":0,"comment_status":"closed","ping_status":"closed","template":"","meta":{"footnotes":""},"folder":[],"class_list":["post-1383","page","type-page","status-publish","hentry"],"rttpg_featured_image_url":null,"rttpg_author":{"display_name":"cp.vicentealeixandre.aranjuez","author_link":"https:\/\/site.educa.madrid.org\/cp.vicentealeixandre.aranjuez\/index.php\/author\/cuenta_cp-vicentealeixandre-aranjuez\/"},"rttpg_comment":0,"rttpg_category":false,"rttpg_excerpt":"Presentaci\u00f3n del AMPA Las AMPAs (Asociaciones de Madres y Padres de Alumnos)&nbsp;son las asociaciones que nuestro sistema educativo reconoce [&hellip;]","post_mailing_queue_ids":[],"_links":{"self":[{"href":"https:\/\/site.educa.madrid.org\/cp.vicentealeixandre.aranjuez\/index.php\/wp-json\/wp\/v2\/pages\/1383","targetHints":{"allow":["GET"]}}],"collection":[{"href":"https:\/\/site.educa.madrid.org\/cp.vicentealeixandre.aranjuez\/index.php\/wp-json\/wp\/v2\/pages"}],"about":[{"href":"https:\/\/site.educa.madrid.org\/cp.vicentealeixandre.aranjuez\/index.php\/wp-json\/wp\/v2\/types\/page"}],"author":[{"embeddable":true,"href":"https:\/\/site.educa.madrid.org\/cp.vicentealeixandre.aranjuez\/index.php\/wp-json\/wp\/v2\/users\/3"}],"replies":[{"embeddable":true,"href":"https:\/\/site.educa.madrid.org\/cp.vicentealeixandre.aranjuez\/index.php\/wp-json\/wp\/v2\/comments?post=1383"}],"version-history":[{"count":28,"href":"https:\/\/site.educa.madrid.org\/cp.vicentealeixandre.aranjuez\/index.php\/wp-json\/wp\/v2\/pages\/1383\/revisions"}],"predecessor-version":[{"id":3110,"href":"https:\/\/site.educa.madrid.org\/cp.vicentealeixandre.aranjuez\/index.php\/wp-json\/wp\/v2\/pages\/1383\/revisions\/3110"}],"wp:attachment":[{"href":"https:\/\/site.educa.madrid.org\/cp.vicentealeixandre.aranjuez\/index.php\/wp-json\/wp\/v2\/media?parent=1383"}],"wp:term":[{"taxonomy":"folder","embeddable":true,"href":"https:\/\/site.educa.madrid.org\/cp.vicentealeixandre.aranjuez\/index.php\/wp-json\/wp\/v2\/folder?post=1383"}],"curies":[{"name":"wp","href":"https:\/\/api.w.org\/{rel}","templated":true}]}}