{"id":1676,"date":"2023-05-29T13:34:32","date_gmt":"2023-05-29T11:34:32","guid":{"rendered":"https:\/\/site.educa.madrid.org\/cp.vicentealeixandre.aranjuez\/?page_id=1676"},"modified":"2023-05-29T13:36:43","modified_gmt":"2023-05-29T11:36:43","slug":"nuestra-historia","status":"publish","type":"page","link":"https:\/\/site.educa.madrid.org\/cp.vicentealeixandre.aranjuez\/index.php\/nuestra-historia\/","title":{"rendered":"Nuestra historia"},"content":{"rendered":"\n<figure class=\"wp-block-image alignfull size-large\"><img loading=\"lazy\" decoding=\"async\" width=\"1024\" height=\"768\" src=\"https:\/\/site.educa.madrid.org\/cp.vicentealeixandre.aranjuez\/\/wp-content\/uploads\/cp.vicentealeixandre.aranjuez\/2023\/05\/DSCN0575-1-1024x768.jpg\" alt=\"\" class=\"wp-image-1679\" srcset=\"https:\/\/site.educa.madrid.org\/cp.vicentealeixandre.aranjuez\/\/wp-content\/uploads\/cp.vicentealeixandre.aranjuez\/2023\/05\/DSCN0575-1-1024x768.jpg 1024w, https:\/\/site.educa.madrid.org\/cp.vicentealeixandre.aranjuez\/\/wp-content\/uploads\/cp.vicentealeixandre.aranjuez\/2023\/05\/DSCN0575-1-300x225.jpg 300w, https:\/\/site.educa.madrid.org\/cp.vicentealeixandre.aranjuez\/\/wp-content\/uploads\/cp.vicentealeixandre.aranjuez\/2023\/05\/DSCN0575-1-768x576.jpg 768w, https:\/\/site.educa.madrid.org\/cp.vicentealeixandre.aranjuez\/\/wp-content\/uploads\/cp.vicentealeixandre.aranjuez\/2023\/05\/DSCN0575-1-1536x1152.jpg 1536w, https:\/\/site.educa.madrid.org\/cp.vicentealeixandre.aranjuez\/\/wp-content\/uploads\/cp.vicentealeixandre.aranjuez\/2023\/05\/DSCN0575-1-2048x1536.jpg 2048w\" sizes=\"auto, (max-width: 1024px) 100vw, 1024px\" \/><\/figure>\n\n\n\n<figure class=\"wp-block-pullquote\"><blockquote><p>El C.E.I.P. Vicente Aleixandre fue inaugurado el 1 de enero del a\u00f1o 1874, por iniciativa municipal, siendo D. Pedro Mag\u00e1n alcalde de Aranjuez. El local donde se instalaron las escuelas fue cedido el 5 de septiembre de 1873, y la rehabilitaci\u00f3n cost\u00f3 50.601 pesetas. Estas primeras escuelas estuvieron ubicadas en el edificio conocido como Casa de la Administraci\u00f3n, entre las calles del Capit\u00e1n y Alm\u00edbar. La inauguraci\u00f3n fue seguida de una gran fiesta popular con participaci\u00f3n de todos los vecinos de Aranjuez y la banda de m\u00fasica de la Milicia. El nombre que recibi\u00f3 el colegio fue el de Llano y Persi, en honor a este se\u00f1or que fue diputado a cortes por Aranjuez. El colegio constaba de dos aulas para ni\u00f1os, dos aulas para ni\u00f1as y un aula de P\u00e1rvulos, siendo uno de los maestros de ni\u00f1os, Sim\u00f3n Vi\u00f1as, autor de un libro sobre educaci\u00f3n. Las aulas se nutr\u00edan de hijos de jornaleros, por ser las personas m\u00e1s necesitadas econ\u00f3micamente.<\/p><p>Despu\u00e9s de la Guerra civil, pas\u00f3 a llamarse Colegio Nacional General\u00edsimo Franco, tomando su nombre actual de CP. Vicente Aleixandre, con el cambio de r\u00e9gimen, en honor a este Premio Nobel de Literatura.<\/p><p>En el a\u00f1o 1986, debido al mal estado de las instalaciones primitivas, el colegio fue trasladado a un edificio antiguo, remodelado para acoger una escuela moderna, pero conservando su sabor de \u00e9poca con un patio interior castellano. Este edificio se encuentra situado en la calle Pr\u00edncipe 38, y es la sede del actual colegio.<\/p><p>El ilustre historiador de Aranjuez D. Juan \u00c1lvarez de Quind\u00f3s expres\u00f3 al tratar la \u201cNueva formaci\u00f3n del Sitio de Aranjuez\u201d, que la primera casa que se fabric\u00f3 en \u00e9ste \u201cfue por el Arzobispo de Toledo Conde de Teva el a\u00f1o 1759, en la calle del Pr\u00edncipe, dirigi\u00e9ndola mi t\u00edo D. Luis Fern\u00e1ndez Montesinos, Fiscal y Tesorero que fue de este sitio, por lo que ha quedado casa de Montesinos\u2026\u201d El edificio perteneci\u00f3 en 1832 al Marqu\u00e9s viudo de Pontejos D. Joaqu\u00edn Vizca\u00edno, el que fuera c\u00e9lebre alcalde corregidor de Madrid. En sus dependencias se reun\u00eda por entonces el Consejo de Ministros, cuando el gobierno se instalaba en Aranjuez siguiendo a la Real Comitiva.<\/p><\/blockquote><\/figure>\n","protected":false},"excerpt":{"rendered":"<p>El C.E.I.P. Vicente Aleixandre fue inaugurado el 1 de enero del a\u00f1o 1874, por iniciativa municipal, siendo D. Pedro [&hellip;]<\/p>\n","protected":false},"author":3,"featured_media":0,"parent":0,"menu_order":0,"comment_status":"closed","ping_status":"closed","template":"","meta":{"footnotes":""},"folder":[],"class_list":["post-1676","page","type-page","status-publish","hentry"],"rttpg_featured_image_url":null,"rttpg_author":{"display_name":"cp.vicentealeixandre.aranjuez","author_link":"https:\/\/site.educa.madrid.org\/cp.vicentealeixandre.aranjuez\/index.php\/author\/cuenta_cp-vicentealeixandre-aranjuez\/"},"rttpg_comment":0,"rttpg_category":false,"rttpg_excerpt":"El C.E.I.P. Vicente Aleixandre fue inaugurado el 1 de enero del a\u00f1o 1874, por iniciativa municipal, siendo D. Pedro [&hellip;]","post_mailing_queue_ids":[],"_links":{"self":[{"href":"https:\/\/site.educa.madrid.org\/cp.vicentealeixandre.aranjuez\/index.php\/wp-json\/wp\/v2\/pages\/1676","targetHints":{"allow":["GET"]}}],"collection":[{"href":"https:\/\/site.educa.madrid.org\/cp.vicentealeixandre.aranjuez\/index.php\/wp-json\/wp\/v2\/pages"}],"about":[{"href":"https:\/\/site.educa.madrid.org\/cp.vicentealeixandre.aranjuez\/index.php\/wp-json\/wp\/v2\/types\/page"}],"author":[{"embeddable":true,"href":"https:\/\/site.educa.madrid.org\/cp.vicentealeixandre.aranjuez\/index.php\/wp-json\/wp\/v2\/users\/3"}],"replies":[{"embeddable":true,"href":"https:\/\/site.educa.madrid.org\/cp.vicentealeixandre.aranjuez\/index.php\/wp-json\/wp\/v2\/comments?post=1676"}],"version-history":[{"count":3,"href":"https:\/\/site.educa.madrid.org\/cp.vicentealeixandre.aranjuez\/index.php\/wp-json\/wp\/v2\/pages\/1676\/revisions"}],"predecessor-version":[{"id":1681,"href":"https:\/\/site.educa.madrid.org\/cp.vicentealeixandre.aranjuez\/index.php\/wp-json\/wp\/v2\/pages\/1676\/revisions\/1681"}],"wp:attachment":[{"href":"https:\/\/site.educa.madrid.org\/cp.vicentealeixandre.aranjuez\/index.php\/wp-json\/wp\/v2\/media?parent=1676"}],"wp:term":[{"taxonomy":"folder","embeddable":true,"href":"https:\/\/site.educa.madrid.org\/cp.vicentealeixandre.aranjuez\/index.php\/wp-json\/wp\/v2\/folder?post=1676"}],"curies":[{"name":"wp","href":"https:\/\/api.w.org\/{rel}","templated":true}]}}