{"id":1726,"date":"2023-05-31T09:58:43","date_gmt":"2023-05-31T07:58:43","guid":{"rendered":"https:\/\/site.educa.madrid.org\/cp.vicentealeixandre.aranjuez\/?page_id=1726"},"modified":"2023-05-31T10:36:59","modified_gmt":"2023-05-31T08:36:59","slug":"aula-tgd","status":"publish","type":"page","link":"https:\/\/site.educa.madrid.org\/cp.vicentealeixandre.aranjuez\/index.php\/aula-tgd\/","title":{"rendered":"Aula TGD"},"content":{"rendered":"\n<figure class=\"wp-block-image alignfull size-large\"><img loading=\"lazy\" decoding=\"async\" width=\"1024\" height=\"768\" src=\"https:\/\/site.educa.madrid.org\/cp.vicentealeixandre.aranjuez\/\/wp-content\/uploads\/cp.vicentealeixandre.aranjuez\/2023\/05\/DSCN0597-1024x768.jpg\" alt=\"\" class=\"wp-image-1738\" srcset=\"https:\/\/site.educa.madrid.org\/cp.vicentealeixandre.aranjuez\/\/wp-content\/uploads\/cp.vicentealeixandre.aranjuez\/2023\/05\/DSCN0597-1024x768.jpg 1024w, https:\/\/site.educa.madrid.org\/cp.vicentealeixandre.aranjuez\/\/wp-content\/uploads\/cp.vicentealeixandre.aranjuez\/2023\/05\/DSCN0597-300x225.jpg 300w, https:\/\/site.educa.madrid.org\/cp.vicentealeixandre.aranjuez\/\/wp-content\/uploads\/cp.vicentealeixandre.aranjuez\/2023\/05\/DSCN0597-768x576.jpg 768w, https:\/\/site.educa.madrid.org\/cp.vicentealeixandre.aranjuez\/\/wp-content\/uploads\/cp.vicentealeixandre.aranjuez\/2023\/05\/DSCN0597-1536x1152.jpg 1536w, https:\/\/site.educa.madrid.org\/cp.vicentealeixandre.aranjuez\/\/wp-content\/uploads\/cp.vicentealeixandre.aranjuez\/2023\/05\/DSCN0597-2048x1536.jpg 2048w\" sizes=\"auto, (max-width: 1024px) 100vw, 1024px\" \/><\/figure>\n\n\n\n<p>Aula situada en planta baja junto al comedor y unos servicios adaptados. Tiene todos los recursos necesarios para el trabajo de apoyo espec\u00edfico con este alumnado y est\u00e1 distribuida en diferentes espacios (asamblea, juego simb\u00f3lico, etc.). La hemos llamado \u201cLa noria\u201d y est\u00e1 identificada en la puerta con el correspondiente pictograma.<br>Como recurso del aula La Noria contamos con una PT y una TIS, adem\u00e1s del asesoramiento de un orientador y del Equipo de Orientaci\u00f3n Educativa y Psicopedag\u00f3gica Espec\u00edfico de Alteraciones Graves del Desarrollo de la Comunidad de Madrid durante el primer a\u00f1o.<\/p>\n","protected":false},"excerpt":{"rendered":"<p>Aula situada en planta baja junto al comedor y unos servicios adaptados. Tiene todos los recursos necesarios para el [&hellip;]<\/p>\n","protected":false},"author":3,"featured_media":0,"parent":0,"menu_order":0,"comment_status":"closed","ping_status":"closed","template":"","meta":{"footnotes":""},"folder":[],"class_list":["post-1726","page","type-page","status-publish","hentry"],"rttpg_featured_image_url":null,"rttpg_author":{"display_name":"cp.vicentealeixandre.aranjuez","author_link":"https:\/\/site.educa.madrid.org\/cp.vicentealeixandre.aranjuez\/index.php\/author\/cuenta_cp-vicentealeixandre-aranjuez\/"},"rttpg_comment":0,"rttpg_category":false,"rttpg_excerpt":"Aula situada en planta baja junto al comedor y unos servicios adaptados. Tiene todos los recursos necesarios para el [&hellip;]","post_mailing_queue_ids":[],"_links":{"self":[{"href":"https:\/\/site.educa.madrid.org\/cp.vicentealeixandre.aranjuez\/index.php\/wp-json\/wp\/v2\/pages\/1726","targetHints":{"allow":["GET"]}}],"collection":[{"href":"https:\/\/site.educa.madrid.org\/cp.vicentealeixandre.aranjuez\/index.php\/wp-json\/wp\/v2\/pages"}],"about":[{"href":"https:\/\/site.educa.madrid.org\/cp.vicentealeixandre.aranjuez\/index.php\/wp-json\/wp\/v2\/types\/page"}],"author":[{"embeddable":true,"href":"https:\/\/site.educa.madrid.org\/cp.vicentealeixandre.aranjuez\/index.php\/wp-json\/wp\/v2\/users\/3"}],"replies":[{"embeddable":true,"href":"https:\/\/site.educa.madrid.org\/cp.vicentealeixandre.aranjuez\/index.php\/wp-json\/wp\/v2\/comments?post=1726"}],"version-history":[{"count":2,"href":"https:\/\/site.educa.madrid.org\/cp.vicentealeixandre.aranjuez\/index.php\/wp-json\/wp\/v2\/pages\/1726\/revisions"}],"predecessor-version":[{"id":1739,"href":"https:\/\/site.educa.madrid.org\/cp.vicentealeixandre.aranjuez\/index.php\/wp-json\/wp\/v2\/pages\/1726\/revisions\/1739"}],"wp:attachment":[{"href":"https:\/\/site.educa.madrid.org\/cp.vicentealeixandre.aranjuez\/index.php\/wp-json\/wp\/v2\/media?parent=1726"}],"wp:term":[{"taxonomy":"folder","embeddable":true,"href":"https:\/\/site.educa.madrid.org\/cp.vicentealeixandre.aranjuez\/index.php\/wp-json\/wp\/v2\/folder?post=1726"}],"curies":[{"name":"wp","href":"https:\/\/api.w.org\/{rel}","templated":true}]}}