{"id":1756,"date":"2023-05-31T11:53:17","date_gmt":"2023-05-31T09:53:17","guid":{"rendered":"https:\/\/site.educa.madrid.org\/cp.vicentealeixandre.aranjuez\/?page_id=1756"},"modified":"2024-04-26T13:39:24","modified_gmt":"2024-04-26T11:39:24","slug":"comunicacion-roble","status":"publish","type":"page","link":"https:\/\/site.educa.madrid.org\/cp.vicentealeixandre.aranjuez\/index.php\/comunicacion-roble\/","title":{"rendered":"Comunicaci\u00f3n Roble"},"content":{"rendered":"\n<figure class=\"wp-block-image\"><img decoding=\"async\" src=\"https:\/\/www.educa2.madrid.org\/web\/educamadrid\/principal\/files\/f5f374a1-c21a-4a60-b6f3-21fe6a5732ba\/roble2.jpg?t=1591805890793&amp;largeSize=true\" alt=\"\"\/><\/figure>\n\n\n\n<p><\/p>\n\n\n\n<p><\/p>\n\n\n\n<p>La primera vez que ingresen sus credenciales, el sistema le obligar\u00e1 a cambiar la contrase\u00f1a por seguridad. Guarde bien sus credenciales, pregunta y respuesta de seguridad, etc. Una vez se hayan permitido las ventanas emergentes, insertar en dicha web las credenciales (usuario y contrase\u00f1a). Acceder\u00e1 a la pantalla principal donde se le ofrecer\u00e1n diversas opciones o funcionalidades relativas al seguimiento acad\u00e9mico de su hijo\/a. En la pantalla podremos configurar c\u00f3mo queremos recibir las comunicaciones del centro, pinchando en el men\u00fa de la izquierda, en la opci\u00f3n:&nbsp;<strong>Comunicaciones &gt; Avisos &gt; Suscripciones<\/strong>&nbsp;y pinchando sobre cada una de las opciones, nos da la opci\u00f3n de suscribirnos o de darnos de baja.<\/p>\n\n\n\n<p>Le recomendamos estar suscrito tanto por correo electr\u00f3nico como por notificaciones de ROBLE de todo, para estar as\u00ed totalmente informado. Una vez realizados los cambios, es muy importante validarlos dando al icono del disquete de la esquina superior derecha.Se recomienda tambi\u00e9n que se descarguen la APP de ROBLE para as\u00ed estar informado de cualquier evento o comunicaci\u00f3n en tiempo real a trav\u00e9s de su m\u00f3vil o tablet. Se lo pueden descargar desde Play Store (Android) o en el App Store (para Apple) en los enlaces que aparecen m\u00e1s abajo. Una vez descargada, podr\u00e1n explorar y familiarizarse con todas las funciones que ofrece con la ayudad del manual que aparece m\u00e1s abajo.&nbsp;<\/p>\n\n\n\n<p>Las Gu\u00edas visuales, las instrucciones y los propios manuales tambi\u00e9n est\u00e1n disponibles en abierto en la web de RAICES.<\/p>\n\n\n\n<p><strong>NUEVA ACTUALIZACI\u00d3N DE ROBLE<\/strong><\/p>\n\n\n\n<figure class=\"wp-block-table\"><table><tbody><tr><td colspan=\"2\"><strong>\u00bfTengo que prepararme de alguna manera para esta nueva versi\u00f3n?<\/strong> Antes de actualizar a la nueva versi\u00f3n, es conveniente asegurarnos de la\u00a0<strong>direcci\u00f3n de correo para la recuperaci\u00f3n de contrase\u00f1as<\/strong>\u00a0que hemos grabado en la aplicaci\u00f3n, as\u00ed como comprobar que la\u00a0<strong>pregunta de seguridad y su respuesta<\/strong>\u00a0son correctas. Estas acciones se pueden llevar a cabo tanto en Roble como en la versi\u00f3n web.<br><br>Esto es porque, al actualizar la versi\u00f3n de Roble actual a la nueva, la aplicaci\u00f3n \u00abolvidar\u00e1\u00bb la clave que muchos tenemos guardada para no tener que introducirla cada vez que accedemos a Roble.\u00a0<br><br>Por supuesto, una vez introducida por primera vez la clave en la nueva versi\u00f3n de Roble, podremos pedir a nuestra aplicaci\u00f3n que la guarde como hasta ahora.<\/td><\/tr><tr><td><img loading=\"lazy\" decoding=\"async\" src=\"https:\/\/boletines.educa.madrid.org\/image.php?file=202404171233511.png&amp;size=150x150&amp;in=YWxiZXJ0by5ndXRpZXJyZXo=\" width=\"150\" height=\"150\"><\/td><td><strong>\u00bfHay alguna gu\u00eda de uso de esta nueva versi\u00f3n de Roble?<\/strong> S\u00ed, aunque el funcionamiento de Roble es intuitivo, hemos desarrollado una gu\u00eda r\u00e1pida sencilla de seguir a la que se puede acceder a trav\u00e9s de\u00a0<em><a href=\"https:\/\/raices.educa.madrid.org\/manual-de-roble-2\/\" target=\"_blank\" rel=\"noreferrer noopener\">este enlace<\/a>.<br><\/em><\/td><\/tr><tr><td colspan=\"2\"><\/td><\/tr><tr><td><img loading=\"lazy\" decoding=\"async\" src=\"https:\/\/boletines.educa.madrid.org\/image.php?file=202404171236311.png&amp;size=150x150&amp;in=YWxiZXJ0by5ndXRpZXJyZXo=\" width=\"150\" height=\"150\"><\/td><td><strong>\u00bfC\u00f3mo acceder a la nueva versi\u00f3n de Roble?<\/strong> Dependiendo de nuestro dispositivo y de c\u00f3mo est\u00e9 configurado, puede que la actualizaci\u00f3n a la nueva versi\u00f3n de Roble se produzca de manera autom\u00e1tica. Si no fuera este el caso, simplemente habr\u00eda que acceder a la tienda de aplicaciones de nuestro sistema (App Store, Play Store) y pedir la actualizaci\u00f3n de Roble presionando en el bot\u00f3n correspondiente.<\/td><\/tr><\/tbody><\/table><\/figure>\n\n\n\n<p><\/p>\n\n\n\n<p><\/p>\n\n\n\n<figure class=\"wp-block-image\"><a href=\"http:\/\/cloud.educa.madrid.org\/index.php\/s\/USbYdHG2f835Uwn\" target=\"_blank\" rel=\"noreferrer noopener\"><img decoding=\"async\" src=\"https:\/\/www.educa2.madrid.org\/web\/educamadrid\/principal\/files\/f5f374a1-c21a-4a60-b6f3-21fe6a5732ba\/guiaroble.jpg?t=1591806284387&amp;largeSize=true\" alt=\"\" title=\"guiaroble.jpg\"\/><\/a><\/figure>\n\n\n\n<p><strong>GUIA ROBLE FAMILIAS WEB<\/strong>&nbsp;&nbsp;<\/p>\n\n\n\n<figure class=\"wp-block-image\"><a href=\"http:\/\/cloud.educa.madrid.org\/index.php\/s\/AsIrBVnt15eWcA1\" target=\"_blank\" rel=\"noreferrer noopener\"><img decoding=\"async\" src=\"https:\/\/www.educa2.madrid.org\/web\/educamadrid\/principal\/files\/f5f374a1-c21a-4a60-b6f3-21fe6a5732ba\/robleseguimiento.jpg?t=1591806421253&amp;largeSize=true\" alt=\"\" title=\"robleseguimiento.jpg\"\/><\/a><\/figure>\n","protected":false},"excerpt":{"rendered":"<p>La primera vez que ingresen sus credenciales, el sistema le obligar\u00e1 a cambiar la contrase\u00f1a por seguridad. Guarde bien [&hellip;]<\/p>\n","protected":false},"author":3,"featured_media":0,"parent":0,"menu_order":0,"comment_status":"closed","ping_status":"closed","template":"","meta":{"footnotes":""},"folder":[],"class_list":["post-1756","page","type-page","status-publish","hentry"],"rttpg_featured_image_url":null,"rttpg_author":{"display_name":"cp.vicentealeixandre.aranjuez","author_link":"https:\/\/site.educa.madrid.org\/cp.vicentealeixandre.aranjuez\/index.php\/author\/cuenta_cp-vicentealeixandre-aranjuez\/"},"rttpg_comment":0,"rttpg_category":false,"rttpg_excerpt":"La primera vez que ingresen sus credenciales, el sistema le obligar\u00e1 a cambiar la contrase\u00f1a por seguridad. Guarde bien [&hellip;]","post_mailing_queue_ids":[],"_links":{"self":[{"href":"https:\/\/site.educa.madrid.org\/cp.vicentealeixandre.aranjuez\/index.php\/wp-json\/wp\/v2\/pages\/1756","targetHints":{"allow":["GET"]}}],"collection":[{"href":"https:\/\/site.educa.madrid.org\/cp.vicentealeixandre.aranjuez\/index.php\/wp-json\/wp\/v2\/pages"}],"about":[{"href":"https:\/\/site.educa.madrid.org\/cp.vicentealeixandre.aranjuez\/index.php\/wp-json\/wp\/v2\/types\/page"}],"author":[{"embeddable":true,"href":"https:\/\/site.educa.madrid.org\/cp.vicentealeixandre.aranjuez\/index.php\/wp-json\/wp\/v2\/users\/3"}],"replies":[{"embeddable":true,"href":"https:\/\/site.educa.madrid.org\/cp.vicentealeixandre.aranjuez\/index.php\/wp-json\/wp\/v2\/comments?post=1756"}],"version-history":[{"count":6,"href":"https:\/\/site.educa.madrid.org\/cp.vicentealeixandre.aranjuez\/index.php\/wp-json\/wp\/v2\/pages\/1756\/revisions"}],"predecessor-version":[{"id":3030,"href":"https:\/\/site.educa.madrid.org\/cp.vicentealeixandre.aranjuez\/index.php\/wp-json\/wp\/v2\/pages\/1756\/revisions\/3030"}],"wp:attachment":[{"href":"https:\/\/site.educa.madrid.org\/cp.vicentealeixandre.aranjuez\/index.php\/wp-json\/wp\/v2\/media?parent=1756"}],"wp:term":[{"taxonomy":"folder","embeddable":true,"href":"https:\/\/site.educa.madrid.org\/cp.vicentealeixandre.aranjuez\/index.php\/wp-json\/wp\/v2\/folder?post=1756"}],"curies":[{"name":"wp","href":"https:\/\/api.w.org\/{rel}","templated":true}]}}