{"id":1832,"date":"2023-06-02T12:36:20","date_gmt":"2023-06-02T10:36:20","guid":{"rendered":"https:\/\/site.educa.madrid.org\/cp.vicentealeixandre.aranjuez\/?page_id=1832"},"modified":"2024-09-13T10:43:50","modified_gmt":"2024-09-13T08:43:50","slug":"accede","status":"publish","type":"page","link":"https:\/\/site.educa.madrid.org\/cp.vicentealeixandre.aranjuez\/index.php\/accede\/","title":{"rendered":"ACCEDE"},"content":{"rendered":"\n<figure class=\"wp-block-image size-large is-resized\"><img loading=\"lazy\" decoding=\"async\" width=\"1024\" height=\"779\" src=\"https:\/\/site.educa.madrid.org\/cp.vicentealeixandre.aranjuez\/\/wp-content\/uploads\/cp.vicentealeixandre.aranjuez\/2023\/06\/16403685-grupo-de-los-libros-de-texto-abiertos-para-la-educacion-1024x779.webp\" alt=\"\" class=\"wp-image-2000\" style=\"width:293px;height:223px\" srcset=\"https:\/\/site.educa.madrid.org\/cp.vicentealeixandre.aranjuez\/\/wp-content\/uploads\/cp.vicentealeixandre.aranjuez\/2023\/06\/16403685-grupo-de-los-libros-de-texto-abiertos-para-la-educacion-1024x779.webp 1024w, https:\/\/site.educa.madrid.org\/cp.vicentealeixandre.aranjuez\/\/wp-content\/uploads\/cp.vicentealeixandre.aranjuez\/2023\/06\/16403685-grupo-de-los-libros-de-texto-abiertos-para-la-educacion-300x228.webp 300w, https:\/\/site.educa.madrid.org\/cp.vicentealeixandre.aranjuez\/\/wp-content\/uploads\/cp.vicentealeixandre.aranjuez\/2023\/06\/16403685-grupo-de-los-libros-de-texto-abiertos-para-la-educacion-768x584.webp 768w, https:\/\/site.educa.madrid.org\/cp.vicentealeixandre.aranjuez\/\/wp-content\/uploads\/cp.vicentealeixandre.aranjuez\/2023\/06\/16403685-grupo-de-los-libros-de-texto-abiertos-para-la-educacion.webp 1300w\" sizes=\"auto, (max-width: 1024px) 100vw, 1024px\" \/><\/figure>\n\n\n\n<p><strong>CONDICIONES PARA PARTICIPAR EN EL PROGRAMA ACCEDE EN EL CURSO 2024\/2025<\/strong><\/p>\n\n\n\n<p><strong>EDUCACI\u00d3N PRIMARIA <\/strong><\/p>\n\n\n\n<p><\/p>\n\n\n\n<p>De acuerdo a la \u00faltima normativa\u00a0<strong><em>\u00abse mantienen las adhesiones existentes en el Programa Accede del curso 2023\/2024\u00bb<\/em><\/strong>, lo que quiere decir que todos los alumnos desde 1\u00ba a 5\u00ba de Primaria que fueron beneficiarios del pr\u00e9stamo de libros en el presente curso escolar lo ser\u00e1n tambi\u00e9n en el 2024-25 sin necesidad de presentar ninguna solicitud. Eso s\u00ed, hay que recordar que eso ser\u00e1 siempre que se devuelvan en perfecto uso los libros prestados este curso al final del mismo . Los libros que se entregar\u00e1n en el curso 2024-25 ser\u00e1n nuevos o usados en virtud de las nuevas adquisiciones y los libros reutilizados del centro. En caso de no devolver alg\u00fan libro, para no salir del programa habr\u00e1 que abonar su precio.<\/p>\n\n\n\n<p><strong>\u00bfY los alumnos de 6\u00ba de primaria, que cambiar\u00e1n de centro el pr\u00f3ximo curso?<\/strong><\/p>\n\n\n\n<p>En lo referente a los alumnos que pasan al instituto la norma se\u00f1ala que\u00a0<em>\u201clos alumnos que cambien de centro en el curso 2024\/2025 deber\u00e1n presentar la adhesi\u00f3n en el centro en el que se matriculen, con independencia de que hayan estado adheridos en el curso 2023\/2024 en el centro de origen\u201d<\/em>. Los libros se devuelven el d\u00eda 25 de junio y entregaremos un justificante de la devoluci\u00f3n junto con la documentaci\u00f3n acad\u00e9mica, para que pod\u00e1is realizar la solicitud en el momento de formalizar matr\u00edcula en el instituto.<\/p>\n\n\n\n<p><strong>Alumnos en desventaja socioecon\u00f3mica de educaci\u00f3n infantil<\/strong><\/p>\n\n\n\n<p>Para poder optar al pr\u00e9stamo de los libros las familias de los alumnos que van a cursar cualquier curso de EDUCACI\u00d3N INFANTIL, tienen que adherirse rellenando el modelo (Anexo I del Decreto 168\/2018). En el caso del alumnado de infantil, dado que es una ense\u00f1anza no obligatoria, las instrucciones se\u00f1alan unos criterios de selecci\u00f3n que son los siguientes:<\/p>\n\n\n\n<ul class=\"wp-block-list\">\n<li>Alumnos tutelados por la Comunidad de Madrid en r\u00e9gimen de acogimiento residencial.<\/li>\n\n\n\n<li>Familias perceptoras de la Renta M\u00ednima de Inserci\u00f3n.<\/li>\n\n\n\n<li>Familias perceptoras del Ingreso M\u00ednimo Vital.<\/li>\n\n\n\n<li>Familias en situaci\u00f3n de intervenci\u00f3n social por los Servicios Sociales.<\/li>\n\n\n\n<li>Alumnos con la condici\u00f3n de v\u00edctima de violencia de g\u00e9nero.<\/li>\n\n\n\n<li>Alumnos beneficiarios de protecci\u00f3n internacional, en cualquiera de sus modalidades.<\/li>\n\n\n\n<li>Alumnos con la condici\u00f3n de v\u00edctima del terrorismo.<\/li>\n\n\n\n<li>Familias con una renta per c\u00e1pita familiar inferior a la cuant\u00eda fijada a los efectos de la determinaci\u00f3n del precio reducido del men\u00fa escolar en las correspondientes \u00f3rdenes de la Consejer\u00eda competente en materia de educaci\u00f3n por las que se establecen los precios del men\u00fa escolar en los centros docentes no universitarios de la Comunidad de Madrid. (4260 \u20ac anuales por cada miembro de la unidad familiar)<\/li>\n\n\n\n<li>Alumnos con necesidades educativas especiales.<\/li>\n<\/ul>\n\n\n\n<div class=\"wp-block-buttons is-layout-flex wp-block-buttons-is-layout-flex\">\n<div class=\"wp-block-button is-style-fill\"><a class=\"wp-block-button__link has-white-color has-vivid-cyan-blue-background-color has-text-color has-background wp-element-button\" href=\"https:\/\/site.educa.madrid.org\/cp.vicentealeixandre.aranjuez\/\/wp-content\/uploads\/cp.vicentealeixandre.aranjuez\/2023\/06\/Beca-Libros.pdf\" target=\"_blank\" rel=\"noreferrer noopener\">Solicitud Beca Libros Infantil<\/a><\/div>\n<\/div>\n\n\n\n<p><\/p>\n\n\n\n<div class=\"wp-block-buttons is-layout-flex wp-block-buttons-is-layout-flex\">\n<div class=\"wp-block-button is-style-fill\"><a class=\"wp-block-button__link has-vivid-cyan-blue-background-color has-background wp-element-button\" href=\"https:\/\/site.educa.madrid.org\/cp.vicentealeixandre.aranjuez\/\/wp-content\/uploads\/cp.vicentealeixandre.aranjuez\/2023\/09\/Normas-de-uso-y-cuidado-de-los-recursos-del-programa-ACCEDE-21-22.pdf\" target=\"_blank\" rel=\"noreferrer noopener\">Normas de uso y cuidado de los libros<\/a><\/div>\n<\/div>\n","protected":false},"excerpt":{"rendered":"<p>CONDICIONES PARA PARTICIPAR EN EL PROGRAMA ACCEDE EN EL CURSO 2024\/2025 EDUCACI\u00d3N PRIMARIA De acuerdo a la \u00faltima normativa\u00a0\u00abse [&hellip;]<\/p>\n","protected":false},"author":3,"featured_media":0,"parent":0,"menu_order":0,"comment_status":"closed","ping_status":"closed","template":"","meta":{"footnotes":""},"folder":[],"class_list":["post-1832","page","type-page","status-publish","hentry"],"rttpg_featured_image_url":null,"rttpg_author":{"display_name":"cp.vicentealeixandre.aranjuez","author_link":"https:\/\/site.educa.madrid.org\/cp.vicentealeixandre.aranjuez\/index.php\/author\/cuenta_cp-vicentealeixandre-aranjuez\/"},"rttpg_comment":0,"rttpg_category":false,"rttpg_excerpt":"CONDICIONES PARA PARTICIPAR EN EL PROGRAMA ACCEDE EN EL CURSO 2024\/2025 EDUCACI\u00d3N PRIMARIA De acuerdo a la \u00faltima normativa\u00a0\u00abse [&hellip;]","post_mailing_queue_ids":[],"_links":{"self":[{"href":"https:\/\/site.educa.madrid.org\/cp.vicentealeixandre.aranjuez\/index.php\/wp-json\/wp\/v2\/pages\/1832","targetHints":{"allow":["GET"]}}],"collection":[{"href":"https:\/\/site.educa.madrid.org\/cp.vicentealeixandre.aranjuez\/index.php\/wp-json\/wp\/v2\/pages"}],"about":[{"href":"https:\/\/site.educa.madrid.org\/cp.vicentealeixandre.aranjuez\/index.php\/wp-json\/wp\/v2\/types\/page"}],"author":[{"embeddable":true,"href":"https:\/\/site.educa.madrid.org\/cp.vicentealeixandre.aranjuez\/index.php\/wp-json\/wp\/v2\/users\/3"}],"replies":[{"embeddable":true,"href":"https:\/\/site.educa.madrid.org\/cp.vicentealeixandre.aranjuez\/index.php\/wp-json\/wp\/v2\/comments?post=1832"}],"version-history":[{"count":9,"href":"https:\/\/site.educa.madrid.org\/cp.vicentealeixandre.aranjuez\/index.php\/wp-json\/wp\/v2\/pages\/1832\/revisions"}],"predecessor-version":[{"id":3281,"href":"https:\/\/site.educa.madrid.org\/cp.vicentealeixandre.aranjuez\/index.php\/wp-json\/wp\/v2\/pages\/1832\/revisions\/3281"}],"wp:attachment":[{"href":"https:\/\/site.educa.madrid.org\/cp.vicentealeixandre.aranjuez\/index.php\/wp-json\/wp\/v2\/media?parent=1832"}],"wp:term":[{"taxonomy":"folder","embeddable":true,"href":"https:\/\/site.educa.madrid.org\/cp.vicentealeixandre.aranjuez\/index.php\/wp-json\/wp\/v2\/folder?post=1832"}],"curies":[{"name":"wp","href":"https:\/\/api.w.org\/{rel}","templated":true}]}}