{"id":184,"date":"2022-05-31T11:04:12","date_gmt":"2022-05-31T09:04:12","guid":{"rendered":"https:\/\/site.educa.madrid.org\/cp.vicentealeixandre.aranjuez\/?page_id=184"},"modified":"2026-03-17T14:00:46","modified_gmt":"2026-03-17T13:00:46","slug":"proceso-de-admision","status":"publish","type":"page","link":"https:\/\/site.educa.madrid.org\/cp.vicentealeixandre.aranjuez\/index.php\/proceso-de-admision\/","title":{"rendered":"Proceso de admisi\u00f3n"},"content":{"rendered":"\n<figure class=\"wp-block-image size-large\"><img loading=\"lazy\" decoding=\"async\" width=\"724\" height=\"1024\" src=\"https:\/\/site.educa.madrid.org\/cp.vicentealeixandre.aranjuez\/\/wp-content\/uploads\/cp.vicentealeixandre.aranjuez\/2026\/03\/CARTEL-PROCESO_page-0001-724x1024.jpg\" alt=\"\" class=\"wp-image-3751\" srcset=\"https:\/\/site.educa.madrid.org\/cp.vicentealeixandre.aranjuez\/\/wp-content\/uploads\/cp.vicentealeixandre.aranjuez\/2026\/03\/CARTEL-PROCESO_page-0001-724x1024.jpg 724w, https:\/\/site.educa.madrid.org\/cp.vicentealeixandre.aranjuez\/\/wp-content\/uploads\/cp.vicentealeixandre.aranjuez\/2026\/03\/CARTEL-PROCESO_page-0001-212x300.jpg 212w, https:\/\/site.educa.madrid.org\/cp.vicentealeixandre.aranjuez\/\/wp-content\/uploads\/cp.vicentealeixandre.aranjuez\/2026\/03\/CARTEL-PROCESO_page-0001-768x1086.jpg 768w, https:\/\/site.educa.madrid.org\/cp.vicentealeixandre.aranjuez\/\/wp-content\/uploads\/cp.vicentealeixandre.aranjuez\/2026\/03\/CARTEL-PROCESO_page-0001-1086x1536.jpg 1086w, https:\/\/site.educa.madrid.org\/cp.vicentealeixandre.aranjuez\/\/wp-content\/uploads\/cp.vicentealeixandre.aranjuez\/2026\/03\/CARTEL-PROCESO_page-0001.jpg 1241w\" sizes=\"auto, (max-width: 724px) 100vw, 724px\" \/><\/figure>\n\n\n\n<h2 class=\"wp-block-heading\">INFORMACI\u00d3N B\u00c1SICA DEL PROCESO DE ADMISI\u00d3N 2026\/2027<\/h2>\n\n\n\n<div data-wp-interactive=\"core\/file\" class=\"wp-block-file\"><object data-wp-bind--hidden=\"!state.hasPdfPreview\" hidden class=\"wp-block-file__embed\" data=\"https:\/\/site.educa.madrid.org\/cp.vicentealeixandre.aranjuez\/\/wp-content\/uploads\/cp.vicentealeixandre.aranjuez\/2026\/03\/INFORMACION-BASICA-DEL-PROCESO-DE-ADMISION17032026.pdf\" type=\"application\/pdf\" style=\"width:100%;height:600px\" aria-label=\"Incrustado de INFORMACIO\u0301N BA\u0301SICA DEL PROCESO DE ADMISIO\u0301N17032026.\"><\/object><a id=\"wp-block-file--media-90a89e60-be32-478f-a9e5-a39bbab33788\" href=\"https:\/\/site.educa.madrid.org\/cp.vicentealeixandre.aranjuez\/\/wp-content\/uploads\/cp.vicentealeixandre.aranjuez\/2026\/03\/INFORMACION-BASICA-DEL-PROCESO-DE-ADMISION17032026.pdf\">INFORMACIO\u0301N BA\u0301SICA DEL PROCESO DE ADMISIO\u0301N17032026<\/a><a href=\"https:\/\/site.educa.madrid.org\/cp.vicentealeixandre.aranjuez\/\/wp-content\/uploads\/cp.vicentealeixandre.aranjuez\/2026\/03\/INFORMACION-BASICA-DEL-PROCESO-DE-ADMISION17032026.pdf\" class=\"wp-block-file__button wp-element-button\" download aria-describedby=\"wp-block-file--media-90a89e60-be32-478f-a9e5-a39bbab33788\">Descarga<\/a><\/div>\n\n\n\n<h2 class=\"wp-block-heading\"><strong>PRESENTACI\u00d3N DE SOLICITUDES PROCESO DE ADMISI\u00d3N<\/strong><\/h2>\n\n\n\n<p>El plazo para la presentaci\u00f3n de solicitudes de participaci\u00f3n en el proceso ordinario de admisi\u00f3n de alumnos para el curso 2026\/2027 ser\u00e1&nbsp;<strong>del 11 al 25 de marzo de 2026<\/strong>, ambas fechas inclusive .<\/p>\n\n\n\n<p>Las solicitudes de admisi\u00f3n de alumnos para el curso 2026\/2027 ser\u00e1n presentadas preferentemente por v\u00eda telem\u00e1tica,&nbsp;y ser\u00e1n dirigidas al primer centro incluido en la solicitud. Para la presentaci\u00f3n de solicitudes por v\u00eda telem\u00e1tica las familias utilizar\u00e1n&nbsp;<strong>la Secretar\u00eda Virtual<\/strong>, que ser\u00e1 accesible a trav\u00e9s de la&nbsp;p\u00e1gina de admisi\u00f3n de la Comunidad de Madrid&nbsp;en internet.<\/p>\n\n\n\n<p>En aquellos casos en los que, por imposibilidad t\u00e9cnica, no sea posible presentar la solicitud de admisi\u00f3n por v\u00eda telem\u00e1tica, podr\u00e1 ser presentada&nbsp;en el centro educativo solicitado en primer lugar.<\/p>\n\n\n\n<p>Se podr\u00e1n utilizar dos v\u00edas para presentar la solicitud:<\/p>\n\n\n\n<ul class=\"wp-block-list\">\n<li><strong>Entrega telem\u00e1tica<\/strong>, a trav\u00e9s de la Secretaria virtual: <a href=\"https:\/\/www.comunidad.madrid\/SERVICIOS\/EDUCACION\/GESTION-TELEMATICA-SOLICITUD-ADMISION-ALUMNOS-SECRETARIA-VIRTUAL\">https:\/\/www.comunidad.madrid\/SERVICIOS\/EDUCACION\/GESTION-TELEMATICA-SOLICITUD-ADMISION-ALUMNOS-SECRETARIA-VIRTUAL<\/a><\/li>\n<\/ul>\n\n\n\n<p>Para entregar la documentaci\u00f3n telem\u00e1ticamente se necesita:<\/p>\n\n\n\n<ul class=\"wp-block-list\">\n<li>disponer de <strong>certificado digital;<\/strong><\/li>\n\n\n\n<li>o entrar en el sistema de<strong> identificaci\u00f3n electr\u00f3nica cl@ve;<\/strong><\/li>\n\n\n\n<li>o <strong>registrarse en el sistema inform\u00e1tico;<\/strong><\/li>\n\n\n\n<li>o a trav\u00e9s de la <strong>validaci\u00f3n de credenciales de la aplicaci\u00f3n Roble\/Ra\u00edces.<\/strong><\/li>\n<\/ul>\n\n\n\n<p>Las solicitudes <strong>ir\u00e1n dirigidas al centro elegido en primer lugar. \u00danicamente podr\u00e1 presentarse una solicitud de admisi\u00f3n por cada alumno.<\/strong><br><br><strong>Entrega presencial<\/strong>:<\/p>\n\n\n\n<p>Este medio de presentaci\u00f3n<strong> se utilizar\u00e1 solo cuando sea imposible realizarse de forma telem\u00e1tica. <\/strong>La entrega se har\u00e1 <strong>en soporte papel<\/strong> (impreso de) <strong>acudiendo al colegio solicitud elegido en primer lugar. \u00danicamente podr\u00e1 presentarse una solicitud de admisi\u00f3n por cada alumno.<\/strong><\/p>\n\n\n\n<h2 class=\"wp-block-heading\"><strong>CRITERIO COMPLEMENTARIO DE ADMISI\u00d3N<\/strong><\/h2>\n\n\n\n<figure class=\"wp-block-image size-large\"><img loading=\"lazy\" decoding=\"async\" width=\"724\" height=\"1024\" src=\"https:\/\/site.educa.madrid.org\/cp.vicentealeixandre.aranjuez\/\/wp-content\/uploads\/cp.vicentealeixandre.aranjuez\/2026\/03\/ANEXO-I_signed_page-0001-724x1024.jpg\" alt=\"\" class=\"wp-image-3748\" srcset=\"https:\/\/site.educa.madrid.org\/cp.vicentealeixandre.aranjuez\/\/wp-content\/uploads\/cp.vicentealeixandre.aranjuez\/2026\/03\/ANEXO-I_signed_page-0001-724x1024.jpg 724w, https:\/\/site.educa.madrid.org\/cp.vicentealeixandre.aranjuez\/\/wp-content\/uploads\/cp.vicentealeixandre.aranjuez\/2026\/03\/ANEXO-I_signed_page-0001-212x300.jpg 212w, https:\/\/site.educa.madrid.org\/cp.vicentealeixandre.aranjuez\/\/wp-content\/uploads\/cp.vicentealeixandre.aranjuez\/2026\/03\/ANEXO-I_signed_page-0001-768x1087.jpg 768w, https:\/\/site.educa.madrid.org\/cp.vicentealeixandre.aranjuez\/\/wp-content\/uploads\/cp.vicentealeixandre.aranjuez\/2026\/03\/ANEXO-I_signed_page-0001-1085x1536.jpg 1085w, https:\/\/site.educa.madrid.org\/cp.vicentealeixandre.aranjuez\/\/wp-content\/uploads\/cp.vicentealeixandre.aranjuez\/2026\/03\/ANEXO-I_signed_page-0001.jpg 1240w\" sizes=\"auto, (max-width: 724px) 100vw, 724px\" \/><\/figure>\n\n\n\n<figure class=\"wp-block-image size-large\"><img loading=\"lazy\" decoding=\"async\" width=\"724\" height=\"1024\" src=\"https:\/\/site.educa.madrid.org\/cp.vicentealeixandre.aranjuez\/\/wp-content\/uploads\/cp.vicentealeixandre.aranjuez\/2026\/03\/ANEXO-I_signed_page-0002-724x1024.jpg\" alt=\"\" class=\"wp-image-3749\" srcset=\"https:\/\/site.educa.madrid.org\/cp.vicentealeixandre.aranjuez\/\/wp-content\/uploads\/cp.vicentealeixandre.aranjuez\/2026\/03\/ANEXO-I_signed_page-0002-724x1024.jpg 724w, https:\/\/site.educa.madrid.org\/cp.vicentealeixandre.aranjuez\/\/wp-content\/uploads\/cp.vicentealeixandre.aranjuez\/2026\/03\/ANEXO-I_signed_page-0002-212x300.jpg 212w, https:\/\/site.educa.madrid.org\/cp.vicentealeixandre.aranjuez\/\/wp-content\/uploads\/cp.vicentealeixandre.aranjuez\/2026\/03\/ANEXO-I_signed_page-0002-768x1087.jpg 768w, https:\/\/site.educa.madrid.org\/cp.vicentealeixandre.aranjuez\/\/wp-content\/uploads\/cp.vicentealeixandre.aranjuez\/2026\/03\/ANEXO-I_signed_page-0002-1085x1536.jpg 1085w, https:\/\/site.educa.madrid.org\/cp.vicentealeixandre.aranjuez\/\/wp-content\/uploads\/cp.vicentealeixandre.aranjuez\/2026\/03\/ANEXO-I_signed_page-0002.jpg 1240w\" sizes=\"auto, (max-width: 724px) 100vw, 724px\" \/><\/figure>\n\n\n\n<h2 class=\"wp-block-heading\"><strong>ENLACE A LA P\u00c1GINA OFICIAL DE LA COMUNIDAD DE MADRID SOBRE EL PROCESO DE ADMISI\u00d3N<\/strong><\/h2>\n\n\n\n<p>PINCHA AQU\u00cd Y ENCONTRAR\u00c1S TODA LA INFORMACI\u00d3N<\/p>\n\n\n\n<p><a href=\"https:\/\/www.comunidad.madrid\/servicios\/educacion\/solicita-tu-admision-educacion-infantil-obligatoria-bachillerato\">https:\/\/www.comunidad.madrid\/servicios\/educacion\/solicita-tu-admision-educacion-infantil-obligatoria-bachillerato<\/a><\/p>\n\n\n\n<h2 class=\"wp-block-heading\"><strong>CRITERIOS COMPLEMENTARIOS<\/strong><\/h2>\n\n\n\n<ol class=\"wp-block-list\">\n<li>Proceder de una Escuela Infantil P\u00fablica<\/li>\n\n\n\n<li>Proceder de un Colegio Biling\u00fce<\/li>\n<\/ol>\n\n\n\n<h2 class=\"wp-block-heading\">ADSCRIPCI\u00d3N IES CURSO 26\/27<\/h2>\n\n\n\n<div data-wp-interactive=\"core\/file\" class=\"wp-block-file\"><object data-wp-bind--hidden=\"!state.hasPdfPreview\" hidden class=\"wp-block-file__embed\" data=\"https:\/\/site.educa.madrid.org\/cp.vicentealeixandre.aranjuez\/\/wp-content\/uploads\/cp.vicentealeixandre.aranjuez\/2026\/03\/Adscripcion-IES-26-27.pdf\" type=\"application\/pdf\" style=\"width:100%;height:600px\" aria-label=\"Incrustado de Adscripcio\u0301n IES 26-27.\"><\/object><a id=\"wp-block-file--media-f19a7ebe-acba-4ed2-9856-8812aba2eef7\" href=\"https:\/\/site.educa.madrid.org\/cp.vicentealeixandre.aranjuez\/\/wp-content\/uploads\/cp.vicentealeixandre.aranjuez\/2026\/03\/Adscripcion-IES-26-27.pdf\">Adscripcio\u0301n IES 26-27<\/a><a href=\"https:\/\/site.educa.madrid.org\/cp.vicentealeixandre.aranjuez\/\/wp-content\/uploads\/cp.vicentealeixandre.aranjuez\/2026\/03\/Adscripcion-IES-26-27.pdf\" class=\"wp-block-file__button wp-element-button\" download aria-describedby=\"wp-block-file--media-f19a7ebe-acba-4ed2-9856-8812aba2eef7\">Descarga<\/a><\/div>\n","protected":false},"excerpt":{"rendered":"<p>INFORMACI\u00d3N B\u00c1SICA DEL PROCESO DE ADMISI\u00d3N 2026\/2027 PRESENTACI\u00d3N DE SOLICITUDES PROCESO DE ADMISI\u00d3N El plazo para la presentaci\u00f3n de [&hellip;]<\/p>\n","protected":false},"author":6,"featured_media":0,"parent":0,"menu_order":0,"comment_status":"closed","ping_status":"closed","template":"","meta":{"footnotes":""},"folder":[],"class_list":["post-184","page","type-page","status-publish","hentry"],"rttpg_featured_image_url":null,"rttpg_author":{"display_name":"Cuenta Admin-educamadrid","author_link":"https:\/\/site.educa.madrid.org\/cp.vicentealeixandre.aranjuez\/index.php\/author\/cuenta_admin-educamadrid\/"},"rttpg_comment":0,"rttpg_category":false,"rttpg_excerpt":"INFORMACI\u00d3N B\u00c1SICA DEL PROCESO DE ADMISI\u00d3N 2026\/2027 PRESENTACI\u00d3N DE SOLICITUDES PROCESO DE ADMISI\u00d3N El plazo para la presentaci\u00f3n de [&hellip;]","post_mailing_queue_ids":[],"_links":{"self":[{"href":"https:\/\/site.educa.madrid.org\/cp.vicentealeixandre.aranjuez\/index.php\/wp-json\/wp\/v2\/pages\/184","targetHints":{"allow":["GET"]}}],"collection":[{"href":"https:\/\/site.educa.madrid.org\/cp.vicentealeixandre.aranjuez\/index.php\/wp-json\/wp\/v2\/pages"}],"about":[{"href":"https:\/\/site.educa.madrid.org\/cp.vicentealeixandre.aranjuez\/index.php\/wp-json\/wp\/v2\/types\/page"}],"author":[{"embeddable":true,"href":"https:\/\/site.educa.madrid.org\/cp.vicentealeixandre.aranjuez\/index.php\/wp-json\/wp\/v2\/users\/6"}],"replies":[{"embeddable":true,"href":"https:\/\/site.educa.madrid.org\/cp.vicentealeixandre.aranjuez\/index.php\/wp-json\/wp\/v2\/comments?post=184"}],"version-history":[{"count":26,"href":"https:\/\/site.educa.madrid.org\/cp.vicentealeixandre.aranjuez\/index.php\/wp-json\/wp\/v2\/pages\/184\/revisions"}],"predecessor-version":[{"id":3864,"href":"https:\/\/site.educa.madrid.org\/cp.vicentealeixandre.aranjuez\/index.php\/wp-json\/wp\/v2\/pages\/184\/revisions\/3864"}],"wp:attachment":[{"href":"https:\/\/site.educa.madrid.org\/cp.vicentealeixandre.aranjuez\/index.php\/wp-json\/wp\/v2\/media?parent=184"}],"wp:term":[{"taxonomy":"folder","embeddable":true,"href":"https:\/\/site.educa.madrid.org\/cp.vicentealeixandre.aranjuez\/index.php\/wp-json\/wp\/v2\/folder?post=184"}],"curies":[{"name":"wp","href":"https:\/\/api.w.org\/{rel}","templated":true}]}}