{"id":1860,"date":"2023-06-02T14:39:14","date_gmt":"2023-06-02T12:39:14","guid":{"rendered":"https:\/\/site.educa.madrid.org\/cp.vicentealeixandre.aranjuez\/?page_id=1860"},"modified":"2024-09-12T09:00:48","modified_gmt":"2024-09-12T07:00:48","slug":"primeros-del-cole","status":"publish","type":"page","link":"https:\/\/site.educa.madrid.org\/cp.vicentealeixandre.aranjuez\/index.php\/primeros-del-cole\/","title":{"rendered":"Primeros del Cole"},"content":{"rendered":"\n<p><strong>Los primeros del cole<\/strong>&nbsp;es una actividad de conciliaci\u00f3n familiar dirigido a ni\u00f1os cuyos padres tienen la necesidad de dejarles en el centro antes de las 9 de la ma\u00f1ana. Es un servicio educativo y l\u00fadico en el que se fomentan h\u00e1bitos saludables de higiene y alimentaci\u00f3n.<\/p>\n\n\n\n<p>Para m\u00e1s informaci\u00f3n visita la p\u00e1gina de Educaci\u00f3n del Ayuntamiento:<\/p>\n\n\n\n<div class=\"wp-block-buttons is-layout-flex wp-block-buttons-is-layout-flex\">\n<div class=\"wp-block-button is-style-fill\"><a class=\"wp-block-button__link has-vivid-cyan-blue-background-color has-background wp-element-button\" href=\"https:\/\/www.aranjuez.es\/educacion\/actividades-dias-lectivos\/\">Enlace informaci\u00f3n<\/a><\/div>\n<\/div>\n","protected":false},"excerpt":{"rendered":"<p>Los primeros del cole&nbsp;es una actividad de conciliaci\u00f3n familiar dirigido a ni\u00f1os cuyos padres tienen la necesidad de dejarles [&hellip;]<\/p>\n","protected":false},"author":3,"featured_media":0,"parent":0,"menu_order":0,"comment_status":"closed","ping_status":"closed","template":"","meta":{"footnotes":""},"folder":[],"class_list":["post-1860","page","type-page","status-publish","hentry"],"rttpg_featured_image_url":null,"rttpg_author":{"display_name":"cp.vicentealeixandre.aranjuez","author_link":"https:\/\/site.educa.madrid.org\/cp.vicentealeixandre.aranjuez\/index.php\/author\/cuenta_cp-vicentealeixandre-aranjuez\/"},"rttpg_comment":0,"rttpg_category":false,"rttpg_excerpt":"Los primeros del cole&nbsp;es una actividad de conciliaci\u00f3n familiar dirigido a ni\u00f1os cuyos padres tienen la necesidad de dejarles [&hellip;]","post_mailing_queue_ids":[],"_links":{"self":[{"href":"https:\/\/site.educa.madrid.org\/cp.vicentealeixandre.aranjuez\/index.php\/wp-json\/wp\/v2\/pages\/1860","targetHints":{"allow":["GET"]}}],"collection":[{"href":"https:\/\/site.educa.madrid.org\/cp.vicentealeixandre.aranjuez\/index.php\/wp-json\/wp\/v2\/pages"}],"about":[{"href":"https:\/\/site.educa.madrid.org\/cp.vicentealeixandre.aranjuez\/index.php\/wp-json\/wp\/v2\/types\/page"}],"author":[{"embeddable":true,"href":"https:\/\/site.educa.madrid.org\/cp.vicentealeixandre.aranjuez\/index.php\/wp-json\/wp\/v2\/users\/3"}],"replies":[{"embeddable":true,"href":"https:\/\/site.educa.madrid.org\/cp.vicentealeixandre.aranjuez\/index.php\/wp-json\/wp\/v2\/comments?post=1860"}],"version-history":[{"count":10,"href":"https:\/\/site.educa.madrid.org\/cp.vicentealeixandre.aranjuez\/index.php\/wp-json\/wp\/v2\/pages\/1860\/revisions"}],"predecessor-version":[{"id":3258,"href":"https:\/\/site.educa.madrid.org\/cp.vicentealeixandre.aranjuez\/index.php\/wp-json\/wp\/v2\/pages\/1860\/revisions\/3258"}],"wp:attachment":[{"href":"https:\/\/site.educa.madrid.org\/cp.vicentealeixandre.aranjuez\/index.php\/wp-json\/wp\/v2\/media?parent=1860"}],"wp:term":[{"taxonomy":"folder","embeddable":true,"href":"https:\/\/site.educa.madrid.org\/cp.vicentealeixandre.aranjuez\/index.php\/wp-json\/wp\/v2\/folder?post=1860"}],"curies":[{"name":"wp","href":"https:\/\/api.w.org\/{rel}","templated":true}]}}