{"id":2659,"date":"2024-02-20T08:55:09","date_gmt":"2024-02-20T07:55:09","guid":{"rendered":"https:\/\/site.educa.madrid.org\/cp.vicentealeixandre.aranjuez\/?page_id=2659"},"modified":"2024-03-05T13:49:48","modified_gmt":"2024-03-05T12:49:48","slug":"imagenes","status":"publish","type":"page","link":"https:\/\/site.educa.madrid.org\/cp.vicentealeixandre.aranjuez\/index.php\/imagenes\/","title":{"rendered":"Im\u00e1genes"},"content":{"rendered":"\n<div class=\"wp-block-media-text alignwide is-stacked-on-mobile\"><figure class=\"wp-block-media-text__media\"><img loading=\"lazy\" decoding=\"async\" width=\"631\" height=\"510\" src=\"https:\/\/site.educa.madrid.org\/cp.vicentealeixandre.aranjuez\/\/wp-content\/uploads\/cp.vicentealeixandre.aranjuez\/2024\/02\/1.jpg\" alt=\"\" class=\"wp-image-2664 size-full\" srcset=\"https:\/\/site.educa.madrid.org\/cp.vicentealeixandre.aranjuez\/\/wp-content\/uploads\/cp.vicentealeixandre.aranjuez\/2024\/02\/1.jpg 631w, https:\/\/site.educa.madrid.org\/cp.vicentealeixandre.aranjuez\/\/wp-content\/uploads\/cp.vicentealeixandre.aranjuez\/2024\/02\/1-300x242.jpg 300w\" sizes=\"auto, (max-width: 631px) 100vw, 631px\" \/><\/figure><div class=\"wp-block-media-text__content\">\n<p>Imagen obtenida del art\u00edculo \u00ab1928: nuevas escuelas de Aranjuez\u00bb. Ver art\u00edculo en Enlaces de inter\u00e9s o <a href=\"http:\/\/caminante-caminocamino.blogspot.com\/2016\/10\/1928-nuevas-escuelas-en-aranjuez.html?view=flipcard\" target=\"_blank\" rel=\"noreferrer noopener\">pincha aqu\u00ed<\/a>.<\/p>\n<\/div><\/div>\n\n\n\n<div class=\"wp-block-media-text alignwide is-stacked-on-mobile\"><figure class=\"wp-block-media-text__media\"><img loading=\"lazy\" decoding=\"async\" width=\"649\" height=\"515\" src=\"https:\/\/site.educa.madrid.org\/cp.vicentealeixandre.aranjuez\/\/wp-content\/uploads\/cp.vicentealeixandre.aranjuez\/2024\/02\/chicos.jpg\" alt=\"\" class=\"wp-image-2667 size-full\" srcset=\"https:\/\/site.educa.madrid.org\/cp.vicentealeixandre.aranjuez\/\/wp-content\/uploads\/cp.vicentealeixandre.aranjuez\/2024\/02\/chicos.jpg 649w, https:\/\/site.educa.madrid.org\/cp.vicentealeixandre.aranjuez\/\/wp-content\/uploads\/cp.vicentealeixandre.aranjuez\/2024\/02\/chicos-300x238.jpg 300w\" sizes=\"auto, (max-width: 649px) 100vw, 649px\" \/><\/figure><div class=\"wp-block-media-text__content\">\n<p>Imagen obtenida del art\u00edculo \u00ab1928: nuevas escuelas de Aranjuez\u00bb. Ver art\u00edculo en Enlaces de inter\u00e9s o <a href=\"http:\/\/caminante-caminocamino.blogspot.com\/2016\/10\/1928-nuevas-escuelas-en-aranjuez.html?view=flipcard\" target=\"_blank\" rel=\"noreferrer noopener\">pincha aqu\u00ed<\/a>.<\/p>\n<\/div><\/div>\n\n\n\n<div class=\"wp-block-media-text alignwide is-stacked-on-mobile\"><figure class=\"wp-block-media-text__media\"><img loading=\"lazy\" decoding=\"async\" width=\"631\" height=\"494\" src=\"https:\/\/site.educa.madrid.org\/cp.vicentealeixandre.aranjuez\/\/wp-content\/uploads\/cp.vicentealeixandre.aranjuez\/2024\/02\/colegio.jpg\" alt=\"\" class=\"wp-image-2677 size-full\" srcset=\"https:\/\/site.educa.madrid.org\/cp.vicentealeixandre.aranjuez\/\/wp-content\/uploads\/cp.vicentealeixandre.aranjuez\/2024\/02\/colegio.jpg 631w, https:\/\/site.educa.madrid.org\/cp.vicentealeixandre.aranjuez\/\/wp-content\/uploads\/cp.vicentealeixandre.aranjuez\/2024\/02\/colegio-300x235.jpg 300w\" sizes=\"auto, (max-width: 631px) 100vw, 631px\" \/><\/figure><div class=\"wp-block-media-text__content\">\n<p>Imagen obtenida del art\u00edculo \u00ab1928: nuevas escuelas de Aranjuez\u00bb. Ver art\u00edculo en Enlaces de inter\u00e9s o <a href=\"http:\/\/caminante-caminocamino.blogspot.com\/2016\/10\/1928-nuevas-escuelas-en-aranjuez.html?view=flipcard\" target=\"_blank\" rel=\"noreferrer noopener\">pincha aqu\u00ed<\/a>.<\/p>\n<\/div><\/div>\n\n\n\n<div class=\"wp-block-media-text alignwide is-stacked-on-mobile\"><figure class=\"wp-block-media-text__media\"><img loading=\"lazy\" decoding=\"async\" width=\"898\" height=\"977\" src=\"https:\/\/site.educa.madrid.org\/cp.vicentealeixandre.aranjuez\/\/wp-content\/uploads\/cp.vicentealeixandre.aranjuez\/2024\/02\/Imagen2.jpg\" alt=\"\" class=\"wp-image-2680 size-full\" srcset=\"https:\/\/site.educa.madrid.org\/cp.vicentealeixandre.aranjuez\/\/wp-content\/uploads\/cp.vicentealeixandre.aranjuez\/2024\/02\/Imagen2.jpg 898w, https:\/\/site.educa.madrid.org\/cp.vicentealeixandre.aranjuez\/\/wp-content\/uploads\/cp.vicentealeixandre.aranjuez\/2024\/02\/Imagen2-276x300.jpg 276w, https:\/\/site.educa.madrid.org\/cp.vicentealeixandre.aranjuez\/\/wp-content\/uploads\/cp.vicentealeixandre.aranjuez\/2024\/02\/Imagen2-768x836.jpg 768w\" sizes=\"auto, (max-width: 898px) 100vw, 898px\" \/><\/figure><div class=\"wp-block-media-text__content\">\n<p>Imagen Colegio Nacional del General\u00edsimo Franco (a\u00f1os 60-70). En 1987 fue trasladado a su actual ubicaci\u00f3n (Calle del Pr\u00edncipe, 38).<\/p>\n<\/div><\/div>\n","protected":false},"excerpt":{"rendered":"<p>Imagen obtenida del art\u00edculo \u00ab1928: nuevas escuelas de Aranjuez\u00bb. Ver art\u00edculo en Enlaces de inter\u00e9s o pincha aqu\u00ed. Imagen [&hellip;]<\/p>\n","protected":false},"author":3,"featured_media":0,"parent":0,"menu_order":0,"comment_status":"closed","ping_status":"closed","template":"","meta":{"footnotes":""},"folder":[],"class_list":["post-2659","page","type-page","status-publish","hentry"],"rttpg_featured_image_url":null,"rttpg_author":{"display_name":"cp.vicentealeixandre.aranjuez","author_link":"https:\/\/site.educa.madrid.org\/cp.vicentealeixandre.aranjuez\/index.php\/author\/cuenta_cp-vicentealeixandre-aranjuez\/"},"rttpg_comment":0,"rttpg_category":false,"rttpg_excerpt":"Imagen obtenida del art\u00edculo \u00ab1928: nuevas escuelas de Aranjuez\u00bb. Ver art\u00edculo en Enlaces de inter\u00e9s o pincha aqu\u00ed. Imagen [&hellip;]","post_mailing_queue_ids":[],"_links":{"self":[{"href":"https:\/\/site.educa.madrid.org\/cp.vicentealeixandre.aranjuez\/index.php\/wp-json\/wp\/v2\/pages\/2659","targetHints":{"allow":["GET"]}}],"collection":[{"href":"https:\/\/site.educa.madrid.org\/cp.vicentealeixandre.aranjuez\/index.php\/wp-json\/wp\/v2\/pages"}],"about":[{"href":"https:\/\/site.educa.madrid.org\/cp.vicentealeixandre.aranjuez\/index.php\/wp-json\/wp\/v2\/types\/page"}],"author":[{"embeddable":true,"href":"https:\/\/site.educa.madrid.org\/cp.vicentealeixandre.aranjuez\/index.php\/wp-json\/wp\/v2\/users\/3"}],"replies":[{"embeddable":true,"href":"https:\/\/site.educa.madrid.org\/cp.vicentealeixandre.aranjuez\/index.php\/wp-json\/wp\/v2\/comments?post=2659"}],"version-history":[{"count":9,"href":"https:\/\/site.educa.madrid.org\/cp.vicentealeixandre.aranjuez\/index.php\/wp-json\/wp\/v2\/pages\/2659\/revisions"}],"predecessor-version":[{"id":2861,"href":"https:\/\/site.educa.madrid.org\/cp.vicentealeixandre.aranjuez\/index.php\/wp-json\/wp\/v2\/pages\/2659\/revisions\/2861"}],"wp:attachment":[{"href":"https:\/\/site.educa.madrid.org\/cp.vicentealeixandre.aranjuez\/index.php\/wp-json\/wp\/v2\/media?parent=2659"}],"wp:term":[{"taxonomy":"folder","embeddable":true,"href":"https:\/\/site.educa.madrid.org\/cp.vicentealeixandre.aranjuez\/index.php\/wp-json\/wp\/v2\/folder?post=2659"}],"curies":[{"name":"wp","href":"https:\/\/api.w.org\/{rel}","templated":true}]}}