{"id":1028,"date":"2022-03-17T10:25:35","date_gmt":"2022-03-17T09:25:35","guid":{"rendered":"https:\/\/site.educa.madrid.org\/cpm.adolfosalazar.madrid\/?page_id=1028"},"modified":"2022-03-17T10:42:05","modified_gmt":"2022-03-17T09:42:05","slug":"susana-sanchez-maceda","status":"publish","type":"page","link":"https:\/\/site.educa.madrid.org\/cpm.adolfosalazar.madrid\/index.php\/susana-sanchez-maceda\/","title":{"rendered":"Susana S\u00e1nchez Maceda"},"content":{"rendered":"\n<div class=\"wp-block-columns is-layout-flex wp-container-core-columns-is-layout-9d6595d7 wp-block-columns-is-layout-flex\">\n<div class=\"wp-block-column is-layout-flow wp-block-column-is-layout-flow\" style=\"flex-basis:33.33%\">\n<figure class=\"wp-block-image size-large\"><img loading=\"lazy\" decoding=\"async\" width=\"1024\" height=\"765\" src=\"https:\/\/site.educa.madrid.org\/cpm.adolfosalazar.madrid\/\/wp-content\/uploads\/cpm.adolfosalazar.madrid\/2022\/03\/Foto-Susana-1024x765.jpg\" alt=\"\" class=\"wp-image-1031\" srcset=\"https:\/\/site.educa.madrid.org\/cpm.adolfosalazar.madrid\/\/wp-content\/uploads\/cpm.adolfosalazar.madrid\/2022\/03\/Foto-Susana-1024x765.jpg 1024w, https:\/\/site.educa.madrid.org\/cpm.adolfosalazar.madrid\/\/wp-content\/uploads\/cpm.adolfosalazar.madrid\/2022\/03\/Foto-Susana-300x224.jpg 300w, https:\/\/site.educa.madrid.org\/cpm.adolfosalazar.madrid\/\/wp-content\/uploads\/cpm.adolfosalazar.madrid\/2022\/03\/Foto-Susana-768x574.jpg 768w, https:\/\/site.educa.madrid.org\/cpm.adolfosalazar.madrid\/\/wp-content\/uploads\/cpm.adolfosalazar.madrid\/2022\/03\/Foto-Susana-1536x1147.jpg 1536w, https:\/\/site.educa.madrid.org\/cpm.adolfosalazar.madrid\/\/wp-content\/uploads\/cpm.adolfosalazar.madrid\/2022\/03\/Foto-Susana-2048x1530.jpg 2048w, https:\/\/site.educa.madrid.org\/cpm.adolfosalazar.madrid\/\/wp-content\/uploads\/cpm.adolfosalazar.madrid\/2022\/03\/Foto-Susana-700x523.jpg 700w, https:\/\/site.educa.madrid.org\/cpm.adolfosalazar.madrid\/\/wp-content\/uploads\/cpm.adolfosalazar.madrid\/2022\/03\/Foto-Susana-520x388.jpg 520w, https:\/\/site.educa.madrid.org\/cpm.adolfosalazar.madrid\/\/wp-content\/uploads\/cpm.adolfosalazar.madrid\/2022\/03\/Foto-Susana-360x269.jpg 360w, https:\/\/site.educa.madrid.org\/cpm.adolfosalazar.madrid\/\/wp-content\/uploads\/cpm.adolfosalazar.madrid\/2022\/03\/Foto-Susana-250x187.jpg 250w, https:\/\/site.educa.madrid.org\/cpm.adolfosalazar.madrid\/\/wp-content\/uploads\/cpm.adolfosalazar.madrid\/2022\/03\/Foto-Susana-100x75.jpg 100w\" sizes=\"auto, (max-width: 1024px) 100vw, 1024px\" \/><figcaption><strong>Asignatura: Piano<\/strong><\/figcaption><\/figure>\n<\/div>\n\n\n\n<div class=\"wp-block-column is-layout-flow wp-block-column-is-layout-flow\" style=\"flex-basis:66.66%\">\n<p>Nace en Madrid. A los siete a\u00f1os comienza sus estudios de piano en el Real Conservatorio Superior de M\u00fasica de Madrid, donde se inicia bajo la tutela de Maria Teresa F\u00faster y Prudencia G\u00e1mez, desarrollando y finalizando su formaci\u00f3n pian\u00edstica en la c\u00e1tedra de D. Pedro Lerma y de m\u00fasica de c\u00e1mara con D. Luis Rego.<\/p>\n\n\n\n<p>Amplia sus conocimientos con D\u00f1a. Maria Curcio, Christopher Elton, Rosa Sabater, Manuel Carra, Ram\u00f3n Coll y Hans Graf.<\/p>\n\n\n\n<p>En 1979 comienza su actividad profesional docente, especialidad que siempre dese\u00f3 realizar y en la que destaca por su capacidad de trabajo y comunicaci\u00f3n.<\/p>\n\n\n\n<p>Desde 1990 es profesora de piano en el Conservatorio \u201cAdolfo Salazar\u201d de la Comunidad de Madrid y miembro del equipo directivo como secretaria desde el a\u00f1o 2004. En la actualidad es la directora del Conservatorio.<\/p>\n\n\n\n<p>Siempre con su continuo af\u00e1n de formaci\u00f3n, ha&nbsp; realizado numerosos cursos de pedagog\u00eda, educaci\u00f3n musical y psicolog\u00eda evolutiva, que han convertido a esta madrile\u00f1a en una carism\u00e1tica docente.<\/p>\n<\/div>\n<\/div>\n","protected":false},"excerpt":{"rendered":"<p>Nace en Madrid. A los siete a\u00f1os comienza sus estudios de piano en el Real Conservatorio Superior de M\u00fasica de Madrid, donde se inicia bajo la tutela de Maria Teresa F\u00faster y Prudencia G\u00e1mez, desarrollando y finalizando su formaci\u00f3n pian\u00edstica en la c\u00e1tedra de D. Pedro Lerma y de m\u00fasica de c\u00e1mara con D. Luis<\/p><\/div>\n<div class=\"blog-btn\"><a href=\"https:\/\/site.educa.madrid.org\/cpm.adolfosalazar.madrid\/index.php\/susana-sanchez-maceda\/\" class=\"home-blog-btn\">Leer m\u00e1s<\/a><\/p>\n","protected":false},"author":3,"featured_media":0,"parent":0,"menu_order":0,"comment_status":"closed","ping_status":"closed","template":"page-templates\/page_fullwidth.php","meta":{"footnotes":""},"folder":[39],"class_list":["post-1028","page","type-page","status-publish","hentry"],"rttpg_featured_image_url":null,"rttpg_author":{"display_name":"cpm.adolfosalazar.madrid","author_link":"https:\/\/site.educa.madrid.org\/cpm.adolfosalazar.madrid\/index.php\/author\/cuenta_cpm-adolfosalazar-madrid\/"},"rttpg_comment":0,"rttpg_category":" <a href=\"https:\/\/site.educa.madrid.org\/cpm.adolfosalazar.madrid\/?taxonomy=folder&#038;term=bios-profesores-1679781238\" rel=\"tag\">Bios Profesores<\/a>","rttpg_excerpt":"Nace en Madrid. A los siete a\u00f1os comienza sus estudios de piano en el Real Conservatorio Superior de M\u00fasica de Madrid, donde se inicia bajo la tutela de Maria Teresa F\u00faster y Prudencia G\u00e1mez, desarrollando y finalizando su formaci\u00f3n pian\u00edstica en la c\u00e1tedra de D. Pedro Lerma y de m\u00fasica de c\u00e1mara con D. LuisLeer&hellip;","post_mailing_queue_ids":[],"_links":{"self":[{"href":"https:\/\/site.educa.madrid.org\/cpm.adolfosalazar.madrid\/index.php\/wp-json\/wp\/v2\/pages\/1028","targetHints":{"allow":["GET"]}}],"collection":[{"href":"https:\/\/site.educa.madrid.org\/cpm.adolfosalazar.madrid\/index.php\/wp-json\/wp\/v2\/pages"}],"about":[{"href":"https:\/\/site.educa.madrid.org\/cpm.adolfosalazar.madrid\/index.php\/wp-json\/wp\/v2\/types\/page"}],"author":[{"embeddable":true,"href":"https:\/\/site.educa.madrid.org\/cpm.adolfosalazar.madrid\/index.php\/wp-json\/wp\/v2\/users\/3"}],"replies":[{"embeddable":true,"href":"https:\/\/site.educa.madrid.org\/cpm.adolfosalazar.madrid\/index.php\/wp-json\/wp\/v2\/comments?post=1028"}],"version-history":[{"count":4,"href":"https:\/\/site.educa.madrid.org\/cpm.adolfosalazar.madrid\/index.php\/wp-json\/wp\/v2\/pages\/1028\/revisions"}],"predecessor-version":[{"id":1060,"href":"https:\/\/site.educa.madrid.org\/cpm.adolfosalazar.madrid\/index.php\/wp-json\/wp\/v2\/pages\/1028\/revisions\/1060"}],"wp:attachment":[{"href":"https:\/\/site.educa.madrid.org\/cpm.adolfosalazar.madrid\/index.php\/wp-json\/wp\/v2\/media?parent=1028"}],"wp:term":[{"taxonomy":"folder","embeddable":true,"href":"https:\/\/site.educa.madrid.org\/cpm.adolfosalazar.madrid\/index.php\/wp-json\/wp\/v2\/folder?post=1028"}],"curies":[{"name":"wp","href":"https:\/\/api.w.org\/{rel}","templated":true}]}}