{"id":1043,"date":"2022-03-17T10:34:57","date_gmt":"2022-03-17T09:34:57","guid":{"rendered":"https:\/\/site.educa.madrid.org\/cpm.adolfosalazar.madrid\/?page_id=1043"},"modified":"2022-03-17T10:42:21","modified_gmt":"2022-03-17T09:42:21","slug":"ignacio-herrero-perez","status":"publish","type":"page","link":"https:\/\/site.educa.madrid.org\/cpm.adolfosalazar.madrid\/index.php\/ignacio-herrero-perez\/","title":{"rendered":"Ignacio Herrero P\u00e9rez"},"content":{"rendered":"\n<div class=\"wp-block-columns is-layout-flex wp-container-core-columns-is-layout-9d6595d7 wp-block-columns-is-layout-flex\">\n<div class=\"wp-block-column is-layout-flow wp-block-column-is-layout-flow\" style=\"flex-basis:33.33%\">\n<figure class=\"wp-block-image size-large\"><img loading=\"lazy\" decoding=\"async\" width=\"319\" height=\"415\" src=\"https:\/\/site.educa.madrid.org\/cpm.adolfosalazar.madrid\/\/wp-content\/uploads\/cpm.adolfosalazar.madrid\/2022\/03\/Herrero-Ignacio.jpg\" alt=\"\" class=\"wp-image-1004\" srcset=\"https:\/\/site.educa.madrid.org\/cpm.adolfosalazar.madrid\/\/wp-content\/uploads\/cpm.adolfosalazar.madrid\/2022\/03\/Herrero-Ignacio.jpg 319w, https:\/\/site.educa.madrid.org\/cpm.adolfosalazar.madrid\/\/wp-content\/uploads\/cpm.adolfosalazar.madrid\/2022\/03\/Herrero-Ignacio-231x300.jpg 231w, https:\/\/site.educa.madrid.org\/cpm.adolfosalazar.madrid\/\/wp-content\/uploads\/cpm.adolfosalazar.madrid\/2022\/03\/Herrero-Ignacio-250x325.jpg 250w, https:\/\/site.educa.madrid.org\/cpm.adolfosalazar.madrid\/\/wp-content\/uploads\/cpm.adolfosalazar.madrid\/2022\/03\/Herrero-Ignacio-100x130.jpg 100w\" sizes=\"auto, (max-width: 319px) 100vw, 319px\" \/><figcaption><strong>Asignatura: Fagot<\/strong><\/figcaption><\/figure>\n<\/div>\n\n\n\n<div class=\"wp-block-column is-layout-flow wp-block-column-is-layout-flow\" style=\"flex-basis:66.66%\">\n<p>Estudios musicales en el Conservatorio Superior de M\u00fasica de Oviedo y de Madrid, obteniendo Premio Fin de Ense\u00f1anzas Profesionales en Oviedo. Realiza cursos de perfeccionamiento con diferentes profesores: Vincenzo Menghini, Marco Posthingel, Stefano Canuti, Enrique Abargues, Vicente Palomares, etc\u2026<\/p>\n\n\n\n<p>Colabora con diversas orquestas: Orquesta sinf\u00f3nica del Principado de Asturias, Oviedo Filarmon\u00eda, Orquesta Sinf\u00f3nica de Gij\u00f3n, Orquesta de C\u00e1mara Virtuosos de Moscu, Orquesta Sinf\u00f3nica Estatal de San Petersburgo, Orquesta de Euskadi, Orquesta de C\u00f3rdoba, Orquesta de Extremadura, Orquesta Sinf\u00f3nica de Madrid, etc\u2026<\/p>\n\n\n\n<p>De 1999 a 2004 pertenece a la Orquesta Filarmon\u00eda realizando programas para \u201cEl Conciertazo\u201d de Televisi\u00f3n Espa\u00f1ola, presentado por Fernando Argenta.<\/p>\n\n\n\n<p>De 2004 a 2008 es fagot\/contrafagot de la Banda Municipal de Madrid,dirigida por Enrique Garc\u00eda Asensio.<\/p>\n\n\n\n<p>En 2009 forma parte del musical Sweeney Todd dirigido por Mario Gas en el teatro espa\u00f1ol en Madrid y en el teatro Apolo en Barcelona. Desde 2012 forma parte de la FSO (Film Symphony Orchestra) orquesta sinf\u00f3nica dedicada a interpretar bandas sonoras de pel\u00edculas, actuando por toda la geograf\u00eda espa\u00f1ola.<\/p>\n\n\n\n<p>Ha sido invitado a impartir diferentes cursos de m\u00fasica, Martin Codax en Cuenca, Curso de Interpretaci\u00f3n de Zamora,etc\u2026<\/p>\n\n\n\n<p>Ha trabajado en diferentes conservatorios: Conservatorio Profesional de C\u00e1ceres, Conservatorio Profesional de Zamora, Centro Integrado de Ense\u00f1anzas Artisiticas de San Lorenzo de El Escorial y Victoria de los Angeles de Madrid.<\/p>\n\n\n\n<p>Actualmente es profesor de fagot del Conservatorio Adolfo Salazar de Madrid.<\/p>\n<\/div>\n<\/div>\n","protected":false},"excerpt":{"rendered":"<p>Estudios musicales en el Conservatorio Superior de M\u00fasica de Oviedo y de Madrid, obteniendo Premio Fin de Ense\u00f1anzas Profesionales en Oviedo. Realiza cursos de perfeccionamiento con diferentes profesores: Vincenzo Menghini, Marco Posthingel, Stefano Canuti, Enrique Abargues, Vicente Palomares, etc\u2026 Colabora con diversas orquestas: Orquesta sinf\u00f3nica del Principado de Asturias, Oviedo Filarmon\u00eda, Orquesta Sinf\u00f3nica de Gij\u00f3n,<\/p><\/div>\n<div class=\"blog-btn\"><a href=\"https:\/\/site.educa.madrid.org\/cpm.adolfosalazar.madrid\/index.php\/ignacio-herrero-perez\/\" class=\"home-blog-btn\">Leer m\u00e1s<\/a><\/p>\n","protected":false},"author":3,"featured_media":0,"parent":0,"menu_order":0,"comment_status":"closed","ping_status":"closed","template":"page-templates\/page_fullwidth.php","meta":{"footnotes":""},"folder":[39],"class_list":["post-1043","page","type-page","status-publish","hentry"],"rttpg_featured_image_url":null,"rttpg_author":{"display_name":"cpm.adolfosalazar.madrid","author_link":"https:\/\/site.educa.madrid.org\/cpm.adolfosalazar.madrid\/index.php\/author\/cuenta_cpm-adolfosalazar-madrid\/"},"rttpg_comment":0,"rttpg_category":" <a href=\"https:\/\/site.educa.madrid.org\/cpm.adolfosalazar.madrid\/?taxonomy=folder&#038;term=bios-profesores-1679781238\" rel=\"tag\">Bios Profesores<\/a>","rttpg_excerpt":"Estudios musicales en el Conservatorio Superior de M\u00fasica de Oviedo y de Madrid, obteniendo Premio Fin de Ense\u00f1anzas Profesionales en Oviedo. Realiza cursos de perfeccionamiento con diferentes profesores: Vincenzo Menghini, Marco Posthingel, Stefano Canuti, Enrique Abargues, Vicente Palomares, etc\u2026 Colabora con diversas orquestas: Orquesta sinf\u00f3nica del Principado de Asturias, Oviedo Filarmon\u00eda, Orquesta Sinf\u00f3nica de Gij\u00f3n,Leer&hellip;","post_mailing_queue_ids":[],"_links":{"self":[{"href":"https:\/\/site.educa.madrid.org\/cpm.adolfosalazar.madrid\/index.php\/wp-json\/wp\/v2\/pages\/1043","targetHints":{"allow":["GET"]}}],"collection":[{"href":"https:\/\/site.educa.madrid.org\/cpm.adolfosalazar.madrid\/index.php\/wp-json\/wp\/v2\/pages"}],"about":[{"href":"https:\/\/site.educa.madrid.org\/cpm.adolfosalazar.madrid\/index.php\/wp-json\/wp\/v2\/types\/page"}],"author":[{"embeddable":true,"href":"https:\/\/site.educa.madrid.org\/cpm.adolfosalazar.madrid\/index.php\/wp-json\/wp\/v2\/users\/3"}],"replies":[{"embeddable":true,"href":"https:\/\/site.educa.madrid.org\/cpm.adolfosalazar.madrid\/index.php\/wp-json\/wp\/v2\/comments?post=1043"}],"version-history":[{"count":4,"href":"https:\/\/site.educa.madrid.org\/cpm.adolfosalazar.madrid\/index.php\/wp-json\/wp\/v2\/pages\/1043\/revisions"}],"predecessor-version":[{"id":1062,"href":"https:\/\/site.educa.madrid.org\/cpm.adolfosalazar.madrid\/index.php\/wp-json\/wp\/v2\/pages\/1043\/revisions\/1062"}],"wp:attachment":[{"href":"https:\/\/site.educa.madrid.org\/cpm.adolfosalazar.madrid\/index.php\/wp-json\/wp\/v2\/media?parent=1043"}],"wp:term":[{"taxonomy":"folder","embeddable":true,"href":"https:\/\/site.educa.madrid.org\/cpm.adolfosalazar.madrid\/index.php\/wp-json\/wp\/v2\/folder?post=1043"}],"curies":[{"name":"wp","href":"https:\/\/api.w.org\/{rel}","templated":true}]}}