{"id":1123,"date":"2022-03-21T16:18:54","date_gmt":"2022-03-21T15:18:54","guid":{"rendered":"https:\/\/site.educa.madrid.org\/cpm.adolfosalazar.madrid\/?page_id=1123"},"modified":"2022-11-03T10:26:14","modified_gmt":"2022-11-03T09:26:14","slug":"anna-baget-bernaldiz","status":"publish","type":"page","link":"https:\/\/site.educa.madrid.org\/cpm.adolfosalazar.madrid\/index.php\/anna-baget-bernaldiz\/","title":{"rendered":"Anna Baget"},"content":{"rendered":"\n<div class=\"wp-block-columns is-layout-flex wp-container-core-columns-is-layout-9d6595d7 wp-block-columns-is-layout-flex\">\n<div class=\"wp-block-column is-layout-flow wp-block-column-is-layout-flow\" style=\"flex-basis:33.33%\">\n<figure class=\"wp-block-image size-large\"><img loading=\"lazy\" decoding=\"async\" width=\"350\" height=\"350\" src=\"https:\/\/site.educa.madrid.org\/cpm.adolfosalazar.madrid\/\/wp-content\/uploads\/cpm.adolfosalazar.madrid\/2022\/03\/BAGET-ANNA-1.jpg\" alt=\"\" class=\"wp-image-986\" srcset=\"https:\/\/site.educa.madrid.org\/cpm.adolfosalazar.madrid\/\/wp-content\/uploads\/cpm.adolfosalazar.madrid\/2022\/03\/BAGET-ANNA-1.jpg 350w, https:\/\/site.educa.madrid.org\/cpm.adolfosalazar.madrid\/\/wp-content\/uploads\/cpm.adolfosalazar.madrid\/2022\/03\/BAGET-ANNA-1-300x300.jpg 300w, https:\/\/site.educa.madrid.org\/cpm.adolfosalazar.madrid\/\/wp-content\/uploads\/cpm.adolfosalazar.madrid\/2022\/03\/BAGET-ANNA-1-150x150.jpg 150w, https:\/\/site.educa.madrid.org\/cpm.adolfosalazar.madrid\/\/wp-content\/uploads\/cpm.adolfosalazar.madrid\/2022\/03\/BAGET-ANNA-1-250x250.jpg 250w, https:\/\/site.educa.madrid.org\/cpm.adolfosalazar.madrid\/\/wp-content\/uploads\/cpm.adolfosalazar.madrid\/2022\/03\/BAGET-ANNA-1-100x100.jpg 100w\" sizes=\"auto, (max-width: 350px) 100vw, 350px\" \/><figcaption><strong>Asignatura: <\/strong>Viol\u00edn<\/figcaption><\/figure>\n<\/div>\n\n\n\n<div class=\"wp-block-column is-layout-flow wp-block-column-is-layout-flow\" style=\"flex-basis:66.66%\">\n<p>Profesora de viol\u00edn, ha diversificado su carrera tanto en Espa\u00f1a como en Estados Unidos y Sudam\u00e9rica. Particip\u00f3 como ponente en la primera reuni\u00f3n de docencia sobre m\u00fasica organizada por la Fundaci\u00f3n Alb\u00e9niz en Madrid junto a los profesores Marc Bleuse, ex director general de M\u00fasica en Francia; el director del Junior Departament en la Guildhall School de Londres, Eric Hollis; el profesor del mismo centro Derek Rodgers; el compositor y director de la North Carolina School of Arts, Larry Smith, y el tambi\u00e9n compositor Gideon Waldrop, ex director de la Juilliard School de Nueva York y el profesor Lev Vlasenko, de Mosc\u00fa.<\/p>\n\n\n\n<p>Su inter\u00e9s por la pedagog\u00eda le ha llevado a desarrollar y sistematizar t\u00e9cnicas de formaci\u00f3n del profesorado de cuerda, siendo regularmente invitada a impartir cursos, charlas y seminarios por diferentes asociaciones educativas, conservatorios y escuelas de m\u00fasica del pa\u00eds, tanto p\u00fablicas como privadas, entre ellas el Ministerio de Educaci\u00f3n y Ciencia, la Joven Orquesta Nacional de Espa\u00f1a, Comunidad Aut\u00f3noma de Madrid, Universidad del Pa\u00eds Vasco, Universidad de Alcal\u00e1 de Henares, Universidad Castilla la Mancha, Universidad de Andaluc\u00eda, Clases magistrales en el Conservatorio Gossec de Par\u00eds, en la Ionian University de Corf\u00fa en Grecia y en el Summer String Academy de la Indiana University.<\/p>\n\n\n\n<p>Es profesora de viol\u00edn y directora del Ensemble de Violines en el Conservatorio Profesional de M\u00fasica \u201cAdolfo Salazar\u201d, Madrid y en la Universidad de M\u00fasica y Artes Esc\u00e9nicas Alfonso X El Sabio colabora realizando masterclasses de viol\u00edn. Asimismo, imparte su docencia en los cursos de verano Curso Internacional de M\u00fasica de los Pirineos, Pirineos Classic, Curso Internacional Forum Musikae y en el Curso Internacional de M\u00fasica de Llanes, como profesora de viol\u00edn y participando junto a artistas internacionales en los Festivales de M\u00fasica de Verano. Regularmente es invitada para preparar las Orquestas de Estudiantes de la Comunidad de Madrid, Joven Orquesta Nacional de Catalunya y en la J.O.N.D.E. Ha impartido su docencia en la c\u00e1tedra de viol\u00edn de la Escuela Superior de M\u00fasica Reina Sof\u00eda (2003-2006), siendo profesora asistente del profesor Rainer Schmidt, en la Escuela de Verano de Lucena (2002, 2003), C\u00e1tedra de M\u00fasica Emili Pujol en Cervera y profesora de viol\u00edn en el \u201cSummer String Academy\u201d en la Universidad de Indiana, Estados Unidos (2000-2009).<\/p>\n\n\n\n<p>Como directora del Ensemble de Violines del conservatorio Adolfo Salazar ha realizado varios conciertos en Asturias, La Rioja, Toledo, Salamanca, Madrid, Barcelona, Valladolid y giras por Catalu\u00f1a, varias entidades culturales en Par\u00eds y en Grecia.<\/p>\n\n\n\n<p>Nacida en Barcelona y formada en la misma ciudad bajo la direcci\u00f3n de Gerard Claret y Goncal Comellas y gracias a las becas de la Caixa de Barcelona y del Ministerio de Cultura contin\u00faa su formaci\u00f3n en la Universidad de Indiana (U.S.A.) donde obtiene un Master en Viol\u00edn<br>y Pedagog\u00eda estudiando con los profesores Franco Gulli, Yuval Yaron, viol\u00edn y Mimi Zweig pedagog\u00eda; Gyorgy S\u00ebbok, Menahem Pressler y James Buswell m\u00fasica de c\u00e1mara. Adem\u00e1s ha recibido las ense\u00f1anzas de otros profesores tales como: Jos\u00e9 Ram\u00f3n Hevia, Piero Farulli, Agust\u00edn Le\u00f3n Ara, Lluis Claret, Albert Gimenez-Atenelle, Henry Kowalski.<\/p>\n\n\n\n<p>Ha sido miembro de la Orquesta Sinf\u00f3nica de Madrid y Orquesta de C\u00e1mara Reina Sof\u00eda, del cuarteto Bellas Artes y del Ensemble Matisse. En la actualidad y desde 1984 forma d\u00fao con el pianista An\u00edbal Ba\u00f1ados con quien ha realizado giras y conciertos por Espa\u00f1a, Estados Unidos y Sudam\u00e9rica.<\/p>\n\n\n\n<p>Un buen n\u00famero de sus alumnos han sido galardonados en diferentes concursos nacionales e internacionales, muchos de ellos est\u00e1n estudiando en las escuelas m\u00e1s prestigiosas del mundo, unos est\u00e1n en la vida profesional dedicados a la docencia y otros desempe\u00f1an su labor como miembros de diferentes orquestas espa\u00f1olas y europeas.<\/p>\n\n\n\n<p><a href=\"https:\/\/sites.google.com\/site\/annabagetaula42\/home\"><strong><span class=\"has-inline-color has-vivid-red-color\">Web: Aula 42<\/span><\/strong><\/a><\/p>\n\n\n\n<p><a href=\"http:\/\/auladeviolindeanna.blogspot.com.es\/?m=1\"><strong><span class=\"has-inline-color has-vivid-red-color\">Blog: Aula de viol\u00edn de Anna<\/span><\/strong><\/a><\/p>\n<\/div>\n<\/div>\n","protected":false},"excerpt":{"rendered":"<p>Profesora de viol\u00edn, ha diversificado su carrera tanto en Espa\u00f1a como en Estados Unidos y Sudam\u00e9rica. Particip\u00f3 como ponente en la primera reuni\u00f3n de docencia sobre m\u00fasica organizada por la Fundaci\u00f3n Alb\u00e9niz en Madrid junto a los profesores Marc Bleuse, ex director general de M\u00fasica en Francia; el director del Junior Departament en la Guildhall<\/p><\/div>\n<div class=\"blog-btn\"><a href=\"https:\/\/site.educa.madrid.org\/cpm.adolfosalazar.madrid\/index.php\/anna-baget-bernaldiz\/\" class=\"home-blog-btn\">Leer m\u00e1s<\/a><\/p>\n","protected":false},"author":3,"featured_media":0,"parent":0,"menu_order":0,"comment_status":"closed","ping_status":"closed","template":"page-templates\/page_fullwidth.php","meta":{"footnotes":""},"folder":[39],"class_list":["post-1123","page","type-page","status-publish","hentry"],"rttpg_featured_image_url":null,"rttpg_author":{"display_name":"cpm.adolfosalazar.madrid","author_link":"https:\/\/site.educa.madrid.org\/cpm.adolfosalazar.madrid\/index.php\/author\/cuenta_cpm-adolfosalazar-madrid\/"},"rttpg_comment":0,"rttpg_category":" <a href=\"https:\/\/site.educa.madrid.org\/cpm.adolfosalazar.madrid\/?taxonomy=folder&#038;term=bios-profesores-1679781238\" rel=\"tag\">Bios Profesores<\/a>","rttpg_excerpt":"Profesora de viol\u00edn, ha diversificado su carrera tanto en Espa\u00f1a como en Estados Unidos y Sudam\u00e9rica. Particip\u00f3 como ponente en la primera reuni\u00f3n de docencia sobre m\u00fasica organizada por la Fundaci\u00f3n Alb\u00e9niz en Madrid junto a los profesores Marc Bleuse, ex director general de M\u00fasica en Francia; el director del Junior Departament en la GuildhallLeer&hellip;","post_mailing_queue_ids":[],"_links":{"self":[{"href":"https:\/\/site.educa.madrid.org\/cpm.adolfosalazar.madrid\/index.php\/wp-json\/wp\/v2\/pages\/1123","targetHints":{"allow":["GET"]}}],"collection":[{"href":"https:\/\/site.educa.madrid.org\/cpm.adolfosalazar.madrid\/index.php\/wp-json\/wp\/v2\/pages"}],"about":[{"href":"https:\/\/site.educa.madrid.org\/cpm.adolfosalazar.madrid\/index.php\/wp-json\/wp\/v2\/types\/page"}],"author":[{"embeddable":true,"href":"https:\/\/site.educa.madrid.org\/cpm.adolfosalazar.madrid\/index.php\/wp-json\/wp\/v2\/users\/3"}],"replies":[{"embeddable":true,"href":"https:\/\/site.educa.madrid.org\/cpm.adolfosalazar.madrid\/index.php\/wp-json\/wp\/v2\/comments?post=1123"}],"version-history":[{"count":4,"href":"https:\/\/site.educa.madrid.org\/cpm.adolfosalazar.madrid\/index.php\/wp-json\/wp\/v2\/pages\/1123\/revisions"}],"predecessor-version":[{"id":2163,"href":"https:\/\/site.educa.madrid.org\/cpm.adolfosalazar.madrid\/index.php\/wp-json\/wp\/v2\/pages\/1123\/revisions\/2163"}],"wp:attachment":[{"href":"https:\/\/site.educa.madrid.org\/cpm.adolfosalazar.madrid\/index.php\/wp-json\/wp\/v2\/media?parent=1123"}],"wp:term":[{"taxonomy":"folder","embeddable":true,"href":"https:\/\/site.educa.madrid.org\/cpm.adolfosalazar.madrid\/index.php\/wp-json\/wp\/v2\/folder?post=1123"}],"curies":[{"name":"wp","href":"https:\/\/api.w.org\/{rel}","templated":true}]}}